{"id":379,"date":"2020-12-28T19:11:02","date_gmt":"2020-12-28T18:11:02","guid":{"rendered":"http:\/\/semmelweis.hu\/raoulwallenberg\/?page_id=379"},"modified":"2026-03-27T09:06:16","modified_gmt":"2026-03-27T08:06:16","slug":"iskkolaorvos","status":"publish","type":"page","link":"https:\/\/semmelweis.hu\/raoulwallenberg\/tanuloinknak\/iskkolaorvos\/","title":{"rendered":"Iskolaorvos"},"content":{"rendered":"<p style=\"text-align: center\"><strong>Iskola-eg\u00e9szs\u00e9g\u00fcgyi szolg\u00e1lat<\/strong><br \/>\nSemmelweis Egyetem Raoul Wallenberg T\u00f6bbc\u00e9l\u00fa Szakk\u00e9pz\u0151 Int\u00e9zm\u00e9nye<\/p>\n<p>&nbsp;<\/p>\n<p><strong>Iskolaorvos:<\/strong> <strong>Dr. Gyerk\u00f3 Anik\u00f3<\/strong><\/p>\n<p style=\"padding-left: 40px\">Rendel\u00e9si id\u0151:<\/p>\n<p style=\"padding-left: 80px\">Kedd: 08:00-14:00<br \/>\nSzerda: 08:00-14:00<\/p>\n<p>V\u00e9d\u0151n\u0151k: <br \/>\n<strong>Petr\u00f3 Dominika<\/strong><\/p>\n<p style=\"padding-left: 40px\">H\u00e9tf\u0151, kedd: 8:00-16:00<\/p>\n<p style=\"padding-left: 40px\"><strong>V\u00e9d\u0151n\u0151i tan\u00e1csad\u00e1s:<\/strong><\/p>\n<p style=\"padding-left: 80px\">Kedd: 12:00-14:00<\/p>\n<p><strong>Szemes Zs\u00f3fia<\/strong><\/p>\n<p style=\"padding-left: 40px\">Szerda: 8:00-16:00<br \/>\nCs\u00fct\u00f6rt\u00f6k, p\u00e9ntek: 8:00 &#8211; 13:30<\/p>\n<p style=\"padding-left: 40px\"><strong>V\u00e9d\u0151n\u0151i tan\u00e1csad\u00e1s: <\/strong><\/p>\n<p style=\"padding-left: 80px\">Szerda: 14:00-16:00<\/p>\n<p><strong>El\u00e9rhet\u0151s\u00e9g:<\/strong><\/p>\n<p>A rendel\u00e9s helye: az iskola orvosi szob\u00e1ja (1. emelet, 104.-es szoba)<br \/>\n<strong>Tel.:<\/strong> 06-1-2157579\/126-os mell\u00e9k<br \/>\n<strong>Email:<\/strong> iskolavedono6@tesz.co.hu<\/p>\n<p>Kedves Sz\u00fcl\u0151k, Tanul\u00f3k!<br \/>\nA fenti rendel\u00e9si id\u0151k a megszokott tan\u00edt\u00e1si rend helyre \u00e1ll\u00e1s\u00e1val l\u00e9pnek \u00e9letbe. Addig is k\u00e9rd\u00e9s, probl\u00e9ma eset\u00e9n leggyorsabban a fenti e-mail c\u00edmen vagyunk el\u00e9rhet\u0151ek.<\/p>\n<p>&nbsp;<\/p>\n<p style=\"text-align: center\"><strong>SZ\u00dcL\u0150I T\u00c1J\u00c9KOZTAT\u00d3<br \/>\n<\/strong>a gyermeket \u00e9rint\u0151 iskola-eg\u00e9szs\u00e9g\u00fcgyi ell\u00e1t\u00e1sr\u00f3l<\/p>\n<p style=\"text-align: left\"><strong>Tisztelt Sz\u00fcl\u0151k!<\/strong><\/p>\n<p style=\"text-align: left\">A hat\u00e1lyos jogszab\u00e1lyok \u00e9rtelm\u00e9ben gyermeke minden tan\u00e9vben iskolaorvosi \u00e9s v\u00e9d\u0151n\u0151i sz\u0171r\u0151vizsg\u00e1laton vesz r\u00e9szt, melynek pontos idej\u00e9r\u0151l az oszt\u00e1lyf\u0151n\u00f6k\u00f6n kereszt\u00fcl kapnak t\u00e1j\u00e9koztat\u00e1st.<\/p>\n<p style=\"text-align: left\">Az eg\u00e9szs\u00e9g\u00fcgyr\u0151l sz\u00f3l\u00f3 1997. CLIV tv. 81. paragrafus \u00e9rtelm\u00e9ben a tanul\u00f3k iskolaorvosi \u00e9s szakorvosi vizsg\u00e1latokon, sz\u0171r\u0151vizsg\u00e1latokon val\u00f3 r\u00e9szv\u00e9tel\u00e9r\u0151l a t\u00f6rv\u00e9nyes k\u00e9pvisel\u0151 <strong>k\u00f6teles<\/strong> gondoskodni. <br \/>\nA feladatokat az iskola-eg\u00e9szs\u00e9g\u00fcgyi ell\u00e1t\u00e1sr\u00f3l sz\u00f3l\u00f3 26\/1997.(IX.3.) NM rendelet \u00edrja el\u0151.<\/p>\n<p style=\"text-align: left\">A sz\u0171r\u0151vizsg\u00e1lat kiterjed a teljes k\u00f6r\u0171 fizik\u00e1lis vizsg\u00e1latra \u00e9s szem\u00e9lyes tan\u00e1csad\u00e1sra.<\/p>\n<p style=\"text-align: left\"><strong>Orvosi feladatok:<\/strong><\/p>\n<ul>\n<li style=\"text-align: left\">anamn\u00e9zis felv\u00e9tele<\/li>\n<li style=\"text-align: left\">teljes k\u00f6r\u0171, orvosi fizik\u00e1lis vizsg\u00e1lat<\/li>\n<li style=\"text-align: left\"><strong>16 \u00e9ves kori z\u00e1r\u00f3vizsg\u00e1lat<\/strong> (k\u00f6telez\u0151), melyr\u0151l \u00edr\u00e1sos igazol\u00e1st adunk.<\/li>\n<li style=\"text-align: left\">eg\u00e9szs\u00e9gnevel\u00e9s<\/li>\n<li style=\"text-align: left\">aktu\u00e1lis eg\u00e9szs\u00e9g\u00fcgyi probl\u00e9m\u00e1k megbesz\u00e9l\u00e9se<\/li>\n<\/ul>\n<p style=\"text-align: left\"><strong>V\u00e9d\u0151n\u0151i feladatok:<\/strong><\/p>\n<ul>\n<li style=\"text-align: left\">anamn\u00e9zis felv\u00e9tele<\/li>\n<li style=\"text-align: left\">sz\u0171r\u0151vizsg\u00e1latok\n<ul>\n<li style=\"text-align: left\">testi fejletts\u00e9g, t\u00e1pl\u00e1lts\u00e1gi \u00e1llapot (testt\u00f6meg, testmagass\u00e1g)<\/li>\n<li style=\"text-align: left\">v\u00e9rnyom\u00e1s<\/li>\n<li style=\"text-align: left\">golyvasz\u0171r\u00e9s<\/li>\n<li style=\"text-align: left\">\u00e9rz\u00e9kszervi sz\u0171r\u00e9sek: l\u00e1t\u00e1s, hall\u00e1s<\/li>\n<\/ul>\n<\/li>\n<li style=\"text-align: left\">eg\u00e9szs\u00e9gnevel\u00e9s<\/li>\n<li style=\"text-align: left\">egy\u00e9ni probl\u00e9m\u00e1k, aktualit\u00e1sok megbesz\u00e9l\u00e9se, f\u00f3kusz\u00e1lva a testi \u00e9s lelki eg\u00e9szs\u00e9gre egyar\u00e1nt<\/li>\n<\/ul>\n<p style=\"text-align: left\">A vizsg\u00e1lat sor\u00e1n m\u00e9rt param\u00e9terekr\u0151l, illetve az esetleges elt\u00e9r\u00e9s(ek)r\u0151l a sz\u00fcl\u0151nek \u00edr\u00e1sos t\u00e1j\u00e9koztat\u00f3t k\u00fcld\u00fcnk, illetve javaslatot tesz\u00fcnk tov\u00e1bbi kivizsg\u00e1l\u00e1sokra, teend\u0151kre. <strong>A szakorvosi kivizsg\u00e1l\u00e1s eredm\u00e9ny\u00e9r\u0151l kapott szakorvosi v\u00e9lem\u00e9nyt (leletet) a sz\u00fcl\u0151 k\u00f6teles bemutatni<\/strong>, erre k\u00e9rj\u00fck fokozottan figyelni sz\u00edveskedjenek!<\/p>\n<p style=\"text-align: left\">Az anamn\u00e9zis felv\u00e9tele \u00e9rdek\u00e9ben a gyermeket \u00e9rint\u0151 egy \u00e9ven bel\u00fcli betegs\u00e9gekr\u0151l, m\u0171t\u00e9tekr\u0151l \u00edr\u00e1sos t\u00e1j\u00e9koztat\u00e1st k\u00e9r\u00fcnk!<\/p>\n","protected":false},"excerpt":{"rendered":"<p>Iskola-eg\u00e9szs\u00e9g\u00fcgyi szolg\u00e1lat Semmelweis Egyetem Raoul Wallenberg T\u00f6bbc\u00e9l\u00fa Szakk\u00e9pz\u0151 Int\u00e9zm\u00e9nye &nbsp; Iskolaorvos: Dr. Gyerk\u00f3 Anik\u00f3 Rendel\u00e9si id\u0151: Kedd: 08:00-14:00 Szerda: 08:00-14:00 V\u00e9d\u0151n\u0151k: Petr\u00f3 Dominika H\u00e9tf\u0151, kedd: 8:00-16:00 V\u00e9d\u0151n\u0151i tan\u00e1csad\u00e1s: Kedd: 12:00-14:00 Szemes Zs\u00f3fia Szerda: 8:00-16:00 Cs\u00fct\u00f6rt\u00f6k, p\u00e9ntek: 8:00 &#8211; 13:30 V\u00e9d\u0151n\u0151i tan\u00e1csad\u00e1s: Szerda: 14:00-16:00 El\u00e9rhet\u0151s\u00e9g: A rendel\u00e9s helye: az iskola orvosi szob\u00e1ja (1. emelet, 104.-es szoba) &hellip;<\/p>\n","protected":false},"author":101765,"featured_media":0,"parent":294,"menu_order":5,"comment_status":"closed","ping_status":"closed","template":"","meta":{"_acf_changed":false,"footnotes":""},"categories":[],"tags":[],"class_list":["post-379","page","type-page","status-publish","hentry"],"acf":[],"_links":{"self":[{"href":"https:\/\/semmelweis.hu\/raoulwallenberg\/wp-json\/wp\/v2\/pages\/379","targetHints":{"allow":["GET"]}}],"collection":[{"href":"https:\/\/semmelweis.hu\/raoulwallenberg\/wp-json\/wp\/v2\/pages"}],"about":[{"href":"https:\/\/semmelweis.hu\/raoulwallenberg\/wp-json\/wp\/v2\/types\/page"}],"author":[{"embeddable":true,"href":"https:\/\/semmelweis.hu\/raoulwallenberg\/wp-json\/wp\/v2\/users\/101765"}],"replies":[{"embeddable":true,"href":"https:\/\/semmelweis.hu\/raoulwallenberg\/wp-json\/wp\/v2\/comments?post=379"}],"version-history":[{"count":11,"href":"https:\/\/semmelweis.hu\/raoulwallenberg\/wp-json\/wp\/v2\/pages\/379\/revisions"}],"predecessor-version":[{"id":796,"href":"https:\/\/semmelweis.hu\/raoulwallenberg\/wp-json\/wp\/v2\/pages\/379\/revisions\/796"}],"up":[{"embeddable":true,"href":"https:\/\/semmelweis.hu\/raoulwallenberg\/wp-json\/wp\/v2\/pages\/294"}],"wp:attachment":[{"href":"https:\/\/semmelweis.hu\/raoulwallenberg\/wp-json\/wp\/v2\/media?parent=379"}],"wp:term":[{"taxonomy":"category","embeddable":true,"href":"https:\/\/semmelweis.hu\/raoulwallenberg\/wp-json\/wp\/v2\/categories?post=379"},{"taxonomy":"post_tag","embeddable":true,"href":"https:\/\/semmelweis.hu\/raoulwallenberg\/wp-json\/wp\/v2\/tags?post=379"}],"curies":[{"name":"wp","href":"https:\/\/api.w.org\/{rel}","templated":true}]}}