{"id":37,"date":"2020-12-28T13:13:01","date_gmt":"2020-12-28T12:13:01","guid":{"rendered":"http:\/\/semmelweis.hu\/raoulwallenberg\/?page_id=37"},"modified":"2020-12-28T13:26:26","modified_gmt":"2020-12-28T12:26:26","slug":"iskolank-nevadoja","status":"publish","type":"page","link":"https:\/\/semmelweis.hu\/raoulwallenberg\/iskolankrol\/iskolank-nevadoja\/","title":{"rendered":"Iskol\u00e1nk n\u00e9vad\u00f3ja"},"content":{"rendered":"<h2>N\u00c9VAD\u00d3NK: Raoul Wallenberg<\/h2>\n<p>Raoul Wallenberg sorsa a II. vil\u00e1gh\u00e1bor\u00faban a magyarorsz\u00e1gi holocaust tragikus t\u00f6rt\u00e9net\u00e9ben fon\u00f3dott \u00f6ssze a magyar t\u00f6rt\u00e9nelemmel. A magyarorsz\u00e1gi zsid\u00f3s\u00e1g elpuszt\u00edt\u00e1sa, melyet Churchill \u201ea vil\u00e1gt\u00f6rt\u00e9nelem tal\u00e1n legnagyobb \u00e9s legrettenetesebb b\u0171ncselekm\u00e9ny\u00e9nek\u201d nevezett, az 1944. m\u00e1rcius 19-i n\u00e9met megsz\u00e1ll\u00e1s ut\u00e1n kezd\u0151d\u00f6tt. Sorsuk, mintegy f\u00e9lmilli\u00f3 \u00e1rtatlan ember megsemmis\u00edt\u00e9se alig h\u00e1rom h\u00f3nap leforg\u00e1sa alatt, az eur\u00f3pai holocaust legmegr\u00e1z\u00f3bb fejezete. Amikor a nyilas hatalom\u00e1tv\u00e9tel ut\u00e1n Sz\u00e1lasi\u00e9k l\u00e9trehozt\u00e1k a pesti gett\u00f3t, nemzetk\u00f6zi humanit\u00e1rius tev\u00e9kenys\u00e9g szervez\u0151d\u00f6tt a gett\u00f3ban \u00f6sszezs\u00fafolt 70.000 ember megment\u00e9s\u00e9re. Raoul Wallenberg a sv\u00e9d k\u00fcl\u00fcgyminiszt\u00e9rium megb\u00edz\u00e1s\u00e1b\u00f3l \u00e9rkezett Budapestre, egy olyan list\u00e1val, amelyen sv\u00e9dekkel rokoni vagy \u00fczleti kapcsolatban \u00e1ll\u00f3 zsid\u00f3k szerepeltek, akik a nekik adom\u00e1nyozott sv\u00e9d \u00e1llampolg\u00e1rs\u00e1got igazol\u00f3 okm\u00e1nnyal vagy sz\u00fcks\u00e9g\u00fatlev\u00e9llel menek\u00edthett\u00e9k \u00e9let\u00fcket. A ment\u00e9si er\u0151fesz\u00edt\u00e9seknek k\u00f6sz\u00f6nhet\u0151en mintegy 4500 embert siker\u00fclt a Pozsonyi \u00fati \u00fagynevezett \u201ev\u00e9dett h\u00e1zakba\u201d k\u00f6lt\u00f6ztetni.<\/p>\n<p><img loading=\"lazy\" decoding=\"async\" class=\"size-full wp-image-32 alignleft\" src=\"https:\/\/semmelweis.hu\/raoulwallenberg\/files\/2020\/12\/RWallenberg.jpg\" alt=\"\" width=\"400\" height=\"225\" \/>Amikor a nyilasok \u00fagy hat\u00e1roztak, hogy ellen\u0151rzik a Sv\u00e9d V\u00f6r\u00f6skereszt \u00e1ltal kiadott v\u00e9d\u0151iratok hiteless\u00e9g\u00e9t, Wallenberg minden lehet\u0151t megtett a zsid\u00f3k deport\u00e1l\u00e1st\u00f3l val\u00f3 v\u00e9delm\u00e9re. A hivatalosan kibocs\u00e1tott sz\u00fcks\u00e9g\u00fatlevelek sz\u00e1ma ekkor m\u00e1r meghaladta a 7000-et. Ezeknek a v\u00e9d\u0151iratoknak a sz\u00e9toszt\u00e1s\u00e1val emberek sz\u00e1zait mentett\u00e9k ki a hal\u00e1lmenetekb\u0151l, az \u00f3budai t\u00e9glagy\u00e1rb\u00f3l \u00e9s a j\u00f3zsefv\u00e1rosi p\u00e1lyaudvarr\u00f3l indul\u00f3 vagonokb\u00f3l.<\/p>\n<p>Wallenberg szem\u00e9lyes b\u00e1tors\u00e1g\u00e1r\u00f3l tan\u00faskodik, hogy felsz\u00f3l\u00edtotta Budapest teljhatalm\u00fa nyilas vezet\u0151j\u00e9t \u00e9s a n\u00e9met katonai parancsnokot a t\u00f6megm\u00e9sz\u00e1rl\u00e1sok elker\u00fcl\u00e9s\u00e9re. Per Anger, volt sv\u00e9d nagyk\u00f6vet, aki a m\u00e1sodik vil\u00e1gh\u00e1bor\u00fa alatt Wallenberg munkat\u00e1rsa volt, a k\u00f6vetkez\u0151ket \u00edrja r\u00f3la:<\/p>\n<p>\u201eRaoul Wallenberg megfelel\u0151 szem\u00e9ly volt az akkori helyzetben. M\u00e9g ha nem is volt h\u0151s, b\u00e1tor volt, \u00fcgyes t\u00e1rgyal\u00f3partner \u00e9s szervez\u0151. Ezenk\u00edv\u00fcl j\u00f3 sz\u00edn\u00e9szi adotts\u00e1gai kap\u00f3ra j\u00f6ttek a n\u00e1cikkal val\u00f3 tal\u00e1lkoz\u00e1sok alkalm\u00e1val. K\u00e9t szem\u00e9lyis\u00e9get tudott felmutatni. Az egyik az a nyugodt, szellemes, intellektu\u00e1lis, melegsz\u00edv\u0171 ember, amilyennek mi, munkat\u00e1rsai l\u00e1ttuk \u0151t. A m\u00e1sik a n\u00e1cikkal szembeszeg\u00fcl\u0151 Raoul, aki olyankor agressz\u00edv szem\u00e9lyis\u00e9gg\u00e9 alakult \u00e1t, s hol \u00fcv\u00f6lt\u00f6tt vel\u00fck, fenyeget\u0151z\u00f6tt, hol h\u00edzelgett nekik, \u00e9s megvesztegette \u0151ket, mikor mire volt sz\u00fcks\u00e9g. Tiszteletet keltett benn\u00fck, \u00e9s leggyakrabban engedtek k\u00e9r\u00e9seinek. Term\u00e9szetesen seg\u00edts\u00e9g\u00e9re volt ebben a sv\u00e9d diplomata st\u00e1tusza, melyet a n\u00e9metek nem mertek megs\u00e9rteni. \u2026 <img loading=\"lazy\" decoding=\"async\" class=\"size-medium wp-image-33 alignright\" src=\"https:\/\/semmelweis.hu\/raoulwallenberg\/files\/2020\/12\/vedett_haz-270x400.jpg\" alt=\"\" width=\"270\" height=\"400\" \/>Mikor Budapest hadsz\u00ednt\u00e9rr\u00e9 v\u00e1lt, Wallenberg k\u00e9nytelen volt a v\u00e9gs\u0151kig fesz\u00edteni a h\u00fart. Bombaz\u00e1por hullott, \u00e9s az orosz csapatok egyre jobban behatoltak az el\u0151v\u00e1rosokba. Amikor utolj\u00e1ra l\u00e1ttam \u0151t \u2013 1945. janu\u00e1r 10-\u00e9n \u2013 makacsul k\u00e9rleltem, hogy menek\u00fclj\u00f6n, f\u0151k\u00e9nt az\u00e9rt, mert a magyar nemzetiszocialist\u00e1k kifejezetten r\u00e1 vad\u00e1sztak, s \u00edgy seg\u00edt\u0151 tev\u00e9kenys\u00e9ge folytat\u00e1s\u00e1val \u00f3ri\u00e1si kock\u00e1zatot v\u00e1llalt. A r\u00e1 oly jellemz\u0151 v\u00e1lasz \u00edgy hangzott: \u201eNincs m\u00e1s v\u00e1laszt\u00e1som. V\u00e1llaltam ezt a feladatot, \u00e9s soha nem tudn\u00e9k azzal a tudattal visszat\u00e9rni Stockholmba, hogy nem tettem meg mindent, amit embernek hatalm\u00e1ban \u00e1llhat megtenni az\u00e9rt, hogy oly sok zsid\u00f3t mentsek meg, amennyit csak lehets\u00e9ges.\u201d \u00c9s folytatta, amit elkezdett, m\u00edg v\u00e9g\u00fcl \u0151t mag\u00e1t el nem fogt\u00e1k, nem a n\u00e1cik, hanem a szovjet hadsereg.\u201d<\/p>\n<p>Pest n\u00e9met megsz\u00e1ll\u00e1s al\u00f3l val\u00f3 felszabad\u00edt\u00e1s\u00e1nak napj\u00e1n, 1945. janu\u00e1r 17-\u00e9n Raoul Wallenberg Debrecenbe indult, hogy a h\u00e1bor\u00fa ut\u00e1ni \u00fajj\u00e1\u00e9p\u00edt\u00e9s tervezet\u00e9r\u0151l t\u00e1rgyaljon Malinovszkij marsallal, a szovjet f\u0151parancsnokkal. Debrecenbe azonban sosem \u00e9rkezett meg, sors\u00e1r\u00f3l ma sem tudnak semmi biztosat. Az elt\u0171n\u00e9s\u00e9vel kapcsolatos ism\u00e9telt sv\u00e9d k\u00e9rd\u00e9sekre az akkori szovjet k\u00fcl\u00fcgyminiszter kijelentette: \u201eAlapos vizsg\u00e1lat sor\u00e1n meg\u00e1llap\u00edt\u00e1st nyert, hogy Wallenberg nincs a Szovjetuni\u00f3ban, \u00e9s nem is tudunk r\u00f3la.\u201d V\u00e9g\u00fcl a Hruscsov-korm\u00e1ny 1957-ben elismerte a Szovjetuni\u00f3 felel\u0151ss\u00e9g\u00e9t a sv\u00e9d diplomata elt\u0171n\u00e9s\u00e9ben \u00e9s azt a t\u00e1j\u00e9koztat\u00e1st adta, hogy Wallenberg a moszkvai Lubjanka b\u00f6rt\u00f6nben halt meg.<\/p>\n<p>Egyesek azonban l\u00e1tni v\u00e9lt\u00e9k a Gulag t\u00e1boraiban, alakj\u00e1t legend\u00e1k \u00f6vezik ma is. Erk\u00f6lcsi helyt\u00e1ll\u00e1sa, \u00f6nfel\u00e1ldoz\u00f3 emberszeretete \u00e9s humanista \u00e9rt\u00e9krendje \u00f6r\u00f6k emberi p\u00e9lda.<\/p>\n<p><a href=\"https:\/\/semmelweis.hu\/raoulwallenberg\/files\/2020\/12\/eletrajz.pdf\" target=\"_blank\" rel=\"noopener noreferrer\">Wallenberg r\u00e9szletes \u00e9letrajza<\/a><\/p>\n","protected":false},"excerpt":{"rendered":"<p>N\u00c9VAD\u00d3NK: Raoul Wallenberg Raoul Wallenberg sorsa a II. vil\u00e1gh\u00e1bor\u00faban a magyarorsz\u00e1gi holocaust tragikus t\u00f6rt\u00e9net\u00e9ben fon\u00f3dott \u00f6ssze a magyar t\u00f6rt\u00e9nelemmel. A magyarorsz\u00e1gi zsid\u00f3s\u00e1g elpuszt\u00edt\u00e1sa, melyet Churchill \u201ea vil\u00e1gt\u00f6rt\u00e9nelem tal\u00e1n legnagyobb \u00e9s legrettenetesebb b\u0171ncselekm\u00e9ny\u00e9nek\u201d nevezett, az 1944. m\u00e1rcius 19-i n\u00e9met megsz\u00e1ll\u00e1s ut\u00e1n kezd\u0151d\u00f6tt. Sorsuk, mintegy f\u00e9lmilli\u00f3 \u00e1rtatlan ember megsemmis\u00edt\u00e9se alig h\u00e1rom h\u00f3nap leforg\u00e1sa alatt, az eur\u00f3pai holocaust &hellip;<\/p>\n","protected":false},"author":101765,"featured_media":0,"parent":29,"menu_order":2,"comment_status":"closed","ping_status":"closed","template":"","meta":{"_acf_changed":false,"footnotes":""},"categories":[],"tags":[],"class_list":["post-37","page","type-page","status-publish","hentry"],"acf":[],"_links":{"self":[{"href":"https:\/\/semmelweis.hu\/raoulwallenberg\/wp-json\/wp\/v2\/pages\/37","targetHints":{"allow":["GET"]}}],"collection":[{"href":"https:\/\/semmelweis.hu\/raoulwallenberg\/wp-json\/wp\/v2\/pages"}],"about":[{"href":"https:\/\/semmelweis.hu\/raoulwallenberg\/wp-json\/wp\/v2\/types\/page"}],"author":[{"embeddable":true,"href":"https:\/\/semmelweis.hu\/raoulwallenberg\/wp-json\/wp\/v2\/users\/101765"}],"replies":[{"embeddable":true,"href":"https:\/\/semmelweis.hu\/raoulwallenberg\/wp-json\/wp\/v2\/comments?post=37"}],"version-history":[{"count":2,"href":"https:\/\/semmelweis.hu\/raoulwallenberg\/wp-json\/wp\/v2\/pages\/37\/revisions"}],"predecessor-version":[{"id":40,"href":"https:\/\/semmelweis.hu\/raoulwallenberg\/wp-json\/wp\/v2\/pages\/37\/revisions\/40"}],"up":[{"embeddable":true,"href":"https:\/\/semmelweis.hu\/raoulwallenberg\/wp-json\/wp\/v2\/pages\/29"}],"wp:attachment":[{"href":"https:\/\/semmelweis.hu\/raoulwallenberg\/wp-json\/wp\/v2\/media?parent=37"}],"wp:term":[{"taxonomy":"category","embeddable":true,"href":"https:\/\/semmelweis.hu\/raoulwallenberg\/wp-json\/wp\/v2\/categories?post=37"},{"taxonomy":"post_tag","embeddable":true,"href":"https:\/\/semmelweis.hu\/raoulwallenberg\/wp-json\/wp\/v2\/tags?post=37"}],"curies":[{"name":"wp","href":"https:\/\/api.w.org\/{rel}","templated":true}]}}