{"id":310,"date":"2020-12-28T18:22:04","date_gmt":"2020-12-28T17:22:04","guid":{"rendered":"http:\/\/semmelweis.hu\/raoulwallenberg\/?page_id=310"},"modified":"2025-02-17T17:51:59","modified_gmt":"2025-02-17T16:51:59","slug":"kapcsolat","status":"publish","type":"page","link":"https:\/\/semmelweis.hu\/raoulwallenberg\/kapcsolat\/","title":{"rendered":"Kapcsolat"},"content":{"rendered":"<p><strong>AZ ISKOLA OM AZONOS\u00cdT\u00d3 SZ\u00c1MA:<\/strong> 203078<\/p>\n<p><strong>Igazgat\u00f3:<\/strong> Gavall\u00e9rn\u00e9 Kancsal \u00c1gnes<\/p>\n<p><strong>Telefon:<\/strong> 215-8213, 215-7579<br \/>\n<strong>C\u00edm:<\/strong> 1068 Budapest, Rippl-R\u00f3nai u. 22-26.<\/p>\n<p><strong>Tanul\u00f3i titk\u00e1rs\u00e1g:<\/strong><br \/>\n<strong>Email:<\/strong><span style=\"color: #3366ff\"> <a href=\"mailto:titkarsag.raoul@semmelweis-univ.hu\">tanulmanyi.raoul@semmelweis.hu<\/a><\/span><\/p>\n<p><strong>Igazgat\u00f3i titk\u00e1rs\u00e1g:<\/strong><br \/>\n<strong>Email:<\/strong> <span style=\"color: #3366ff\"><a href=\"mailto:titkarsag.raoul@semmelweis-univ.hu\">titkarsag.raoul@semmelweis.hu<\/a><\/span><\/p>\n\n<!-- iframe plugin v.4.9 wordpress.org\/plugins\/iframe\/ -->\n<iframe loading=\"lazy\" src=\"https:\/\/www.google.com\/maps\/embed?pb=!1m18!1m12!1m3!1d2694.733015298809!2d19.07121871550473!3d47.514590479178665!2m3!1f0!2f0!3f0!3m2!1i1024!2i768!4f13.1!3m3!1m2!1s0x4741dc77cc3d2595%3A0x216e58ea7f563466!2sBudapest%2C%20Rippl%20R%C3%B3nai%20utca%2022%2C%201068!5e0!3m2!1shu!2shu!4v1612719485128!5m2!1shu!2shu\" width=\"100%\" height=\"400\" scrolling=\"yes\" class=\"iframe-class\" frameborder=\"0\"><\/iframe>\n\n","protected":false},"excerpt":{"rendered":"<p>AZ ISKOLA OM AZONOS\u00cdT\u00d3 SZ\u00c1MA: 203078<br \/>\nIgazgat\u00f3: Gavall\u00e9rn\u00e9 Kancsal \u00c1gnes<br \/>\nTelefon: 215-8213, 215-7579<br \/>\nC\u00edm: 1068 Budapest, Rippl-R\u00f3nai u. 22-26.<br \/>\nTanul\u00f3i titk\u00e1rs\u00e1g:<br \/>\nEmail: <a href=\"mailto:titkarsag.raoul@semmelweis-univ.hu\">tanulmanyi.raoul@semmelweis.hu<\/a><br \/>\nIgazgat\u00f3i titk\u00e1rs\u00e1g:<br \/>\nEmail: <a href=\"mailto:titkarsag.raoul@semmelweis-univ.hu\">titkarsag.raoul@semmelweis.hu<\/a><\/p>\n","protected":false},"author":101765,"featured_media":0,"parent":0,"menu_order":8,"comment_status":"closed","ping_status":"closed","template":"","meta":{"_acf_changed":false,"footnotes":""},"categories":[],"tags":[],"class_list":["post-310","page","type-page","status-publish","hentry"],"acf":[],"_links":{"self":[{"href":"https:\/\/semmelweis.hu\/raoulwallenberg\/wp-json\/wp\/v2\/pages\/310","targetHints":{"allow":["GET"]}}],"collection":[{"href":"https:\/\/semmelweis.hu\/raoulwallenberg\/wp-json\/wp\/v2\/pages"}],"about":[{"href":"https:\/\/semmelweis.hu\/raoulwallenberg\/wp-json\/wp\/v2\/types\/page"}],"author":[{"embeddable":true,"href":"https:\/\/semmelweis.hu\/raoulwallenberg\/wp-json\/wp\/v2\/users\/101765"}],"replies":[{"embeddable":true,"href":"https:\/\/semmelweis.hu\/raoulwallenberg\/wp-json\/wp\/v2\/comments?post=310"}],"version-history":[{"count":10,"href":"https:\/\/semmelweis.hu\/raoulwallenberg\/wp-json\/wp\/v2\/pages\/310\/revisions"}],"predecessor-version":[{"id":2282,"href":"https:\/\/semmelweis.hu\/raoulwallenberg\/wp-json\/wp\/v2\/pages\/310\/revisions\/2282"}],"wp:attachment":[{"href":"https:\/\/semmelweis.hu\/raoulwallenberg\/wp-json\/wp\/v2\/media?parent=310"}],"wp:term":[{"taxonomy":"category","embeddable":true,"href":"https:\/\/semmelweis.hu\/raoulwallenberg\/wp-json\/wp\/v2\/categories?post=310"},{"taxonomy":"post_tag","embeddable":true,"href":"https:\/\/semmelweis.hu\/raoulwallenberg\/wp-json\/wp\/v2\/tags?post=310"}],"curies":[{"name":"wp","href":"https:\/\/api.w.org\/{rel}","templated":true}]}}