{"id":308,"date":"2020-12-28T18:21:56","date_gmt":"2020-12-28T17:21:56","guid":{"rendered":"http:\/\/semmelweis.hu\/raoulwallenberg\/?page_id=308"},"modified":"2026-04-13T09:07:13","modified_gmt":"2026-04-13T07:07:13","slug":"orarend","status":"publish","type":"page","link":"https:\/\/semmelweis.hu\/raoulwallenberg\/orarend\/","title":{"rendered":"\u00d3rarend"},"content":{"rendered":"<p><span style=\"color: #3366ff\"><strong>NAPPALI K\u00c9PZ\u00c9S <\/strong><\/span><\/p>\n<p><strong>2026. febru\u00e1r 2-t\u0151l \u00e9rv\u00e9nyes \u00f3rarend<\/strong><\/p>\n<p><a href=\"https:\/\/semmelweis.hu\/raoulwallenberg\/files\/2026\/01\/9-12-Osztalyok-1.pdf\">9-12 Oszt\u00e1lyok<\/a><br \/>\n<a href=\"https:\/\/semmelweis.hu\/raoulwallenberg\/files\/2026\/01\/13-15-Osztalyok-1.pdf\">13-15 Oszt\u00e1lyok<\/a><\/p>\n<p><span style=\"color: #993300\"><strong>FELN\u0150TTK\u00c9PZ\u00c9S<\/strong><\/span><\/p>\n<p><a href=\"https:\/\/semmelweis.hu\/raoulwallenberg\/files\/2026\/04\/Egeszsegugy-felnottkepzesi-orarend-APRILIS-1.xlsx\">Eg\u00e9szs\u00e9g\u00fcgy feln\u0151ttk\u00e9pz\u00e9si \u00f3rarend \u00c1PRILIS<\/a><\/p>\n<p><a href=\"https:\/\/semmelweis.hu\/raoulwallenberg\/files\/2026\/02\/PED-SZOC-felnottkepzesi-orarend-MARCIUS-APRILIS.docx\">PED-SZOC feln\u0151ttk\u00e9pz\u00e9si \u00f3rarend M\u00c1RCIUS-\u00c1PRILIS<\/a><\/p>\n<p>&nbsp;<\/p>\n<p>&nbsp;<\/p>\n","protected":false},"excerpt":{"rendered":"<p>NAPPALI K\u00c9PZ\u00c9S<br \/>\n2026. febru\u00e1r 2-t\u0151l \u00e9rv\u00e9nyes \u00f3rarend<br \/>\n<a href=\"https:\/\/semmelweis.hu\/raoulwallenberg\/files\/2026\/01\/9-12-Osztalyok-1.pdf\">9-12 Oszt\u00e1lyok<\/a><br \/>\n<a href=\"https:\/\/semmelweis.hu\/raoulwallenberg\/files\/2026\/01\/13-15-Osztalyok-1.pdf\">13-15 Oszt\u00e1lyok<\/a><br \/>\nFELN\u0150TTK\u00c9PZ\u00c9S<br \/>\n<a href=\"https:\/\/semmelweis.hu\/raoulwallenberg\/files\/2026\/04\/Egeszsegugy-felnottkepzesi-orarend-APRILIS-1.xlsx\">Eg\u00e9szs\u00e9g\u00fcgy feln\u0151ttk\u00e9pz\u00e9si \u00f3rarend \u00c1PRILIS<\/a><br \/>\n<a href=\"https:\/\/semmelweis.hu\/raoulwallenberg\/files\/2026\/02\/PED-SZOC-felnottkepzesi-orarend-MARCIUS-APRILIS.docx\">PED-SZOC feln\u0151ttk\u00e9pz\u00e9si \u00f3rarend M\u00c1RCIUS-\u00c1PRILIS<\/a><br \/>\n&nbsp;<br \/>\n&nbsp;<\/p>\n","protected":false},"author":101765,"featured_media":0,"parent":0,"menu_order":2,"comment_status":"closed","ping_status":"closed","template":"","meta":{"_acf_changed":false,"footnotes":""},"categories":[],"tags":[],"class_list":["post-308","page","type-page","status-publish","hentry"],"acf":[],"_links":{"self":[{"href":"https:\/\/semmelweis.hu\/raoulwallenberg\/wp-json\/wp\/v2\/pages\/308","targetHints":{"allow":["GET"]}}],"collection":[{"href":"https:\/\/semmelweis.hu\/raoulwallenberg\/wp-json\/wp\/v2\/pages"}],"about":[{"href":"https:\/\/semmelweis.hu\/raoulwallenberg\/wp-json\/wp\/v2\/types\/page"}],"author":[{"embeddable":true,"href":"https:\/\/semmelweis.hu\/raoulwallenberg\/wp-json\/wp\/v2\/users\/101765"}],"replies":[{"embeddable":true,"href":"https:\/\/semmelweis.hu\/raoulwallenberg\/wp-json\/wp\/v2\/comments?post=308"}],"version-history":[{"count":12,"href":"https:\/\/semmelweis.hu\/raoulwallenberg\/wp-json\/wp\/v2\/pages\/308\/revisions"}],"predecessor-version":[{"id":2631,"href":"https:\/\/semmelweis.hu\/raoulwallenberg\/wp-json\/wp\/v2\/pages\/308\/revisions\/2631"}],"wp:attachment":[{"href":"https:\/\/semmelweis.hu\/raoulwallenberg\/wp-json\/wp\/v2\/media?parent=308"}],"wp:term":[{"taxonomy":"category","embeddable":true,"href":"https:\/\/semmelweis.hu\/raoulwallenberg\/wp-json\/wp\/v2\/categories?post=308"},{"taxonomy":"post_tag","embeddable":true,"href":"https:\/\/semmelweis.hu\/raoulwallenberg\/wp-json\/wp\/v2\/tags?post=308"}],"curies":[{"name":"wp","href":"https:\/\/api.w.org\/{rel}","templated":true}]}}