{"id":306,"date":"2020-12-28T18:21:17","date_gmt":"2020-12-28T17:21:17","guid":{"rendered":"http:\/\/semmelweis.hu\/raoulwallenberg\/?page_id=306"},"modified":"2025-10-14T11:00:55","modified_gmt":"2025-10-14T09:00:55","slug":"szakkepzes","status":"publish","type":"page","link":"https:\/\/semmelweis.hu\/raoulwallenberg\/szakkepzes\/","title":{"rendered":"\u00c9retts\u00e9gire \u00e9p\u00fcl\u0151 szakmai k\u00e9pz\u00e9sek"},"content":{"rendered":"<p><strong>TECHNIKUM<\/strong><br \/>\n<strong>\u00c9retts\u00e9gire \u00e9p\u00fcl\u0151 szakmai oktat\u00e1s a szakmajegyz\u00e9k szerint:<\/strong><\/p>\n<p>EG\u00c9SZS\u00c9G\u00dcGY<\/p>\n<table style=\"border-collapse: collapse;width: 100%;height: 408px\">\n<tbody>\n<tr style=\"height: 33px\">\n<td style=\"width: 33.3333%;text-align: center;height: 33px\">Szakma megnevez\u00e9se<\/td>\n<td style=\"width: 38.4114%;text-align: center;height: 33px\">Szakmair\u00e1ny<\/td>\n<td style=\"width: 28.2552%;text-align: center;height: 33px\">Szakmai oktat\u00e1s id\u0151tartama \u00e9retts\u00e9gi v\u00e9gzetts\u00e9ggel<\/td>\n<\/tr>\n<tr style=\"height: 33px\">\n<td style=\"width: 33.3333%;height: 33px\"><strong>\u00c1ltal\u00e1nos \u00e1pol\u00f3<\/strong><\/td>\n<td style=\"width: 38.4114%;height: 33px\">\u00a0<\/td>\n<td style=\"width: 28.2552%;text-align: center;height: 33px\">3 \u00e9v<\/td>\n<\/tr>\n<tr>\n<td style=\"width: 33.3333%\"><strong>Csecsem\u0151- \u00e9s gyermek\u00e1pol\u00f3<\/strong><\/td>\n<td style=\"width: 38.4114%\">\u00a0<\/td>\n<td style=\"width: 28.2552%;text-align: center\">2 \u00e9v<\/td>\n<\/tr>\n<tr style=\"height: 33px\">\n<td style=\"width: 33.3333%;height: 33px\"><strong>Ment\u0151\u00e1pol\u00f3<\/strong><\/td>\n<td style=\"width: 38.4114%;height: 33px\">\u00a0<\/td>\n<td style=\"width: 28.2552%;text-align: center;height: 33px\">2 \u00e9v<\/td>\n<\/tr>\n<tr style=\"height: 183px\">\n<td style=\"width: 33.3333%;height: 183px\"><strong>Eg\u00e9szs\u00e9g\u00fcgyi asszisztens<\/strong><\/td>\n<td style=\"width: 38.4114%;height: 183px\">Fog\u00e1szati asszisztens<br \/>\nGy\u00f3gyszert\u00e1ri asszisztens<br \/>\nKardiol\u00f3giai \u00e9s angiol\u00f3giai asszisztens<br \/>\nPerioperat\u00edv asszisztens<br \/>\nRadiogr\u00e1fiai asszisztens<\/td>\n<td style=\"width: 28.2552%;text-align: center;height: 183px\">2 \u00e9v<\/td>\n<\/tr>\n<tr style=\"height: 63px\">\n<td style=\"width: 33.3333%;height: 63px\"><strong>Rehabilit\u00e1ci\u00f3s terapeuta<\/strong><\/td>\n<td style=\"width: 38.4114%;height: 63px\">Fizioter\u00e1pi\u00e1s asszisztens<br \/>\nGy\u00f3gymassz\u0151r<\/td>\n<td style=\"width: 28.2552%;text-align: center;height: 63px\">2 \u00e9v<\/td>\n<\/tr>\n<tr style=\"height: 63px\">\n<td style=\"width: 33.3333%;height: 63px\"><strong>Perioperat\u00edv szakasszisztens<\/strong><\/td>\n<td style=\"width: 38.4114%;height: 63px\">Aneszteziol\u00f3giai szakasszisztens<br \/>\nM\u0171t\u00e9ti szakasszisztens<\/td>\n<td style=\"width: 28.2552%;text-align: center;height: 63px\">2 \u00e9v<\/td>\n<\/tr>\n<\/tbody>\n<\/table>\n<p>&nbsp;<\/p>\n<p><span style=\"font-size: large\">SZOCI\u00c1LIS<\/span><\/p>\n<table style=\"border-collapse: collapse;width: 100%\">\n<tbody>\n<tr style=\"height: 33px\">\n<td style=\"width: 33.3333%;text-align: center;height: 33px\">Szakma megnevez\u00e9se<\/td>\n<td style=\"width: 33.2606%;text-align: center;height: 33px\">Szakmair\u00e1ny<\/td>\n<td style=\"width: 33.406%;text-align: center;height: 33px\">Szakmai oktat\u00e1s id\u0151tartama \u00e9retts\u00e9gi v\u00e9gzetts\u00e9ggel<\/td>\n<\/tr>\n<tr>\n<td style=\"width: 33.3333%\"><strong>Kisgyermekgondoz\u00f3, -nevel\u0151<\/strong><\/td>\n<td style=\"width: 33.2606%\">\u00a0<\/td>\n<td style=\"width: 33.406%;text-align: center\">2 \u00e9v<\/td>\n<\/tr>\n<\/tbody>\n<\/table>\n<p>&nbsp;<\/p>\n<p><strong>SZAKGIMN\u00c1ZIUM<\/strong><\/p>\n<p>PEDAG\u00d3GIA<\/p>\n<table style=\"border-collapse: collapse;width: 100%;height: 66px\">\n<tbody>\n<tr style=\"height: 33px\">\n<td style=\"width: 33.3333%;text-align: center;height: 33px\">Szakma megnevez\u00e9se<\/td>\n<td style=\"width: 33.2606%;text-align: center;height: 33px\">Szakmair\u00e1ny<\/td>\n<td style=\"width: 33.406%;text-align: center;height: 33px\">Szakmai oktat\u00e1s id\u0151tartama \u00e9retts\u00e9gi v\u00e9gzetts\u00e9ggel<\/td>\n<\/tr>\n<tr style=\"height: 33px\">\n<td style=\"width: 33.3333%;height: 33px\"><strong>Pedag\u00f3giai munkat\u00e1rs<\/strong><\/td>\n<td style=\"width: 33.2606%;height: 33px\">Gy\u00f3gypedag\u00f3giai asszisztens<br \/>\nPedag\u00f3giai asszisztens<\/td>\n<td style=\"width: 33.406%;height: 33px;text-align: center\">2 \u00e9v<\/td>\n<\/tr>\n<\/tbody>\n<\/table>\n<p>&nbsp;<\/p>\n<p><strong>Jelentkez\u00e9s 2026 tavasz\u00e1n a<\/strong> 2026\/2027. tan\u00e9vben indul\u00f3 INGYENES, \u00e9retts\u00e9gire \u00e9p\u00fcl\u0151, NAPPALI, tanul\u00f3i jogviszonyos (legfeljebb 25 \u00e9ves kor a k\u00e9pz\u00e9si id\u0151 v\u00e9g\u00e9ig) k\u00e9pz\u00e9seinkre!<\/p>\n<p><strong>Jelentkez\u00e9s 2026 tavasz\u00e1n a <\/strong>2026\/2027. tan\u00e9vben indul\u00f3 INGYENES, \u00e9retts\u00e9gire \u00e9p\u00fcl\u0151, feln\u0151ttk\u00e9pz\u00e9si jogviszonyos k\u00e9pz\u00e9seinkre!<\/p>\n<ul>\n<li>El\u0151zetes tud\u00e1st, szakir\u00e1ny\u00fa kor\u00e1bbi tanulm\u00e1nyokat besz\u00e1m\u00edtunk!<\/li>\n<\/ul>\n","protected":false},"excerpt":{"rendered":"<p>TECHNIKUM \u00c9retts\u00e9gire \u00e9p\u00fcl\u0151 szakmai oktat\u00e1s a szakmajegyz\u00e9k szerint: EG\u00c9SZS\u00c9G\u00dcGY Szakma megnevez\u00e9se Szakmair\u00e1ny Szakmai oktat\u00e1s id\u0151tartama \u00e9retts\u00e9gi v\u00e9gzetts\u00e9ggel \u00c1ltal\u00e1nos \u00e1pol\u00f3 \u00a0 3 \u00e9v Csecsem\u0151- \u00e9s gyermek\u00e1pol\u00f3 \u00a0 2 \u00e9v Ment\u0151\u00e1pol\u00f3 \u00a0 2 \u00e9v Eg\u00e9szs\u00e9g\u00fcgyi asszisztens Fog\u00e1szati asszisztens Gy\u00f3gyszert\u00e1ri asszisztens Kardiol\u00f3giai \u00e9s angiol\u00f3giai asszisztens Perioperat\u00edv asszisztens Radiogr\u00e1fiai asszisztens 2 \u00e9v Rehabilit\u00e1ci\u00f3s terapeuta Fizioter\u00e1pi\u00e1s asszisztens Gy\u00f3gymassz\u0151r 2 \u00e9v &hellip;<\/p>\n","protected":false},"author":101765,"featured_media":0,"parent":0,"menu_order":4,"comment_status":"closed","ping_status":"closed","template":"","meta":{"_acf_changed":false,"footnotes":""},"categories":[],"tags":[],"class_list":["post-306","page","type-page","status-publish","hentry"],"acf":[],"_links":{"self":[{"href":"https:\/\/semmelweis.hu\/raoulwallenberg\/wp-json\/wp\/v2\/pages\/306","targetHints":{"allow":["GET"]}}],"collection":[{"href":"https:\/\/semmelweis.hu\/raoulwallenberg\/wp-json\/wp\/v2\/pages"}],"about":[{"href":"https:\/\/semmelweis.hu\/raoulwallenberg\/wp-json\/wp\/v2\/types\/page"}],"author":[{"embeddable":true,"href":"https:\/\/semmelweis.hu\/raoulwallenberg\/wp-json\/wp\/v2\/users\/101765"}],"replies":[{"embeddable":true,"href":"https:\/\/semmelweis.hu\/raoulwallenberg\/wp-json\/wp\/v2\/comments?post=306"}],"version-history":[{"count":11,"href":"https:\/\/semmelweis.hu\/raoulwallenberg\/wp-json\/wp\/v2\/pages\/306\/revisions"}],"predecessor-version":[{"id":2500,"href":"https:\/\/semmelweis.hu\/raoulwallenberg\/wp-json\/wp\/v2\/pages\/306\/revisions\/2500"}],"wp:attachment":[{"href":"https:\/\/semmelweis.hu\/raoulwallenberg\/wp-json\/wp\/v2\/media?parent=306"}],"wp:term":[{"taxonomy":"category","embeddable":true,"href":"https:\/\/semmelweis.hu\/raoulwallenberg\/wp-json\/wp\/v2\/categories?post=306"},{"taxonomy":"post_tag","embeddable":true,"href":"https:\/\/semmelweis.hu\/raoulwallenberg\/wp-json\/wp\/v2\/tags?post=306"}],"curies":[{"name":"wp","href":"https:\/\/api.w.org\/{rel}","templated":true}]}}