{"id":304,"date":"2020-12-28T18:20:22","date_gmt":"2020-12-28T17:20:22","guid":{"rendered":"http:\/\/semmelweis.hu\/raoulwallenberg\/?page_id=304"},"modified":"2023-04-16T23:42:39","modified_gmt":"2023-04-16T21:42:39","slug":"fogadoorak","status":"publish","type":"page","link":"https:\/\/semmelweis.hu\/raoulwallenberg\/tanuloinknak\/fogadoorak\/","title":{"rendered":"Fogad\u00f3\u00f3r\u00e1k"},"content":{"rendered":"<h1>AZ INT\u00c9ZM\u00c9NYVEZET\u0150 FOGAD\u00d3\u00d3R\u00c1JA<\/h1>\n<p>Az int\u00e9zm\u00e9nyvezet\u0151i fogad\u00f3\u00f3r\u00e1ra el\u0151zetes bejelentkez\u00e9s sz\u00fcks\u00e9ges.<br \/>\nInt\u00e9zm\u00e9nyvezet\u0151 neve: Gavall\u00e9rn\u00e9 Kancsal \u00c1gnes<br \/>\nFogad\u00f3\u00f3ra: kedd 14:00 \u2013 15:00<br \/>\nBejelentkez\u00e9s: 215 8213 (igazgat\u00f3i titk\u00e1rs\u00e1g)<\/p>\n<p>&nbsp;<\/p>\n","protected":false},"excerpt":{"rendered":"<p>AZ INT\u00c9ZM\u00c9NYVEZET\u0150 FOGAD\u00d3\u00d3R\u00c1JA<br \/>\nAz int\u00e9zm\u00e9nyvezet\u0151i fogad\u00f3\u00f3r\u00e1ra el\u0151zetes bejelentkez\u00e9s sz\u00fcks\u00e9ges.<br \/>\nInt\u00e9zm\u00e9nyvezet\u0151 neve: Gavall\u00e9rn\u00e9 Kancsal \u00c1gnes<br \/>\nFogad\u00f3\u00f3ra: kedd 14:00 \u2013 15:00<br \/>\nBejelentkez\u00e9s: 215 8213 (igazgat\u00f3i titk\u00e1rs\u00e1g)<br \/>\n&nbsp;<\/p>\n","protected":false},"author":101765,"featured_media":0,"parent":294,"menu_order":3,"comment_status":"closed","ping_status":"closed","template":"","meta":{"_acf_changed":false,"footnotes":""},"categories":[],"tags":[],"class_list":["post-304","page","type-page","status-publish","hentry"],"acf":[],"_links":{"self":[{"href":"https:\/\/semmelweis.hu\/raoulwallenberg\/wp-json\/wp\/v2\/pages\/304","targetHints":{"allow":["GET"]}}],"collection":[{"href":"https:\/\/semmelweis.hu\/raoulwallenberg\/wp-json\/wp\/v2\/pages"}],"about":[{"href":"https:\/\/semmelweis.hu\/raoulwallenberg\/wp-json\/wp\/v2\/types\/page"}],"author":[{"embeddable":true,"href":"https:\/\/semmelweis.hu\/raoulwallenberg\/wp-json\/wp\/v2\/users\/101765"}],"replies":[{"embeddable":true,"href":"https:\/\/semmelweis.hu\/raoulwallenberg\/wp-json\/wp\/v2\/comments?post=304"}],"version-history":[{"count":4,"href":"https:\/\/semmelweis.hu\/raoulwallenberg\/wp-json\/wp\/v2\/pages\/304\/revisions"}],"predecessor-version":[{"id":1611,"href":"https:\/\/semmelweis.hu\/raoulwallenberg\/wp-json\/wp\/v2\/pages\/304\/revisions\/1611"}],"up":[{"embeddable":true,"href":"https:\/\/semmelweis.hu\/raoulwallenberg\/wp-json\/wp\/v2\/pages\/294"}],"wp:attachment":[{"href":"https:\/\/semmelweis.hu\/raoulwallenberg\/wp-json\/wp\/v2\/media?parent=304"}],"wp:term":[{"taxonomy":"category","embeddable":true,"href":"https:\/\/semmelweis.hu\/raoulwallenberg\/wp-json\/wp\/v2\/categories?post=304"},{"taxonomy":"post_tag","embeddable":true,"href":"https:\/\/semmelweis.hu\/raoulwallenberg\/wp-json\/wp\/v2\/tags?post=304"}],"curies":[{"name":"wp","href":"https:\/\/api.w.org\/{rel}","templated":true}]}}