{"id":298,"date":"2020-12-28T18:18:23","date_gmt":"2020-12-28T17:18:23","guid":{"rendered":"http:\/\/semmelweis.hu\/raoulwallenberg\/?page_id=298"},"modified":"2022-10-23T19:17:23","modified_gmt":"2022-10-23T17:17:23","slug":"konyvtar","status":"publish","type":"page","link":"https:\/\/semmelweis.hu\/raoulwallenberg\/tanuloinknak\/konyvtar\/","title":{"rendered":"K\u00f6nyvt\u00e1r"},"content":{"rendered":"<p>Nyitvatart\u00e1s<\/p>\n<p>H\u00e9tf\u0151 8:00 \u2013 10:00, 12:00 \u2013 14:00<br \/>\nKedd 12:00 \u2013 16:00<br \/>\nSzerda 8:00 \u2013 10:00, 12:00 \u2013 14:00<br \/>\nCs\u00fct\u00f6rt\u00f6k 9:00 \u2013 10:00, 12:00 \u2013 15:00<br \/>\nP\u00e9ntek 8:00 \u2013 10:00, 12:00 \u2013 14:00<\/p>\n<p>027-es K\u00d6NYVT\u00c1RTEREM<\/p>\n<p><strong>Itt tal\u00e1lhat\u00f3 \u00e1llom\u00e1ny:<\/strong><\/p>\n<ul>\n<li>k\u00e9zik\u00f6nyvt\u00e1r<\/li>\n<li>k\u00f6z\u00e9piskol\u00e1sok tank\u00f6nyvei, idegen nyelv<\/li>\n<li>k\u00f6telez\u0151 irodalom<\/li>\n<li>sz\u00e9pirodalom, versek, dr\u00e1m\u00e1k<\/li>\n<li>irodalomt\u00f6rt\u00e9net<\/li>\n<li>\u00e1ltal\u00e1nos m\u0171vek, filoz\u00f3fia,<\/li>\n<li>vall\u00e1s, mitol\u00f3gia<\/li>\n<li>t\u00f6rt\u00e9nelem \u00e9s seg\u00e9dtudom\u00e1nyai (jog, politika)<\/li>\n<li>k\u00f6zgazdas\u00e1gtan<\/li>\n<\/ul>\n<p>026-os K\u00d6NYVT\u00c1RTEREM<\/p>\n<p><strong>Itt tal\u00e1lhat\u00f3 \u00e1llom\u00e1ny<\/strong><\/p>\n<ul>\n<li>szakk\u00e9pz\u00e9si tank\u00f6nyvek<\/li>\n<li>eg\u00e9szs\u00e9g\u00fcgy, pedag\u00f3gia, pszichol\u00f3gia, szociol\u00f3gia<\/li>\n<li>m\u0171v\u00e9szet, term\u00e9szettudom\u00e1nyok<\/li>\n<\/ul>\n<p><strong>E-MAIL C\u00cdM:<br \/>\n<\/strong><a href=\"mailto:wallenkonyvtar@gmail.com\">wallenkonyvtar@gmail.com<\/a><\/p>\n<p><strong>K\u00d6NYVT\u00c1ROS:<\/strong><br \/>\nP\u00e1sztor Attila<\/p>\n<p><strong>SZOLG\u00c1LTAT\u00c1SAINK:<\/strong><\/p>\n<ul>\n<li>k\u00f6lcs\u00f6nz\u00e9s<\/li>\n<li>helyben haszn\u00e1lat, olvas\u00e1s, b\u00f6ng\u00e9sz\u00e9s<\/li>\n<li>egy\u00e9ni tanul\u00e1shoz, feladatmegold\u00e1shoz, kutat\u00e1shoz seg\u00edts\u00e9gny\u00fajt\u00e1s<\/li>\n<li>tanul\u00e1si szok\u00e1sok, technik\u00e1k alak\u00edt\u00e1sa, fejleszt\u00e9se<\/li>\n<li>k\u00f6nyvt\u00e1rhaszn\u00e1lati \u00f3r\u00e1k, szak\u00f3r\u00e1k tart\u00e1sa a k\u00f6nyvt\u00e1rban illetve azok el\u0151k\u00e9sz\u00edt\u00e9se<\/li>\n<li>kapcsolattart\u00e1s m\u00e1s k\u00f6nyvt\u00e1rakkal<\/li>\n<li>\u00faj k\u00f6nyvek bemutat\u00e1sa<\/li>\n<li>sz\u00e1m\u00edt\u00f3g\u00e9pes katal\u00f3gus \u2013 a k\u00f6nyvt\u00e1r k\u00f6nyveinek adatb\u00e1zisa, sokf\u00e9le szempont szerinti keres\u00e9st tesz lehet\u0151v\u00e9, a Szikla k\u00f6nyvt\u00e1ri rendszer r\u00e9sze<\/li>\n<li>sz\u00e1m\u00edt\u00f3g\u00e9phaszn\u00e1lat, Internet<\/li>\n<\/ul>\n<p><a href=\"http:\/\/0494.netlib.hu\/katalogus\">EL\u00c9RHETO AZ OPAC KATAL\u00d3GUS &#8211; Iskol\u00e1nk k\u00f6nyvt\u00e1r\u00e1nak katal\u00f3gusa<\/a><\/p>\n<p>K\u00c9PEK A K\u00d6NYVT\u00c1RR\u00d3L<\/p>\n<p><img loading=\"lazy\" decoding=\"async\" class=\"alignnone wp-image-327 size-thumbnail\" src=\"https:\/\/semmelweis.hu\/raoulwallenberg\/files\/2020\/12\/konyvtar3-150x150.jpg\" alt=\"\" width=\"150\" height=\"150\" \/> <img loading=\"lazy\" decoding=\"async\" class=\"alignnone wp-image-328 size-thumbnail\" src=\"https:\/\/semmelweis.hu\/raoulwallenberg\/files\/2020\/12\/konyvtar2-150x150.jpg\" alt=\"\" width=\"150\" height=\"150\" \/> <img loading=\"lazy\" decoding=\"async\" class=\"alignnone wp-image-329 size-thumbnail\" src=\"https:\/\/semmelweis.hu\/raoulwallenberg\/files\/2020\/12\/konyvtar1-150x150.jpg\" alt=\"\" width=\"150\" height=\"150\" \/><\/p>\n<p><a href=\"https:\/\/semmelweis.hu\/raoulwallenberg\/files\/2020\/12\/bibliografiasztistvan.pdf\" target=\"_blank\" rel=\"noopener noreferrer\">2013 &#8211; SZENT ISTV\u00c1N \u00c9V SZ\u00c9KESFEH\u00c9RV\u00c1RON<\/a><\/p>\n<p>Orsz\u00e1gos Szikla katal\u00f3gus az Interneten kereszt\u00fcl is el\u00e9rhet\u0151v\u00e9 v\u00e1lt a <a href=\"http:\/\/netlib.hu\/\" target=\"_blank\" rel=\"noopener noreferrer\">WEB-OPAC<\/a> rendszernek k\u00f6sz\u00f6nhet\u0151en.<br \/>\nA katal\u00f3gusban lehet\u0151s\u00e9g van keres\u00e9sre c\u00edm, szerz\u0151 \u00e9s egy\u00e9b inform\u00e1ci\u00f3k alapj\u00e1n.<\/p>\n<p>T\u00c1MOP P\u00c1LY\u00c1ZAT<\/p>\n<p><a href=\"https:\/\/semmelweis.hu\/raoulwallenberg\/files\/2020\/12\/tamopDVDlista.pdf\" target=\"_blank\" rel=\"noopener noreferrer\">A T\u00c1MOP p\u00e1ly\u00e1zaton nyert DVD-k list\u00e1ja<\/a><br \/>\n<a href=\"https:\/\/semmelweis.hu\/raoulwallenberg\/files\/2020\/12\/Tamopkonyveklistajamed.pdf\" target=\"_blank\" rel=\"noopener noreferrer\">A T\u00c1MOP p\u00e1ly\u00e1zaton nyert k\u00f6nyvek list\u00e1ja<\/a><br \/>\nVide\u00f3filmek list\u00e1ja: <a href=\"https:\/\/semmelweis.hu\/raoulwallenberg\/files\/2020\/12\/jatekfilmek.pdf\" target=\"_blank\" rel=\"noopener noreferrer\">1.- J\u00e1t\u00e9kfilmek<\/a> <a href=\"https:\/\/semmelweis.hu\/raoulwallenberg\/files\/2020\/12\/szentagothai.pdf\" target=\"_blank\" rel=\"noopener noreferrer\">2. &#8211; Szent\u00e1gothai<\/a> <a href=\"https:\/\/semmelweis.hu\/raoulwallenberg\/files\/2020\/12\/videokatalogusbecsi.pdf\" target=\"_blank\" rel=\"noopener noreferrer\">3. &#8211; Kossuth<\/a><\/p>\n<hr \/>\n<p><img loading=\"lazy\" decoding=\"async\" class=\" wp-image-316 alignleft\" src=\"https:\/\/semmelweis.hu\/raoulwallenberg\/files\/2020\/12\/rw.jpg\" alt=\"\" width=\"141\" height=\"150\" \/><strong>N\u00e9vad\u00f3nk, Raoul Wallenberg (1812 &#8211; ?1947)<\/strong><\/p>\n<p><a href=\"https:\/\/semmelweis.hu\/raoulwallenberg\/files\/2020\/12\/eletrajz-1.pdf\" target=\"_blank\" rel=\"noopener noreferrer\">\u00e9letrajz<\/a><br \/>\n<a href=\"https:\/\/semmelweis.hu\/raoulwallenberg\/files\/2020\/12\/wallenbergemlektablak.pdf\" target=\"_blank\" rel=\"noopener noreferrer\">eml\u00e9khelyek<\/a><br \/>\n<a href=\"https:\/\/semmelweis.hu\/raoulwallenberg\/files\/2020\/12\/irodalomjegyzek.pdf\" target=\"_blank\" rel=\"noopener noreferrer\">irodalomjegyz\u00e9k<\/a><\/p>\n<hr \/>\n<p><strong>BEMUTATKOZ\u00c1S<\/strong><\/p>\n<p>A k\u00e9t k\u00f6nyvt\u00e1rhelyis\u00e9g az \u00e9p\u00fclet h\u00e1ts\u00f3 r\u00e9sz f\u00f6ldszintj\u00e9n, a b\u00fcf\u00e9 felett tal\u00e1lhat\u00f3. Nyitvatart\u00e1si id\u0151ben minden iskolapolg\u00e1r (di\u00e1k, tan\u00e1r, dolgoz\u00f3) rendelkez\u00e9s\u00e9re \u00e1ll. A k\u00f6nyvt\u00e1r haszn\u00e1lat\u00e1hoz sz\u00fcks\u00e9ges tudnival\u00f3k a K\u00f6nyvt\u00e1rhaszn\u00e1lati szab\u00e1lyzatban olvashat\u00f3k.<\/p>\n<p>K\u00f6nyvt\u00e1runk iskolai k\u00f6nyvt\u00e1r, \u00fagy alak\u00edtjuk a gy\u0171jtem\u00e9ny\u00e9t, hogy az iskola pedag\u00f3giai programj\u00e1nak megval\u00f3s\u00edt\u00e1s\u00e1t t\u00e1mogassa.<\/p>\n<p>Tanul\u00e1si forr\u00e1sk\u00f6zpont, \u00e1tfog\u00f3an biztos\u00edtja, illetve szolg\u00e1ltatja az oktat\u00f3-nevel\u0151 munk\u00e1hoz sz\u00fcks\u00e9ges dokumentumokat, inform\u00e1ci\u00f3kat.<\/p>\n<p>El\u0151seg\u00edti a tanul\u00f3k olvas\u00f3v\u00e1, k\u00f6nyvt\u00e1rhaszn\u00e1l\u00f3v\u00e1 v\u00e1l\u00e1s\u00e1t.<\/p>\n<p>Lehet\u0151v\u00e9 teszi hazai \u00e9s k\u00fclf\u00f6ldi k\u00f6nyvt\u00e1ri sz\u00e1m\u00edt\u00f3g\u00e9pes adatb\u00e1zisok el\u00e9r\u00e9s\u00e9t, lek\u00e9rdez\u00e9s\u00e9t.<\/p>\n<p>A k\u00f6nyvt\u00e1r az iskola nyitott kommunik\u00e1ci\u00f3s k\u00f6zpontja.<\/p>\n<p>A t\u00f6bb mint 20 ezer dokumentum jelent\u0151s r\u00e9sze k\u00f6nyv: ig\u00e9nyes ismeretk\u00f6zl\u0151, m\u00e1s sz\u00f3val szakirodalom, klasszikus, modern \u00e9s kort\u00e1rs sz\u00e9pirodalom, ifj\u00fas\u00e1gi olvasm\u00e1ny, k\u00f6telez\u0151 irodalom, tank\u00f6nyv, egy\u00e9b seg\u00e9dlet.<\/p>\n<p>Van hangt\u00e1runk (komolyzenei, n\u00e9pzenei, irodalmi, idegennyelv\u0171 CD-k), j\u00e1t\u00e9kfilmes illetve ismeretterjeszt\u0151 DVD-k, CD-ROM-ok. Ezek sz\u00e1ma mintegy 500 db.<\/p>\n<p>\n<strong>A k\u00f6nyvt\u00e1rak terei:<\/strong><\/p>\n<ul>\n<li>Szabadpolcos k\u00f6nyvkiv\u00e1laszt\u00f3 \u00f6vezet: itt v\u00e1logathat az olvas\u00f3 sz\u00e9pirodalmi, \u00e9s ismeretterjeszt\u0151 \u00e1llom\u00e1nyb\u00f3l.<\/li>\n<li>K\u00f6lcs\u00f6nz\u0151pult: itt bonyol\u00edtjuk le a k\u00f6lcs\u00f6nz\u00e9s adminisztr\u00e1ci\u00f3j\u00e1t.<\/li>\n<li>Olvas\u00f3helyek: 10 olvas\u00f3hely \u00e1ll olvas\u00f3ink rendelkez\u00e9s\u00e9re. 2 sz\u00e1m\u00edt\u00f3g\u00e9p\u00fcnk van, amik alkalmasak CD-k, CD-ROM-ok, DVD-k meghallgat\u00e1s\u00e1ra \u00e9s megtekint\u00e9s\u00e9re, valamint Internetez\u00e9sre.<\/li>\n<\/ul>\n<p><a href=\"https:\/\/semmelweis.hu\/raoulwallenberg\/files\/2020\/12\/konyvtarhasznalatiszabalyzat2.pdf\" target=\"_blank\" rel=\"noopener noreferrer\">K\u00d6NYVT\u00c1RHASZN\u00c1LATI SZAB\u00c1LYZAT<\/a><\/p>\n","protected":false},"excerpt":{"rendered":"<p>Nyitvatart\u00e1s H\u00e9tf\u0151 8:00 \u2013 10:00, 12:00 \u2013 14:00 Kedd 12:00 \u2013 16:00 Szerda 8:00 \u2013 10:00, 12:00 \u2013 14:00 Cs\u00fct\u00f6rt\u00f6k 9:00 \u2013 10:00, 12:00 \u2013 15:00 P\u00e9ntek 8:00 \u2013 10:00, 12:00 \u2013 14:00 027-es K\u00d6NYVT\u00c1RTEREM Itt tal\u00e1lhat\u00f3 \u00e1llom\u00e1ny: k\u00e9zik\u00f6nyvt\u00e1r k\u00f6z\u00e9piskol\u00e1sok tank\u00f6nyvei, idegen nyelv k\u00f6telez\u0151 irodalom sz\u00e9pirodalom, versek, dr\u00e1m\u00e1k irodalomt\u00f6rt\u00e9net \u00e1ltal\u00e1nos m\u0171vek, filoz\u00f3fia, vall\u00e1s, mitol\u00f3gia t\u00f6rt\u00e9nelem &hellip;<\/p>\n","protected":false},"author":101765,"featured_media":0,"parent":294,"menu_order":2,"comment_status":"closed","ping_status":"closed","template":"","meta":{"_acf_changed":false,"footnotes":""},"categories":[],"tags":[],"class_list":["post-298","page","type-page","status-publish","hentry"],"acf":[],"_links":{"self":[{"href":"https:\/\/semmelweis.hu\/raoulwallenberg\/wp-json\/wp\/v2\/pages\/298","targetHints":{"allow":["GET"]}}],"collection":[{"href":"https:\/\/semmelweis.hu\/raoulwallenberg\/wp-json\/wp\/v2\/pages"}],"about":[{"href":"https:\/\/semmelweis.hu\/raoulwallenberg\/wp-json\/wp\/v2\/types\/page"}],"author":[{"embeddable":true,"href":"https:\/\/semmelweis.hu\/raoulwallenberg\/wp-json\/wp\/v2\/users\/101765"}],"replies":[{"embeddable":true,"href":"https:\/\/semmelweis.hu\/raoulwallenberg\/wp-json\/wp\/v2\/comments?post=298"}],"version-history":[{"count":6,"href":"https:\/\/semmelweis.hu\/raoulwallenberg\/wp-json\/wp\/v2\/pages\/298\/revisions"}],"predecessor-version":[{"id":1479,"href":"https:\/\/semmelweis.hu\/raoulwallenberg\/wp-json\/wp\/v2\/pages\/298\/revisions\/1479"}],"up":[{"embeddable":true,"href":"https:\/\/semmelweis.hu\/raoulwallenberg\/wp-json\/wp\/v2\/pages\/294"}],"wp:attachment":[{"href":"https:\/\/semmelweis.hu\/raoulwallenberg\/wp-json\/wp\/v2\/media?parent=298"}],"wp:term":[{"taxonomy":"category","embeddable":true,"href":"https:\/\/semmelweis.hu\/raoulwallenberg\/wp-json\/wp\/v2\/categories?post=298"},{"taxonomy":"post_tag","embeddable":true,"href":"https:\/\/semmelweis.hu\/raoulwallenberg\/wp-json\/wp\/v2\/tags?post=298"}],"curies":[{"name":"wp","href":"https:\/\/api.w.org\/{rel}","templated":true}]}}