{"id":27,"date":"2020-12-28T13:03:07","date_gmt":"2020-12-28T12:03:07","guid":{"rendered":"http:\/\/semmelweis.hu\/raoulwallenberg\/?page_id=27"},"modified":"2021-02-10T13:45:04","modified_gmt":"2021-02-10T12:45:04","slug":"iskolank-tortenete","status":"publish","type":"page","link":"https:\/\/semmelweis.hu\/raoulwallenberg\/iskolankrol\/iskolank-tortenete\/","title":{"rendered":"Iskol\u00e1nk t\u00f6rt\u00e9nete"},"content":{"rendered":"<h1>Utaz\u00e1s a neveink k\u00f6r\u00fcl<\/h1>\n<h2>avagy Bem J\u00f3zseft\u0151l Raoul Wallenbergig szem\u00e9lyes sz\u00f6sszeneteim volt iskol\u00e1mr\u00f3l<\/h2>\n<p>1976-ban l\u00e9ptem be a Bem J\u00f3zsef \u00d3v\u00f3n\u0151i Szakk\u00f6z\u00e9piskol\u00e1ba pszichol\u00f3giatan\u00e1rk\u00e9nt. Mivel mindig sz\u00e1mos bar\u00e1ttal, ismer\u0151ssel rendelkeztem \/l\u00e1sd: Nyuszi rokonai \u00e9s \u00fczletfelei\/ sokan \u00e9s gyakran k\u00e9rdezt\u00e9k t\u0151lem, \u201ehogy lehet egy \u00f3v\u00f3n\u0151k\u00e9pz\u0151t Bem J\u00f3zsefr\u0151l elnevezni?<\/p>\n<p>M\u00e9g akkor nem mondhattam, hogy n\u00e9zd meg a wikip\u00e9di\u00e1n, hogy ha ilyen k\u00edv\u00e1ncsi vagy, ez\u00e9rt \u00edgy feleltem: \u201eh\u00e1t Bem J\u00f3zsefr\u0151l, az els\u0151 magyar \u00f3v\u00f3n\u0151r\u0151l nevezt\u00e9k el\u201d, s ezzel a dolog el volt int\u00e9zve.<\/p>\n<p>Nem volt rossz persze bemesnek lenni, tan\u00edtani a kedves, tehets\u00e9ges gyerekeket, hallgatni a k\u00f3rusokat, l\u00e1tni, hogy az \u00f3vodai gyakorlatokon milyen szeretettel b\u00e1nnak a kicsikkel. <img loading=\"lazy\" decoding=\"async\" class=\"size-medium wp-image-31 alignright\" src=\"https:\/\/semmelweis.hu\/raoulwallenberg\/files\/2020\/12\/isktortenetkicsi-400x355.png\" alt=\"\" width=\"400\" height=\"355\" srcset=\"https:\/\/semmelweis.hu\/raoulwallenberg\/files\/2020\/12\/isktortenetkicsi-400x355.png 400w, https:\/\/semmelweis.hu\/raoulwallenberg\/files\/2020\/12\/isktortenetkicsi.png 700w\" sizes=\"auto, (max-width: 400px) 100vw, 400px\" \/><\/p>\n<p>R\u00e9gi tan\u00edtv\u00e1nyaink ma is b\u00fcszk\u00e9k r\u00e1, hogy bemesek voltak, van klubjuk az iwiwen, \u00e9s tal\u00e1n a facebookon is. K\u00e9s\u0151bb, 1981-ben egyes\u00fclt\u00fcnk a nagy riv\u00e1lissal, az el\u0151kel\u0151 rokonnal, a Kossuth Zsuzsa \u00d3v\u00f3n\u0151i Szakk\u00f6z\u00e9piskol\u00e1val, de a Bem n\u00e9v maradt. (Kis gy\u0151zelem.)<\/p>\n<p>Izgalmas volt, di\u00e1k-di\u00e1k h\u00e1t\u00e1n, rengeteg tan\u00e1r, m\u00e9g \u201eL\u201d jelz\u00e9s\u0171 oszt\u00e1lyunk is volt. Le\u00e1nyiskol\u00e1r\u00f3l l\u00e9v\u00e9n sz\u00f3 a \u201eK\u201d jelz\u00e9st tapintatosan kihagytuk.<\/p>\n<p>Sajnos 1997-ben az \u00f3v\u00f3n\u0151k\u00e9pz\u00e9s megsz\u0171nt, m\u00f3dosult a k\u00e9pz\u00e9s tartalma, nevet v\u00e1ltottunk t\u00f6bbsz\u00f6r is, voltunk Budapesti \u00d3v\u00f3n\u0151i \u00e9s Pedag\u00f3giai Szakk\u00f6z\u00e9piskola, ezt gusztusosan BOPSZ-ra mozaikszavas\u00edtottuk, mondhatni korunkat forradalmian megel\u0151zve, hiszen akkor tal\u00e1n m\u00e9g nem volt PECSA sem, de M\u00dcPA v\u00e9gk\u00e9ppen nem, hogy a leg\u00fajabb \u201esz\u00f6rnyem\u00e9nyr\u0151l\u201d, a RAM-r\u00f3l ne is besz\u00e9lj\u00fcnk.<\/p>\n<p>A vil\u00e1g persze tov\u00e1bb v\u00e1ltozott, m\u00e1r a t\u00e9r neve sem az volt, mint r\u00e9gen: \u00e1ltal bucsk\u00e1zott a fej\u00e9n, \u00e9s visszav\u00e1ltozott a Ludovika-\u00e9p\u00fcletek miatt is Ludovika t\u00e9rr\u00e9. K\u00e9s\u0151bb, 2001-ben iskol\u00e1m is felvette ezt a nevet, de mint ahogy bemesk\u00e9nt sem k\u00e9pezt\u00fcnk szabads\u00e1gharcosokat, most sem ker\u00fcltek ki iskol\u00e1nkb\u00f3l katonatisztek. B\u00e1r a lehet\u0151s\u00e9g tal\u00e1n m\u00e1r megadatott volna, hiszen a le\u00e1nyiskol\u00e1ban fokozatosan megjelentek a fi\u00fak is. Teljes nev\u00fcnk\u00f6n ekkor m\u00e1r Ludovika Hum\u00e1n Szakk\u00f6z\u00e9piskola \u00e9s Gimn\u00e1zium voltunk.<\/p>\n<p>Arr\u00f3l nem is besz\u00e9lve, hogy ekkor m\u00e1r h\u00e1rom iskola egyes\u00fcl\u00e9s\u00e9r\u0151l besz\u00e9lhet\u00fcnk (1999): az akkor m\u00e1r nem Bem, az \u00e9p\u00fcletben addig \u00f6n\u00e1ll\u00f3an m\u0171k\u00f6d\u0151 M\u00f3ra Ferenc Eg\u00e9szs\u00e9g\u00fcgyi Szakk\u00f6z\u00e9piskola (nyilv\u00e1n M\u00f3ra is orvos volt, vagy legal\u00e1bbis beteg) \u00e9s a Balassa J\u00e1nos Eg\u00e9szs\u00e9g\u00fcgyi Szakk\u00f6z\u00e9piskola, ez ut\u00f3bbi viselte egyed\u00fcl a m\u0171k\u00f6d\u00e9s\u00e9nek megfelel\u0151 nevet, k\u00fcl\u00f6n\u00f6s fintorak\u00e9nt a sorsnak, az egyes\u00fcl\u00e9skor elvesztve azt.<\/p>\n<p>M\u00e1r ezt megel\u0151z\u0151en fokozatosan v\u00e1ltozott a k\u00e9pz\u00e9s tartalma \u00e9s szerkezete is, h\u00e1rom szak: pedag\u00f3giai, eg\u00e9szs\u00e9g\u00fcgyi \u00e9s szoci\u00e1lis alakult ki. Ugyanezek a szakok megjelentek szakk\u00e9pz\u00e9sk\u00e9nt a 13., ill. a 14. \u00e9vfolyamon. Nek\u00fcnk, tan\u00e1roknak is tanulni kellett az \u00faj ismereteket, \u00e9s persze k\u00f6zvet\u00edteni azokat, pl. tanul\u00e1stechnik\u00e1t, ment\u00e1lhigi\u00e9n\u00e9t, autog\u00e9n tr\u00e9ninget\u2026 J\u00f3magam kezdett\u0151l fogva a szoci\u00e1lis k\u00e9pz\u00e9sben vettem r\u00e9szt, beseg\u00edtve a pedag\u00f3gi\u00e1ba, s v\u00e9g\u00fcl az eg\u00e9szs\u00e9g\u00fcgybe is.<\/p>\n<p>Most sem tudok meghatotts\u00e1g n\u00e9lk\u00fcl visszagondolni arra a kis csapatra, akikkel a szoci\u00e1lis k\u00e9pz\u00e9st elkezdt\u00fck tanulni \u00e9s tan\u00edtani. Nagyon \u00f6sszetart\u00f3, egym\u00e1st seg\u00edt\u0151, egym\u00e1st\u00f3l tanul\u00f3 lelkes csapat voltunk (a FRAKCI\u00d3). Egyszer csak felr\u00f6ppent a h\u00edr: fel\u00faj\u00edtj\u00e1k az \u00e9p\u00fcletet, \u00e1tmenetileg k\u00e9t \u201etelephelyen\u201d m\u0171k\u00f6d\u00fcnk: a r\u00e9gi Balassa \u00e9p\u00fclet\u00e9ben a Szentkir\u00e1lyi utc\u00e1ban, \u00e9s a k\u00e9tes eml\u00e9k\u0171, \u201elepukkant\u201d (\u00e1ll\u00edt\u00f3lag r\u00e9gen kupler\u00e1jk\u00e9nt m\u0171k\u00f6d\u0151) Doh\u00e1ny utc\u00e1ban. \u00cdgy t\u00f6lt\u00f6tt\u00fck a 2003\/2004-es tan\u00e9vet.<\/p>\n<p>Egy tan\u00e9v \u00e9s k\u00e9t ny\u00e1ri sz\u00fcnet alatt k\u00e9sz is lesz az \u00faj iskola, \u00e9s gy\u00f6ny\u00f6r\u0171 lesz \u2013 mondta Papp Mari igazgat\u00f3n\u0151 (nem tiszteletlens\u00e9g, \u0151 \u00edgy szerette haszn\u00e1lni a nev\u00e9t).<\/p>\n<p>H\u00e1\u00e1\u00e1t? Egy \u00e9v alatt? \u00c9s ha m\u00e9gis? Az a gy\u00f6ny\u00f6r\u0171s\u00e9g a mi\u00e9nk lesz? Megvallom, hogy \u00e9n is azok k\u00f6z\u00e9 tartoztam, akik ebben nem hittek. Ha meg is lesz, ha k\u00e9sz is lesz, akkor is a m\u00e1s\u00e9 lesz!<\/p>\n<p>De megt\u00f6rt\u00e9nt a csoda: k\u00e9sz lett, \u00e9s a mi\u00e9nk lett, d\u00edszkutast\u00f3l, gy\u00f6ny\u00f6r\u0171 k\u00f6nyvt\u00e1rast\u00f3l, modern eb\u00e9dl\u0151st\u0151l, liftest\u0151l, a folyos\u00f3kon kellemes zugokkal, asztalokkal, padokkal, ahol meghitt besz\u00e9lget\u00e9seket lehet folytatni a gyerekekkel. M\u00e9g a Szentkir\u00e1lyiban \u00e9rtes\u00fclt\u00fcnk arr\u00f3l, megkaptuk a lehet\u0151s\u00e9get, hogy a f\u0151v\u00e1ros legszebb iskol\u00e1jak\u00e9nt felvegy\u00fck Raoul Wallenberg nev\u00e9t, ami a tantest\u00fclet szavazata alapj\u00e1n meg is t\u00f6rt\u00e9nt.<\/p>\n<p>\u00dagy gondolom, \u00e9s \u00fagy \u00e9rzem, hogy ekkor \u00f6sszetal\u00e1lkozott iskol\u00e1m neve \u00e9s a k\u00e9pz\u00e9s tartalma: Raoul Wallenberg Hum\u00e1n Szakk\u00e9pz\u0151 Iskola \u00e9s Gimn\u00e1zium.<\/p>\n<p>Ha hum\u00e1numr\u00f3l besz\u00e9l\u00fcnk, ki lehetne erre jobb p\u00e9lda Raoul Wallenbergn\u00e9l, akinek tev\u00e9kenys\u00e9g\u00e9t itt nem vagyok hivatott m\u00e9ltatni.<\/p>\n<p>A 2004. szeptember 1-j\u00e9n megtartott \u00fcnnep\u00e9lyes n\u00e9vad\u00f3 nagyon sz\u00e9p volt. Azon a meleg \u0151szi napon, a sz\u00e9p, \u00faj iskola udvar\u00e1n a mi \u00fcnnepl\u0151s gyerekeink is sz\u00e9pek voltak.<\/p>\n<p>Jelen volt a sv\u00e9d nagyk\u00f6vet, elj\u00f6tt Raoul Wallenberg f\u00e9ltestv\u00e9re, Nina, akit elk\u00eds\u00e9rt fiatal unoka\u00f6ccse, aki \u2013 bocs\u00e1natot k\u00e9rek, de egy ifj\u00fa hercegre eml\u00e9keztetett \u2013 az \u00fcnnepi besz\u00e9det mondta. Megtisztelte \u00fcnneps\u00e9g\u00fcnket Budapest akkori f\u0151polg\u00e1rmestere is.<\/p>\n<p>Ezt\u00e1n elkezd\u0151dtek a h\u00e9tk\u00f6znapok, \u00fajabb iskol\u00e1k \u00e9rkeztek, ig\u00e9nybe v\u00e9ve k\u00f6lcs\u00f6n\u00f6s alkalmazkod\u00f3 k\u00e9pess\u00e9g\u00fcnket, de ez m\u00e1r egy m\u00e1sik t\u00f6rt\u00e9net\u2026<\/p>\n<p>Gyurk\u00f3 Anna<br \/>(egy 2010 \u0151sze \u00f3ta m\u00e1r csak l\u00e9lekben raoulos)<\/p>\n","protected":false},"excerpt":{"rendered":"<p>Utaz\u00e1s a neveink k\u00f6r\u00fcl avagy Bem J\u00f3zseft\u0151l Raoul Wallenbergig szem\u00e9lyes sz\u00f6sszeneteim volt iskol\u00e1mr\u00f3l 1976-ban l\u00e9ptem be a Bem J\u00f3zsef \u00d3v\u00f3n\u0151i Szakk\u00f6z\u00e9piskol\u00e1ba pszichol\u00f3giatan\u00e1rk\u00e9nt. Mivel mindig sz\u00e1mos bar\u00e1ttal, ismer\u0151ssel rendelkeztem \/l\u00e1sd: Nyuszi rokonai \u00e9s \u00fczletfelei\/ sokan \u00e9s gyakran k\u00e9rdezt\u00e9k t\u0151lem, \u201ehogy lehet egy \u00f3v\u00f3n\u0151k\u00e9pz\u0151t Bem J\u00f3zsefr\u0151l elnevezni? M\u00e9g akkor nem mondhattam, hogy n\u00e9zd meg a wikip\u00e9di\u00e1n, hogy &hellip;<\/p>\n","protected":false},"author":101765,"featured_media":0,"parent":29,"menu_order":1,"comment_status":"closed","ping_status":"closed","template":"","meta":{"_acf_changed":false,"footnotes":""},"categories":[],"tags":[],"class_list":["post-27","page","type-page","status-publish","hentry"],"acf":[],"_links":{"self":[{"href":"https:\/\/semmelweis.hu\/raoulwallenberg\/wp-json\/wp\/v2\/pages\/27","targetHints":{"allow":["GET"]}}],"collection":[{"href":"https:\/\/semmelweis.hu\/raoulwallenberg\/wp-json\/wp\/v2\/pages"}],"about":[{"href":"https:\/\/semmelweis.hu\/raoulwallenberg\/wp-json\/wp\/v2\/types\/page"}],"author":[{"embeddable":true,"href":"https:\/\/semmelweis.hu\/raoulwallenberg\/wp-json\/wp\/v2\/users\/101765"}],"replies":[{"embeddable":true,"href":"https:\/\/semmelweis.hu\/raoulwallenberg\/wp-json\/wp\/v2\/comments?post=27"}],"version-history":[{"count":7,"href":"https:\/\/semmelweis.hu\/raoulwallenberg\/wp-json\/wp\/v2\/pages\/27\/revisions"}],"predecessor-version":[{"id":700,"href":"https:\/\/semmelweis.hu\/raoulwallenberg\/wp-json\/wp\/v2\/pages\/27\/revisions\/700"}],"up":[{"embeddable":true,"href":"https:\/\/semmelweis.hu\/raoulwallenberg\/wp-json\/wp\/v2\/pages\/29"}],"wp:attachment":[{"href":"https:\/\/semmelweis.hu\/raoulwallenberg\/wp-json\/wp\/v2\/media?parent=27"}],"wp:term":[{"taxonomy":"category","embeddable":true,"href":"https:\/\/semmelweis.hu\/raoulwallenberg\/wp-json\/wp\/v2\/categories?post=27"},{"taxonomy":"post_tag","embeddable":true,"href":"https:\/\/semmelweis.hu\/raoulwallenberg\/wp-json\/wp\/v2\/tags?post=27"}],"curies":[{"name":"wp","href":"https:\/\/api.w.org\/{rel}","templated":true}]}}