{"id":244,"date":"2020-12-28T17:46:57","date_gmt":"2020-12-28T16:46:57","guid":{"rendered":"http:\/\/semmelweis.hu\/raoulwallenberg\/?page_id=244"},"modified":"2026-03-18T14:07:22","modified_gmt":"2026-03-18T13:07:22","slug":"iskolai-dokumentumok","status":"publish","type":"page","link":"https:\/\/semmelweis.hu\/raoulwallenberg\/iskolankrol\/iskolai-dokumentumok\/","title":{"rendered":"Iskolai dokumentumok"},"content":{"rendered":"<ul>\n<li><a href=\"https:\/\/semmelweis.hu\/raoulwallenberg\/files\/2025\/09\/Szakmai-program-2025.pdf\">Szakmai program 2025<\/a><\/li>\n<li><a href=\"https:\/\/semmelweis.hu\/raoulwallenberg\/files\/2026\/03\/Szakmai-program-kiegeszitese-2026.03.02.pdf\">Szakmai program kieg\u00e9sz\u00edt\u00e9se 2026.03.02<\/a><\/li>\n<li><a href=\"https:\/\/semmelweis.hu\/raoulwallenberg\/files\/2025\/09\/Hazirend-2025.pdf\">H\u00e1zirend 2025<\/a><\/li>\n<li><a href=\"https:\/\/semmelweis.hu\/raoulwallenberg\/files\/2022\/10\/SE-Raoul-Wallenberg-Tobbcelu-SZKI-AO-2021.-08.-01..pdf\">SE Raoul Wallenberg T\u00f6bbc\u00e9l\u00fa SZKI AO 2021. 08. 01.<\/a><\/li>\n<li><a href=\"https:\/\/semmelweis.hu\/raoulwallenberg\/files\/2025\/01\/BP_1009_06705_2_2022_muk_eng_mod_raoul_wallenberg_TSzI_Alairt-1.pdf\">BP_1009_06705_2_2022_muk_eng_mod_raoul_wallenberg_TSzI_Alairt (1)<\/a><\/li>\n<li><a href=\"https:\/\/semmelweis.hu\/raoulwallenberg\/files\/2025\/09\/A-tanev-helyi-rendje-2025-2026.pdf\">A tan\u00e9v helyi rendje 2025-2026<\/a><\/li>\n<li><a href=\"https:\/\/semmelweis.hu\/raoulwallenberg\/files\/2021\/09\/SZMSZ.pdf\">SZMSZ<\/a><\/li>\n<li><a href=\"https:\/\/semmelweis.hu\/raoulwallenberg\/files\/2020\/12\/adatvedelmiszabalyzat2019_2.pdf\" target=\"_blank\" rel=\"noopener noreferrer\">Adatv\u00e9delmi szab\u00e1lyzat (pdf)<\/a><\/li>\n<li><a href=\"https:\/\/www.youtube.com\/watch?v=aDHsO24gwEw&amp;feature=youtu.be\" target=\"_blank\" rel=\"noopener noreferrer\">Filmek az iskol\u00e1r\u00f3l<\/a><\/li>\n<li><a href=\"https:\/\/semmelweis.hu\/raoulwallenberg\/files\/2021\/05\/E-Kr\u00e9ta-haszn\u00e1lat-szab\u00e1lyzata.pdf\">E-Kr\u00e9ta haszn\u00e1lat szab\u00e1lyzata<\/a><\/li>\n<\/ul>\n","protected":false},"excerpt":{"rendered":"<p><a href=\"https:\/\/semmelweis.hu\/raoulwallenberg\/files\/2025\/09\/Szakmai-program-2025.pdf\">Szakmai program 2025<\/a><br \/>\n<a href=\"https:\/\/semmelweis.hu\/raoulwallenberg\/files\/2026\/03\/Szakmai-program-kiegeszitese-2026.03.02.pdf\">Szakmai program kieg\u00e9sz\u00edt\u00e9se 2026.03.02<\/a><br \/>\n<a href=\"https:\/\/semmelweis.hu\/raoulwallenberg\/files\/2025\/09\/Hazirend-2025.pdf\">H\u00e1zirend 2025<\/a><br \/>\n<a href=\"https:\/\/semmelweis.hu\/raoulwallenberg\/files\/2022\/10\/SE-Raoul-Wallenberg-Tobbcelu-SZKI-AO-2021.-08.-01..pdf\">SE Raoul Wallenberg T\u00f6bbc\u00e9l\u00fa SZKI AO 2021. 08. 01.<\/a><br \/>\n<a href=\"https:\/\/semmelweis.hu\/raoulwallenberg\/files\/2025\/01\/BP_1009_06705_2_2022_muk_eng_mod_raoul_wallenberg_TSzI_Alairt-1.pdf\">BP_1009_06705_2_2022_muk_eng_mod_raoul_wallenberg_TSzI_Alairt (1)<\/a><br \/>\n<a href=\"https:\/\/semmelweis.hu\/raoulwallenberg\/files\/2025\/09\/A-tanev-helyi-rendje-2025-2026.pdf\">A tan\u00e9v helyi rendje 2025-2026<\/a><br \/>\n<a href=\"https:\/\/semmelweis.hu\/raoulwallenberg\/files\/2021\/09\/SZMSZ.pdf\">SZMSZ<\/a><br \/>\n<a href=\"https:\/\/semmelweis.hu\/raoulwallenberg\/files\/2020\/12\/adatvedelmiszabalyzat2019_2.pdf\" target=\"_blank\" rel=\"noopener noreferrer\">Adatv\u00e9delmi szab\u00e1lyzat (pdf)<\/a><br \/>\n<a href=\"https:\/\/www.youtube.com\/watch?v=aDHsO24gwEw&amp;feature=youtu.be\" target=\"_blank\" rel=\"noopener noreferrer\">Filmek az iskol\u00e1r\u00f3l<\/a><br \/>\n<a href=\"https:\/\/semmelweis.hu\/raoulwallenberg\/files\/2021\/05\/E-Kr\u00e9ta-haszn\u00e1lat-szab\u00e1lyzata.pdf\">E-Kr\u00e9ta haszn\u00e1lat szab\u00e1lyzata<\/a><\/p>\n","protected":false},"author":101765,"featured_media":0,"parent":29,"menu_order":7,"comment_status":"closed","ping_status":"closed","template":"","meta":{"_acf_changed":false,"footnotes":""},"categories":[],"tags":[],"class_list":["post-244","page","type-page","status-publish","hentry"],"acf":[],"_links":{"self":[{"href":"https:\/\/semmelweis.hu\/raoulwallenberg\/wp-json\/wp\/v2\/pages\/244","targetHints":{"allow":["GET"]}}],"collection":[{"href":"https:\/\/semmelweis.hu\/raoulwallenberg\/wp-json\/wp\/v2\/pages"}],"about":[{"href":"https:\/\/semmelweis.hu\/raoulwallenberg\/wp-json\/wp\/v2\/types\/page"}],"author":[{"embeddable":true,"href":"https:\/\/semmelweis.hu\/raoulwallenberg\/wp-json\/wp\/v2\/users\/101765"}],"replies":[{"embeddable":true,"href":"https:\/\/semmelweis.hu\/raoulwallenberg\/wp-json\/wp\/v2\/comments?post=244"}],"version-history":[{"count":12,"href":"https:\/\/semmelweis.hu\/raoulwallenberg\/wp-json\/wp\/v2\/pages\/244\/revisions"}],"predecessor-version":[{"id":2614,"href":"https:\/\/semmelweis.hu\/raoulwallenberg\/wp-json\/wp\/v2\/pages\/244\/revisions\/2614"}],"up":[{"embeddable":true,"href":"https:\/\/semmelweis.hu\/raoulwallenberg\/wp-json\/wp\/v2\/pages\/29"}],"wp:attachment":[{"href":"https:\/\/semmelweis.hu\/raoulwallenberg\/wp-json\/wp\/v2\/media?parent=244"}],"wp:term":[{"taxonomy":"category","embeddable":true,"href":"https:\/\/semmelweis.hu\/raoulwallenberg\/wp-json\/wp\/v2\/categories?post=244"},{"taxonomy":"post_tag","embeddable":true,"href":"https:\/\/semmelweis.hu\/raoulwallenberg\/wp-json\/wp\/v2\/tags?post=244"}],"curies":[{"name":"wp","href":"https:\/\/api.w.org\/{rel}","templated":true}]}}