{"id":232,"date":"2020-12-28T17:28:04","date_gmt":"2020-12-28T16:28:04","guid":{"rendered":"http:\/\/semmelweis.hu\/raoulwallenberg\/?page_id=232"},"modified":"2021-02-10T14:18:04","modified_gmt":"2021-02-10T13:18:04","slug":"ausztria-szakmai-gyakorlat","status":"publish","type":"page","link":"https:\/\/semmelweis.hu\/raoulwallenberg\/iskolankrol\/kulfoldi-kapcsolatok\/ausztria-szakmai-gyakorlat\/","title":{"rendered":"Ausztria: Szakmai gyakorlat"},"content":{"rendered":"<h2>2013<\/h2>\n<p>A besz\u00e1mol\u00f3 <a href=\"http:\/\/ausztria2013.blogspot.hu\/\" target=\"_blank\" rel=\"noopener noreferrer\">ITT<\/a> tekinthet\u0151 meg<\/p>\n<h2>2014\/15<\/h2>\n<h3>AUSZTRIA SZAKMAI GYAKORLAT 2015<\/h3>\n<p><img loading=\"lazy\" decoding=\"async\" class=\"size-medium wp-image-198 alignright\" src=\"https:\/\/semmelweis.hu\/raoulwallenberg\/files\/2020\/12\/erasmus3logo-400x87.jpg\" alt=\"\" width=\"400\" height=\"87\" srcset=\"https:\/\/semmelweis.hu\/raoulwallenberg\/files\/2020\/12\/erasmus3logo-400x87.jpg 400w, https:\/\/semmelweis.hu\/raoulwallenberg\/files\/2020\/12\/erasmus3logo-620x137.jpg 620w, https:\/\/semmelweis.hu\/raoulwallenberg\/files\/2020\/12\/erasmus3logo.jpg 630w\" sizes=\"auto, (max-width: 400px) 100vw, 400px\" \/>Az Eur\u00f3pai Uni\u00f3 Erasmus+ programj\u00e1nak k\u00f6sz\u00f6nhet\u0151en iskol\u00e1nk a 2014\/15-\u00f6s tan\u00e9vben is lehet\u0151s\u00e9get tudott k\u00edn\u00e1lt arra, hogy szakk\u00e9pz\u0151s tanul\u00f3ink egy h\u00f3napos k\u00fclf\u00f6ldi szakmai gyakorlaton vegyenek r\u00e9szt.<\/p>\n<p>Az ausztriai szakmai gyakorlatra 2015 m\u00e1jus\u00e1ban \u00e9s j\u00fanius\u00e1ban ker\u00fclt sor. 6 tanul\u00f3nk a Grazi Egyetemi K\u00f3rh\u00e1zban t\u00f6lt\u00f6tt 4 hetet a ny\u00e1ri \u00f6sszef\u00fcgg\u0151 gyakorlat\u00e1b\u00f3l. A csapat el\u0151sz\u00f6r megismerkedett a grazi partner iskol\u00e1nkkal, a Schule f\u00fcr allgemeine Gesundheits- und Krankenpflege-vel, majd megkezdt\u00e9k a gyakorlatukat a grazi k\u00f3rh\u00e1z belgy\u00f3gy\u00e1szati, seb\u00e9szeti \u00e9s m\u0171t\u00e9ti el\u0151k\u00e9sz\u00edt\u0151 oszt\u00e1lyain. A munka mellett a csapat sok kultur\u00e1lis programon is r\u00e9szt vett, megismert\u00e9k Graz nevezetess\u00e9geit, kir\u00e1ndultunk B\u00e9csbe \u00e9s Salzburgba.<\/p>\n<p>A csapat tagjai voltak (nev\u00fckre kattint\u00e1ssal el\u00e9rhet\u0151k a besz\u00e1mol\u00f3k):<br \/><a href=\"https:\/\/semmelweis.hu\/raoulwallenberg\/files\/2020\/12\/fulopdzseniferbeszamolo.pdf\" target=\"_blank\" rel=\"noopener noreferrer\">F\u00fcl\u00f6p Jenifer, csecsem\u0151 \u00e9s gyermek\u00e1pol\u00f3<\/a><br \/><a href=\"https:\/\/semmelweis.hu\/raoulwallenberg\/files\/2020\/12\/javorcsikalexandrabeszamolo.pdf\" target=\"_blank\" rel=\"noopener noreferrer\">J\u00e1vorcsik Alexandra, \u00e1pol\u00f3<\/a><br \/><a href=\"https:\/\/semmelweis.hu\/raoulwallenberg\/files\/2020\/12\/lisoczkiflorabeszamolo.pdf\" target=\"_blank\" rel=\"noopener noreferrer\">Lis\u00f3czki Fl\u00f3ra, gy\u00f3gymassz\u0151r<\/a><br \/><a href=\"https:\/\/semmelweis.hu\/raoulwallenberg\/files\/2020\/12\/raczjennibeszamolo.pdf\" target=\"_blank\" rel=\"noopener noreferrer\">R\u00e1cz Dzsenifer, ment\u0151\u00e1pol\u00f3<\/a><br \/><a href=\"https:\/\/semmelweis.hu\/raoulwallenberg\/files\/2020\/12\/sulekaticagrazbeszamolo.pdf\" target=\"_blank\" rel=\"noopener noreferrer\">S\u00fcle Katica, csecsem\u0151 \u00e9s gyermek\u00e1pol\u00f3<\/a><br \/><a href=\"https:\/\/semmelweis.hu\/raoulwallenberg\/files\/2020\/12\/veresmelindabeszamolo.pdf\" target=\"_blank\" rel=\"noopener noreferrer\">Veres Melinda, \u00e1pol\u00f3<\/a><\/p>\n<p><em>Projektkoordin\u00e1torok: Juba-Nagy \u00c1gnes, Sz\u00e1lteleki Szilvia<\/em><\/p>\n","protected":false},"excerpt":{"rendered":"<p>2013 A besz\u00e1mol\u00f3 <a href=\"http:\/\/ausztria2013.blogspot.hu\/\" target=\"_blank\" rel=\"noopener noreferrer\">ITT<\/a> tekinthet\u0151 meg 2014\/15 AUSZTRIA SZAKMAI GYAKORLAT 2015 Az Eur\u00f3pai Uni\u00f3 Erasmus+ programj\u00e1nak k\u00f6sz\u00f6nhet\u0151en iskol\u00e1nk a 2014\/15-\u00f6s tan\u00e9vben is lehet\u0151s\u00e9get tudott k\u00edn\u00e1lt arra, hogy szakk\u00e9pz\u0151s tanul\u00f3ink egy h\u00f3napos k\u00fclf\u00f6ldi szakmai gyakorlaton vegyenek r\u00e9szt. Az ausztriai szakmai gyakorlatra 2015 m\u00e1jus\u00e1ban \u00e9s j\u00fanius\u00e1ban ker\u00fclt sor. 6 tanul\u00f3nk a Grazi Egyetemi K\u00f3rh\u00e1zban t\u00f6lt\u00f6tt 4 hetet a &hellip;<\/p>\n","protected":false},"author":101765,"featured_media":0,"parent":59,"menu_order":0,"comment_status":"closed","ping_status":"closed","template":"","meta":{"_acf_changed":false,"footnotes":""},"categories":[],"tags":[],"class_list":["post-232","page","type-page","status-publish","hentry"],"acf":[],"_links":{"self":[{"href":"https:\/\/semmelweis.hu\/raoulwallenberg\/wp-json\/wp\/v2\/pages\/232","targetHints":{"allow":["GET"]}}],"collection":[{"href":"https:\/\/semmelweis.hu\/raoulwallenberg\/wp-json\/wp\/v2\/pages"}],"about":[{"href":"https:\/\/semmelweis.hu\/raoulwallenberg\/wp-json\/wp\/v2\/types\/page"}],"author":[{"embeddable":true,"href":"https:\/\/semmelweis.hu\/raoulwallenberg\/wp-json\/wp\/v2\/users\/101765"}],"replies":[{"embeddable":true,"href":"https:\/\/semmelweis.hu\/raoulwallenberg\/wp-json\/wp\/v2\/comments?post=232"}],"version-history":[{"count":5,"href":"https:\/\/semmelweis.hu\/raoulwallenberg\/wp-json\/wp\/v2\/pages\/232\/revisions"}],"predecessor-version":[{"id":708,"href":"https:\/\/semmelweis.hu\/raoulwallenberg\/wp-json\/wp\/v2\/pages\/232\/revisions\/708"}],"up":[{"embeddable":true,"href":"https:\/\/semmelweis.hu\/raoulwallenberg\/wp-json\/wp\/v2\/pages\/59"}],"wp:attachment":[{"href":"https:\/\/semmelweis.hu\/raoulwallenberg\/wp-json\/wp\/v2\/media?parent=232"}],"wp:term":[{"taxonomy":"category","embeddable":true,"href":"https:\/\/semmelweis.hu\/raoulwallenberg\/wp-json\/wp\/v2\/categories?post=232"},{"taxonomy":"post_tag","embeddable":true,"href":"https:\/\/semmelweis.hu\/raoulwallenberg\/wp-json\/wp\/v2\/tags?post=232"}],"curies":[{"name":"wp","href":"https:\/\/api.w.org\/{rel}","templated":true}]}}