{"id":224,"date":"2020-12-28T17:27:31","date_gmt":"2020-12-28T16:27:31","guid":{"rendered":"http:\/\/semmelweis.hu\/raoulwallenberg\/?page_id=224"},"modified":"2021-02-08T18:19:52","modified_gmt":"2021-02-08T17:19:52","slug":"erdely-hatartalanul-palyazat","status":"publish","type":"page","link":"https:\/\/semmelweis.hu\/raoulwallenberg\/iskolankrol\/kulfoldi-kapcsolatok\/erdely-hatartalanul-palyazat\/","title":{"rendered":"Erd\u00e9ly: Hat\u00e1rtalanul p\u00e1ly\u00e1zat"},"content":{"rendered":"<h2>Hat\u00e1rtalanul p\u00e1ly\u00e1zat<br \/>Egy h\u00e9t Erd\u00e9lyben<\/h2>\n<p>HAT\u00c1RTALANUL!<br \/>nemzeti \u00f6sszetartoz\u00e1s az oktat\u00e1sban<\/p>\n<p><strong>A Hat\u00e1rtalanul program c\u00e9lja:<\/strong><\/p>\n<ul>\n<li>a k\u00fclhoni magyars\u00e1got illet\u0151 \u00e1ltal\u00e1nos t\u00e1j\u00e9kozatlans\u00e1g \u00e9s k\u00f6z\u00f6ny megsz\u0171ntet\u00e9se<\/li>\n<li>a szomsz\u00e9dos orsz\u00e1gok magyarlakta ter\u00fcleteire ir\u00e1nyul\u00f3 iskolai kir\u00e1ndul\u00e1sok r\u00e9v\u00e9n a magyarorsz\u00e1gi di\u00e1kok megismerj\u00e9k a hat\u00e1ron t\u00fali magyars\u00e1g \u00e9let\u00e9t,<\/li>\n<li>a szomsz\u00e9dos orsz\u00e1gok magyarlakta ter\u00fcletein szem\u00e9lyes emberi kapcsolatok alakuljanak ki<\/li>\n<li>egy olyan szeml\u00e9letm\u00f3d terjeszt\u00e9se Magyarorsz\u00e1gon, els\u0151sorban a fiatalok k\u00f6z\u00f6tt, amely szerint az a t\u00e9ny, hogy t\u00f6bb milli\u00f3 magyar k\u00fclhonban \u00e9l sz\u00e1mtalan lehet\u0151s\u00e9get rejt mag\u00e1ban. <\/li>\n<\/ul>\n<p><strong>Bethlen G\u00e1bor Alapkezel\u0151 Zrt. HAT\u00c1RTALANUL!<\/strong> p\u00e1ly\u00e1zatot h\u00edrdetett meg 2011-ben magyarorsz\u00e1gi szakk\u00e9pz\u0151 iskol\u00e1k nappali rendszer\u0171 k\u00e9pz\u00e9seiben r\u00e9sztvev\u0151di\u00e1kjainak a szomsz\u00e9dos orsz\u00e1gok magyarlakta ter\u00fcleteire t\u00f6rt\u00e9n\u0151 utaz\u00e1s\u00e1hoz. Az utaz\u00e1sok programj\u00e1t az oktat\u00e1si tev\u00e9kenys\u00e9ghez kapcsolt\u00e1k, azaz a r\u00e9sztvev\u0151 di\u00e1kok szakm\u00e1j\u00e1hoz\/szakmacsportj\u00e1hoz kapcsol\u00f3d\u00f3 programelemek megval\u00f3s\u00edt\u00e1s\u00e1t \u00edrt\u00e1k el\u0151.<\/p>\n<p>A Raoul Wallenberg Hum\u00e1n Szakk\u00e9pz\u0151 Iskola \u00e9s Gimn\u00e1zium a p\u00e1ly\u00e1zati program keret\u00e9ben felvette a kapcsolatot a Sepsiszentgy\u00f6rgyben l\u00e9v\u0151 Pusk\u00e1s Tivadar Szakk\u00f6z\u00e9piskol\u00e1val. A program sor\u00e1n 30 tanul\u00f3 (15 magyar, 15 erd\u00e9lyi) 4 k\u00eds\u00e9r\u0151tan\u00e1r seg\u00edts\u00e9g\u00e9vel k\u00f6z\u00f6sen egy tanulm\u00e1nyt k\u00e9sz\u00edtett el. Ennek sor\u00e1n megfigyelt\u00e9k, \u00f6sszehasonl\u00edtott\u00e1k a k\u00e9t orsz\u00e1g eg\u00e9szs\u00e9g meg\u0151rz\u00e9s\u00e9t szolg\u00e1l\u00f3 int\u00e9zm\u00e9nyeinek m\u0171k\u00f6d\u00e9s\u00e9t, \u00e9s felm\u00e9rt\u00e9k a budapesti \u00e9s az erd\u00e9lyi iskol\u00e1ban tanul\u00f3 di\u00e1kok eg\u00e9szs\u00e9gmeg\u0151rz\u00e9ssel kapcsolatos ismereteit.<\/p>\n<p>A Rom\u00e1ni\u00e1ban \u00e9l\u0151 magyar di\u00e1kok 2012. m\u00e1rcius 19.-t\u0151l m\u00e1rcius 25-ig tart\u00f3zkodtak n\u00e1lunk. A mi di\u00e1kjaink 2012. \u00e1prilis 30.-t\u00f3l m\u00e1jus 6.-ig tart\u00f3zkodtak Rom\u00e1ni\u00e1ban.<br \/><strong>A Rom\u00e1ni\u00e1ban \u00e9l\u0151 magyar \u00e9s a magyarorsz\u00e1gi di\u00e1kok egy\u00fcttm\u0171k\u00f6d\u00e9s\u00e9re a HAT\u00c1RTALANUL program keret\u00e9ben ker\u00fclt sor, melyet a Bethlen G\u00e1bor Alapkezel\u0151 Zrt. t\u00e1mogatott 2.399.400 Ft-tal.<\/strong><\/p>\n<p><a href=\"https:\/\/semmelweis.hu\/raoulwallenberg\/files\/2020\/12\/bputinaplo.pdf\" target=\"_blank\" rel=\"noopener noreferrer\">BUDAPESTI \u00daTINAPL\u00d3<\/a><\/p>\n<p><a href=\"https:\/\/semmelweis.hu\/raoulwallenberg\/files\/2020\/12\/erdelyutinaplo.pdf\" target=\"_blank\" rel=\"noopener noreferrer\">ERD\u00c9LYI \u00daTINAPL\u00d3<\/a><\/p>\n<p><a href=\"https:\/\/semmelweis.hu\/raoulwallenberg\/files\/2020\/12\/budapestitesztek.pdf\" target=\"_blank\" rel=\"noopener noreferrer\">BUDAPESTI TESZTEK EREDM\u00c9NYEI<\/a><\/p>\n<p><a href=\"https:\/\/semmelweis.hu\/raoulwallenberg\/files\/2020\/12\/erdelyitesztek.pdf\" target=\"_blank\" rel=\"noopener noreferrer\">ERD\u00c9LYI TESZTEK EREDM\u00c9NYEI<\/a><\/p>\n<p><a href=\"https:\/\/semmelweis.hu\/raoulwallenberg\/files\/2020\/12\/tesztekosszehasonlitasa.pdf\" target=\"_blank\" rel=\"noopener noreferrer\">TESZTEK EREDM\u00c9NYEINEK \u00d6SSZEHASONL\u00cdT\u00c1SA<\/a><\/p>\n<p><a href=\"https:\/\/semmelweis.hu\/raoulwallenberg\/files\/2020\/12\/eredmenyek.pdf\" target=\"_blank\" rel=\"noopener noreferrer\">INT\u00c9ZM\u00c9NYL\u00c1TOGAT\u00c1SOK EREDM\u00c9NYE<\/a><\/p>\n","protected":false},"excerpt":{"rendered":"<p>Hat\u00e1rtalanul p\u00e1ly\u00e1zatEgy h\u00e9t Erd\u00e9lyben HAT\u00c1RTALANUL!nemzeti \u00f6sszetartoz\u00e1s az oktat\u00e1sban A Hat\u00e1rtalanul program c\u00e9lja: a k\u00fclhoni magyars\u00e1got illet\u0151 \u00e1ltal\u00e1nos t\u00e1j\u00e9kozatlans\u00e1g \u00e9s k\u00f6z\u00f6ny megsz\u0171ntet\u00e9se a szomsz\u00e9dos orsz\u00e1gok magyarlakta ter\u00fcleteire ir\u00e1nyul\u00f3 iskolai kir\u00e1ndul\u00e1sok r\u00e9v\u00e9n a magyarorsz\u00e1gi di\u00e1kok megismerj\u00e9k a hat\u00e1ron t\u00fali magyars\u00e1g \u00e9let\u00e9t, a szomsz\u00e9dos orsz\u00e1gok magyarlakta ter\u00fcletein szem\u00e9lyes emberi kapcsolatok alakuljanak ki egy olyan szeml\u00e9letm\u00f3d terjeszt\u00e9se Magyarorsz\u00e1gon, els\u0151sorban &hellip;<\/p>\n","protected":false},"author":101765,"featured_media":0,"parent":59,"menu_order":1,"comment_status":"closed","ping_status":"closed","template":"","meta":{"_acf_changed":false,"footnotes":""},"categories":[],"tags":[],"class_list":["post-224","page","type-page","status-publish","hentry"],"acf":[],"_links":{"self":[{"href":"https:\/\/semmelweis.hu\/raoulwallenberg\/wp-json\/wp\/v2\/pages\/224","targetHints":{"allow":["GET"]}}],"collection":[{"href":"https:\/\/semmelweis.hu\/raoulwallenberg\/wp-json\/wp\/v2\/pages"}],"about":[{"href":"https:\/\/semmelweis.hu\/raoulwallenberg\/wp-json\/wp\/v2\/types\/page"}],"author":[{"embeddable":true,"href":"https:\/\/semmelweis.hu\/raoulwallenberg\/wp-json\/wp\/v2\/users\/101765"}],"replies":[{"embeddable":true,"href":"https:\/\/semmelweis.hu\/raoulwallenberg\/wp-json\/wp\/v2\/comments?post=224"}],"version-history":[{"count":1,"href":"https:\/\/semmelweis.hu\/raoulwallenberg\/wp-json\/wp\/v2\/pages\/224\/revisions"}],"predecessor-version":[{"id":231,"href":"https:\/\/semmelweis.hu\/raoulwallenberg\/wp-json\/wp\/v2\/pages\/224\/revisions\/231"}],"up":[{"embeddable":true,"href":"https:\/\/semmelweis.hu\/raoulwallenberg\/wp-json\/wp\/v2\/pages\/59"}],"wp:attachment":[{"href":"https:\/\/semmelweis.hu\/raoulwallenberg\/wp-json\/wp\/v2\/media?parent=224"}],"wp:term":[{"taxonomy":"category","embeddable":true,"href":"https:\/\/semmelweis.hu\/raoulwallenberg\/wp-json\/wp\/v2\/categories?post=224"},{"taxonomy":"post_tag","embeddable":true,"href":"https:\/\/semmelweis.hu\/raoulwallenberg\/wp-json\/wp\/v2\/tags?post=224"}],"curies":[{"name":"wp","href":"https:\/\/api.w.org\/{rel}","templated":true}]}}