{"id":209,"date":"2020-12-28T17:15:34","date_gmt":"2020-12-28T16:15:34","guid":{"rendered":"http:\/\/semmelweis.hu\/raoulwallenberg\/?page_id=209"},"modified":"2021-02-08T18:20:23","modified_gmt":"2021-02-08T17:20:23","slug":"svedorszag-wallenberg-palyazat","status":"publish","type":"page","link":"https:\/\/semmelweis.hu\/raoulwallenberg\/iskolankrol\/kulfoldi-kapcsolatok\/svedorszag-wallenberg-palyazat\/","title":{"rendered":"Sv\u00e9dorsz\u00e1g: Wallenberg p\u00e1ly\u00e1zat"},"content":{"rendered":"<p><a href=\"https:\/\/semmelweis.hu\/raoulwallenberg\/files\/2020\/12\/palyazat2.pdf\" target=\"_blank\" rel=\"noopener noreferrer\">A 2009-es nyertesek besz\u00e1mol\u00f3ja (pdf)<\/a><\/p>\n<p><a href=\"https:\/\/semmelweis.hu\/raoulwallenberg\/files\/2020\/12\/palyazat2010.pdf\" target=\"_blank\" rel=\"noopener noreferrer\">A 2010-es p\u00e1ly\u00e1zati felh\u00edv\u00e1s sz\u00f6vege (pdf)<\/a><\/p>\n<p><a href=\"https:\/\/semmelweis.hu\/raoulwallenberg\/files\/2020\/12\/wallenbergpalyazat.pdf\" target=\"_blank\" rel=\"noopener noreferrer\">A 2011-es p\u00e1ly\u00e1zati felh\u00edv\u00e1s sz\u00f6vege (pdf)<\/a><\/p>\n<p><a href=\"https:\/\/semmelweis.hu\/raoulwallenberg\/files\/2020\/12\/diakcsere_jelentkezesilap.pdf\" target=\"_blank\" rel=\"noopener noreferrer\">A 2013-as p\u00e1ly\u00e1zati felh\u00edv\u00e1s sz\u00f6vege (pdf)<\/a><\/p>\n","protected":false},"excerpt":{"rendered":"<p><a href=\"https:\/\/semmelweis.hu\/raoulwallenberg\/files\/2020\/12\/palyazat2.pdf\" target=\"_blank\" rel=\"noopener noreferrer\">A 2009-es nyertesek besz\u00e1mol\u00f3ja (pdf)<\/a><br \/>\n<a href=\"https:\/\/semmelweis.hu\/raoulwallenberg\/files\/2020\/12\/palyazat2010.pdf\" target=\"_blank\" rel=\"noopener noreferrer\">A 2010-es p\u00e1ly\u00e1zati felh\u00edv\u00e1s sz\u00f6vege (pdf)<\/a><br \/>\n<a href=\"https:\/\/semmelweis.hu\/raoulwallenberg\/files\/2020\/12\/wallenbergpalyazat.pdf\" target=\"_blank\" rel=\"noopener noreferrer\">A 2011-es p\u00e1ly\u00e1zati felh\u00edv\u00e1s sz\u00f6vege (pdf)<\/a><br \/>\n<a href=\"https:\/\/semmelweis.hu\/raoulwallenberg\/files\/2020\/12\/diakcsere_jelentkezesilap.pdf\" target=\"_blank\" rel=\"noopener noreferrer\">A 2013-as p\u00e1ly\u00e1zati felh\u00edv\u00e1s sz\u00f6vege (pdf)<\/a><\/p>\n","protected":false},"author":101765,"featured_media":0,"parent":59,"menu_order":5,"comment_status":"closed","ping_status":"closed","template":"","meta":{"_acf_changed":false,"footnotes":""},"categories":[],"tags":[],"class_list":["post-209","page","type-page","status-publish","hentry"],"acf":[],"_links":{"self":[{"href":"https:\/\/semmelweis.hu\/raoulwallenberg\/wp-json\/wp\/v2\/pages\/209","targetHints":{"allow":["GET"]}}],"collection":[{"href":"https:\/\/semmelweis.hu\/raoulwallenberg\/wp-json\/wp\/v2\/pages"}],"about":[{"href":"https:\/\/semmelweis.hu\/raoulwallenberg\/wp-json\/wp\/v2\/types\/page"}],"author":[{"embeddable":true,"href":"https:\/\/semmelweis.hu\/raoulwallenberg\/wp-json\/wp\/v2\/users\/101765"}],"replies":[{"embeddable":true,"href":"https:\/\/semmelweis.hu\/raoulwallenberg\/wp-json\/wp\/v2\/comments?post=209"}],"version-history":[{"count":4,"href":"https:\/\/semmelweis.hu\/raoulwallenberg\/wp-json\/wp\/v2\/pages\/209\/revisions"}],"predecessor-version":[{"id":541,"href":"https:\/\/semmelweis.hu\/raoulwallenberg\/wp-json\/wp\/v2\/pages\/209\/revisions\/541"}],"up":[{"embeddable":true,"href":"https:\/\/semmelweis.hu\/raoulwallenberg\/wp-json\/wp\/v2\/pages\/59"}],"wp:attachment":[{"href":"https:\/\/semmelweis.hu\/raoulwallenberg\/wp-json\/wp\/v2\/media?parent=209"}],"wp:term":[{"taxonomy":"category","embeddable":true,"href":"https:\/\/semmelweis.hu\/raoulwallenberg\/wp-json\/wp\/v2\/categories?post=209"},{"taxonomy":"post_tag","embeddable":true,"href":"https:\/\/semmelweis.hu\/raoulwallenberg\/wp-json\/wp\/v2\/tags?post=209"}],"curies":[{"name":"wp","href":"https:\/\/api.w.org\/{rel}","templated":true}]}}