{"id":158,"date":"2020-12-28T16:31:13","date_gmt":"2020-12-28T15:31:13","guid":{"rendered":"http:\/\/semmelweis.hu\/raoulwallenberg\/?page_id=158"},"modified":"2021-02-10T14:18:57","modified_gmt":"2021-02-10T13:18:57","slug":"holland-partneriskola","status":"publish","type":"page","link":"https:\/\/semmelweis.hu\/raoulwallenberg\/iskolankrol\/kulfoldi-kapcsolatok\/holland-partneriskola\/","title":{"rendered":"HOLLAND PARTNERISKOLA"},"content":{"rendered":"<p><a href=\"https:\/\/www.rocfriesepoort.nl\/\" target=\"_blank\" rel=\"noopener noreferrer\"><img loading=\"lazy\" decoding=\"async\" class=\"size-full wp-image-159 alignright\" src=\"https:\/\/semmelweis.hu\/raoulwallenberg\/files\/2020\/12\/frieselogo.png\" alt=\"\" width=\"231\" height=\"69\" \/><\/a>A ROC Friese Poort egy region\u00e1lis k\u00e9pz\u0151 k\u00f6zpont, amely Hollandia \u00e9szaki r\u00e9sz\u00e9n, Friesland \u00e9s Flevoland tartom\u00e1nyokban, \u00f6t k\u00fcl\u00f6nb\u00f6z\u0151 v\u00e1rosban tal\u00e1lhat\u00f3. A mintegy 1300 szakemberrel dolgoz\u00f3, k\u00f6zel 12.000 di\u00e1kot k\u00e9pz\u0151 int\u00e9zm\u00e9nyben v\u00e1ltozatos szakm\u00e1kat oktatnak, t\u00f6bbek k\u00f6z\u00f6tt m\u0171szaki, \u00e9p\u00edt\u0151ipari, kereskedelmi, sz\u00e9ps\u00e9g\u00e1pol\u00e1si \u00e9s rendv\u00e9delmi szakm\u00e1kat is.<\/p>\n<p>Oktat\u00e1si k\u00edn\u00e1latukban ugyanakkor megtal\u00e1lhat\u00f3ak a Raoul Wallenberg hum\u00e1n profilj\u00e1hoz illeszked\u0151 szakm\u00e1k is:<\/p>\n<p>-eg\u00e9szs\u00e9g\u00fcgyi (otthoni \u00e1pol\u00f3, seg\u00e9d\u00e1pol\u00f3, orvosi asszisztens),<br \/>-szoci\u00e1lis (szoci\u00e1lis asszisztens),<br \/>-oktat\u00e1si (pedag\u00f3giai asszisztens, gy\u00f3gypedag\u00f3giai asszisztens)<\/p>\n<p>A Roc Friese Poortban zajl\u00f3 szakk\u00e9pz\u00e9sek t\u00f6bbszint\u0171ek, gyakorlatorient\u00e1ltak, \u00e9s nagyban \u00e9p\u00edtenek a di\u00e1kok \u00f6n\u00e1ll\u00f3s\u00e1g\u00e1ra.<\/p>\n<p>Iskol\u00e1nk 2007 \u00f3ta tart kapcsolatot a holland partneriskol\u00e1val, \u00e9s az eltelt \u00e9vek sor\u00e1n Eur\u00f3pai Uni\u00f3s p\u00e1ly\u00e1zatok seg\u00edts\u00e9g\u00e9vel t\u00f6bb sikeres tanulm\u00e1ny\u00fat zajlott le a k\u00e9t iskola k\u00f6z\u00f6tt.<\/p>\n<p><img loading=\"lazy\" decoding=\"async\" class=\"size-full wp-image-160 aligncenter\" src=\"https:\/\/semmelweis.hu\/raoulwallenberg\/files\/2020\/12\/Hollandia-039.jpg\" alt=\"\" width=\"400\" height=\"300\" \/><\/p>\n","protected":false},"excerpt":{"rendered":"<p><a href=\"https:\/\/www.rocfriesepoort.nl\/\" target=\"_blank\" rel=\"noopener noreferrer\"><\/a> A ROC Friese Poort egy region\u00e1lis k\u00e9pz\u0151 k\u00f6zpont, amely Hollandia \u00e9szaki r\u00e9sz\u00e9n, Friesland \u00e9s Flevoland tartom\u00e1nyokban, \u00f6t k\u00fcl\u00f6nb\u00f6z\u0151 v\u00e1rosban tal\u00e1lhat\u00f3. A mintegy 1300 szakemberrel dolgoz\u00f3, k\u00f6zel 12.000 di\u00e1kot k\u00e9pz\u0151 int\u00e9zm\u00e9nyben v\u00e1ltozatos szakm\u00e1kat oktatnak, t\u00f6bbek k\u00f6z\u00f6tt m\u0171szaki, \u00e9p\u00edt\u0151ipari, kereskedelmi, sz\u00e9ps\u00e9g\u00e1pol\u00e1si \u00e9s rendv\u00e9delmi szakm\u00e1kat is. Oktat\u00e1si k\u00edn\u00e1latukban ugyanakkor megtal\u00e1lhat\u00f3ak a Raoul Wallenberg hum\u00e1n profilj\u00e1hoz illeszked\u0151 szakm\u00e1k is: &hellip;<\/p>\n","protected":false},"author":101765,"featured_media":0,"parent":59,"menu_order":2,"comment_status":"closed","ping_status":"closed","template":"","meta":{"_acf_changed":false,"footnotes":""},"categories":[],"tags":[],"class_list":["post-158","page","type-page","status-publish","hentry"],"acf":[],"_links":{"self":[{"href":"https:\/\/semmelweis.hu\/raoulwallenberg\/wp-json\/wp\/v2\/pages\/158","targetHints":{"allow":["GET"]}}],"collection":[{"href":"https:\/\/semmelweis.hu\/raoulwallenberg\/wp-json\/wp\/v2\/pages"}],"about":[{"href":"https:\/\/semmelweis.hu\/raoulwallenberg\/wp-json\/wp\/v2\/types\/page"}],"author":[{"embeddable":true,"href":"https:\/\/semmelweis.hu\/raoulwallenberg\/wp-json\/wp\/v2\/users\/101765"}],"replies":[{"embeddable":true,"href":"https:\/\/semmelweis.hu\/raoulwallenberg\/wp-json\/wp\/v2\/comments?post=158"}],"version-history":[{"count":2,"href":"https:\/\/semmelweis.hu\/raoulwallenberg\/wp-json\/wp\/v2\/pages\/158\/revisions"}],"predecessor-version":[{"id":709,"href":"https:\/\/semmelweis.hu\/raoulwallenberg\/wp-json\/wp\/v2\/pages\/158\/revisions\/709"}],"up":[{"embeddable":true,"href":"https:\/\/semmelweis.hu\/raoulwallenberg\/wp-json\/wp\/v2\/pages\/59"}],"wp:attachment":[{"href":"https:\/\/semmelweis.hu\/raoulwallenberg\/wp-json\/wp\/v2\/media?parent=158"}],"wp:term":[{"taxonomy":"category","embeddable":true,"href":"https:\/\/semmelweis.hu\/raoulwallenberg\/wp-json\/wp\/v2\/categories?post=158"},{"taxonomy":"post_tag","embeddable":true,"href":"https:\/\/semmelweis.hu\/raoulwallenberg\/wp-json\/wp\/v2\/tags?post=158"}],"curies":[{"name":"wp","href":"https:\/\/api.w.org\/{rel}","templated":true}]}}