{"id":147,"date":"2020-12-28T16:25:35","date_gmt":"2020-12-28T15:25:35","guid":{"rendered":"http:\/\/semmelweis.hu\/raoulwallenberg\/?page_id=147"},"modified":"2021-02-08T18:20:16","modified_gmt":"2021-02-08T17:20:16","slug":"tanari-tanulmanyut","status":"publish","type":"page","link":"https:\/\/semmelweis.hu\/raoulwallenberg\/iskolankrol\/kulfoldi-kapcsolatok\/tanari-tanulmanyut\/","title":{"rendered":"Hollandiai tan\u00e1ri tanulm\u00e1ny\u00fat"},"content":{"rendered":"<p><a href=\"https:\/\/semmelweis.hu\/raoulwallenberg\/files\/2020\/12\/szakmaicikk.pdf\" target=\"_blank\" rel=\"noopener noreferrer\">2010-es besz\u00e1mol\u00f3 itt megtekinthet\u0151 (pdf)<\/a><\/p>\n<p><a href=\"https:\/\/semmelweis.hu\/raoulwallenberg\/files\/2020\/12\/iskola_vezetosege_hollandiaban_2011.pdf\" target=\"_blank\" rel=\"noopener noreferrer\">2011-es besz\u00e1mol\u00f3 itt megtekinthet\u0151 (pdf)<\/a><\/p>\n<p><a href=\"https:\/\/semmelweis.hu\/raoulwallenberg\/files\/2020\/12\/beszamolo2013maj.pdf\" target=\"_blank\" rel=\"noopener noreferrer\">2013-as besz\u00e1mol\u00f3 itt megtekinthet\u0151 (pdf)<\/a><\/p>\n<p>&nbsp;<\/p>\n","protected":false},"excerpt":{"rendered":"<p><a href=\"https:\/\/semmelweis.hu\/raoulwallenberg\/files\/2020\/12\/szakmaicikk.pdf\" target=\"_blank\" rel=\"noopener noreferrer\">2010-es besz\u00e1mol\u00f3 itt megtekinthet\u0151 (pdf)<\/a><br \/>\n<a href=\"https:\/\/semmelweis.hu\/raoulwallenberg\/files\/2020\/12\/iskola_vezetosege_hollandiaban_2011.pdf\" target=\"_blank\" rel=\"noopener noreferrer\">2011-es besz\u00e1mol\u00f3 itt megtekinthet\u0151 (pdf)<\/a><br \/>\n<a href=\"https:\/\/semmelweis.hu\/raoulwallenberg\/files\/2020\/12\/beszamolo2013maj.pdf\" target=\"_blank\" rel=\"noopener noreferrer\">2013-as besz\u00e1mol\u00f3 itt megtekinthet\u0151 (pdf)<\/a><br \/>\n&nbsp;<\/p>\n","protected":false},"author":101765,"featured_media":0,"parent":59,"menu_order":4,"comment_status":"closed","ping_status":"closed","template":"","meta":{"_acf_changed":false,"footnotes":""},"categories":[],"tags":[],"class_list":["post-147","page","type-page","status-publish","hentry"],"acf":[],"_links":{"self":[{"href":"https:\/\/semmelweis.hu\/raoulwallenberg\/wp-json\/wp\/v2\/pages\/147","targetHints":{"allow":["GET"]}}],"collection":[{"href":"https:\/\/semmelweis.hu\/raoulwallenberg\/wp-json\/wp\/v2\/pages"}],"about":[{"href":"https:\/\/semmelweis.hu\/raoulwallenberg\/wp-json\/wp\/v2\/types\/page"}],"author":[{"embeddable":true,"href":"https:\/\/semmelweis.hu\/raoulwallenberg\/wp-json\/wp\/v2\/users\/101765"}],"replies":[{"embeddable":true,"href":"https:\/\/semmelweis.hu\/raoulwallenberg\/wp-json\/wp\/v2\/comments?post=147"}],"version-history":[{"count":5,"href":"https:\/\/semmelweis.hu\/raoulwallenberg\/wp-json\/wp\/v2\/pages\/147\/revisions"}],"predecessor-version":[{"id":537,"href":"https:\/\/semmelweis.hu\/raoulwallenberg\/wp-json\/wp\/v2\/pages\/147\/revisions\/537"}],"up":[{"embeddable":true,"href":"https:\/\/semmelweis.hu\/raoulwallenberg\/wp-json\/wp\/v2\/pages\/59"}],"wp:attachment":[{"href":"https:\/\/semmelweis.hu\/raoulwallenberg\/wp-json\/wp\/v2\/media?parent=147"}],"wp:term":[{"taxonomy":"category","embeddable":true,"href":"https:\/\/semmelweis.hu\/raoulwallenberg\/wp-json\/wp\/v2\/categories?post=147"},{"taxonomy":"post_tag","embeddable":true,"href":"https:\/\/semmelweis.hu\/raoulwallenberg\/wp-json\/wp\/v2\/tags?post=147"}],"curies":[{"name":"wp","href":"https:\/\/api.w.org\/{rel}","templated":true}]}}