{"id":1356,"date":"2022-05-09T14:05:37","date_gmt":"2022-05-09T12:05:37","guid":{"rendered":"https:\/\/semmelweis.hu\/raoulwallenberg\/?page_id=1356"},"modified":"2024-10-21T14:31:53","modified_gmt":"2024-10-21T12:31:53","slug":"egeszsegugyi-alkalmassagi-nyilatkozat","status":"publish","type":"page","link":"https:\/\/semmelweis.hu\/raoulwallenberg\/nyolcadikosoknak\/egeszsegugyi-alkalmassagi-nyilatkozat\/","title":{"rendered":"Eg\u00e9szs\u00e9g\u00fcgyi alkalmass\u00e1gi nyilatkozat"},"content":{"rendered":"<p><a href=\"https:\/\/semmelweis.hu\/raoulwallenberg\/files\/2024\/10\/Egeszsegugyi_Nyilatkozat.pdf\">Egeszsegugyi_Nyilatkozat<\/a><\/p>\n","protected":false},"excerpt":{"rendered":"<p><a href=\"https:\/\/semmelweis.hu\/raoulwallenberg\/files\/2024\/10\/Egeszsegugyi_Nyilatkozat.pdf\">Egeszsegugyi_Nyilatkozat<\/a><\/p>\n","protected":false},"author":101877,"featured_media":0,"parent":438,"menu_order":5,"comment_status":"closed","ping_status":"closed","template":"","meta":{"_acf_changed":false,"footnotes":""},"categories":[],"tags":[],"class_list":["post-1356","page","type-page","status-publish","hentry"],"acf":[],"_links":{"self":[{"href":"https:\/\/semmelweis.hu\/raoulwallenberg\/wp-json\/wp\/v2\/pages\/1356","targetHints":{"allow":["GET"]}}],"collection":[{"href":"https:\/\/semmelweis.hu\/raoulwallenberg\/wp-json\/wp\/v2\/pages"}],"about":[{"href":"https:\/\/semmelweis.hu\/raoulwallenberg\/wp-json\/wp\/v2\/types\/page"}],"author":[{"embeddable":true,"href":"https:\/\/semmelweis.hu\/raoulwallenberg\/wp-json\/wp\/v2\/users\/101877"}],"replies":[{"embeddable":true,"href":"https:\/\/semmelweis.hu\/raoulwallenberg\/wp-json\/wp\/v2\/comments?post=1356"}],"version-history":[{"count":6,"href":"https:\/\/semmelweis.hu\/raoulwallenberg\/wp-json\/wp\/v2\/pages\/1356\/revisions"}],"predecessor-version":[{"id":2164,"href":"https:\/\/semmelweis.hu\/raoulwallenberg\/wp-json\/wp\/v2\/pages\/1356\/revisions\/2164"}],"up":[{"embeddable":true,"href":"https:\/\/semmelweis.hu\/raoulwallenberg\/wp-json\/wp\/v2\/pages\/438"}],"wp:attachment":[{"href":"https:\/\/semmelweis.hu\/raoulwallenberg\/wp-json\/wp\/v2\/media?parent=1356"}],"wp:term":[{"taxonomy":"category","embeddable":true,"href":"https:\/\/semmelweis.hu\/raoulwallenberg\/wp-json\/wp\/v2\/categories?post=1356"},{"taxonomy":"post_tag","embeddable":true,"href":"https:\/\/semmelweis.hu\/raoulwallenberg\/wp-json\/wp\/v2\/tags?post=1356"}],"curies":[{"name":"wp","href":"https:\/\/api.w.org\/{rel}","templated":true}]}}