{"id":1178,"date":"2021-10-29T10:08:37","date_gmt":"2021-10-29T08:08:37","guid":{"rendered":"https:\/\/semmelweis.hu\/raoulwallenberg\/?page_id=1178"},"modified":"2025-09-22T16:55:22","modified_gmt":"2025-09-22T14:55:22","slug":"tagozatkodok","status":"publish","type":"page","link":"https:\/\/semmelweis.hu\/raoulwallenberg\/nyolcadikosoknak\/tagozatkodok\/","title":{"rendered":"A felv\u00e9teli elj\u00e1r\u00e1s rendje"},"content":{"rendered":"<p><strong>A felv\u00e9teli elj\u00e1r\u00e1s rendje<\/strong><\/p>\n<p>A 2026\/2027. tan\u00e9vben a k\u00f6vetkez\u0151 k\u00e9pz\u00e9seket ind\u00edtjuk:<\/p>\n<table style=\"width: 80.6641%;height: 319px\" width=\"0\">\n<tbody>\n<tr style=\"height: 53px\">\n<td style=\"width: 7.9023%;text-align: center;height: 53px\" width=\"68\">\u00a0<\/td>\n<td style=\"width: 23.0748%;text-align: center;height: 53px\" width=\"208\">\n<p>\u00c1gazat<\/p>\n<\/td>\n<td style=\"width: 29.9952%;text-align: center;height: 53px\" width=\"132\">\n<p>K\u00e9pz\u00e9s t\u00edpusa<\/p>\n<\/td>\n<td style=\"width: 11.2068%;text-align: center;height: 53px\" width=\"85\">\n<p>Felvehet\u0151<br \/>\n<span style=\"font-family: inherit;font-size: inherit\">l\u00e9tsz\u00e1m<\/span><\/p>\n<\/td>\n<td style=\"width: 7.56431%;text-align: center;height: 53px\" width=\"76\">\n<p>Idegen<br \/>\n<span style=\"font-family: inherit;font-size: inherit\">nyelv<\/span><\/p>\n<\/td>\n<\/tr>\n<tr style=\"height: 57px\">\n<td style=\"width: 7.9023%;height: 39px\" width=\"68\">\n<p><strong>1001<\/strong><\/p>\n<\/td>\n<td style=\"width: 23.0748%;height: 39px\" width=\"208\">\n<p><strong><u>Eg\u00e9szs\u00e9g\u00fcgy<br \/>\n<\/u><\/strong>\u00e1ltal\u00e1nos \u00e1pol\u00f3<\/p>\n<\/td>\n<td style=\"width: 29.9952%;height: 39px\" width=\"132\">\n<p style=\"text-align: center\"><strong>Okleveles technikum<br \/>\n<\/strong>6 \u00e9vfolyamos<\/p>\n<\/td>\n<td style=\"width: 11.2068%;height: 39px\" width=\"85\">\n<p style=\"text-align: center\">32<\/p>\n<\/td>\n<td style=\"width: 7.56431%;height: 39px\" width=\"76\">\n<p>angol <br \/>\nvagy <br \/>\nn\u00e9met<\/p>\n<\/td>\n<\/tr>\n<tr style=\"height: 126px\">\n<td style=\"width: 7.9023%;height: 109px\" width=\"68\">\n<p><strong>1002<\/strong><\/p>\n<\/td>\n<td style=\"width: 23.0748%;height: 109px\" width=\"208\">\n<p><strong><u>Eg\u00e9szs\u00e9g\u00fcgy<br \/>\n<\/u><\/strong>\u00e1ltal\u00e1nos \u00e1pol\u00f3<br \/>\ncsecsem\u0151- \u00e9s gyermek\u00e1pol\u00f3<br \/>\neg\u00e9szs\u00e9g\u00fcgyi asszisztens<br \/>\nrehabilit\u00e1ci\u00f3s terapeuta<br \/>\nment\u0151\u00e1pol\u00f3<\/p>\n<\/td>\n<td style=\"width: 29.9952%;height: 227px\" rowspan=\"3\" width=\"132\">\n<p style=\"text-align: center\"><strong>Technikum<br \/>\n<\/strong>5 \u00e9vfolyamos<\/p>\n<\/td>\n<td style=\"width: 11.2068%;height: 109px;text-align: center\" width=\"85\">\n<p>96<\/p>\n<\/td>\n<td style=\"width: 7.56431%;height: 227px\" rowspan=\"3\" width=\"76\">\n<p>angol <br \/>\nvagy <br \/>\nn\u00e9met<\/p>\n<\/td>\n<\/tr>\n<tr style=\"height: 60px\">\n<td style=\"width: 7.9023%;height: 60px\" width=\"68\">\n<p><strong>1003<\/strong><\/p>\n<\/td>\n<td style=\"width: 23.0748%;height: 60px\" width=\"208\">\n<p><strong><u>Szoci\u00e1lis<br \/>\n<\/u><\/strong>kisgyermekgondoz\u00f3, -nevel\u0151<\/p>\n<\/td>\n<td style=\"width: 11.2068%;height: 60px;text-align: center\" width=\"85\">\n<p>32<\/p>\n<\/td>\n<\/tr>\n<tr style=\"height: 58px\">\n<td style=\"width: 7.9023%;height: 58px\" width=\"68\">\n<p><strong>1004<\/strong><\/p>\n<\/td>\n<td style=\"width: 23.0748%;height: 58px\" width=\"208\">\n<p><strong><u>Oktat\u00e1s<br \/>\n<\/u><\/strong>oktat\u00e1si szakasszisztens<\/p>\n<\/td>\n<td style=\"width: 11.2068%;height: 58px;text-align: center\" width=\"85\">\n<p>32<\/p>\n<\/td>\n<\/tr>\n<\/tbody>\n<\/table>\n<p>&nbsp;<\/p>\n<p style=\"text-align: justify\">Ha az okleveles \u00e1ltal\u00e1nos \u00e1pol\u00f3 k\u00e9pz\u00e9st v\u00e1lasztod, nemcsak szakmai v\u00e9gzetts\u00e9get szerzel, hanem nagy el\u0151nyt is kapsz a fels\u0151oktat\u00e1sban. A sikeres technikusi vizsga ut\u00e1n 39 kredit besz\u00e1m\u00edt\u00e1ssal \u00e9s r\u00f6videbb k\u00e9pz\u00e9si id\u0151vel folytathatod tanulm\u00e1nyaidat az SE ETK BSc \u00c1pol\u00f3 szakj\u00e1n. Ha pedig emelt szint\u0171 biol\u00f3gia \u00e9s\/vagy k\u00e9mia \u00e9retts\u00e9gire k\u00e9sz\u00fclsz, szinte b\u00e1rmely m\u00e1s eg\u00e9szs\u00e9g\u00fcgyi szak is megny\u00edlik el\u0151tted.<\/p>\n<ul>\n<li>K\u00f6zponti \u00edr\u00e1sbeli felv\u00e9teli:<\/li>\n<\/ul>\n<p>Ha iskol\u00e1nk valamelyik tagozat\u00e1ra jelentkezel, r\u00e9szt kell venned a k\u00f6zponti \u00edr\u00e1sbeli felv\u00e9teli vizsg\u00e1n magyar nyelvb\u0151l \u00e9s matematik\u00e1b\u00f3l.<\/p>\n<p>A felv\u00e9tel eg\u00e9szs\u00e9g\u00fcgyi alkalmass\u00e1ghoz \u00e9s p\u00e1lyaalkalmass\u00e1ghoz is k\u00f6t\u00f6tt.<\/p>\n<ul>\n<li>Eg\u00e9szs\u00e9g\u00fcgyi alkalmass\u00e1g:<\/li>\n<\/ul>\n<p>Honlapunkr\u00f3l t\u00f6ltsd le a Nyilatkozat eg\u00e9szs\u00e9g\u00fcgyi alkalmass\u00e1g meg\u00e1llap\u00edt\u00e1s\u00e1hoz c. \u0171rlapot, \u00e9s a sz\u00fcl\u0151vel kit\u00f6ltetve, al\u00e1\u00edratva mell\u00e9keld a jelentkez\u00e9sedhez.\u00a0<\/p>\n<ul>\n<li>P\u00e1lyaalkalmass\u00e1g:<\/li>\n<\/ul>\n<p>A p\u00e1lyaalkalmass\u00e1gr\u00f3l sz\u00f3beli besz\u00e9lget\u00e9sen fogunk megbizonyosodni.<\/p>\n<p>A p\u00e1lyaalkalmass\u00e1gi sz\u00f3beli besz\u00e9lget\u00e9s a k\u00f6vetkez\u0151ket fogja vizsg\u00e1lni:<\/p>\n<ul style=\"text-align: justify\">\n<li style=\"text-align: justify\">mennyire vagy motiv\u00e1lt az emberekkel val\u00f3 foglalkoz\u00e1sra, az eg\u00e9szs\u00e9g\u00fcgyi vagy szoci\u00e1lis p\u00e1ly\u00e1kra?<\/li>\n<li style=\"text-align: justify\">mennyire vagy t\u00e1j\u00e9kozott \u00e1ltal\u00e1nos k\u00e9rd\u00e9sekben?<\/li>\n<li style=\"text-align: justify\">v\u00e9lem\u00e9nyedet, gondolataidat mennyire tudod kifejezni?<\/li>\n<\/ul>\n<p><strong>A jelentkez\u00e9s m\u00f3dja:<\/strong><\/p>\n<p>A 9. \u00e9vfolyamra jelentkez\u00e9skor k\u00e9rj\u00fck, ne feledkezz meg az al\u00e1bbiak csatol\u00e1s\u00e1r\u00f3l:<\/p>\n<ul>\n<li>k\u00f6zponti \u00edr\u00e1sbeli felv\u00e9teli vizsga \u201e\u00c9rt\u00e9kel\u0151 lap\u201d<\/li>\n<li>sz\u00fcl\u0151i nyilatkozatot, ha \u201esaj\u00e1tos helyzet\u201d \u00e1ll fenn (akinek testv\u00e9re, k\u00f6zeli rokona iskol\u00e1nkkal vagy jogel\u0151djeivel tanul\u00f3i jogviszonyban \u00e1ll vagy \u00e1llt)<\/li>\n<li>szakv\u00e9lem\u00e9ny, ha van<\/li>\n<li>kit\u00f6lt\u00f6tt Nyilatkozat eg\u00e9szs\u00e9g\u00fcgyi alkalmass\u00e1g meg\u00e1llap\u00edt\u00e1s\u00e1hoz<\/li>\n<\/ul>\n<p style=\"text-align: justify\">A felv\u00e9telr\u0151l a technikumban a tanulm\u00e1nyi eredm\u00e9nyek \u00e9s a k\u00f6zpontilag kiadott egys\u00e9ges \u00edr\u00e1sbeli vizsga eredm\u00e9nye alapj\u00e1n d\u00f6nt\u00fcnk.\u00a0<\/p>\n<p>A jelentkez\u00e9si lap kit\u00f6lt\u00e9s\u00e9hez a k\u00f6vetkez\u0151 adatokra lesz sz\u00fcks\u00e9ged:<\/p>\n<p>Int\u00e9zm\u00e9ny neve:\u00a0\u00a0\u00a0\u00a0\u00a0\u00a0\u00a0\u00a0\u00a0 <strong>Semmelweis Egyetem Raoul Wallenberg T\u00f6bbc\u00e9l\u00fa Szakk\u00e9pz\u0151 Int\u00e9zm\u00e9nye<\/strong><\/p>\n<p>OM:\u00a0\u00a0\u00a0\u00a0\u00a0\u00a0\u00a0\u00a0\u00a0\u00a0\u00a0\u00a0\u00a0\u00a0\u00a0\u00a0\u00a0\u00a0\u00a0\u00a0\u00a0\u00a0\u00a0\u00a0\u00a0\u00a0\u00a0\u00a0 <strong>203078<\/strong><\/p>\n<p>Telephely k\u00f3d: \u00a0\u00a0\u00a0\u00a0\u00a0\u00a0\u00a0\u00a0\u00a0\u00a0\u00a0 <strong>001<\/strong><\/p>\n<p><strong><span style=\"color: #ff0000\">V\u00c1RJUK JELENTKEZ\u00c9SEDET!<\/span><\/strong><\/p>\n<p><strong><span style=\"color: #ff0000\">LEGY\u00c9L TE IS RAOULOS DI\u00c1K!<\/span><\/strong><\/p>\n","protected":false},"excerpt":{"rendered":"<p>A felv\u00e9teli elj\u00e1r\u00e1s rendje A 2026\/2027. tan\u00e9vben a k\u00f6vetkez\u0151 k\u00e9pz\u00e9seket ind\u00edtjuk: \u00a0 \u00c1gazat K\u00e9pz\u00e9s t\u00edpusa Felvehet\u0151 l\u00e9tsz\u00e1m Idegen nyelv 1001 Eg\u00e9szs\u00e9g\u00fcgy \u00e1ltal\u00e1nos \u00e1pol\u00f3 Okleveles technikum 6 \u00e9vfolyamos 32 angol vagy n\u00e9met 1002 Eg\u00e9szs\u00e9g\u00fcgy \u00e1ltal\u00e1nos \u00e1pol\u00f3 csecsem\u0151- \u00e9s gyermek\u00e1pol\u00f3 eg\u00e9szs\u00e9g\u00fcgyi asszisztens rehabilit\u00e1ci\u00f3s terapeuta ment\u0151\u00e1pol\u00f3 Technikum 5 \u00e9vfolyamos 96 angol vagy n\u00e9met 1003 Szoci\u00e1lis kisgyermekgondoz\u00f3, -nevel\u0151 32 &hellip;<\/p>\n","protected":false},"author":101877,"featured_media":0,"parent":438,"menu_order":3,"comment_status":"closed","ping_status":"closed","template":"","meta":{"_acf_changed":false,"footnotes":""},"categories":[],"tags":[],"class_list":["post-1178","page","type-page","status-publish","hentry"],"acf":[],"_links":{"self":[{"href":"https:\/\/semmelweis.hu\/raoulwallenberg\/wp-json\/wp\/v2\/pages\/1178","targetHints":{"allow":["GET"]}}],"collection":[{"href":"https:\/\/semmelweis.hu\/raoulwallenberg\/wp-json\/wp\/v2\/pages"}],"about":[{"href":"https:\/\/semmelweis.hu\/raoulwallenberg\/wp-json\/wp\/v2\/types\/page"}],"author":[{"embeddable":true,"href":"https:\/\/semmelweis.hu\/raoulwallenberg\/wp-json\/wp\/v2\/users\/101877"}],"replies":[{"embeddable":true,"href":"https:\/\/semmelweis.hu\/raoulwallenberg\/wp-json\/wp\/v2\/comments?post=1178"}],"version-history":[{"count":10,"href":"https:\/\/semmelweis.hu\/raoulwallenberg\/wp-json\/wp\/v2\/pages\/1178\/revisions"}],"predecessor-version":[{"id":2461,"href":"https:\/\/semmelweis.hu\/raoulwallenberg\/wp-json\/wp\/v2\/pages\/1178\/revisions\/2461"}],"up":[{"embeddable":true,"href":"https:\/\/semmelweis.hu\/raoulwallenberg\/wp-json\/wp\/v2\/pages\/438"}],"wp:attachment":[{"href":"https:\/\/semmelweis.hu\/raoulwallenberg\/wp-json\/wp\/v2\/media?parent=1178"}],"wp:term":[{"taxonomy":"category","embeddable":true,"href":"https:\/\/semmelweis.hu\/raoulwallenberg\/wp-json\/wp\/v2\/categories?post=1178"},{"taxonomy":"post_tag","embeddable":true,"href":"https:\/\/semmelweis.hu\/raoulwallenberg\/wp-json\/wp\/v2\/tags?post=1178"}],"curies":[{"name":"wp","href":"https:\/\/api.w.org\/{rel}","templated":true}]}}