{"id":110,"date":"2020-12-28T16:08:24","date_gmt":"2020-12-28T15:08:24","guid":{"rendered":"http:\/\/semmelweis.hu\/raoulwallenberg\/?page_id=110"},"modified":"2021-02-07T17:26:52","modified_gmt":"2021-02-07T16:26:52","slug":"2011-2","status":"publish","type":"page","link":"https:\/\/semmelweis.hu\/raoulwallenberg\/iskolankrol\/kulfoldi-kapcsolatok\/diakcsere-program\/2011-2\/","title":{"rendered":"Di\u00e1kcsere program 2011"},"content":{"rendered":"<h2>A project bemutat\u00e1sa<\/h2>\n<p>2011 november\u00e9ben 14 szakk\u00e9pz\u0151s tanul\u00f3nk ism\u00e9t n\u00e9gy hetes szakmai gyakorlaton vett r\u00e9szt Hollandi\u00e1ban.<\/p>\n<p>Az els\u0151 h\u00e9ten a tanul\u00f3k megismerkedtek a Friese Poort region\u00e1lis szakk\u00e9pz\u0151 k\u00f6zponttal \u00e9s a holland oktat\u00e1si rendszerrel. Megl\u00e1togatt\u00e1k a Friese Poort leeuwardeni \u00e9s drachteni telephely\u00e9t, megismerkedtek az ott foly\u00f3 k\u00e9pz\u00e9sekkel \u00e9s megtekintett\u00e9k az iskol\u00e1k demonstr\u00e1ci\u00f3s termeit. Int\u00e9zetl\u00e1togat\u00e1sokon vettek r\u00e9szt a Leeuwardeni k\u00f3rh\u00e1zban \u00e9s egy \u00e9rtelmi s\u00e9r\u00fclteket gondoz\u00f3 drachteni int\u00e9zm\u00e9nyben.<\/p>\n<p>A m\u00e1sodik h\u00e9tt\u0151l a tanul\u00f3k k\u00fcl\u00f6nb\u00f6z\u0151 int\u00e9zm\u00e9nyekben, p\u00e9ld\u00e1ul fog\u00e1szati rendel\u0151ben, patik\u00e1ban, b\u00f6lcs\u0151d\u00e9ben \u00e9s iskol\u00e1ban t\u00f6lt\u00f6tt\u00e9k a szakmai gyakorlatukat, ahol rengeteg \u00faj tapasztalatra tettek szert.<\/p>\n<p>A h\u00e9tv\u00e9g\u00e9ken kultur\u00e1lis programok biztos\u00edtott\u00e1k a kikapcsol\u00f3d\u00e1s \u00e9s a felt\u00f6lt\u0151d\u00e9st. A csapat idegenvezet\u0151 seg\u00edts\u00e9g\u00e9vel megismerkedett Leeuwardennel, Fr\u00edzia tartom\u00e1ny f\u0151v\u00e1ros\u00e1val, majd r\u00e9szt vettek Sinter Klaas, vagyis a holland Mikul\u00e1s \u00fcnnep\u00e9n, aki a helyi hagyom\u00e1ny szerint haj\u00f3val \u00e9rkezik Spanyolorsz\u00e1gb\u00f3l, majd feh\u00e9r lov\u00e1n, p\u00fcsp\u00f6ki k\u00f6nt\u00f6sbe \u00f6lt\u00f6zve lovagol v\u00e9gig a v\u00e1roson. A m\u00e1sodik h\u00e9tv\u00e9g\u00e9n kis csapatunk felejthetetlen biciklis kir\u00e1ndul\u00e1st tett Ameland sziget\u00e9n, majd az utols\u00f3 hollandiai h\u00e9tv\u00e9g\u00e9n elmer\u00fclt\u00fcnk az amszterdami forgatagban.<\/p>\n<p>A szakmai gyakorlat az Eur\u00f3pai Uni\u00f3 t\u00e1mogat\u00e1s\u00e1nak k\u00f6sz\u00f6nhet\u0151en, az Eg\u00e9sz \u00e9leten \u00e1t tart\u00f3 tanul\u00e1s program Loenadro da Vinci alprogramj\u00e1nak keret\u00e9ben val\u00f3sult meg.<\/p>\n<p><img loading=\"lazy\" decoding=\"async\" class=\"aligncenter wp-image-68 size-full\" src=\"https:\/\/semmelweis.hu\/raoulwallenberg\/files\/2020\/12\/tempus.jpg\" alt=\"\" width=\"600\" height=\"118\" \/><\/p>\n<h2>A r\u00e9sztvev\u0151k besz\u00e1mol\u00f3i<\/h2>\n<p class=\"style3\" align=\"justify\"><img loading=\"lazy\" decoding=\"async\" src=\"https:\/\/semmelweis.hu\/raoulwallenberg\/files\/2020\/12\/beszamolok.jpg\" usemap=\"#Map\" width=\"745\" height=\"1195\" border=\"0\" \/> <\/p>\n<map id=\"Map\" name=\"Map\">\n<area coords=\"32,39,192,276\" shape=\"rect\" href=\"https:\/\/semmelweis.hu\/raoulwallenberg\/files\/2020\/12\/biroeszter.pdf\" target=\"_blank\" \/>\n<area coords=\"212,40,375,274\" shape=\"rect\" href=\"https:\/\/semmelweis.hu\/raoulwallenberg\/files\/2020\/12\/farkaserika.pdf\" target=\"_blank\" \/>\n<area coords=\"395,35,553,273\" shape=\"rect\" href=\"https:\/\/semmelweis.hu\/raoulwallenberg\/files\/2020\/12\/meszarosagi.pdf\" target=\"_blank\" \/>\n<area coords=\"577,41,737,274\" shape=\"rect\" href=\"https:\/\/semmelweis.hu\/raoulwallenberg\/files\/2020\/12\/tothkatalin.pdf\" target=\"_blank\" \/>\n<area coords=\"33,303,193,537\" shape=\"rect\" href=\"https:\/\/semmelweis.hu\/raoulwallenberg\/files\/2020\/12\/vidovicskitti.pdf\" target=\"_blank\" \/>\n<area coords=\"213,305,367,537\" shape=\"rect\" href=\"https:\/\/semmelweis.hu\/raoulwallenberg\/files\/2020\/12\/bogdanyimagdi.pdf\" target=\"_blank\" \/>\n<area coords=\"401,303,549,541\" shape=\"rect\" href=\"https:\/\/semmelweis.hu\/raoulwallenberg\/files\/2020\/12\/brazdaantal.pdf\" target=\"_blank\" \/>\n<area coords=\"592,305,727,561\" shape=\"rect\" href=\"https:\/\/semmelweis.hu\/raoulwallenberg\/files\/2020\/12\/bodakanna.pdf\" target=\"_blank\" \/>\n<area coords=\"35,575,183,843\" shape=\"rect\" href=\"https:\/\/semmelweis.hu\/raoulwallenberg\/files\/2020\/12\/deckernoemi.pdf\" target=\"_blank\" \/>\n<area coords=\"234,779,348,839\" shape=\"rect\" href=\"https:\/\/semmelweis.hu\/raoulwallenberg\/files\/2020\/12\/nagymarti.pdf\" target=\"_blank\" \/>\n<area coords=\"414,574,533,841\" shape=\"rect\" href=\"https:\/\/semmelweis.hu\/raoulwallenberg\/files\/2020\/12\/pereszimona.pdf\" target=\"_blank\" \/>\n<area coords=\"588,566,723,841\" shape=\"rect\" href=\"https:\/\/semmelweis.hu\/raoulwallenberg\/files\/2020\/12\/polereczkieva.pdf\" target=\"_blank\" \/>\n<area coords=\"217,865,366,1167\" shape=\"rect\" href=\"https:\/\/semmelweis.hu\/raoulwallenberg\/files\/2020\/12\/jojartkriszti.pdf\" target=\"_blank\" \/>\n<area coords=\"400,865,550,1169\" shape=\"rect\" href=\"https:\/\/semmelweis.hu\/raoulwallenberg\/files\/2020\/12\/tothvivien.pdf\" target=\"_blank\" \/> <\/map>\n<\/p>\n<h3 align=\"justify\"><a href=\"http:\/\/hollandia2011.blogspot.com\/\" target=\"_blank\" rel=\"noopener noreferrer\">Blog<\/a><\/h3>\n<h2>Cikkek<\/h2>\n<p style=\"padding-left: 40px\"><a href=\"https:\/\/semmelweis.hu\/raoulwallenberg\/files\/2020\/12\/fogaszaticikk.pdf\" target=\"_blank\" rel=\"noopener noreferrer\">Holland fog\u00e1szati t\u00fck\u00f6r &#8211; magyar di\u00e1kok kez\u00e9ben<\/a><\/p>\n<p style=\"padding-left: 40px\"><a href=\"https:\/\/semmelweis.hu\/raoulwallenberg\/files\/2020\/12\/Etinfo_majus_2012_rw.pdf\" target=\"_blank\" rel=\"noopener noreferrer\">ETINFO<\/a><\/p>\n<p style=\"padding-left: 40px\"><a href=\"https:\/\/semmelweis.hu\/raoulwallenberg\/files\/2020\/12\/FriesePoort_iskolaujsag_cikk_hu.pdf\" target=\"_blank\" rel=\"noopener noreferrer\">FRIESE POORT iskola\u00fajs\u00e1g cikk<\/a><\/p>\n<p style=\"padding-left: 40px\"><a href=\"https:\/\/semmelweis.hu\/raoulwallenberg\/files\/2020\/12\/reginfo.pdf\" target=\"_blank\" rel=\"noopener noreferrer\">Reginfo<\/a><\/p>\n<h2>Szervez\u0151k<\/h2>\n<p style=\"padding-left: 40px\">Sz\u00e1lteleki Szilvia<\/p>\n<p style=\"padding-left: 40px\">Juba-Nagy \u00c1gnes<\/p>\n<p style=\"padding-left: 40px\">angol nyelvtan\u00e1rok<\/p>\n","protected":false},"excerpt":{"rendered":"<p>A project bemutat\u00e1sa 2011 november\u00e9ben 14 szakk\u00e9pz\u0151s tanul\u00f3nk ism\u00e9t n\u00e9gy hetes szakmai gyakorlaton vett r\u00e9szt Hollandi\u00e1ban. Az els\u0151 h\u00e9ten a tanul\u00f3k megismerkedtek a Friese Poort region\u00e1lis szakk\u00e9pz\u0151 k\u00f6zponttal \u00e9s a holland oktat\u00e1si rendszerrel. Megl\u00e1togatt\u00e1k a Friese Poort leeuwardeni \u00e9s drachteni telephely\u00e9t, megismerkedtek az ott foly\u00f3 k\u00e9pz\u00e9sekkel \u00e9s megtekintett\u00e9k az iskol\u00e1k demonstr\u00e1ci\u00f3s termeit. Int\u00e9zetl\u00e1togat\u00e1sokon vettek r\u00e9szt &hellip;<\/p>\n","protected":false},"author":101765,"featured_media":0,"parent":65,"menu_order":0,"comment_status":"closed","ping_status":"closed","template":"","meta":{"_acf_changed":false,"footnotes":""},"categories":[],"tags":[],"class_list":["post-110","page","type-page","status-publish","hentry"],"acf":[],"_links":{"self":[{"href":"https:\/\/semmelweis.hu\/raoulwallenberg\/wp-json\/wp\/v2\/pages\/110","targetHints":{"allow":["GET"]}}],"collection":[{"href":"https:\/\/semmelweis.hu\/raoulwallenberg\/wp-json\/wp\/v2\/pages"}],"about":[{"href":"https:\/\/semmelweis.hu\/raoulwallenberg\/wp-json\/wp\/v2\/types\/page"}],"author":[{"embeddable":true,"href":"https:\/\/semmelweis.hu\/raoulwallenberg\/wp-json\/wp\/v2\/users\/101765"}],"replies":[{"embeddable":true,"href":"https:\/\/semmelweis.hu\/raoulwallenberg\/wp-json\/wp\/v2\/comments?post=110"}],"version-history":[{"count":4,"href":"https:\/\/semmelweis.hu\/raoulwallenberg\/wp-json\/wp\/v2\/pages\/110\/revisions"}],"predecessor-version":[{"id":526,"href":"https:\/\/semmelweis.hu\/raoulwallenberg\/wp-json\/wp\/v2\/pages\/110\/revisions\/526"}],"up":[{"embeddable":true,"href":"https:\/\/semmelweis.hu\/raoulwallenberg\/wp-json\/wp\/v2\/pages\/65"}],"wp:attachment":[{"href":"https:\/\/semmelweis.hu\/raoulwallenberg\/wp-json\/wp\/v2\/media?parent=110"}],"wp:term":[{"taxonomy":"category","embeddable":true,"href":"https:\/\/semmelweis.hu\/raoulwallenberg\/wp-json\/wp\/v2\/categories?post=110"},{"taxonomy":"post_tag","embeddable":true,"href":"https:\/\/semmelweis.hu\/raoulwallenberg\/wp-json\/wp\/v2\/tags?post=110"}],"curies":[{"name":"wp","href":"https:\/\/api.w.org\/{rel}","templated":true}]}}