{"id":985,"date":"2021-10-12T10:12:41","date_gmt":"2021-10-12T08:12:41","guid":{"rendered":"http:\/\/semmelweis.hu\/pulmonologia\/?page_id=985"},"modified":"2025-12-09T12:08:51","modified_gmt":"2025-12-09T11:08:51","slug":"fekvobeteg-informacio","status":"publish","type":"page","link":"https:\/\/semmelweis.hu\/pulmonologia\/altalanos-informaciok\/fekvobeteg-informacio\/","title":{"rendered":"L\u00c1TOGAT\u00c1SI REND"},"content":{"rendered":"<p><strong>A Pulmonol\u00f3giai Klinika l\u00e1togat\u00e1si rendje:<\/strong><\/p>\n<p><span data-contrast=\"none\">A l\u00e1togat\u00e1si id\u0151<\/span><span data-contrast=\"none\"> 15:00 \u00e9s 19:00 \u00f3ra k\u00f6z\u00f6tt tart. A Nem- invaz\u00edv L\u00e9gz\u00e9ster\u00e1pi\u00e1s Oszt\u00e1lyon a l\u00e1togat\u00e1si id\u0151k: 12:30-13:00 id\u0151s\u00e1vban \u00e9s 17:30-18:00 \u00f3ra k\u00f6z\u00f6tt tart. <\/span><\/p>\n<p><span data-contrast=\"none\">Egy beteg a H\u00e1zirend betart\u00e1s\u00e1val egyszerre legfeljebb 2 f\u0151t fogadhat \u00fagy, hogy ezzel betegt\u00e1rsait \u00e9s az ell\u00e1t\u00e1st nem zavarja. <\/span><\/p>\n<p><span data-contrast=\"none\">Amennyiben \u00d6n nem fekv\u0151beteg, \u00fagy k\u00e9rj\u00fck, hogy l\u00e1togat\u00f3j\u00e1t az eb\u00e9dl\u0151ben fogadja.<\/span><span data-ccp-props=\"{&quot;201341983&quot;:0,&quot;335551550&quot;:6,&quot;335551620&quot;:6,&quot;335559685&quot;:-567,&quot;335559737&quot;:-567,&quot;335559739&quot;:0,&quot;335559740&quot;:240}\">\u00a0<\/span><\/p>\n<p><span data-contrast=\"none\">A l\u00e1togat\u00e1si id\u0151t\u0151l elt\u00e9r\u0151, egyedi l\u00e1togat\u00e1sra lehet\u0151s\u00e9get az oszt\u00e1ly\/r\u00e9szlegvezet\u0151 f\u0151orvos \u2013 a szolg\u00e1latvezet\u0151 \u00e1pol\u00f3 t\u00e1j\u00e9koztat\u00e1s\u00e1val \u2013 \u00edr\u00e1sban enged\u00e9lyezhet.<\/span><span data-ccp-props=\"{&quot;201341983&quot;:0,&quot;335551550&quot;:6,&quot;335551620&quot;:6,&quot;335559685&quot;:-567,&quot;335559737&quot;:-567,&quot;335559739&quot;:0,&quot;335559740&quot;:240}\">\u00a0<\/span><\/p>\n<p>A l\u00e1togat\u00e1s minden esetben sz\u00e1jmaszk haszn\u00e1lata mellett t\u00f6rt\u00e9nhet.\u00a0<\/p>\n<p>&nbsp;<\/p>\n<p>Friss\u00edtve 2025.05.20., \u00e9rv\u00e9nyes visszavon\u00e1sig. K\u00e9sz\u00edtette Schifter Judit, j\u00f3v\u00e1hagyta Prof. Dr. M\u00fcller Veronika<\/p>\n","protected":false},"excerpt":{"rendered":"<p>A Pulmonol\u00f3giai Klinika l\u00e1togat\u00e1si rendje: A l\u00e1togat\u00e1si id\u0151 15:00 \u00e9s 19:00 \u00f3ra k\u00f6z\u00f6tt tart. A Nem- invaz\u00edv L\u00e9gz\u00e9ster\u00e1pi\u00e1s Oszt\u00e1lyon a l\u00e1togat\u00e1si id\u0151k: 12:30-13:00 id\u0151s\u00e1vban \u00e9s 17:30-18:00 \u00f3ra k\u00f6z\u00f6tt tart. Egy beteg a H\u00e1zirend betart\u00e1s\u00e1val egyszerre legfeljebb 2 f\u0151t fogadhat \u00fagy, hogy ezzel betegt\u00e1rsait \u00e9s az ell\u00e1t\u00e1st nem zavarja. Amennyiben \u00d6n nem fekv\u0151beteg, \u00fagy k\u00e9rj\u00fck, hogy &hellip;<\/p>\n","protected":false},"author":101685,"featured_media":0,"parent":8,"menu_order":0,"comment_status":"closed","ping_status":"closed","template":"","meta":{"_acf_changed":false,"footnotes":""},"categories":[],"tags":[],"class_list":["post-985","page","type-page","status-publish","hentry"],"acf":[],"_links":{"self":[{"href":"https:\/\/semmelweis.hu\/pulmonologia\/wp-json\/wp\/v2\/pages\/985","targetHints":{"allow":["GET"]}}],"collection":[{"href":"https:\/\/semmelweis.hu\/pulmonologia\/wp-json\/wp\/v2\/pages"}],"about":[{"href":"https:\/\/semmelweis.hu\/pulmonologia\/wp-json\/wp\/v2\/types\/page"}],"author":[{"embeddable":true,"href":"https:\/\/semmelweis.hu\/pulmonologia\/wp-json\/wp\/v2\/users\/101685"}],"replies":[{"embeddable":true,"href":"https:\/\/semmelweis.hu\/pulmonologia\/wp-json\/wp\/v2\/comments?post=985"}],"version-history":[{"count":10,"href":"https:\/\/semmelweis.hu\/pulmonologia\/wp-json\/wp\/v2\/pages\/985\/revisions"}],"predecessor-version":[{"id":4774,"href":"https:\/\/semmelweis.hu\/pulmonologia\/wp-json\/wp\/v2\/pages\/985\/revisions\/4774"}],"up":[{"embeddable":true,"href":"https:\/\/semmelweis.hu\/pulmonologia\/wp-json\/wp\/v2\/pages\/8"}],"wp:attachment":[{"href":"https:\/\/semmelweis.hu\/pulmonologia\/wp-json\/wp\/v2\/media?parent=985"}],"wp:term":[{"taxonomy":"category","embeddable":true,"href":"https:\/\/semmelweis.hu\/pulmonologia\/wp-json\/wp\/v2\/categories?post=985"},{"taxonomy":"post_tag","embeddable":true,"href":"https:\/\/semmelweis.hu\/pulmonologia\/wp-json\/wp\/v2\/tags?post=985"}],"curies":[{"name":"wp","href":"https:\/\/api.w.org\/{rel}","templated":true}]}}