{"id":789,"date":"2021-09-08T11:05:43","date_gmt":"2021-09-08T09:05:43","guid":{"rendered":"http:\/\/semmelweis.hu\/pulmonologia\/?page_id=789"},"modified":"2025-12-17T13:03:49","modified_gmt":"2025-12-17T12:03:49","slug":"munkatarsak","status":"publish","type":"page","link":"https:\/\/semmelweis.hu\/pulmonologia\/a-klinikarol\/munkatarsak\/","title":{"rendered":"Orvosaink"},"content":{"rendered":"<p style=\"text-align: left\"><span style=\"color: #000000\"><strong><span style=\"font-size: 14pt\">Prof. Dr. M\u00fcller Veronika<\/span><\/strong><\/span><br \/>\nMTA doktora, egyetemi tan\u00e1r<br \/>\nklinikaigazgat\u00f3<br \/>\n<a href=\"https:\/\/m2.mtmt.hu\/gui2\/?type=authors&amp;mode=browse&amp;sel=10012282\">Tudom\u00e1nyos munk\u00e1ss\u00e1ga<\/a><\/p>\n<hr \/>\n<p style=\"text-align: left\"><span style=\"color: #000000\"><span style=\"font-size: 14pt\"><strong>Prof. Dr.<\/strong><\/span><span style=\"font-size: 14pt\"><strong> Tam\u00e1si Lilla<\/strong><\/span><\/span><br \/>\nMTA doktora, egyetemi tan\u00e1r<br \/>\nklinikaigazgat\u00f3 helyettes<br \/>\n<a href=\"https:\/\/m2.mtmt.hu\/gui2\/?type=authors&amp;mode=browse&amp;sel=10002111\">Tudom\u00e1nyos munk\u00e1ss\u00e1ga<\/a><\/p>\n<p style=\"text-align: left\"><span style=\"font-size: 14pt;color: #000000\"><strong>Dr. habil. Horv\u00e1th G\u00e1b<span style=\"font-size: 14pt\">o<\/span>r<\/strong><\/span><br \/>\negyetemi docens<br \/>\nklinikaigazgat\u00f3 helyettes<br \/>\nangol tanulm\u00e1nyi felel\u0151s<br \/>\n<a href=\"https:\/\/m2.mtmt.hu\/gui2\/?type=authors&amp;mode=browse&amp;sel=10011777\">Tudom\u00e1nyos munk\u00e1ss\u00e1ga<\/a><\/p>\n<p style=\"text-align: left\"><span style=\"color: #000000\"><span style=\"font-size: 14pt\"><strong>Prof. Dr. Losonczy Gy\u00f6rgy<br \/>\n<\/strong><\/span><\/span>MTA doktora, egyetemi tan\u00e1r<br \/>\nprofessor emeritus<br \/>\n<a href=\"https:\/\/m2.mtmt.hu\/gui2\/?type=authors&amp;mode=browse&amp;sel=10004124\">Tudom\u00e1nyos munk\u00e1ss\u00e1ga<\/a><\/p>\n<p><strong>Prof. Dr. Varga J\u00e1nos Tam\u00e1s<br \/>\n<\/strong>MTA doktora, egyetemi tan\u00e1r<br \/>\n<a href=\"https:\/\/m2.mtmt.hu\/gui2\/?type=authors&amp;mode=browse&amp;sel=10028758\">Tudom\u00e1nyos munk\u00e1ss\u00e1ga<\/a><\/p>\n<hr \/>\n<p><strong>Dr. Boh\u00e1cs Anik\u00f3<\/strong><br \/>\negyetemi docens<br \/>\n<a href=\"https:\/\/m2.mtmt.hu\/gui2\/?type=authors&amp;mode=browse&amp;sel=authors10024104\">Tudom\u00e1nyos munk\u00e1ss\u00e1ga<\/a><\/p>\n<p><strong>Dr. Cs\u00f3sza Gy\u00f6rgyi<\/strong><br \/>\negyetemi andjunktus<br \/>\n<a href=\"https:\/\/m2.mtmt.hu\/gui2\/?type=authors&amp;mode=browse&amp;sel=10024052\">Tudom\u00e1nyos munk\u00e1ss\u00e1ga<\/a><\/p>\n<p style=\"text-align: left\"><span style=\"color: #000000\"><span style=\"font-size: 14pt\"><strong>Dr. Eszes No\u00e9mi<br \/>\n<\/strong><\/span><\/span>egyetemi adjunktus<br \/>\nmagyar tanulm\u00e1nyi felel\u0151s<br \/>\n<a href=\"https:\/\/m2.mtmt.hu\/gui2\/?type=authors&amp;mode=browse&amp;sel=10024015\">Tudom\u00e1nyos munk\u00e1ss\u00e1ga<\/a><span style=\"color: #000000\"><span style=\"font-size: 14pt\"><span style=\"font-size: 12pt\"><br \/>\n<\/span><\/span><\/span><\/p>\n<p style=\"text-align: left\"><span style=\"color: #000000\"><strong><span style=\"font-size: 14pt\"><span style=\"font-size: 14pt\">Dr. G\u0151bel Orsolya<\/span><\/span><\/strong><strong><span style=\"font-size: 14pt\"><span style=\"font-size: 14pt\"><br \/>\n<\/span><\/span><\/strong><\/span>egyetemi adjunktus<br \/>\n<a href=\"https:\/\/m2.mtmt.hu\/api\/publication?cond=authors;eq;10024782&amp;cond=core;eq;true&amp;sort=publishedYear,desc&amp;sort=firstAuthor\">Tudom\u00e1nyos munk\u00e1ss\u00e1ga<\/a><\/p>\n<p><strong>Dr. Hidv\u00e9gi Edit<\/strong><br \/>\negyetemi adjunktus<br \/>\n<a href=\"https:\/\/m2.mtmt.hu\/gui2\/?type=authors&amp;mode=browse&amp;sel=10024023\">Tudom\u00e1nyos munk\u00e1ss\u00e1ga<\/a><\/p>\n<p><span style=\"color: #000000\"><strong><span style=\"font-size: 14pt\">Dr. Horv\u00e1th P\u00e9ter<br \/>\n<\/span><\/strong><\/span>egyetemi adjunktus<br \/>\n<a href=\"https:\/\/m2.mtmt.hu\/gui2\/?type=authors&amp;mode=browse&amp;sel=authors10053825\">Tudom\u00e1nyos munk\u00e1ss\u00e1ga<\/a><\/p>\n<p><span style=\"font-size: 14pt;color: #000000\"><strong>Dr. J\u00e1ky- Kov\u00e1ts Zsuzsanna \u00c1gnes<\/strong><\/span><br \/>\n<span style=\"color: #000000\">egyetemi adjunktus<br \/>\nn\u00e9met tanulm\u00e1nyi felel\u0151s<br \/>\n<a href=\"https:\/\/m2.mtmt.hu\/gui2\/?type=authors&amp;mode=browse&amp;sel=authors10023927\">Tudom\u00e1nyos munk\u00e1ss\u00e1ga<\/a><\/span><\/p>\n<p style=\"text-align: left\"><span style=\"color: #000000\"> <span style=\"font-size: 14pt;color: #000000\"><strong>Dr. L\u00e1z\u00e1r Zs\u00f3fia\u00a0<br \/>\n<\/strong>egyetemi adjunktus<strong><br \/>\n<\/strong><\/span><a href=\"https:\/\/m2.mtmt.hu\/gui2\/?type=authors&amp;mode=browse&amp;sel=authors10026588\">Tudom\u00e1nyos munk\u00e1ss\u00e1ga<\/a><br \/>\n<\/span><\/p>\n<p><strong>Dr. Vincze Krisztina<\/strong><br \/>\negyetemi adjunktus<br \/>\n<a href=\"https:\/\/m2.mtmt.hu\/gui2\/?type=authors&amp;mode=browse&amp;sel=authors10024050\">Tudom\u00e1nyos munk\u00e1ss\u00e1ga<\/a><\/p>\n<p><span style=\"color: #000000\"><span style=\"font-size: 14pt\"><strong>Dr. Karl\u00f3cai Krist\u00f3f<br \/>\n<\/strong><\/span><\/span>kardiol\u00f3gus f\u0151orvos<br \/>\n<a href=\"https:\/\/m2.mtmt.hu\/gui2\/?type=authors&amp;mode=browse&amp;sel=authors10024026\">Tudom\u00e1nyos munk\u00e1ss\u00e1ga<\/a><\/p>\n<p style=\"text-align: left\"><span style=\"color: #000000\"> <span style=\"font-size: 14pt;color: #000000\"><strong>Dr. Kom\u00e1romi Tam\u00e1s<br \/>\n<\/strong><\/span> klinikai f\u0151orvos<br \/>\n<a href=\"https:\/\/m2.mtmt.hu\/gui2\/?type=authors&amp;mode=browse&amp;sel=authors10026924\">Tudom\u00e1nyos munk\u00e1ss\u00e1ga<\/a><\/span><\/p>\n<p><strong>Dr. Zs\u00e1mboki Gabriella<br \/>\n<\/strong>klinikai f\u0151orvos<strong><br \/>\n<\/strong><a href=\"https:\/\/m2.mtmt.hu\/gui2\/?type=authors&amp;mode=browse&amp;sel=authors10024051\">Tudom\u00e1nyos munk\u00e1ss\u00e1ga<\/a><\/p>\n<p><strong>Dr. B\u00e1rczi Enik\u0151<\/strong><br \/>\negyetemi tan\u00e1rseg\u00e9d<br \/>\n<a href=\"https:\/\/m2.mtmt.hu\/gui2\/?type=authors&amp;mode=browse&amp;sel=10063499\">Tudom\u00e1nyos munk\u00e1ss\u00e1ga<\/a><\/p>\n<p><span style=\"color: #000000\"><strong>Dr. B\u00fcdi Lilla- tart\u00f3san t\u00e1vol<\/strong><br \/>\nklinikai szakorvos<br \/>\n<a href=\"https:\/\/m2.mtmt.hu\/api\/publication?cond=authors;eq;10072108&amp;cond=core;eq;true&amp;sort=publishedYear,desc&amp;sort=firstAuthor\">Tudom\u00e1nyos munk\u00e1ss\u00e1ga<\/a><\/span><\/p>\n<p><span style=\"color: #000000\"><strong><span style=\"font-size: 14pt\">Dr. Fekete Dorottya<\/span><\/strong><\/span><br \/>\n<span style=\"color: #000000\">klinikai szakorvos<\/span><br \/>\n<span style=\"color: #000000\"><a href=\"https:\/\/m2.mtmt.hu\/api\/publication?cond=authors;eq;10069042&amp;cond=core;eq;true&amp;sort=publishedYear,desc&amp;sort=firstAuthor\">Tudom\u00e1nyos munk\u00e1ss\u00e1ga<\/a><\/span><\/p>\n<p><strong>Dr. M\u00e1k Bernadett<\/strong><br \/>\nrezidens<\/p>\n<p><strong>Dr. Nagy Alexandra<\/strong><br \/>\nklinikai szakorvos<br \/>\n<a href=\"https:\/\/m2.mtmt.hu\/gui2\/?type=authors&amp;mode=browse&amp;sel=10074107\">Tudom\u00e1nyos munk\u00e1ss\u00e1ga<\/a><\/p>\n<p><strong>Dr. Palmer Erik<\/strong><br \/>\n<span style=\"color: #000000\"><span style=\"font-size: 12pt\"><span style=\"font-size: 14pt\">klinikai szakorvos<\/span><\/span><\/span><br \/>\n<a href=\"https:\/\/m2.mtmt.hu\/gui2\/?type=authors&amp;mode=browse&amp;sel=10075266\">Tudom\u00e1nyos munk\u00e1ss\u00e1ga<\/a><\/p>\n<p><span style=\"color: #000000\"><strong><span style=\"font-size: 14pt\">Dr. S\u00fcdi Andr\u00e1s<\/span><\/strong><strong><span style=\"font-size: 14pt\"><br \/>\n<\/span><\/strong><span style=\"font-size: 12pt\"><span style=\"font-size: 14pt\">klinikai szakorvos<\/span><br \/>\n<span style=\"font-size: 14pt\"><a href=\"https:\/\/m2.mtmt.hu\/gui2\/?type=authors&amp;mode=browse&amp;sel=10071251\">Tudom\u00e1nyos munk\u00e1ss\u00e1ga<\/a><br \/>\n<\/span><\/span><\/span><\/p>\n<p><strong>Dr. Csoma Bal\u00e1zs<\/strong><br \/>\nrezidens<br \/>\n<a href=\"https:\/\/m2.mtmt.hu\/gui2\/?type=authors&amp;mode=browse&amp;sel=10069845\">Tudom\u00e1nyos munk\u00e1ss\u00e1ga<\/a><\/p>\n<p><strong>Dr. F\u00e9s\u00fc Dorottya<br \/>\n<\/strong>rezidens<br \/>\n<a href=\"https:\/\/m2.mtmt.hu\/gui2\/?type=authors&amp;mode=browse&amp;sel=authors10083668\">Tudom\u00e1nyos munk\u00e1ss\u00e1ga<\/a><\/p>\n<p><strong>Dr. Guth Krisztina<br \/>\n<\/strong>rezidens<\/p>\n<p><strong>Dr. Hammer D\u00e1niel<\/strong><br \/>\n<span style=\"color: #000000\"><span style=\"font-size: 12pt\"><span style=\"font-size: 14pt\">rezidens<\/span><\/span><\/span><br \/>\n<a href=\"https:\/\/m2.mtmt.hu\/gui2\/?type=authors&amp;mode=browse&amp;sel=authors10079749\">Tudom\u00e1nyos munk\u00e1ss\u00e1ga<\/a><\/p>\n<p><strong>Dr. Jalsovszky P\u00e9ter Le\u00f3<\/strong><br \/>\nrezidens<br \/>\n<a href=\"https:\/\/m2.mtmt.hu\/gui2\/?type=authors&amp;mode=browse&amp;sel=authors10096918\">Tudom\u00e1nyos munk\u00e1ss\u00e1ga<\/a><\/p>\n<p><span style=\"color: #000000\"><strong style=\"text-align: justify\"><span style=\"font-size: 14pt\">Dr. Kiss Judit &#8211; tart\u00f3san t\u00e1vol<br \/>\n<\/span><\/strong>rezidens<br \/>\n<a href=\"https:\/\/m2.mtmt.hu\/api\/publication?cond=authors;eq;10071470&amp;cond=core;eq;true&amp;sort=publishedYear,desc&amp;sort=firstAuthor\">Tudom\u00e1nyos munk\u00e1ss\u00e1ga<\/a><\/span><\/p>\n<p style=\"text-align: justify\"><span style=\"color: #000000\"><strong><span style=\"font-size: 14pt\">Dr. Oroszi D\u00f3ra\u00a0<\/span><\/strong><\/span><br \/>\n<span style=\"color: #000000\">rezidens<br \/>\n<a href=\"https:\/\/m2.mtmt.hu\/gui2\/?type=authors&amp;mode=browse&amp;sel=authors10067938\">Tudom\u00e1nyos munk\u00e1ss\u00e1ga<\/a><\/span><\/p>\n<p><strong>Dr. Polivka L\u0151rinc<br \/>\n<\/strong>rezidens<br \/>\n<a href=\"https:\/\/m2.mtmt.hu\/api\/publication?cond=authors;eq;10067936&amp;cond=core;eq;true&amp;sort=publishedYear,desc&amp;sort=firstAuthor\">Tudom\u00e1nyos munk\u00e1ss\u00e1g<\/a>a<\/p>\n<p><strong>Dr. Tass\u00f3 Zs\u00f3fia<br \/>\n<\/strong>rezidens<br \/>\n<a href=\"https:\/\/m2.mtmt.hu\/api\/publication?cond=authors;eq;10067936&amp;cond=core;eq;true&amp;sort=publishedYear,desc&amp;sort=firstAuthor\">Tudom\u00e1nyos munk\u00e1ss\u00e1ga<\/a><\/p>\n<p><strong>Dr. Varga Rita<br \/>\n<\/strong>rezidens<br \/>\n<a href=\"https:\/\/m2.mtmt.hu\/gui2\/?type=authors&amp;mode=browse&amp;sel=authors10079751\">Tudom\u00e1nyos munk\u00e1ss\u00e1ga<\/a><\/p>\n<p><strong>Dr. Varga Vikt\u00f3ria<\/strong><br \/>\nrezidens<br \/>\n<a href=\"https:\/\/m2.mtmt.hu\/gui2\/?type=authors&amp;mode=browse&amp;sel=authors10079751\">Tudom\u00e1nyos munk\u00e1ss\u00e1ga<\/a><\/p>\n<p><strong>Dr. T\u00f3th N\u00f3ra<br \/>\n<\/strong>rezidens<br \/>\n<a href=\"https:\/\/m2.mtmt.hu\/api\/publication?cond=authors;eq;10067936&amp;cond=core;eq;true&amp;sort=publishedYear,desc&amp;sort=firstAuthor\">Tudom\u00e1nyos munk\u00e1ss\u00e1g<\/a>a<\/p>\n<p><strong>Dr. M\u00e1k Bernadett<\/strong><br \/>\nrezidens<\/p>\n<p><span style=\"font-size: 12pt\">Friss\u00edtve: 2025.05.20. \u00c9rv\u00e9nyes: egy\u00e9nileg v\u00e1ltoz\u00f3. L\u00e9trehoz\u00f3: Schifter Judit Anna. Valid\u00e1l\u00f3: Prof. Dr. M\u00fcller Veronika\u00a0<\/span><\/p>\n","protected":false},"excerpt":{"rendered":"<p>Prof. Dr. M\u00fcller Veronika MTA doktora, egyetemi tan\u00e1r klinikaigazgat\u00f3 <a href=\"https:\/\/m2.mtmt.hu\/gui2\/?type=authors&amp;mode=browse&amp;sel=10012282\">Tudom\u00e1nyos munk\u00e1ss\u00e1ga<\/a> Prof. Dr. Tam\u00e1si Lilla MTA doktora, egyetemi tan\u00e1r klinikaigazgat\u00f3 helyettes <a href=\"https:\/\/m2.mtmt.hu\/gui2\/?type=authors&amp;mode=browse&amp;sel=10002111\">Tudom\u00e1nyos munk\u00e1ss\u00e1ga<\/a> Dr. habil. Horv\u00e1th G\u00e1bor egyetemi docens klinikaigazgat\u00f3 helyettes angol tanulm\u00e1nyi felel\u0151s <a href=\"https:\/\/m2.mtmt.hu\/gui2\/?type=authors&amp;mode=browse&amp;sel=10011777\">Tudom\u00e1nyos munk\u00e1ss\u00e1ga<\/a> Prof. Dr. Losonczy Gy\u00f6rgy MTA doktora, egyetemi tan\u00e1r professor emeritus <a href=\"https:\/\/m2.mtmt.hu\/gui2\/?type=authors&amp;mode=browse&amp;sel=10004124\">Tudom\u00e1nyos munk\u00e1ss\u00e1ga<\/a> Prof. Dr. Varga J\u00e1nos Tam\u00e1s MTA doktora, egyetemi tan\u00e1r <a href=\"https:\/\/m2.mtmt.hu\/gui2\/?type=authors&amp;mode=browse&amp;sel=10028758\">Tudom\u00e1nyos munk\u00e1ss\u00e1ga<\/a> Dr. Boh\u00e1cs Anik\u00f3 egyetemi docens <a href=\"https:\/\/m2.mtmt.hu\/gui2\/?type=authors&amp;mode=browse&amp;sel=authors10024104\">Tudom\u00e1nyos munk\u00e1ss\u00e1ga<\/a> Dr. &hellip;<\/p>\n","protected":false},"author":112,"featured_media":0,"parent":377,"menu_order":2,"comment_status":"closed","ping_status":"closed","template":"","meta":{"_acf_changed":false,"footnotes":""},"categories":[],"tags":[],"class_list":["post-789","page","type-page","status-publish","hentry"],"acf":[],"_links":{"self":[{"href":"https:\/\/semmelweis.hu\/pulmonologia\/wp-json\/wp\/v2\/pages\/789","targetHints":{"allow":["GET"]}}],"collection":[{"href":"https:\/\/semmelweis.hu\/pulmonologia\/wp-json\/wp\/v2\/pages"}],"about":[{"href":"https:\/\/semmelweis.hu\/pulmonologia\/wp-json\/wp\/v2\/types\/page"}],"author":[{"embeddable":true,"href":"https:\/\/semmelweis.hu\/pulmonologia\/wp-json\/wp\/v2\/users\/112"}],"replies":[{"embeddable":true,"href":"https:\/\/semmelweis.hu\/pulmonologia\/wp-json\/wp\/v2\/comments?post=789"}],"version-history":[{"count":15,"href":"https:\/\/semmelweis.hu\/pulmonologia\/wp-json\/wp\/v2\/pages\/789\/revisions"}],"predecessor-version":[{"id":4816,"href":"https:\/\/semmelweis.hu\/pulmonologia\/wp-json\/wp\/v2\/pages\/789\/revisions\/4816"}],"up":[{"embeddable":true,"href":"https:\/\/semmelweis.hu\/pulmonologia\/wp-json\/wp\/v2\/pages\/377"}],"wp:attachment":[{"href":"https:\/\/semmelweis.hu\/pulmonologia\/wp-json\/wp\/v2\/media?parent=789"}],"wp:term":[{"taxonomy":"category","embeddable":true,"href":"https:\/\/semmelweis.hu\/pulmonologia\/wp-json\/wp\/v2\/categories?post=789"},{"taxonomy":"post_tag","embeddable":true,"href":"https:\/\/semmelweis.hu\/pulmonologia\/wp-json\/wp\/v2\/tags?post=789"}],"curies":[{"name":"wp","href":"https:\/\/api.w.org\/{rel}","templated":true}]}}