{"id":71,"date":"2021-06-17T14:06:12","date_gmt":"2021-06-17T12:06:12","guid":{"rendered":"http:\/\/semmelweis-egyetem.hu\/pulmonologia\/?page_id=71"},"modified":"2025-09-25T08:33:29","modified_gmt":"2025-09-25T06:33:29","slug":"deutsch","status":"publish","type":"page","link":"https:\/\/semmelweis.hu\/pulmonologia\/deutsch\/","title":{"rendered":"Deutsch"},"content":{"rendered":"<h3><span style=\"color: #000000\">Wissenschaftliche Studentische Themen<\/span><\/h3>\n<h6><strong><br \/>\nProf. Dr. Veronika M\u00fcller<br \/>\n<\/strong><span style=\"font-size: 1rem\"><br \/>\n&#8211; ILD und Komorbidit\u00e4ten<br \/>\n<\/span>&#8211; Lungeninfektionen<\/h6>\n<h6><strong><br \/>\nDr. Edit Hidv\u00e9gi<\/strong><\/h6>\n<h6>&#8211; Anaphylaktische Reaktionen bei Asthmapatienten<br \/>\n&#8211; Nahrungsmittelallergien bei Patienten mit schwerem Asthma<br \/>\n&#8211; Die Auswirkungen der COVID-Pandemie auf allergische Erkrankungen<\/h6>\n<h6><strong><br \/>\nDr. Zsuzsanna Kov\u00e1ts<\/strong><\/h6>\n<h6>&#8211; Respiratorische Rehabilitation bei Lungentransplantations- und ILD-Patienten<br \/>\n&#8211; Beurteilung des Funktionsstatus von Lungentransplantationspatienten<\/h6>\n<h6><strong><br \/>\nDr. Zs\u00f3fia L\u00e1z\u00e1r<\/strong><\/h6>\n<h6>&#8211; Nichtinvasive Biomarker bei pulmonaler Hypertonie<br \/>\n&#8211; Atemwegs- und systemische Entz\u00fcndungen bei COPD<\/p>\n<\/h6>\n<h6><strong>Dr. Bal\u00e1zs Csoma<\/strong><\/h6>\n<h6>&#8211; Neue Biomarker in der COPD-\u00dcberwachung und Behandlung<\/h6>\n","protected":false},"excerpt":{"rendered":"<p>Wissenschaftliche Studentische Themen Prof. Dr. Veronika M\u00fcller &#8211; ILD und Komorbidit\u00e4ten &#8211; Lungeninfektionen Dr. Edit Hidv\u00e9gi &#8211; Anaphylaktische Reaktionen bei Asthmapatienten &#8211; Nahrungsmittelallergien bei Patienten mit schwerem Asthma &#8211; Die Auswirkungen der COVID-Pandemie auf allergische Erkrankungen Dr. Zsuzsanna Kov\u00e1ts &#8211; Respiratorische Rehabilitation bei Lungentransplantations- und ILD-Patienten &#8211; Beurteilung des Funktionsstatus von Lungentransplantationspatienten Dr. Zs\u00f3fia L\u00e1z\u00e1r &hellip;<\/p>\n","protected":false},"author":112,"featured_media":0,"parent":0,"menu_order":7,"comment_status":"closed","ping_status":"closed","template":"","meta":{"_acf_changed":false,"footnotes":""},"categories":[],"tags":[],"class_list":["post-71","page","type-page","status-publish","hentry"],"acf":[],"_links":{"self":[{"href":"https:\/\/semmelweis.hu\/pulmonologia\/wp-json\/wp\/v2\/pages\/71","targetHints":{"allow":["GET"]}}],"collection":[{"href":"https:\/\/semmelweis.hu\/pulmonologia\/wp-json\/wp\/v2\/pages"}],"about":[{"href":"https:\/\/semmelweis.hu\/pulmonologia\/wp-json\/wp\/v2\/types\/page"}],"author":[{"embeddable":true,"href":"https:\/\/semmelweis.hu\/pulmonologia\/wp-json\/wp\/v2\/users\/112"}],"replies":[{"embeddable":true,"href":"https:\/\/semmelweis.hu\/pulmonologia\/wp-json\/wp\/v2\/comments?post=71"}],"version-history":[{"count":13,"href":"https:\/\/semmelweis.hu\/pulmonologia\/wp-json\/wp\/v2\/pages\/71\/revisions"}],"predecessor-version":[{"id":4669,"href":"https:\/\/semmelweis.hu\/pulmonologia\/wp-json\/wp\/v2\/pages\/71\/revisions\/4669"}],"wp:attachment":[{"href":"https:\/\/semmelweis.hu\/pulmonologia\/wp-json\/wp\/v2\/media?parent=71"}],"wp:term":[{"taxonomy":"category","embeddable":true,"href":"https:\/\/semmelweis.hu\/pulmonologia\/wp-json\/wp\/v2\/categories?post=71"},{"taxonomy":"post_tag","embeddable":true,"href":"https:\/\/semmelweis.hu\/pulmonologia\/wp-json\/wp\/v2\/tags?post=71"}],"curies":[{"name":"wp","href":"https:\/\/api.w.org\/{rel}","templated":true}]}}