{"id":54,"date":"2021-05-27T10:07:26","date_gmt":"2021-05-27T08:07:26","guid":{"rendered":"http:\/\/semmelweis-egyetem.hu\/pulmonologia\/?page_id=54"},"modified":"2025-06-24T12:54:20","modified_gmt":"2025-06-24T10:54:20","slug":"posztgradualis-oktatas","status":"publish","type":"page","link":"https:\/\/semmelweis.hu\/pulmonologia\/oktatas\/posztgradualis-oktatas\/","title":{"rendered":"Posztgradu\u00e1lis oktat\u00e1s"},"content":{"rendered":"<h3 id=\"site-title\"><span style=\"font-size: 24pt\">Szakk\u00e9pz\u00e9s\u00a0 \u00a0 \u00a0 \u00a0 \u00a0 \u00a0 \u00a0 \u00a0 \u00a0 \u00a0 \u00a0 <\/span><\/h3>\n<p>A szak- \u00e9s tov\u00e1bbk\u00e9pz\u00e9ssel kapcsolatos \u00fcgyint\u00e9z\u00e9ssel a Semmelweis Egyetem Szak- \u00e9s Tov\u00e1bbk\u00e9pz\u00e9si K\u00f6zpontja foglalkozik.\u00a0 <a href=\"https:\/\/semmelweis.hu\/szak-es-tovabbkepzes\/aok\/\" target=\"_blank\" rel=\"noopener noreferrer\">Tov\u00e1bb a K\u00f6zpont honlapj\u00e1ra<\/a><a href=\"https:\/\/semmelweis.hu\/szak-es-tovabbkepzes\/aok\/\" target=\"_blank\" rel=\"noopener noreferrer\"> \u2192<\/a><\/p>\n<p>Az \u00e1ll\u00e1shelyekre az \u00e9rdekl\u0151d\u0151k (hatod\u00e9ves hallgat\u00f3k is) <b>\u00f6n\u00e9letrajz \u00e9s motiv\u00e1ci\u00f3s lev\u00e9l beny\u00fajt\u00e1s\u00e1val<\/b> jelentkezhetnek a\u00a0<a href=\"mailto:szakestovabbkepzes@semmelweis-univ.hu\">szakestovabbkepzes@semmelweis.hu<\/a>\u00a0c\u00edmen, amely\u00a0p\u00e1ly\u00e1zati anyag a\u00a0<a href=\"https:\/\/reny.hu\/\">RENY rendszerbe<\/a> is ker\u00fclj\u00f6n felt\u00f6lt\u00e9sre.\u00a0<\/p>\n<p><a href=\"https:\/\/semmelweis.hu\/szak-es-tovabbkepzes\/files\/2019\/02\/Magyar-Rezidens-Sz%C3%B6vets%C3%A9g-t%C3%A1j%C3%A9koztat%C3%B3ja-a-szakk%C3%A9pz%C3%A9sbe-l%C3%A9p%C3%A9sr%C5%91l-v%C3%A9gz%C5%91s-hallgat%C3%B3k-r%C3%A9sz%C3%A9re.pdf\">Magyar Rezidens Sz\u00f6vets\u00e9g t\u00e1j\u00e9koztat\u00f3ja a szakk\u00e9pz\u00e9sbe l\u00e9p\u00e9sr\u0151l, v\u00e9gz\u0151s hallgat\u00f3k r\u00e9sz\u00e9re<\/a><\/p>\n","protected":false},"excerpt":{"rendered":"<p>Szakk\u00e9pz\u00e9s\u00a0 \u00a0 \u00a0 \u00a0 \u00a0 \u00a0 \u00a0 \u00a0 \u00a0 \u00a0 \u00a0<br \/>\nA szak- \u00e9s tov\u00e1bbk\u00e9pz\u00e9ssel kapcsolatos \u00fcgyint\u00e9z\u00e9ssel a Semmelweis Egyetem Szak- \u00e9s Tov\u00e1bbk\u00e9pz\u00e9si K\u00f6zpontja foglalkozik.\u00a0 <a href=\"https:\/\/semmelweis.hu\/szak-es-tovabbkepzes\/aok\/\" target=\"_blank\" rel=\"noopener noreferrer\">Tov\u00e1bb a K\u00f6zpont honlapj\u00e1ra<\/a><a href=\"https:\/\/semmelweis.hu\/szak-es-tovabbkepzes\/aok\/\" target=\"_blank\" rel=\"noopener noreferrer\"> \u2192<\/a><br \/>\nAz \u00e1ll\u00e1shelyekre az \u00e9rdekl\u0151d\u0151k (hatod\u00e9ves hallgat\u00f3k is) \u00f6n\u00e9letrajz \u00e9s motiv\u00e1ci\u00f3s lev\u00e9l beny\u00fajt\u00e1s\u00e1val jelentkezhetnek a\u00a0<a href=\"mailto:szakestovabbkepzes@semmelweis-univ.hu\">szakestovabbkepzes@semmelweis.hu<\/a>\u00a0c\u00edmen, amely\u00a0p\u00e1ly\u00e1zati anyag a\u00a0<a href=\"https:\/\/reny.hu\/\">RENY rendszerbe<\/a> is ker\u00fclj\u00f6n felt\u00f6lt\u00e9sre.\u00a0<br \/>\n<a href=\"https:\/\/semmelweis.hu\/szak-es-tovabbkepzes\/files\/2019\/02\/Magyar-Rezidens-Sz%C3%B6vets%C3%A9g-t%C3%A1j%C3%A9koztat%C3%B3ja-a-szakk%C3%A9pz%C3%A9sbe-l%C3%A9p%C3%A9sr%C5%91l-v%C3%A9gz%C5%91s-hallgat%C3%B3k-r%C3%A9sz%C3%A9re.pdf\">Magyar Rezidens Sz\u00f6vets\u00e9g t\u00e1j\u00e9koztat\u00f3ja a szakk\u00e9pz\u00e9sbe l\u00e9p\u00e9sr\u0151l, v\u00e9gz\u0151s hallgat\u00f3k r\u00e9sz\u00e9re<\/a><\/p>\n","protected":false},"author":112,"featured_media":0,"parent":44,"menu_order":2,"comment_status":"closed","ping_status":"closed","template":"","meta":{"_acf_changed":false,"footnotes":""},"categories":[],"tags":[],"class_list":["post-54","page","type-page","status-publish","hentry"],"acf":[],"_links":{"self":[{"href":"https:\/\/semmelweis.hu\/pulmonologia\/wp-json\/wp\/v2\/pages\/54","targetHints":{"allow":["GET"]}}],"collection":[{"href":"https:\/\/semmelweis.hu\/pulmonologia\/wp-json\/wp\/v2\/pages"}],"about":[{"href":"https:\/\/semmelweis.hu\/pulmonologia\/wp-json\/wp\/v2\/types\/page"}],"author":[{"embeddable":true,"href":"https:\/\/semmelweis.hu\/pulmonologia\/wp-json\/wp\/v2\/users\/112"}],"replies":[{"embeddable":true,"href":"https:\/\/semmelweis.hu\/pulmonologia\/wp-json\/wp\/v2\/comments?post=54"}],"version-history":[{"count":12,"href":"https:\/\/semmelweis.hu\/pulmonologia\/wp-json\/wp\/v2\/pages\/54\/revisions"}],"predecessor-version":[{"id":4443,"href":"https:\/\/semmelweis.hu\/pulmonologia\/wp-json\/wp\/v2\/pages\/54\/revisions\/4443"}],"up":[{"embeddable":true,"href":"https:\/\/semmelweis.hu\/pulmonologia\/wp-json\/wp\/v2\/pages\/44"}],"wp:attachment":[{"href":"https:\/\/semmelweis.hu\/pulmonologia\/wp-json\/wp\/v2\/media?parent=54"}],"wp:term":[{"taxonomy":"category","embeddable":true,"href":"https:\/\/semmelweis.hu\/pulmonologia\/wp-json\/wp\/v2\/categories?post=54"},{"taxonomy":"post_tag","embeddable":true,"href":"https:\/\/semmelweis.hu\/pulmonologia\/wp-json\/wp\/v2\/tags?post=54"}],"curies":[{"name":"wp","href":"https:\/\/api.w.org\/{rel}","templated":true}]}}