{"id":5,"date":"2021-10-20T12:40:43","date_gmt":"2021-10-20T10:40:43","guid":{"rendered":"http:\/\/semmelweis-egyetem.hu\/pulmonologia\/?page_id=5"},"modified":"2025-05-26T13:30:13","modified_gmt":"2025-05-26T11:30:13","slug":"elerhetoseg","status":"publish","type":"page","link":"https:\/\/semmelweis.hu\/pulmonologia\/elerhetoseg\/","title":{"rendered":"El\u00e9rhet\u0151s\u00e9g"},"content":{"rendered":"<p style=\"text-align: left\"><span style=\"color: #000000\"><strong><span style=\"font-size: 14pt\"><span style=\"font-size: 18pt\">Semmelweis Egyetem \u00c1ltal\u00e1nos Orvostudom\u00e1nyi Kar, Pulmonol\u00f3giai Klinika\u00a0 <img loading=\"lazy\" decoding=\"async\" class=\"alignnone  wp-image-3731\" src=\"https:\/\/semmelweis.hu\/pulmonologia\/files\/2024\/03\/Pulmonologiai-Klinika-a-fejujitas-utan-400x187.jpg\" alt=\"\" width=\"678\" height=\"317\" srcset=\"https:\/\/semmelweis.hu\/pulmonologia\/files\/2024\/03\/Pulmonologiai-Klinika-a-fejujitas-utan-400x187.jpg 400w, https:\/\/semmelweis.hu\/pulmonologia\/files\/2024\/03\/Pulmonologiai-Klinika-a-fejujitas-utan-768x359.jpg 768w, https:\/\/semmelweis.hu\/pulmonologia\/files\/2024\/03\/Pulmonologiai-Klinika-a-fejujitas-utan-753x351.jpg 753w, https:\/\/semmelweis.hu\/pulmonologia\/files\/2024\/03\/Pulmonologiai-Klinika-a-fejujitas-utan.jpg 1024w\" sizes=\"auto, (max-width: 678px) 100vw, 678px\" \/><br \/>\n<\/span><\/span><br \/>\n<\/strong><\/span><span style=\"color: #808080\"><span style=\"color: #000000\"><span style=\"font-size: 18pt\"><strong>I<span style=\"color: #000000\">gazgat\u00f3:<\/span><\/strong><\/span> <span style=\"color: #003366\"><strong>Prof. Dr. M\u00fcller Veronika, egyetemi tan\u00e1r, az MTA doktora<\/strong><\/span><br \/>\n<\/span><\/span><span style=\"color: #000000\"><strong>C\u00edm:<\/strong> 1083 Budapest, T\u00f6m\u0151 u. 25-29.<\/span><br \/>\n<span style=\"color: #000000\"><strong>Postac\u00edm: <\/strong>1085 Budapest, \u00dcll\u0151i \u00fat 26.<\/span><br \/>\n<span style=\"color: #000000\"><strong>Telefon:<\/strong> 06 1 355-97-33 (Porta)<br \/>\n<\/span><strong><span style=\"color: #000000\">E-mail:<\/span><\/strong><span style=\"color: #000000\"> igazgat\u00f3i titk\u00e1rs\u00e1g: titkarsag.pulm@semmelweis.hu<\/span><\/p>\n<p><strong>T\u00f6megk\u00f6zleked\u00e9ssel<\/strong>: M3 metr\u00f3val Semmelweis Klinik\u00e1k metr\u00f3meg\u00e1ll\u00f3ig, onnan 5 perces s\u00e9t\u00e1val\u00a0 \u00a0<br \/>\n<strong>G\u00e9pkocsiva<\/strong>l: GPS koordin\u00e1ta: \u00c9 47.48527 \u00e9s a K 19.08214<\/p>\n<p><strong>Parkol\u00e1si lehet\u0151s\u00e9gek<\/strong>:<br \/>\nSE Pulmonol\u00f3giai Klinika ter\u00fclet\u00e9n k\u00edv\u00fcli k\u00f6rnyez\u0151 utc\u00e1kban csak fizet\u0151 parkol\u00f3 tal\u00e1lhat\u00f3.<\/p>\n\n<!-- iframe plugin v.4.9 wordpress.org\/plugins\/iframe\/ -->\n<iframe loading=\"lazy\" src=\"https:\/\/www.google.com\/maps\/embed?pb=!1m18!1m12!1m3!1d2696.2454202304284!2d19.079805115626375!3d47.4851321791768!2m3!1f0!2f0!3f0!3m2!1i1024!2i768!4f13.1!3m3!1m2!1s0x4741dcf0f3914981%3A0x2dcd62231198aa28!2zQnVkYXBlc3QsIFTDtm3FkSB1LiAyNS0yOSwgMTA4Mw!5e0!3m2!1shu!2shu!4v1579595611499!5m2!1shu!2shu\" width=\"100%\" height=\"450\" scrolling=\"yes\" class=\"iframe-class\" frameborder=\"0\"><\/iframe>\n\n","protected":false},"excerpt":{"rendered":"<p>Semmelweis Egyetem \u00c1ltal\u00e1nos Orvostudom\u00e1nyi Kar, Pulmonol\u00f3giai Klinika\u00a0 Igazgat\u00f3: Prof. Dr. M\u00fcller Veronika, egyetemi tan\u00e1r, az MTA doktora C\u00edm: 1083 Budapest, T\u00f6m\u0151 u. 25-29. Postac\u00edm: 1085 Budapest, \u00dcll\u0151i \u00fat 26. Telefon: 06 1 355-97-33 (Porta) E-mail: igazgat\u00f3i titk\u00e1rs\u00e1g: titkarsag.pulm@semmelweis.hu T\u00f6megk\u00f6zleked\u00e9ssel: M3 metr\u00f3val Semmelweis Klinik\u00e1k metr\u00f3meg\u00e1ll\u00f3ig, onnan 5 perces s\u00e9t\u00e1val\u00a0 \u00a0 G\u00e9pkocsival: GPS koordin\u00e1ta: \u00c9 47.48527 \u00e9s &hellip;<\/p>\n","protected":false},"author":112,"featured_media":0,"parent":0,"menu_order":6,"comment_status":"closed","ping_status":"closed","template":"","meta":{"_acf_changed":false,"footnotes":""},"categories":[],"tags":[],"class_list":["post-5","page","type-page","status-publish","hentry"],"acf":[],"_links":{"self":[{"href":"https:\/\/semmelweis.hu\/pulmonologia\/wp-json\/wp\/v2\/pages\/5","targetHints":{"allow":["GET"]}}],"collection":[{"href":"https:\/\/semmelweis.hu\/pulmonologia\/wp-json\/wp\/v2\/pages"}],"about":[{"href":"https:\/\/semmelweis.hu\/pulmonologia\/wp-json\/wp\/v2\/types\/page"}],"author":[{"embeddable":true,"href":"https:\/\/semmelweis.hu\/pulmonologia\/wp-json\/wp\/v2\/users\/112"}],"replies":[{"embeddable":true,"href":"https:\/\/semmelweis.hu\/pulmonologia\/wp-json\/wp\/v2\/comments?post=5"}],"version-history":[{"count":12,"href":"https:\/\/semmelweis.hu\/pulmonologia\/wp-json\/wp\/v2\/pages\/5\/revisions"}],"predecessor-version":[{"id":4362,"href":"https:\/\/semmelweis.hu\/pulmonologia\/wp-json\/wp\/v2\/pages\/5\/revisions\/4362"}],"wp:attachment":[{"href":"https:\/\/semmelweis.hu\/pulmonologia\/wp-json\/wp\/v2\/media?parent=5"}],"wp:term":[{"taxonomy":"category","embeddable":true,"href":"https:\/\/semmelweis.hu\/pulmonologia\/wp-json\/wp\/v2\/categories?post=5"},{"taxonomy":"post_tag","embeddable":true,"href":"https:\/\/semmelweis.hu\/pulmonologia\/wp-json\/wp\/v2\/tags?post=5"}],"curies":[{"name":"wp","href":"https:\/\/api.w.org\/{rel}","templated":true}]}}