{"id":395,"date":"2021-05-27T10:24:25","date_gmt":"2021-05-27T08:24:25","guid":{"rendered":"http:\/\/semmelweis.hu\/pulmonologia\/?page_id=395"},"modified":"2026-02-05T13:15:04","modified_gmt":"2026-02-05T12:15:04","slug":"betegjogi-kepviselo","status":"publish","type":"page","link":"https:\/\/semmelweis.hu\/pulmonologia\/altalanos-informaciok\/betegjogi-kepviselo\/","title":{"rendered":"Betegjogi k\u00e9pvisel\u0151"},"content":{"rendered":"<p style=\"text-align: justify\"><strong>Ter\u00fcletileg illet\u00e9kes betegjogi k\u00e9pvisel\u0151:<\/strong><\/p>\n<p style=\"text-align: justify\"><strong>Dr. Mina Andr\u00e1s<br \/>\n<\/strong><strong>Telefonsz\u00e1ma<\/strong><strong>:<\/strong><strong>\u00a0\u00a0+36-20<\/strong><strong>\/489-9577<br \/>\n<\/strong><strong>H\u00edvhat\u00f3:<\/strong>\u00a0h\u00e9tf\u0151t\u0151l-cs\u00fct\u00f6rt\u00f6kig 08:00 \u2013 16:30,\u00a0p\u00e9nteken 08:00 \u2013 14:00<br \/>\n<strong>E-mail c\u00edme<\/strong><strong>:<\/strong>\u00a0 andras.mina@ijsz.bm.gov.hu<\/p>\n<p style=\"text-align: justify\"><strong>FOGAD\u00d3\u00d3RA ID\u0150PONTJA \u00c9S<\/strong><strong>\u00a0HELYE:<\/strong><br \/>\nel\u0151zetes telefonos megbesz\u00e9l\u00e9s szerint<\/p>\n<p style=\"text-align: justify\"><strong>A JOGV\u00c9DELMI K\u00c9PVISEL\u0150 AZ INTEGR\u00c1LT JOGV\u00c9DELMI SZOLG\u00c1LAT (IJSZ) MUNKAT\u00c1RSA.\u00a0<\/strong><strong>A JOGV\u00c9DELMI K\u00c9PVISEL\u0150 AZ EG\u00c9SZS\u00c9G\u00dcGYI INT\u00c9ZM\u00c9NYT\u0150L F\u00dcGGETLEN SZEM\u00c9LY.<\/strong><\/p>\n<p style=\"text-align: justify\">Az Integr\u00e1lt Jogv\u00e9delmi Szolg\u00e1lat \u00e1ltal foglalkoztatott betegjogi k\u00e9pvisel\u0151 az eg\u00e9szs\u00e9g\u00fcgyi int\u00e9zm\u00e9nyekt\u0151l f\u00fcggetlen szem\u00e9lyk\u00e9nt a hat\u00e1lyos eg\u00e9szs\u00e9g\u00fcgyi t\u00f6rv\u00e9nyben (1997. \u00e9vi CLIV. t\u00f6rv\u00e9ny) \u00e9s a 381\/2016. (XII.2.) korm\u00e1nyrendeletben foglaltak alapj\u00e1n j\u00e1rhat el.<\/p>\n<hr \/>\n<p style=\"text-align: justify\"><span style=\"color: #000000;font-size: 14pt\"><strong>A betegjogi k\u00e9pvisel\u0151 tev\u00e9kenys\u00e9ge:\u00a0<\/strong><\/span><\/p>\n<ul style=\"text-align: justify\">\n<li><span style=\"color: #000000;font-size: 14pt\">seg\u00edti a beteget az eg\u00e9szs\u00e9g\u00fcgyi dokument\u00e1ci\u00f3hoz val\u00f3 hozz\u00e1jut\u00e1sban, azzal kapcsolatos megjegyz\u00e9sek, k\u00e9rd\u00e9sek felt\u00e9tel\u00e9ben<\/span><\/li>\n<li><span style=\"color: #000000;font-size: 14pt\">seg\u00edt a betegnek panasza megfogalmaz\u00e1s\u00e1ban, kezdem\u00e9nyezheti annak kivizsg\u00e1l\u00e1s\u00e1t<\/span><\/li>\n<li><span style=\"color: #000000;font-size: 14pt\">a beteg \u00edr\u00e1sbeli meghatalmaz\u00e1sa alapj\u00e1n panaszt tehet az eg\u00e9szs\u00e9g\u00fcgyi szolg\u00e1ltat\u00f3 vezet\u0151j\u00e9n\u00e9l, fenntart\u00f3j\u00e1n\u00e1l, illetve \u2013 a beteg gy\u00f3gykezel\u00e9s\u00e9vel \u00f6sszef\u00fcgg\u0151 \u00fcgyekben- elj\u00e1r az arra hat\u00e1sk\u00f6rrel \u00e9s illet\u00e9kess\u00e9ggel rendelkez\u0151 hat\u00f3s\u00e1gn\u00e1l, \u00e9s ennek sor\u00e1n k\u00e9pviseli a beteget<\/span><\/li>\n<\/ul>\n<p style=\"text-align: justify\"><span style=\"color: #000000\"><strong><a href=\"http:\/\/ijsz.hu\/\" target=\"_blank\" rel=\"noopener noreferrer\">Integr\u00e1lt Jogv\u00e9delmi Szolg\u00e1lat<\/a>:<\/strong><\/span><br \/>\nC\u00edm: H-1134 Budapest, T\u00fcz\u00e9r u. 33. II. em.<br \/>\nPostac\u00edm: 1365 Bp., Pf.: 646.<br \/>\nTelefon: +36 1 8969 000<br \/>\nZ\u00f6ld sz\u00e1m: +36 80 620 055<br \/>\nOn affairs of patients\u2019 right foreign language patients should contact the following phone number: +36 20 489 9614<\/p>\n<p>&nbsp;<\/p>\n<p><span style=\"font-size: 12pt\">Friss\u00edtve 2025.05.19. K\u00e9sz\u00edtette Schifter Judit, j\u00f3v\u00e1hagyta Prof. Dr. M\u00fcller Veronika<\/span><\/p>\n<p>&nbsp;<\/p>\n<p>&nbsp;<\/p>\n","protected":false},"excerpt":{"rendered":"<p>Ter\u00fcletileg illet\u00e9kes betegjogi k\u00e9pvisel\u0151: Dr. Mina Andr\u00e1s Telefonsz\u00e1ma:\u00a0\u00a0+36-20\/489-9577 H\u00edvhat\u00f3:\u00a0h\u00e9tf\u0151t\u0151l-cs\u00fct\u00f6rt\u00f6kig 08:00 \u2013 16:30,\u00a0p\u00e9nteken 08:00 \u2013 14:00 E-mail c\u00edme:\u00a0 andras.mina@ijsz.bm.gov.hu FOGAD\u00d3\u00d3RA ID\u0150PONTJA \u00c9S\u00a0HELYE: el\u0151zetes telefonos megbesz\u00e9l\u00e9s szerint A JOGV\u00c9DELMI K\u00c9PVISEL\u0150 AZ INTEGR\u00c1LT JOGV\u00c9DELMI SZOLG\u00c1LAT (IJSZ) MUNKAT\u00c1RSA.\u00a0A JOGV\u00c9DELMI K\u00c9PVISEL\u0150 AZ EG\u00c9SZS\u00c9G\u00dcGYI INT\u00c9ZM\u00c9NYT\u0150L F\u00dcGGETLEN SZEM\u00c9LY. Az Integr\u00e1lt Jogv\u00e9delmi Szolg\u00e1lat \u00e1ltal foglalkoztatott betegjogi k\u00e9pvisel\u0151 az eg\u00e9szs\u00e9g\u00fcgyi int\u00e9zm\u00e9nyekt\u0151l f\u00fcggetlen szem\u00e9lyk\u00e9nt a &hellip;<\/p>\n","protected":false},"author":112,"featured_media":0,"parent":8,"menu_order":4,"comment_status":"closed","ping_status":"closed","template":"","meta":{"_acf_changed":false,"footnotes":""},"categories":[],"tags":[],"class_list":["post-395","page","type-page","status-publish","hentry"],"acf":[],"_links":{"self":[{"href":"https:\/\/semmelweis.hu\/pulmonologia\/wp-json\/wp\/v2\/pages\/395","targetHints":{"allow":["GET"]}}],"collection":[{"href":"https:\/\/semmelweis.hu\/pulmonologia\/wp-json\/wp\/v2\/pages"}],"about":[{"href":"https:\/\/semmelweis.hu\/pulmonologia\/wp-json\/wp\/v2\/types\/page"}],"author":[{"embeddable":true,"href":"https:\/\/semmelweis.hu\/pulmonologia\/wp-json\/wp\/v2\/users\/112"}],"replies":[{"embeddable":true,"href":"https:\/\/semmelweis.hu\/pulmonologia\/wp-json\/wp\/v2\/comments?post=395"}],"version-history":[{"count":11,"href":"https:\/\/semmelweis.hu\/pulmonologia\/wp-json\/wp\/v2\/pages\/395\/revisions"}],"predecessor-version":[{"id":4926,"href":"https:\/\/semmelweis.hu\/pulmonologia\/wp-json\/wp\/v2\/pages\/395\/revisions\/4926"}],"up":[{"embeddable":true,"href":"https:\/\/semmelweis.hu\/pulmonologia\/wp-json\/wp\/v2\/pages\/8"}],"wp:attachment":[{"href":"https:\/\/semmelweis.hu\/pulmonologia\/wp-json\/wp\/v2\/media?parent=395"}],"wp:term":[{"taxonomy":"category","embeddable":true,"href":"https:\/\/semmelweis.hu\/pulmonologia\/wp-json\/wp\/v2\/categories?post=395"},{"taxonomy":"post_tag","embeddable":true,"href":"https:\/\/semmelweis.hu\/pulmonologia\/wp-json\/wp\/v2\/tags?post=395"}],"curies":[{"name":"wp","href":"https:\/\/api.w.org\/{rel}","templated":true}]}}