{"id":3878,"date":"2024-07-18T09:12:19","date_gmt":"2024-07-18T07:12:19","guid":{"rendered":"https:\/\/semmelweis.hu\/pulmonologia\/?page_id=3878"},"modified":"2025-10-01T10:38:05","modified_gmt":"2025-10-01T08:38:05","slug":"3878-2","status":"publish","type":"page","link":"https:\/\/semmelweis.hu\/pulmonologia\/altalanos-informaciok\/3878-2\/","title":{"rendered":"Bemutatkozik az alv\u00e1slaborat\u00f3rium"},"content":{"rendered":"<div class=\"fontos_div lead\">\n<p style=\"text-align: justify\"><img loading=\"lazy\" decoding=\"async\" class=\"alignnone  wp-image-3880\" src=\"https:\/\/semmelweis.hu\/pulmonologia\/files\/2024\/07\/Alvaslabor-400x267.jpg\" alt=\"\" width=\"421\" height=\"281\" srcset=\"https:\/\/semmelweis.hu\/pulmonologia\/files\/2024\/07\/Alvaslabor-400x267.jpg 400w, https:\/\/semmelweis.hu\/pulmonologia\/files\/2024\/07\/Alvaslabor-1024x683.jpg 1024w, https:\/\/semmelweis.hu\/pulmonologia\/files\/2024\/07\/Alvaslabor-768x512.jpg 768w, https:\/\/semmelweis.hu\/pulmonologia\/files\/2024\/07\/Alvaslabor-753x502.jpg 753w, https:\/\/semmelweis.hu\/pulmonologia\/files\/2024\/07\/Alvaslabor-203x135.jpg 203w, https:\/\/semmelweis.hu\/pulmonologia\/files\/2024\/07\/Alvaslabor.jpg 1200w\" sizes=\"auto, (max-width: 421px) 100vw, 421px\" \/><\/p>\n<p style=\"text-align: justify\"><strong>Az alv\u00e1slaborlaborat\u00f3rium<\/strong><\/p>\n<\/div>\n<p style=\"text-align: justify\">\u00a0<\/p>\n<p style=\"text-align: justify\">Az alv\u00e1slaborat\u00f3rium olyan speci\u00e1lis diagnosztikai egys\u00e9g, ahol az alv\u00e1s k\u00f6zbeni fiziol\u00f3giai folyamatokat, valamint a k\u00fcl\u00f6nf\u00e9le alv\u00e1szavarokat, p\u00e9ld\u00e1ul \u00e1lmatlans\u00e1got, alv\u00e1si apno\u00e9t, \u00e9s nyugtalan l\u00e1b szindr\u00f3m\u00e1t vizsg\u00e1ljuk. A p\u00e1ciensek egy-k\u00e9t \u00e9jszak\u00e1t t\u00f6ltenek itt, mik\u00f6zben k\u00fcl\u00f6nb\u00f6z\u0151 eszk\u00f6z\u00f6kkel monitorozzuk alv\u00e1sukat, bele\u00e9rtve az agyi aktivit\u00e1st (EEG), l\u00e9gz\u00e9st, sz\u00edvritmust \u00e9s izomtev\u00e9kenys\u00e9get. Az adatokat sz\u00e1m\u00edt\u00f3g\u00e9pes rendszerek gy\u0171jtik \u00e9s elemzik, hogy pontos k\u00e9pet adjanak az alv\u00e1s min\u0151s\u00e9g\u00e9r\u0151l \u00e9s a felmer\u00fcl\u0151 probl\u00e9m\u00e1kr\u00f3l. Az alv\u00e1slaborat\u00f3rium szem\u00e9lyzet\u00e9t orvosok, technikusok \u00e9s \u00e1pol\u00f3k alkotj\u00e1k, akik speci\u00e1lis k\u00e9pz\u00e9sben r\u00e9szes\u00fcltek az alv\u00e1smedicina ter\u00fclet\u00e9n. A laborat\u00f3riumi eredm\u00e9nyek alapj\u00e1n az orvosok szem\u00e9lyre szabott kezel\u00e9si terveket k\u00e9sz\u00edtenek a p\u00e1ciensek sz\u00e1m\u00e1ra. Az alv\u00e1svizsg\u00e1latok nemcsak a diagn\u00f3zis fel\u00e1ll\u00edt\u00e1s\u00e1ban seg\u00edtenek, hanem a kezel\u00e9s hat\u00e9konys\u00e1g\u00e1nak nyomon k\u00f6vet\u00e9s\u00e9ben is. Az alv\u00e1slaborat\u00f3rium jelent\u0151s szerepet j\u00e1tszik az alv\u00e1si eg\u00e9szs\u00e9g jav\u00edt\u00e1s\u00e1ban \u00e9s a hossz\u00fa t\u00e1v\u00fa alv\u00e1si probl\u00e9m\u00e1k kezel\u00e9s\u00e9ben.<\/p>\n<p style=\"text-align: justify\">\u00a0<\/p>\n<p style=\"text-align: justify\">A leggyakoribb alv\u00e1szavar: az alv\u00e1si apnoe<\/p>\n<p style=\"text-align: justify\">Az alv\u00e1si apnoe egy gyakori alv\u00e1szavar, amely sor\u00e1n a l\u00e9gz\u00e9s r\u00f6vid id\u0151re ism\u00e9telten le\u00e1ll alv\u00e1s k\u00f6zben. A leggyakoribb t\u00edpusa az obstrukt\u00edv alv\u00e1si apnoe (OSA), ami a l\u00e9gutak elz\u00e1r\u00f3d\u00e1sa miatt k\u00f6vetkezik be. Egy m\u00e1sik t\u00edpus a centr\u00e1lis alv\u00e1si apnoe (CSA), ahol az agy nem k\u00fcld megfelel\u0151 jeleket a l\u00e9gz\u0151izmoknak. Az alv\u00e1si apnoe t\u00fcnetei k\u00f6z\u00e9 tartozik a hangos horkol\u00e1s, a l\u00e9gz\u00e9s sz\u00fcnetel\u00e9se alv\u00e1s k\u00f6zben, \u00e9s a napk\u00f6zbeni f\u00e1radts\u00e1g. Kezel\u00e9s n\u00e9lk\u00fcl az alv\u00e1si apnoe n\u00f6veli a sz\u00edvbetegs\u00e9gek, a magas v\u00e9rnyom\u00e1s, \u00e9s a stroke kock\u00e1zat\u00e1t. A diagn\u00f3zis gyakran alv\u00e1slaborat\u00f3riumi vizsg\u00e1lattal t\u00f6rt\u00e9nik, ahol a p\u00e1ciens l\u00e9gz\u00e9s\u00e9t \u00e9s m\u00e1s fiziol\u00f3giai jellemz\u0151it monitorozz\u00e1k alv\u00e1s k\u00f6zben. A kezel\u00e9s mag\u00e1ban foglalhatja \u00e9letm\u00f3dbeli v\u00e1ltoztat\u00e1sokat, p\u00e9ld\u00e1ul fogy\u00e1st vagy a doh\u00e1nyz\u00e1s abbahagy\u00e1s\u00e1t, valamint eszk\u00f6z\u00f6ket, mint p\u00e9ld\u00e1ul a CPAP (folyamatos pozit\u00edv l\u00e9g\u00fati nyom\u00e1s) g\u00e9p haszn\u00e1lat\u00e1t. S\u00falyos esetekben m\u0171t\u00e9ti beavatkoz\u00e1sra is sz\u00fcks\u00e9g lehet a l\u00e9gutak megnyit\u00e1sa \u00e9rdek\u00e9ben. Az alv\u00e1si apnoe korai felismer\u00e9se \u00e9s kezel\u00e9se jav\u00edtja az \u00e9letmin\u0151s\u00e9get \u00e9s cs\u00f6kkenti a s\u00falyos eg\u00e9szs\u00e9g\u00fcgyi komplik\u00e1ci\u00f3k kock\u00e1zat\u00e1t.<\/p>\n<p style=\"text-align: justify\">\u00a0<\/p>\n<p style=\"text-align: justify\">Hogyan k\u00e9sz\u00fclj\u00f6n az alv\u00e1svizsg\u00e1latra?<\/p>\n<p style=\"text-align: justify\">Az alv\u00e1slaborat\u00f3riumi vizsg\u00e1latra val\u00f3 felk\u00e9sz\u00fcl\u00e9s n\u00e9h\u00e1ny egyszer\u0171 l\u00e9p\u00e9st ig\u00e9nyel, hogy biztos\u00edtsa a vizsg\u00e1lat zavartalans\u00e1g\u00e1t \u00e9s pontoss\u00e1g\u00e1t:<\/p>\n<p style=\"text-align: justify\">1.\u00a0\u00a0\u00a0\u00a0\u00a0\u00a0\u00a0El\u0151jegyzett vizsg\u00e1lati id\u0151pont: A vizsg\u00e1lat elv\u00e9gz\u00e9se el\u0151jegyz\u00e9s alapj\u00e1n t\u00f6rt\u00e9nik. A p\u00e1ciensek \u00e9rkez\u00e9s\u00e9t az el\u0151jegyzett napon 20:00-20:30 k\u00f6z\u00f6tt k\u00e9rj\u00fck. \u00a0<\/p>\n<p style=\"text-align: justify\">2.\u00a0\u00a0\u00a0\u00a0\u00a0\u00a0\u00a0Orvosi utas\u00edt\u00e1sok k\u00f6vet\u00e9se: K\u00e9rje ki orvosa tan\u00e1cs\u00e1t \u00e9s k\u00f6vesse az \u00f6sszes el\u0151zetes utas\u00edt\u00e1st, amelyeket a vizsg\u00e1lat el\u0151tt kap.<\/p>\n<p style=\"text-align: justify\">3.\u00a0\u00a0\u00a0\u00a0\u00a0\u00a0\u00a0Koffein \u00e9s alkohol ker\u00fcl\u00e9se: A vizsg\u00e1lat napj\u00e1n ker\u00fclje a koffein \u00e9s az alkohol fogyaszt\u00e1s\u00e1t, mivel ezek befoly\u00e1solhatj\u00e1k az alv\u00e1st.<\/p>\n<p style=\"text-align: justify\">4.\u00a0\u00a0\u00a0\u00a0\u00a0\u00a0\u00a0Tiszta haj \u00e9s b\u0151r: A fejre \u00e9s testre helyezett \u00e9rz\u00e9kel\u0151k jobb tapad\u00e1sa \u00e9rdek\u00e9ben \u00fcgyeljen arra, hogy haja \u00e9s b\u0151re tiszta legyen, \u00e9s ne haszn\u00e1ljon hajlakkot, g\u00e9lt vagy olajos kr\u00e9meket.<\/p>\n<p style=\"text-align: justify\">5.\u00a0\u00a0\u00a0\u00a0\u00a0\u00a0\u00a0K\u00e9nyelmes ruh\u00e1zat: Hozzon mag\u00e1val k\u00e9nyelmes pizsam\u00e1t vagy h\u00e1l\u00f3ruh\u00e1t, amelyben aludni fog.<\/p>\n<p style=\"text-align: justify\">6.\u00a0\u00a0\u00a0\u00a0\u00a0\u00a0\u00a0Sz\u00fcks\u00e9ges szem\u00e9lyes t\u00e1rgyak: Vigye mag\u00e1val a mindennapi alv\u00e1shoz sz\u00fcks\u00e9ges szem\u00e9lyes t\u00e1rgyakat, p\u00e9ld\u00e1ul fogkef\u00e9t, k\u00f6nyvet vagy alv\u00f3maszkot, ha haszn\u00e1l.<\/p>\n<p style=\"text-align: justify\">7.\u00a0\u00a0\u00a0\u00a0\u00a0\u00a0\u00a0Gy\u00f3gyszerek: Besz\u00e9lje meg orvos\u00e1val, hogy mely gy\u00f3gyszereket vegye be a vizsg\u00e1lat el\u0151tt \u00e9s alatt. Hozza mag\u00e1val a rendszeresen szedett gy\u00f3gyszereit.<\/p>\n<p style=\"text-align: justify\">8.\u00a0\u00a0\u00a0\u00a0\u00a0\u00a0\u00a0\u00c9rkez\u00e9s id\u0151ben: \u00c9rkezzen a laborat\u00f3riumba a megbesz\u00e9lt id\u0151ben, hogy elegend\u0151 id\u0151 legyen az el\u0151k\u00e9sz\u00fcletekre \u00e9s a vizsg\u00e1lat megkezd\u00e9s\u00e9re.<\/p>\n<p style=\"text-align: justify\">9.\u00a0\u00a0\u00a0\u00a0\u00a0\u00a0\u00a0Nyugodt hozz\u00e1\u00e1ll\u00e1s: Pr\u00f3b\u00e1ljon meg pihenni (de a napk\u00f6zben alv\u00e1st ker\u00fclje) \u00e9s stresszmentesen \u00e9rkezni a vizsg\u00e1latra. Az alv\u00e1slaborat\u00f3riumok k\u00f6rnyezete nyugodt \u00e9s k\u00e9nyelmes, hogy seg\u00edtsen az ellazul\u00e1sban.<\/p>\n<p style=\"text-align: justify\">10.\u00a0 \u00a0 \u00a0K\u00e9rd\u00e9sek feltev\u00e9se: Ne habozzon k\u00e9rdezni a laborat\u00f3rium szem\u00e9lyzet\u00e9t\u0151l, ha b\u00e1rmilyen k\u00e9rd\u00e9se vagy aggodalma van a vizsg\u00e1lattal kapcsolatban.<\/p>\n<p style=\"text-align: justify\">\nKlinik\u00e1nkon m\u0171k\u00f6d\u0151 alv\u00e1slaborat\u00f3rium vezet\u0151je Dr. Horv\u00e1th G\u00e1bor egyetemi docens, klinikaigazgat\u00f3-helyettes.<\/p>\n<p style=\"text-align: justify\">A vizsg\u00e1lati el\u0151jegyz\u00e9s visszat\u00e9r\u0151 \u00e9s \u00faj p\u00e1ciensek sz\u00e1m\u00e1ra egyar\u00e1nt a 06 1\/355-97-33, 570-15-\u00f6s mell\u00e9ken t\u00f6rt\u00e9nik, h\u00e9tk\u00f6znaponk\u00e9nt 12-15 \u00f3ra k\u00f6z\u00f6tt.\u00a0\u00a0<\/p>\n<p style=\"text-align: justify\">\nKapcsol\u00f3d\u00f3 cikk: <a href=\"https:\/\/semmelweis.hu\/pulmonologia\/2023\/05\/02\/webbeteg-hu-nagyon-sok-tudobeteget-erint-az-alvasfuggo-legzeszavar\/\">Alv\u00e1sf\u00fcgg\u0151 l\u00e9gz\u00e9szavar <\/a><\/p>\n<p style=\"text-align: justify\">\u00a0<\/p>\n","protected":false},"excerpt":{"rendered":"<p>Az alv\u00e1slaborlaborat\u00f3rium \u00a0 Az alv\u00e1slaborat\u00f3rium olyan speci\u00e1lis diagnosztikai egys\u00e9g, ahol az alv\u00e1s k\u00f6zbeni fiziol\u00f3giai folyamatokat, valamint a k\u00fcl\u00f6nf\u00e9le alv\u00e1szavarokat, p\u00e9ld\u00e1ul \u00e1lmatlans\u00e1got, alv\u00e1si apno\u00e9t, \u00e9s nyugtalan l\u00e1b szindr\u00f3m\u00e1t vizsg\u00e1ljuk. A p\u00e1ciensek egy-k\u00e9t \u00e9jszak\u00e1t t\u00f6ltenek itt, mik\u00f6zben k\u00fcl\u00f6nb\u00f6z\u0151 eszk\u00f6z\u00f6kkel monitorozzuk alv\u00e1sukat, bele\u00e9rtve az agyi aktivit\u00e1st (EEG), l\u00e9gz\u00e9st, sz\u00edvritmust \u00e9s izomtev\u00e9kenys\u00e9get. Az adatokat sz\u00e1m\u00edt\u00f3g\u00e9pes rendszerek gy\u0171jtik \u00e9s elemzik, &hellip;<\/p>\n","protected":false},"author":102265,"featured_media":3880,"parent":8,"menu_order":11,"comment_status":"closed","ping_status":"closed","template":"","meta":{"_acf_changed":false,"footnotes":""},"categories":[],"tags":[],"class_list":["post-3878","page","type-page","status-publish","has-post-thumbnail","hentry"],"acf":[],"_links":{"self":[{"href":"https:\/\/semmelweis.hu\/pulmonologia\/wp-json\/wp\/v2\/pages\/3878","targetHints":{"allow":["GET"]}}],"collection":[{"href":"https:\/\/semmelweis.hu\/pulmonologia\/wp-json\/wp\/v2\/pages"}],"about":[{"href":"https:\/\/semmelweis.hu\/pulmonologia\/wp-json\/wp\/v2\/types\/page"}],"author":[{"embeddable":true,"href":"https:\/\/semmelweis.hu\/pulmonologia\/wp-json\/wp\/v2\/users\/102265"}],"replies":[{"embeddable":true,"href":"https:\/\/semmelweis.hu\/pulmonologia\/wp-json\/wp\/v2\/comments?post=3878"}],"version-history":[{"count":10,"href":"https:\/\/semmelweis.hu\/pulmonologia\/wp-json\/wp\/v2\/pages\/3878\/revisions"}],"predecessor-version":[{"id":4694,"href":"https:\/\/semmelweis.hu\/pulmonologia\/wp-json\/wp\/v2\/pages\/3878\/revisions\/4694"}],"up":[{"embeddable":true,"href":"https:\/\/semmelweis.hu\/pulmonologia\/wp-json\/wp\/v2\/pages\/8"}],"wp:featuredmedia":[{"embeddable":true,"href":"https:\/\/semmelweis.hu\/pulmonologia\/wp-json\/wp\/v2\/media\/3880"}],"wp:attachment":[{"href":"https:\/\/semmelweis.hu\/pulmonologia\/wp-json\/wp\/v2\/media?parent=3878"}],"wp:term":[{"taxonomy":"category","embeddable":true,"href":"https:\/\/semmelweis.hu\/pulmonologia\/wp-json\/wp\/v2\/categories?post=3878"},{"taxonomy":"post_tag","embeddable":true,"href":"https:\/\/semmelweis.hu\/pulmonologia\/wp-json\/wp\/v2\/tags?post=3878"}],"curies":[{"name":"wp","href":"https:\/\/api.w.org\/{rel}","templated":true}]}}