{"id":3582,"date":"2024-01-02T07:53:58","date_gmt":"2024-01-02T06:53:58","guid":{"rendered":"https:\/\/semmelweis.hu\/pulmonologia\/?page_id=3582"},"modified":"2026-02-02T14:19:19","modified_gmt":"2026-02-02T13:19:19","slug":"ambulances","status":"publish","type":"page","link":"https:\/\/semmelweis.hu\/pulmonologia\/ambulances\/","title":{"rendered":"Outpatient Care"},"content":{"rendered":"<ul>\n<li><strong>Outpatient services<\/strong><\/li>\n<\/ul>\n<p>&nbsp;<\/p>\n<p><strong>Respiratory allergology and asthma<\/strong><\/p>\n<p>Appointment and referral required<\/p>\n<p>Registration: +36 1 355 9733, ext. 57015<\/p>\n<p>Specialist physicians:<\/p>\n<p>Prof. Dr. Veronika M\u00fcller<br \/>\nProf. Dr. Lilla Tam\u00e1si<br \/>\nDr. Anik\u00f3 Boh\u00e1cs<br \/>\nDr. Edit Hidv\u00e9gi<br \/>\nDr. Tam\u00e1s Kom\u00e1romi<br \/>\nDr. Gabriella Zs\u00e1mboki<\/p>\n<p>________________________________________<\/p>\n<p><strong>Pulmonology-oncology<\/strong><\/p>\n<p>Pre-registration is required<\/p>\n<p>Registration: +36 1 355 9733<\/p>\n<p>Specialist physicians:<\/p>\n<p>Prof. Dr. Gy\u00f6rgy Losonczy<br \/>\nProf. Dr. Veronika M\u00fcller<br \/>\nProf. Dr. Lilla Tam\u00e1si<br \/>\nDr. Gabriella Zs\u00e1mboki<\/p>\n<p>________________________________________<\/p>\n<p><strong>Pulmonology &#8211; clinical immunology<\/strong><\/p>\n<p>Appointment and referral required<\/p>\n<p>Registration: +36 1 355 9733<\/p>\n<p>Specialist physicians:<br \/>\nProf. Dr. Veronika M\u00fcller<br \/>\nProf. Dr. Lilla Tam\u00e1si<br \/>\nDr. Anik\u00f3 Boh\u00e1cs<br \/>\nDr. Krisztina Vincze<br \/>\nDr. No\u00e9mi Eszes<\/p>\n<p>________________________________________<\/p>\n<p><strong>Cardiology<\/strong><\/p>\n<p>Appointment and referral required<\/p>\n<p>Registration: +36 1 459 1500 ext. 57018<\/p>\n<p>Specialist physicians:<\/p>\n<p>Dr. Gy\u00f6rgyi Cs\u00f3sza<br \/>\nDr. Krist\u00f3f Karl\u00f3cai<\/p>\n<p>________________________________________<\/p>\n<p><strong>General pulmonology<\/strong><\/p>\n<p>Appointment and referral required<\/p>\n<p>Registration: +36 1 355 9733<\/p>\n<p>Specialist physicians:<\/p>\n<p>Prof. Dr. Gy\u00f6rgy Losonczy<br \/>\nProf. Dr. Lilla Tam\u00e1si<br \/>\nDr. Gabriella Zs\u00e1mboki<br \/>\nDr. Anik\u00f3 Boh\u00e1cs<br \/>\n________________________________________<\/p>\n<p><strong>Sleep medicine<\/strong><\/p>\n<p>Appointment and referral required<\/p>\n<p>Registration: +36 1 355 9733<\/p>\n<p>Specialist physician somnologist:<\/p>\n<p>Dr. G\u00e1bor Horv\u00e1th<\/p>\n<p>________________________________________<\/p>\n<p><strong>Lung transplantation<\/strong><\/p>\n<p>Pre-registration is required<\/p>\n<p>Registration: +36 1 355 9733<\/p>\n<p>Specialist physicians:<\/p>\n<p>Prof. Dr. Veronika M\u00fcller<br \/>\nDr. Anik\u00f3 Boh\u00e1cs<br \/>\nDr. No\u00e9mi Eszes<br \/>\nDr. Zsuzsanna Kov\u00e1ts<br \/>\nDr. Krisztina Vincze<\/p>\n<p>________________________________________<\/p>\n<p><strong>Pulmonary rehabilitation<\/strong><\/p>\n<p>Pre-registration required<\/p>\n<p>Registration: +36 1 355 9733<\/p>\n<p>Specialist physicians:<\/p>\n<p>Prof. Dr. Tam\u00e1s J\u00e1nos Varga<br \/>\nDr. Zsuzsanna Kov\u00e1ts<\/p>\n<p>________________________________________<\/p>\n<p><strong>Psychological counseling<\/strong><\/p>\n<p>Pre-registration is required<\/p>\n<p>Registration: +36 1 355 9733<\/p>\n<p>Specialist psychologist:<\/p>\n<p>Dr. Orsolya G\u0151bel<\/p>\n<p>________________________________________<\/p>\n<p><strong>Dietetics<\/strong><\/p>\n<p>Pre-registration is required<\/p>\n<p>Registration: + 36 1 355 9733<\/p>\n<p>Clinic dietician:<\/p>\n<p>Regina Bakos<\/p>\n<p>Borb\u00e1la Szalai<\/p>\n<p>________________________________________<\/p>\n<p><strong>Physiotherapy<\/strong><\/p>\n<p>Pre-registration is required<\/p>\n<p>Registration: + 36 1 355 9733<\/p>\n<p>Attending physician:<\/p>\n<p>Dr. Zsuzsanna Kov\u00e1ts<\/p>\n<p>&nbsp;<\/p>\n<p>&nbsp;<\/p>\n","protected":false},"excerpt":{"rendered":"<p>Outpatient services &nbsp; Respiratory allergology and asthma Appointment and referral required Registration: +36 1 355 9733, ext. 57015 Specialist physicians: Prof. Dr. Veronika M\u00fcller Prof. Dr. Lilla Tam\u00e1si Dr. Anik\u00f3 Boh\u00e1cs Dr. Edit Hidv\u00e9gi Dr. Tam\u00e1s Kom\u00e1romi Dr. Gabriella Zs\u00e1mboki ________________________________________ Pulmonology-oncology Pre-registration is required Registration: +36 1 355 9733 Specialist physicians: Prof. Dr. Gy\u00f6rgy &hellip;<\/p>\n","protected":false},"author":102265,"featured_media":0,"parent":0,"menu_order":0,"comment_status":"closed","ping_status":"closed","template":"","meta":{"_acf_changed":false,"footnotes":""},"categories":[],"tags":[],"class_list":["post-3582","page","type-page","status-publish","hentry"],"acf":[],"_links":{"self":[{"href":"https:\/\/semmelweis.hu\/pulmonologia\/wp-json\/wp\/v2\/pages\/3582","targetHints":{"allow":["GET"]}}],"collection":[{"href":"https:\/\/semmelweis.hu\/pulmonologia\/wp-json\/wp\/v2\/pages"}],"about":[{"href":"https:\/\/semmelweis.hu\/pulmonologia\/wp-json\/wp\/v2\/types\/page"}],"author":[{"embeddable":true,"href":"https:\/\/semmelweis.hu\/pulmonologia\/wp-json\/wp\/v2\/users\/102265"}],"replies":[{"embeddable":true,"href":"https:\/\/semmelweis.hu\/pulmonologia\/wp-json\/wp\/v2\/comments?post=3582"}],"version-history":[{"count":9,"href":"https:\/\/semmelweis.hu\/pulmonologia\/wp-json\/wp\/v2\/pages\/3582\/revisions"}],"predecessor-version":[{"id":4895,"href":"https:\/\/semmelweis.hu\/pulmonologia\/wp-json\/wp\/v2\/pages\/3582\/revisions\/4895"}],"wp:attachment":[{"href":"https:\/\/semmelweis.hu\/pulmonologia\/wp-json\/wp\/v2\/media?parent=3582"}],"wp:term":[{"taxonomy":"category","embeddable":true,"href":"https:\/\/semmelweis.hu\/pulmonologia\/wp-json\/wp\/v2\/categories?post=3582"},{"taxonomy":"post_tag","embeddable":true,"href":"https:\/\/semmelweis.hu\/pulmonologia\/wp-json\/wp\/v2\/tags?post=3582"}],"curies":[{"name":"wp","href":"https:\/\/api.w.org\/{rel}","templated":true}]}}