{"id":3409,"date":"2023-12-19T10:15:08","date_gmt":"2023-12-19T09:15:08","guid":{"rendered":"https:\/\/semmelweis.hu\/pulmonologia\/?page_id=3409"},"modified":"2026-02-05T13:14:40","modified_gmt":"2026-02-05T12:14:40","slug":"a-legzesrehabilitacios-osztaly-szakmai-tevekenysege","status":"publish","type":"page","link":"https:\/\/semmelweis.hu\/pulmonologia\/altalanos-informaciok\/fizioterapia\/a-legzesrehabilitacios-osztaly-szakmai-tevekenysege\/","title":{"rendered":"A L\u00e9gz\u00e9srehabilit\u00e1ci\u00f3s oszt\u00e1ly szakmai tev\u00e9kenys\u00e9ge"},"content":{"rendered":"<p style=\"text-align: justify\">A Semmelweis Egyetem Pulmonol\u00f3giai Klinika L\u00e9gz\u00e9srehabilit\u00e1ci\u00f3s oszt\u00e1lya 2017-ben alakult. 15 fekv\u0151beteg \u00e9s 6 nappali k\u00f3rh\u00e1zas \u00e1gyat foglal mag\u00e1ban. A rehabilit\u00e1ci\u00f3t a nemzetk\u00f6zi standardoknak megfelel\u0151en team munk\u00e1ban v\u00e9gezz\u00fck, a team vezet\u0151je a l\u00e9gz\u00e9srehabilit\u00e1ci\u00f3s szakorvos, amely mellett t\u00fcd\u0151gy\u00f3gy\u00e1sz- \u00e9s kardiol\u00f3gus szakorvos seg\u00edti az orvosi feladatokat, illetve mellkasseb\u00e9sz szakorvossal rendszeres konzult\u00e1ci\u00f3s lehet\u0151s\u00e9g van. A szakdolgoz\u00f3i oldalt figyelembe v\u00e9ve a gy\u00f3gytorn\u00e1szok szerepe kulcsfontoss\u00e1g\u00fa a program fel\u00fcgyelet\u00e9ben \u00e9s emellett pszichol\u00f3gus, dietetikus \u00e9s szoci\u00e1lis munk\u00e1s is seg\u00edti a komplex rehabilit\u00e1ci\u00f3s ell\u00e1t\u00e1st.\u00a0 Nappali k\u00f3rh\u00e1zas \u00e9s fekv\u0151beteg rehabilit\u00e1ci\u00f3t v\u00e9gz\u00fcnk. A hozz\u00e1nk jelentkez\u0151 szakorvos jel\u00f6lt a rehabilit\u00e1ci\u00f3 teljes spektrum\u00e1val tal\u00e1lkozhat. V\u00e1rjuk szeretettel a t\u00fcd\u0151gy\u00f3gy\u00e1sz szakk\u00e9pz\u00e9s keret\u00e9ben 2 h\u00f3nap \u00e9s az orvosi rehabilit\u00e1ci\u00f3 a t\u00fcd\u0151gy\u00f3gy\u00e1szat ter\u00fclet\u00e9n szakk\u00e9pz\u00e9s keret\u00e9ben 20 h\u00f3nap l\u00e9gz\u00e9srehabilit\u00e1ci\u00f3s gyakorlatra a kolleg\u00e1kat. Oktat\u00e1si feladatunkra nagy figyelem \u00f6sszpontosul, a t\u00fcd\u0151gy\u00f3gy\u00e1szati oktat\u00e1sba szervesen bekapcsol\u00f3dik a l\u00e9gz\u00e9srehabilit\u00e1ci\u00f3s oktat\u00e1s magyar, angol \u00e9s n\u00e9met nyelven, a Rehabilit\u00e1ci\u00f3s tant\u00e1rgy keretein bel\u00fcl h\u00e1rom nyelven tartunk gyakorlatokat, illetve magyar \u00e9s angol nyelven t\u00f6rt\u00e9nik az ETK Gy\u00f3gytorn\u00e1sz MSC k\u00e9pz\u00e9s \u00e9s 2022-t\u00f3l \u00faj szabadon v\u00e1laszhat\u00f3 tant\u00e1rgy indult Kardiopulmon\u00e1lis klinikai \u00e9lettan, rehabilit\u00e1ci\u00f3 n\u00e9ven. Az Eur\u00f3pai T\u00fcd\u0151gy\u00f3gy\u00e1sz T\u00e1rsas\u00e1g (ERS) 1.02 \u201ePulmonary rehabilitation and chronic care\u201d szekci\u00f3j\u00e1val akt\u00edv kapcsolatot tartunk, az oszt\u00e1ly \u00e9s a munkacsoport sz\u00e1mos el\u0151ad\u00e1ssal vett r\u00e9szt jelent\u0151s sz\u00e1m\u00fa magyar \u00e9s nemzetk\u00f6zi konferenci\u00e1kon, jelent\u0151s sz\u00e1m\u00fa k\u00f6zlem\u00e9ny jelent meg \u00e9s rendszeres a v\u00e9gzett PhD hallgat\u00f3k sz\u00e1ma.<\/p>\n<p style=\"text-align: justify\">\n<img loading=\"lazy\" decoding=\"async\" class=\"alignnone  wp-image-3514 alignright\" src=\"https:\/\/semmelweis.hu\/pulmonologia\/files\/2023\/12\/SE-Pulm-Kl-foto3-150x150.jpg\" alt=\"\" width=\"221\" height=\"221\" \/> <img loading=\"lazy\" decoding=\"async\" class=\"alignnone  wp-image-3515 alignright\" src=\"https:\/\/semmelweis.hu\/pulmonologia\/files\/2023\/12\/SE-Pulm-Kl-rehab1-150x150.jpg\" alt=\"\" width=\"221\" height=\"221\" \/> <img loading=\"lazy\" decoding=\"async\" class=\"alignnone  wp-image-3516 alignright\" src=\"https:\/\/semmelweis.hu\/pulmonologia\/files\/2023\/12\/SE-Pulm-Klinika-Rehab2-150x150.jpg\" alt=\"\" width=\"227\" height=\"227\" \/><\/p>\n<p style=\"text-align: justify\">Oszt\u00e1lyok: Nappali K\u00f3rh\u00e1zas Rehabilit\u00e1ci\u00f3s oszt\u00e1ly, Fekv\u0151beteg L\u00e9gz\u0151szervi Rehabilit\u00e1ci\u00f3s oszt\u00e1ly<\/p>\n<p style=\"text-align: justify\">A k\u00e9pz\u0151hely f\u0151 profilja: C\u00e9lcsoportk\u00e9nt COPD-s betegeket, interstici\u00e1lis t\u00fcd\u0151betegeket, bronchiectasias-, cystas fibrosisos-, pulmon\u00e1lis hypert\u00f3ni\u00e1s betegeket l\u00e1tunk el, perioperat\u00edv \u00e1llapotokban kiemelt a t\u00fcd\u0151transzplant\u00e1ci\u00f3s- \u00e9s a t\u00fcd\u0151r\u00e1kos betegek rehabilit\u00e1ci\u00f3ja.<\/p>\n<p style=\"text-align: justify\">A k\u00e9pz\u0151hely vezet\u0151j\u00e9nek neve \u00e9s el\u00e9rhet\u0151s\u00e9ge:<\/p>\n<p style=\"text-align: justify\">Prof. Dr. M\u00fcller Veronika<br \/>\nKapcsolattart\u00f3: Prof. Dr. Varga J\u00e1nos Tam\u00e1s<br \/>\n0620\/8250248<br \/>\ntitkarsag.pulm@semmelweis.hu<\/p>\n<p style=\"text-align: justify\">A k\u00e9pz\u0151helyr\u0151l sz\u00edvesen ad inform\u00e1ci\u00f3t orvostanhallgat\u00f3knak, rezidenseknek \u00e9s szakorvosoknak:<br \/>\nDr. Kov\u00e1ts Zsuzsanna<br \/>\nkovats.zsuszanna@semmelweis.hu<\/p>\n<p style=\"text-align: justify\">L\u00e9gz\u00e9srehabilit\u00e1ci\u00f3ra t\u00f6rt\u00e9n\u0151 beutal\u00e1s rendje:<\/p>\n<p style=\"text-align: justify\">Nappali k\u00f3rh\u00e1zas- \u00e9s fekv\u0151beteg l\u00e9gz\u00e9srehabilit\u00e1ci\u00f3s ell\u00e1t\u00e1s<br \/>\nH\u00e1ziorvos, belgy\u00f3gy\u00e1sz, t\u00fcd\u0151gy\u00f3gy\u00e1sz k\u00fcldheti a beteget L\u00e9gz\u00e9srehabilit\u00e1ci\u00f3s konz\u00edliumba, majd innen ker\u00fcl el\u0151jegyz\u00e9sre a l\u00e9gz\u00e9srehabilit\u00e1ci\u00f3s ell\u00e1t\u00e1sra.<\/p>\n<p><span style=\"font-size: 12pt\">Friss\u00edtve: 2025.05.20. K\u00e9sz\u00edtette \u00e9s j\u00f3v\u00e1hagyta Prof. Dr. Varga J\u00e1nos Tam\u00e1s. \u00c9rv\u00e9nyes visszavon\u00e1sig.<\/span><\/p>\n","protected":false},"excerpt":{"rendered":"<p>A Semmelweis Egyetem Pulmonol\u00f3giai Klinika L\u00e9gz\u00e9srehabilit\u00e1ci\u00f3s oszt\u00e1lya 2017-ben alakult. 15 fekv\u0151beteg \u00e9s 6 nappali k\u00f3rh\u00e1zas \u00e1gyat foglal mag\u00e1ban. A rehabilit\u00e1ci\u00f3t a nemzetk\u00f6zi standardoknak megfelel\u0151en team munk\u00e1ban v\u00e9gezz\u00fck, a team vezet\u0151je a l\u00e9gz\u00e9srehabilit\u00e1ci\u00f3s szakorvos, amely mellett t\u00fcd\u0151gy\u00f3gy\u00e1sz- \u00e9s kardiol\u00f3gus szakorvos seg\u00edti az orvosi feladatokat, illetve mellkasseb\u00e9sz szakorvossal rendszeres konzult\u00e1ci\u00f3s lehet\u0151s\u00e9g van. A szakdolgoz\u00f3i oldalt figyelembe v\u00e9ve &hellip;<\/p>\n","protected":false},"author":102265,"featured_media":0,"parent":1825,"menu_order":10,"comment_status":"closed","ping_status":"closed","template":"","meta":{"_acf_changed":false,"footnotes":""},"categories":[],"tags":[],"class_list":["post-3409","page","type-page","status-publish","hentry"],"acf":[],"_links":{"self":[{"href":"https:\/\/semmelweis.hu\/pulmonologia\/wp-json\/wp\/v2\/pages\/3409","targetHints":{"allow":["GET"]}}],"collection":[{"href":"https:\/\/semmelweis.hu\/pulmonologia\/wp-json\/wp\/v2\/pages"}],"about":[{"href":"https:\/\/semmelweis.hu\/pulmonologia\/wp-json\/wp\/v2\/types\/page"}],"author":[{"embeddable":true,"href":"https:\/\/semmelweis.hu\/pulmonologia\/wp-json\/wp\/v2\/users\/102265"}],"replies":[{"embeddable":true,"href":"https:\/\/semmelweis.hu\/pulmonologia\/wp-json\/wp\/v2\/comments?post=3409"}],"version-history":[{"count":8,"href":"https:\/\/semmelweis.hu\/pulmonologia\/wp-json\/wp\/v2\/pages\/3409\/revisions"}],"predecessor-version":[{"id":4925,"href":"https:\/\/semmelweis.hu\/pulmonologia\/wp-json\/wp\/v2\/pages\/3409\/revisions\/4925"}],"up":[{"embeddable":true,"href":"https:\/\/semmelweis.hu\/pulmonologia\/wp-json\/wp\/v2\/pages\/1825"}],"wp:attachment":[{"href":"https:\/\/semmelweis.hu\/pulmonologia\/wp-json\/wp\/v2\/media?parent=3409"}],"wp:term":[{"taxonomy":"category","embeddable":true,"href":"https:\/\/semmelweis.hu\/pulmonologia\/wp-json\/wp\/v2\/categories?post=3409"},{"taxonomy":"post_tag","embeddable":true,"href":"https:\/\/semmelweis.hu\/pulmonologia\/wp-json\/wp\/v2\/tags?post=3409"}],"curies":[{"name":"wp","href":"https:\/\/api.w.org\/{rel}","templated":true}]}}