{"id":3217,"date":"2023-05-22T18:01:47","date_gmt":"2023-05-22T16:01:47","guid":{"rendered":"https:\/\/semmelweis.hu\/pulmonologia\/?page_id=3217"},"modified":"2026-01-06T09:11:49","modified_gmt":"2026-01-06T08:11:49","slug":"maszkviselesi-szabaly","status":"publish","type":"page","link":"https:\/\/semmelweis.hu\/pulmonologia\/maszkviselesi-szabaly\/","title":{"rendered":"Maszkvisel\u00e9si szab\u00e1ly"},"content":{"rendered":"<p style=\"text-align: justify\">Tov\u00e1bbra is elk\u00f6telezettek vagyunk a l\u00e9g\u00fati fert\u0151z\u00e9sek elleni v\u00e9delemben, ez\u00e9rt az \u00d6n saj\u00e1t v\u00e9delm\u00e9ben a Pulmonol\u00f3giai Klinik\u00e1n sz\u00fcks\u00e9ges a maszk visel\u00e9se.<\/p>\n<p style=\"text-align: justify\">Egy\u00fcttm\u0171k\u00f6d\u00e9s\u00e9t k\u00f6sz\u00f6nj\u00fck!<\/p>\n<p><span style=\"font-size: 10pt\">Friss\u00edtve 2025.05.19. K\u00e9sz\u00edtette Schifter Judit, j\u00f3v\u00e1hagyta Prof. Dr. M\u00fcller Veronika. \u00c9rv\u00e9nyes: visszavon\u00e1sig.\u00a0<\/span><\/p>\n","protected":false},"excerpt":{"rendered":"<p>Tov\u00e1bbra is elk\u00f6telezettek vagyunk a l\u00e9g\u00fati fert\u0151z\u00e9sek elleni v\u00e9delemben, ez\u00e9rt az \u00d6n saj\u00e1t v\u00e9delm\u00e9ben a Pulmonol\u00f3giai Klinik\u00e1n sz\u00fcks\u00e9ges a maszk visel\u00e9se.<br \/>\nEgy\u00fcttm\u0171k\u00f6d\u00e9s\u00e9t k\u00f6sz\u00f6nj\u00fck!<br \/>\nFriss\u00edtve 2025.05.19. K\u00e9sz\u00edtette Schifter Judit, j\u00f3v\u00e1hagyta Prof. Dr. M\u00fcller Veronika. \u00c9rv\u00e9nyes: visszavon\u00e1sig.\u00a0<\/p>\n","protected":false},"author":102083,"featured_media":0,"parent":0,"menu_order":0,"comment_status":"closed","ping_status":"closed","template":"","meta":{"_acf_changed":false,"footnotes":""},"categories":[],"tags":[],"class_list":["post-3217","page","type-page","status-publish","hentry"],"acf":[],"_links":{"self":[{"href":"https:\/\/semmelweis.hu\/pulmonologia\/wp-json\/wp\/v2\/pages\/3217","targetHints":{"allow":["GET"]}}],"collection":[{"href":"https:\/\/semmelweis.hu\/pulmonologia\/wp-json\/wp\/v2\/pages"}],"about":[{"href":"https:\/\/semmelweis.hu\/pulmonologia\/wp-json\/wp\/v2\/types\/page"}],"author":[{"embeddable":true,"href":"https:\/\/semmelweis.hu\/pulmonologia\/wp-json\/wp\/v2\/users\/102083"}],"replies":[{"embeddable":true,"href":"https:\/\/semmelweis.hu\/pulmonologia\/wp-json\/wp\/v2\/comments?post=3217"}],"version-history":[{"count":7,"href":"https:\/\/semmelweis.hu\/pulmonologia\/wp-json\/wp\/v2\/pages\/3217\/revisions"}],"predecessor-version":[{"id":4840,"href":"https:\/\/semmelweis.hu\/pulmonologia\/wp-json\/wp\/v2\/pages\/3217\/revisions\/4840"}],"wp:attachment":[{"href":"https:\/\/semmelweis.hu\/pulmonologia\/wp-json\/wp\/v2\/media?parent=3217"}],"wp:term":[{"taxonomy":"category","embeddable":true,"href":"https:\/\/semmelweis.hu\/pulmonologia\/wp-json\/wp\/v2\/categories?post=3217"},{"taxonomy":"post_tag","embeddable":true,"href":"https:\/\/semmelweis.hu\/pulmonologia\/wp-json\/wp\/v2\/tags?post=3217"}],"curies":[{"name":"wp","href":"https:\/\/api.w.org\/{rel}","templated":true}]}}