{"id":3189,"date":"2023-05-10T17:03:39","date_gmt":"2023-05-10T15:03:39","guid":{"rendered":"https:\/\/semmelweis.hu\/pulmonologia\/?page_id=3189"},"modified":"2025-10-01T10:31:32","modified_gmt":"2025-10-01T08:31:32","slug":"klinikavezeto-apoloi-koszonto","status":"publish","type":"page","link":"https:\/\/semmelweis.hu\/pulmonologia\/klinikavezeto-apoloi-koszonto\/","title":{"rendered":"Klinikavezet\u0151 \u00e1pol\u00f3i k\u00f6sz\u00f6nt\u0151"},"content":{"rendered":"<p style=\"text-align: justify\">Kedves L\u00e1togat\u00f3!<\/p>\n<p style=\"text-align: justify\"><img loading=\"lazy\" decoding=\"async\" class=\"wp-image-3194 alignright\" src=\"https:\/\/semmelweis.hu\/pulmonologia\/files\/2023\/05\/BallaiJ.-354x400.jpg\" alt=\"\" width=\"265\" height=\"299\" srcset=\"https:\/\/semmelweis.hu\/pulmonologia\/files\/2023\/05\/BallaiJ.-354x400.jpg 354w, https:\/\/semmelweis.hu\/pulmonologia\/files\/2023\/05\/BallaiJ.-906x1024.jpg 906w, https:\/\/semmelweis.hu\/pulmonologia\/files\/2023\/05\/BallaiJ.-768x868.jpg 768w, https:\/\/semmelweis.hu\/pulmonologia\/files\/2023\/05\/BallaiJ.-753x851.jpg 753w, https:\/\/semmelweis.hu\/pulmonologia\/files\/2023\/05\/BallaiJ..jpg 1192w\" sizes=\"auto, (max-width: 265px) 100vw, 265px\" \/><\/p>\n<p style=\"text-align: justify\">A szakdolgoz\u00f3k nev\u00e9ben sok szeretettel k\u00f6sz\u00f6nt\u00f6m \u00d6nt Klinik\u00e1nk honlapj\u00e1n! \u00c1pol\u00f3ink, asszisztenseink magasan k\u00e9pzett \u00e9s sok \u00e9ves gyakorlattal rendelkez\u0151 szakdolgoz\u00f3kb\u00f3l \u00e1llnak. A betegell\u00e1t\u00e1s mellett \u00e1pol\u00f3, ment\u0151tiszt, sz\u00fcl\u00e9szn\u0151, gy\u00f3gytorn\u00e1sz \u00e9s orvostanhallgat\u00f3kat oktatunk \u00e1pol\u00e1stan \u00e9s belgy\u00f3gy\u00e1szat t\u00e9mak\u00f6rben. Gy\u00f3gytorn\u00e1sz hallgat\u00f3k oktat\u00e1s\u00e1t angol nyelven is v\u00e9gezz\u00fck. Hangs\u00falyt fektet\u00fcnk a klinikai kutat\u00e1sokban val\u00f3 r\u00e9szv\u00e9telre. Szakmai konferenci\u00e1kon a szakdolgoz\u00f3i szekci\u00f3 szervez\u00e9s\u00e9ben r\u00e9szt vesz\u00fcnk \u00e9s szakmai el\u0151ad\u00e1sokat tartunk.<\/p>\n<p style=\"text-align: justify\">Honlapunkon j\u00f3 b\u00f6ng\u00e9sz\u00e9st k\u00edv\u00e1nok!<\/p>\n<p style=\"text-align: justify\">Ballai Judit<br \/>\nKlinikai vezet\u0151 \u00e1pol\u00f3<\/p>\n<p style=\"text-align: justify\"><span style=\"font-size: 12pt\">Friss\u00edtve: 2025.05.19. K\u00e9sz\u00edtette Schifter Judit, j\u00f3v\u00e1hagyta Ballai Judit. \u00c9rv\u00e9nyes: visszavon\u00e1sig<\/span><\/p>\n","protected":false},"excerpt":{"rendered":"<p>Kedves L\u00e1togat\u00f3! A szakdolgoz\u00f3k nev\u00e9ben sok szeretettel k\u00f6sz\u00f6nt\u00f6m \u00d6nt Klinik\u00e1nk honlapj\u00e1n! \u00c1pol\u00f3ink, asszisztenseink magasan k\u00e9pzett \u00e9s sok \u00e9ves gyakorlattal rendelkez\u0151 szakdolgoz\u00f3kb\u00f3l \u00e1llnak. A betegell\u00e1t\u00e1s mellett \u00e1pol\u00f3, ment\u0151tiszt, sz\u00fcl\u00e9szn\u0151, gy\u00f3gytorn\u00e1sz \u00e9s orvostanhallgat\u00f3kat oktatunk \u00e1pol\u00e1stan \u00e9s belgy\u00f3gy\u00e1szat t\u00e9mak\u00f6rben. Gy\u00f3gytorn\u00e1sz hallgat\u00f3k oktat\u00e1s\u00e1t angol nyelven is v\u00e9gezz\u00fck. Hangs\u00falyt fektet\u00fcnk a klinikai kutat\u00e1sokban val\u00f3 r\u00e9szv\u00e9telre. Szakmai konferenci\u00e1kon a szakdolgoz\u00f3i szekci\u00f3 &hellip;<\/p>\n","protected":false},"author":102083,"featured_media":0,"parent":0,"menu_order":0,"comment_status":"closed","ping_status":"closed","template":"","meta":{"_acf_changed":false,"footnotes":""},"categories":[],"tags":[],"class_list":["post-3189","page","type-page","status-publish","hentry"],"acf":[],"_links":{"self":[{"href":"https:\/\/semmelweis.hu\/pulmonologia\/wp-json\/wp\/v2\/pages\/3189","targetHints":{"allow":["GET"]}}],"collection":[{"href":"https:\/\/semmelweis.hu\/pulmonologia\/wp-json\/wp\/v2\/pages"}],"about":[{"href":"https:\/\/semmelweis.hu\/pulmonologia\/wp-json\/wp\/v2\/types\/page"}],"author":[{"embeddable":true,"href":"https:\/\/semmelweis.hu\/pulmonologia\/wp-json\/wp\/v2\/users\/102083"}],"replies":[{"embeddable":true,"href":"https:\/\/semmelweis.hu\/pulmonologia\/wp-json\/wp\/v2\/comments?post=3189"}],"version-history":[{"count":9,"href":"https:\/\/semmelweis.hu\/pulmonologia\/wp-json\/wp\/v2\/pages\/3189\/revisions"}],"predecessor-version":[{"id":4691,"href":"https:\/\/semmelweis.hu\/pulmonologia\/wp-json\/wp\/v2\/pages\/3189\/revisions\/4691"}],"wp:attachment":[{"href":"https:\/\/semmelweis.hu\/pulmonologia\/wp-json\/wp\/v2\/media?parent=3189"}],"wp:term":[{"taxonomy":"category","embeddable":true,"href":"https:\/\/semmelweis.hu\/pulmonologia\/wp-json\/wp\/v2\/categories?post=3189"},{"taxonomy":"post_tag","embeddable":true,"href":"https:\/\/semmelweis.hu\/pulmonologia\/wp-json\/wp\/v2\/tags?post=3189"}],"curies":[{"name":"wp","href":"https:\/\/api.w.org\/{rel}","templated":true}]}}