{"id":3155,"date":"2023-04-22T07:39:29","date_gmt":"2023-04-22T05:39:29","guid":{"rendered":"https:\/\/semmelweis.hu\/pulmonologia\/?page_id=3155"},"modified":"2026-03-18T14:21:18","modified_gmt":"2026-03-18T13:21:18","slug":"szakdolgozoink","status":"publish","type":"page","link":"https:\/\/semmelweis.hu\/pulmonologia\/szakdolgozoink\/","title":{"rendered":"Szakdolgoz\u00f3ink"},"content":{"rendered":"<p><strong><span style=\"text-decoration: underline;color: #000000\">Klinikai vezet\u0151 \u00e1pol\u00f3: Ballai Judit\u00a0<\/span><\/strong><\/p>\n<p><span style=\"color: #000000\"><strong><u>Fekv\u0151beteg oszt\u00e1lyok:<\/u><\/strong><\/span><\/p>\n<p><strong>2. emelet<br \/>\nBalogh Anett- f\u0151n\u0151v\u00e9r \u00a0\u00a0\u00a0\u00a0\u00a0\u00a0\u00a0\u00a0\u00a0\u00a0\u00a0\u00a0\u00a0\u00a0\u00a0\u00a0\u00a0\u00a0\u00a0\u00a0\u00a0\u00a0\u00a0\u00a0\u00a0<\/strong><\/p>\n<p>Dombai \u00c1gnes\u00a0 \u00a0\u00a0\u00a0\u00a0\u00a0\u00a0\u00a0\u00a0\u00a0\u00a0\u00a0\u00a0\u00a0\u00a0\u00a0\u00a0\u00a0\u00a0\u00a0\u00a0\u00a0\u00a0\u00a0\u00a0\u00a0\u00a0\u00a0\u00a0\u00a0\u00a0\u00a0\u00a0\u00a0\u00a0\u00a0\u00a0\u00a0\u00a0\u00a0\u00a0\u00a0\u00a0\u00a0\u00a0\u00a0\u00a0\u00a0\u00a0\u00a0<\/p>\n<p>Kurucz Alexandra \u00a0\u00a0\u00a0\u00a0\u00a0\u00a0\u00a0\u00a0\u00a0\u00a0\u00a0\u00a0\u00a0\u00a0\u00a0\u00a0\u00a0\u00a0\u00a0\u00a0\u00a0\u00a0\u00a0\u00a0\u00a0\u00a0\u00a0\u00a0\u00a0\u00a0\u00a0\u00a0\u00a0\u00a0\u00a0\u00a0\u00a0\u00a0\u00a0\u00a0\u00a0\u00a0\u00a0\u00a0\u00a0\u00a0 \u00a0 \u00a0 \u00a0 \u00a0 \u00a0 \u00a0 \u00a0 \u00a0 \u00a0 \u00a0 \u00a0 \u00a0 \u00a0 \u00a0 \u00a0 \u00a0 \u00a0 \u00a0 \u00a0\u00a0<\/p>\n<p>Pernesz Andrea<\/p>\n<p>Sipos K\u00e1roly\u00a0\u00a0\u00a0\u00a0\u00a0\u00a0\u00a0\u00a0\u00a0\u00a0\u00a0\u00a0\u00a0\u00a0\u00a0\u00a0\u00a0\u00a0\u00a0\u00a0\u00a0\u00a0\u00a0\u00a0\u00a0\u00a0\u00a0\u00a0\u00a0\u00a0\u00a0<\/p>\n<p>Pliske Ang\u00e9la<\/p>\n<p>Madar\u00e1sz Katalin<\/p>\n<p>L\u00e1szl\u00f3n\u00e9 S\u00f6r\u00f6s Andrea<\/p>\n<p>Mikl\u00f3s G\u00e1born\u00e9<\/p>\n<p>Fazekas Be\u00e1ta<\/p>\n<p>Czibere Enik\u0151<\/p>\n<p>Bukaiova Brigitta<\/p>\n<p>Fucsk\u00e1r Krisztina<\/p>\n<p>Biliboc Lenuta<\/p>\n<p>&nbsp;<\/p>\n<p><strong>2. emelet Nem-invaz\u00edv l\u00e9gz\u00e9ster\u00e1pi\u00e1s oszt\u00e1ly<br \/>\n<\/strong><strong>Magyarn\u00e9 Nokta Krisztina- f\u0151n\u0151v\u00e9r\u00a0 \u00a0 \u00a0 \u00a0 \u00a0 \u00a0 \u00a0 \u00a0 \u00a0 \u00a0 \u00a0 \u00a0 \u00a0 \u00a0 \u00a0 \u00a0 \u00a0 <\/strong>\u00a0 \u00a0 \u00a0 \u00a0 \u00a0 \u00a0 \u00a0 \u00a0 \u00a0 \u00a0 \u00a0 \u00a0 \u00a0 \u00a0 \u00a0 \u00a0 \u00a0 \u00a0 \u00a0 \u00a0<\/p>\n<p>Danisn\u00e9 F\u00fcle Judit\u00a0 \u00a0 \u00a0 \u00a0 \u00a0 \u00a0 \u00a0 \u00a0 \u00a0 \u00a0 \u00a0 \u00a0 \u00a0 \u00a0 \u00a0 \u00a0 \u00a0<\/p>\n<p>Danis P\u00e9ter P\u00e1l\u00a0 \u00a0 \u00a0 \u00a0 \u00a0 \u00a0 \u00a0 \u00a0 \u00a0 \u00a0 \u00a0 \u00a0 \u00a0 \u00a0 \u00a0 \u00a0 \u00a0 \u00a0 \u00a0 \u00a0 \u00a0 \u00a0 \u00a0 \u00a0 \u00a0 \u00a0 \u00a0 \u00a0 \u00a0 \u00a0 \u00a0 \u00a0 \u00a0 \u00a0 \u00a0 \u00a0 \u00a0 \u00a0 \u00a0 \u00a0 \u00a0<\/p>\n<p>Deli Adrienn\u00a0 \u00a0 \u00a0 \u00a0 \u00a0 \u00a0 \u00a0 \u00a0 \u00a0 \u00a0 \u00a0 \u00a0 \u00a0 \u00a0 \u00a0 \u00a0 \u00a0 \u00a0 \u00a0 \u00a0 \u00a0 \u00a0 \u00a0 \u00a0 \u00a0 \u00a0 \u00a0 \u00a0 \u00a0 \u00a0 \u00a0 \u00a0 \u00a0 \u00a0 \u00a0 \u00a0 \u00a0 \u00a0 \u00a0 \u00a0 \u00a0 \u00a0<\/p>\n<p>Erd\u00e9lyi Istv\u00e1nn\u00e9\u00a0 \u00a0 \u00a0 \u00a0 \u00a0 \u00a0 \u00a0 \u00a0 \u00a0 \u00a0 \u00a0 \u00a0 \u00a0 \u00a0 \u00a0 \u00a0 \u00a0 \u00a0 \u00a0 \u00a0 \u00a0 \u00a0 \u00a0 \u00a0 \u00a0<\/p>\n<p>Bauer \u00c9va\u00a0 \u00a0 \u00a0 \u00a0 \u00a0 \u00a0 \u00a0 \u00a0 \u00a0 \u00a0 \u00a0 \u00a0 \u00a0 \u00a0 \u00a0 \u00a0 \u00a0 \u00a0 \u00a0 \u00a0 \u00a0 \u00a0 \u00a0 \u00a0 \u00a0 \u00a0 \u00a0 \u00a0 \u00a0 \u00a0 \u00a0 \u00a0 \u00a0 \u00a0 \u00a0 \u00a0<\/p>\n<p>Csics\u00e1k Rebeka\u00a0 \u00a0 \u00a0 \u00a0 \u00a0 \u00a0 \u00a0 \u00a0 \u00a0 \u00a0 \u00a0 \u00a0 \u00a0 \u00a0 \u00a0 \u00a0 \u00a0 \u00a0 \u00a0 \u00a0 \u00a0 \u00a0 \u00a0 \u00a0 \u00a0 \u00a0 \u00a0<\/p>\n<p>Seres Szilvia\u00a0 \u00a0 \u00a0 \u00a0 \u00a0 \u00a0 \u00a0 \u00a0 \u00a0 \u00a0 \u00a0 \u00a0 \u00a0 \u00a0 \u00a0 \u00a0 \u00a0 \u00a0 \u00a0 \u00a0 \u00a0 \u00a0 \u00a0 \u00a0 \u00a0 \u00a0 \u00a0 \u00a0 \u00a0 \u00a0\u00a0<\/p>\n<p>Donk\u00f3 Tibor\u00a0 \u00a0 \u00a0 \u00a0 \u00a0 \u00a0 \u00a0 \u00a0 \u00a0 \u00a0 \u00a0<\/p>\n<p>Sukin\u00e9 Bacsa Erzs\u00e9bet\u00a0 \u00a0<\/p>\n<p>Guth Zs\u00f3fia<\/p>\n<p>Varga Karolina<\/p>\n<p>&nbsp;<\/p>\n<p><strong>3. emelet<br \/>\n<\/strong><strong>Rost\u00e1s Csilla- f\u0151n\u0151v\u00e9r\u00a0\u00a0 \u00a0\u00a0\u00a0\u00a0\u00a0\u00a0\u00a0\u00a0\u00a0\u00a0\u00a0\u00a0\u00a0\u00a0\u00a0\u00a0\u00a0\u00a0\u00a0\u00a0\u00a0\u00a0\u00a0\u00a0\u00a0\u00a0\u00a0\u00a0\u00a0\u00a0\u00a0\u00a0\u00a0\u00a0\u00a0\u00a0\u00a0\u00a0\u00a0\u00a0\u00a0\u00a0\u00a0\u00a0\u00a0<\/strong><\/p>\n<div dir=\"auto\">\n<p>T\u00e1borszki\u00a0 L\u00e1szl\u00f3n\u00e9\u00a0 \u00a0\u00a0 \u00a0 \u00a0 \u00a0 \u00a0 \u00a0 \u00a0 \u00a0 \u00a0 \u00a0 \u00a0 \u00a0 \u00a0 \u00a0 \u00a0 \u00a0<\/p>\n<p>Gemeter Edit\u00a0 \u00a0 \u00a0 \u00a0 \u00a0 \u00a0 \u00a0 \u00a0 \u00a0 \u00a0 \u00a0 \u00a0 \u00a0 \u00a0 \u00a0 \u00a0 \u00a0 \u00a0 \u00a0 \u00a0 \u00a0 \u00a0 \u00a0 \u00a0 \u00a0 \u00a0 \u00a0 \u00a0 \u00a0 \u00a0 \u00a0 \u00a0 \u00a0 \u00a0 \u00a0 \u00a0 \u00a0 \u00a0 \u00a0 \u00a0 \u00a0 \u00a0\u00a0 \u00a0 \u00a0 \u00a0 \u00a0 \u00a0 \u00a0 \u00a0 \u00a0 \u00a0 \u00a0 \u00a0 \u00a0 \u00a0 \u00a0 \u00a0 \u00a0 \u00a0 \u00a0 \u00a0 \u00a0 \u00a0 \u00a0 \u00a0 \u00a0 \u00a0 \u00a0 \u00a0 \u00a0 \u00a0 \u00a0 \u00a0 \u00a0 \u00a0 \u00a0 \u00a0 \u00a0<\/p>\n<p>Pika Margit\u00a0 \u00a0 \u00a0 \u00a0 \u00a0 \u00a0 \u00a0 \u00a0 \u00a0 \u00a0 \u00a0 \u00a0 \u00a0 \u00a0 \u00a0 \u00a0 \u00a0 \u00a0 \u00a0 \u00a0 \u00a0 \u00a0 \u00a0 \u00a0 \u00a0 \u00a0 \u00a0 \u00a0 \u00a0 \u00a0 \u00a0 \u00a0 \u00a0 \u00a0 \u00a0 \u00a0<\/p>\n<p>Horv\u00e1th Mariann\u00a0 \u00a0 \u00a0 \u00a0 \u00a0 \u00a0 \u00a0 \u00a0\u00a0<\/p>\n<p>Nagy Zolt\u00e1nn\u00e9\u00a0 \u00a0 \u00a0 \u00a0 \u00a0 \u00a0 \u00a0 \u00a0 \u00a0 \u00a0 \u00a0 \u00a0 \u00a0 \u00a0 \u00a0\u00a0<\/p>\n<p>Balk\u00f3 Ir\u00e9n\u00a0 \u00a0 \u00a0 \u00a0 \u00a0 \u00a0 \u00a0 \u00a0 \u00a0 \u00a0 \u00a0 \u00a0 \u00a0 \u00a0 \u00a0 \u00a0 \u00a0 \u00a0\u00a0<\/p>\n<p>Gerencs\u00e9r Roland\u00a0 \u00a0 \u00a0 \u00a0 \u00a0 \u00a0 \u00a0 \u00a0 \u00a0 \u00a0 \u00a0\u00a0<\/p>\n<p>Zalka Zsuzsanna\u00a0 \u00a0 \u00a0 \u00a0 \u00a0 \u00a0 \u00a0 \u00a0 \u00a0 \u00a0 \u00a0 \u00a0\u00a0<\/p>\n<p>Sz\u00e9ll \u00c9va Eszter\u00a0 \u00a0 \u00a0 \u00a0 \u00a0 \u00a0 \u00a0 \u00a0 \u00a0 \u00a0 \u00a0 \u00a0 \u00a0 \u00a0<\/p>\n<p>Seg\u00e9d\u00e1pol\u00f3:<\/p>\n<p>Kozm\u00e1n\u00e9 Farkas M\u00e1ria\u00a0 \u00a0 \u00a0 \u00a0 \u00a0 \u00a0 \u00a0 \u00a0 \u00a0 \u00a0 \u00a0 \u00a0 \u00a0 \u00a0 \u00a0 \u00a0 \u00a0 \u00a0 \u00a0 \u00a0 \u00a0 \u00a0 \u00a0\u00a0<\/p>\n<p>Szmrek Istv\u00e1nn\u00e9\u00a0 \u00a0<\/p>\n<p>K\u00f6lesz Ildik\u00f3\u00a0\u00a0<\/p><\/div>\n<p>&nbsp;<\/p>\n<p><strong>7. emelet<\/strong><br \/>\n<strong>Csernus Katalin- f\u0151n\u0151v\u00e9r\u00a0 \u00a0\u00a0\u00a0\u00a0\u00a0\u00a0\u00a0\u00a0\u00a0\u00a0\u00a0\u00a0\u00a0\u00a0\u00a0\u00a0\u00a0\u00a0\u00a0\u00a0\u00a0\u00a0 \u00a0\u00a0\u00a0\u00a0\u00a0\u00a0\u00a0\u00a0\u00a0\u00a0\u00a0\u00a0\u00a0\u00a0\u00a0\u00a0\u00a0\u00a0\u00a0\u00a0\u00a0\u00a0\u00a0\u00a0\u00a0\u00a0\u00a0\u00a0\u00a0\u00a0 \u00a0\u00a0\u00a0\u00a0\u00a0\u00a0\u00a0\u00a0\u00a0\u00a0\u00a0\u00a0\u00a0\u00a0 \u00a0\u00a0\u00a0\u00a0\u00a0\u00a0\u00a0\u00a0\u00a0\u00a0\u00a0\u00a0\u00a0\u00a0\u00a0 <\/strong><\/p>\n<p>V\u00e9gh Gyul\u00e1n\u00e9\u00a0\u00a0\u00a0\u00a0\u00a0\u00a0\u00a0\u00a0\u00a0\u00a0\u00a0\u00a0\u00a0\u00a0\u00a0\u00a0\u00a0\u00a0\u00a0\u00a0\u00a0\u00a0\u00a0\u00a0\u00a0\u00a0\u00a0\u00a0\u00a0\u00a0\u00a0\u00a0\u00a0\u00a0 \u00a0\u00a0\u00a0\u00a0\u00a0\u00a0\u00a0\u00a0\u00a0\u00a0\u00a0\u00a0\u00a0\u00a0\u00a0\u00a0\u00a0\u00a0\u00a0\u00a0\u00a0 \u00a0\u00a0\u00a0\u00a0\u00a0\u00a0\u00a0 \u00a0 \u00a0 \u00a0 \u00a0 \u00a0 \u00a0 \u00a0 \u00a0 \u00a0 \u00a0 \u00a0 \u00a0 \u00a0 \u00a0 \u00a0 \u00a0 \u00a0 \u00a0 \u00a0 \u00a0 \u00a0 \u00a0 \u00a0 \u00a0\u00a0<\/p>\n<p>Nagy Erika\u00a0 \u00a0\u00a0\u00a0\u00a0\u00a0\u00a0\u00a0\u00a0\u00a0\u00a0\u00a0\u00a0\u00a0\u00a0\u00a0\u00a0\u00a0\u00a0\u00a0\u00a0\u00a0\u00a0\u00a0\u00a0\u00a0\u00a0\u00a0\u00a0\u00a0\u00a0\u00a0\u00a0\u00a0\u00a0\u00a0\u00a0\u00a0\u00a0\u00a0\u00a0\u00a0\u00a0\u00a0\u00a0\u00a0\u00a0\u00a0\u00a0\u00a0\u00a0\u00a0\u00a0\u00a0\u00a0\u00a0\u00a0\u00a0\u00a0\u00a0\u00a0\u00a0\u00a0\u00a0\u00a0\u00a0\u00a0\u00a0\u00a0 \u00a0\u00a0\u00a0\u00a0\u00a0\u00a0\u00a0<\/p>\n<p>Vajvoda Zsuzsanna \u00a0\u00a0\u00a0\u00a0\u00a0\u00a0\u00a0\u00a0\u00a0\u00a0\u00a0\u00a0\u00a0\u00a0\u00a0\u00a0\u00a0\u00a0\u00a0\u00a0\u00a0\u00a0\u00a0\u00a0\u00a0\u00a0\u00a0\u00a0\u00a0\u00a0\u00a0\u00a0\u00a0\u00a0\u00a0\u00a0\u00a0\u00a0\u00a0\u00a0\u00a0\u00a0\u00a0\u00a0\u00a0\u00a0\u00a0\u00a0\u00a0\u00a0\u00a0\u00a0\u00a0\u00a0<\/p>\n<p>Gyimesi M\u00f3nika<\/p>\n<p>Szikora Andr\u00e1s \u00a0R\u00f3bertn\u00e9<\/p>\n<p>Szab\u00f3 Zolt\u00e1n<\/p>\n<p>Kov\u00e1cs Veronika<\/p>\n<p>Szab\u00f3 Ott\u00f3\u00a0<\/p>\n<p>Szab\u00f3 Ott\u00f3<\/p>\n<p>Balogh Zsuzsanna<\/p>\n<p>Vincze Imr\u00e9n\u00e9<\/p>\n<p>Sis\u00e1n\u00e9 Sim\u00f3 Rita <br \/>\n\u00a0 \u00a0 \u00a0 \u00a0 \u00a0 \u00a0 \u00a0 \u00a0 \u00a0\u00a0<\/p>\n<p><strong><span style=\"color: #000000\">1. emelet- Alv\u00e1slabor<\/span><\/strong><\/p>\n<p>A nem-invaz\u00edv l\u00e9gz\u00e9ster\u00e1pi\u00e1s oszt\u00e1ly dolgoz\u00f3i.<\/p>\n<p><strong><span style=\"color: #000000\">Fizioter\u00e1pia:<\/span><\/strong><\/p>\n<p><strong>G\u00e9czi \u00c1d\u00e1m &#8211; vezet\u0151 gy\u00f3gytorn\u00e1sz\u00a0<\/strong><\/p>\n<p>Gamocs Adri\u00e1n<\/p>\n<p>Paksi Ren\u00e1ta<\/p>\n<p>Varga Luca<\/p>\n<p>B\u00e1ndi Vir\u00e1g<\/p>\n<p>Simon Vikt\u00f3ria<\/p>\n<p>Tart\u00f3san t\u00e1vol:<\/p>\n<p>Pint\u00e9r Ren\u00e1ta<\/p>\n<p>Gelley Veronika<\/p>\n<p>Kolozsv\u00e1ri D\u00f3ra\u00a0<\/p>\n<p>&nbsp;<\/p>\n<p><strong><span style=\"color: #000000\">Dietetika:<\/span><\/strong><\/p>\n<p>Bakos Regina<\/p>\n<p>Szalai Borb\u00e1la<\/p>\n<p>&nbsp;<\/p>\n<p><strong><span style=\"color: #000000\">Klinikai szoci\u00e1lis munk\u00e1s<\/span><\/strong><\/p>\n<p>Dr. Moln\u00e1rn\u00e9 Kert\u00e9sz M\u00e1ria<\/p>\n<p>&nbsp;<\/p>\n<p><strong><span style=\"color: #000000\">Bronchol\u00f3gia:<\/span><\/strong><\/p>\n<p>Hal\u00e1szi T\u00fcnde\u00a0<\/p>\n<p>Sz\u00e1jer Henriett\u00a0\u00a0<\/p>\n<p>Horv\u00e1thn\u00e9 P\u00e1tkai Ildik\u00f3\u00a0<\/p>\n<p>&nbsp;<\/p>\n<p><span style=\"color: #000000\"><strong><u>J\u00e1r\u00f3beteg ambulanci\u00e1k:<\/p>\n<p><\/u><\/strong><\/span><\/p>\n<p><strong>L\u00e9gz\u00e9sfunkci\u00f3<\/strong><\/p>\n<p>Moln\u00e1r Ferenc<\/p>\n<p>Bodn\u00e1r Barbara Bernadett<\/p>\n<p>Cseri Marianna Zsuzsanna<\/p>\n<p>\n<strong>EKG \u00e9s ergospirometria<\/strong><\/p>\n<p>Varga J\u00f3zsefn\u00e9<\/p>\n<p><strong><br \/>\nV\u00e9rv\u00e9teli \u00e9s felv\u00e9teli ambulancia<\/strong><\/p>\n<p>Ghitye Andrea<\/p>\n<p>Babinszki Piroska<\/p>\n<p>Portik M\u00e1ria<\/p>\n<p><strong>RTG<\/strong><\/p>\n<p>Kov\u00e1cs-Guly\u00e1s \u00c1gota<\/p>\n<p>B\u00e1n-Dud\u00e1s Bettina<\/p>\n<p>Kar\u00e1csondi Attila<\/p>\n<p>&nbsp;<\/p>\n<p><u><\/u><strong>Laborat\u00f3rium, v\u00e9rg\u00e1z \u00e9s FENO<br \/>\n<\/strong><strong>Sz\u0171cs Gerg\u0151- laborvezet\u0151\u00a0 \u00a0 \u00a0 \u00a0<\/strong> \u00a0 \u00a0 \u00a0 \u00a0 \u00a0 \u00a0<\/p>\n<p>Martonosin\u00e9 Bartha Adrienn Erzs\u00e9bet<\/p>\n<p>Pappn\u00e9 Maraffai Ildik\u00f3<\/p>\n<p><strong>Onkol\u00f3giai kezel\u0151<\/strong><\/p>\n<p>\nLieber L\u00e1szl\u00f3n\u00e9<\/p>\n<p>Balla Annam\u00e1ria<\/p>\n<p>&nbsp;<\/p>\n<p><strong>Kardiol\u00f3gia<\/strong><\/p>\n<p>Baranyi T\u00edmea\u00a0\u00a0\u00a0\u00a0\u00a0\u00a0\u00a0<\/p>\n<p>&nbsp;<\/p>\n<p><strong>Study nurse<\/strong><\/p>\n<p>Gy\u00f6ngy\u00f6si Kata<\/p>\n<p>&nbsp;<\/p>\n<p><strong>Betegsz\u00e1ll\u00edt\u00f3k<br \/>\n<\/strong><\/p>\n<p>Varga Andr\u00e1s<\/p>\n<p>J\u00f3n\u00e1s Gyula<\/p>\n<p>Madar\u00e1sz Zsigmond\u00a0 \u00a0 \u00a0 \u00a0 \u00a0 \u00a0 \u00a0\u00a0<\/p>\n<p>Tari D\u00e1niel<\/p>\n<p>Fon\u00f3di Bal\u00e1zs<\/p>\n<p>Keller Ferenc Istv\u00e1n<\/p>\n<p>S\u00e1pos Szabolcs<\/p>\n<p>&nbsp;<\/p>\n<p>&nbsp;<\/p>\n<p>&nbsp;<\/p>\n<p>&nbsp;<\/p>\n<p>&nbsp;<\/p>\n<p>&nbsp;<\/p>\n<p>&nbsp;<\/p>\n","protected":false},"excerpt":{"rendered":"<p>Klinikai vezet\u0151 \u00e1pol\u00f3: Ballai Judit\u00a0 Fekv\u0151beteg oszt\u00e1lyok: 2. emelet Balogh Anett- f\u0151n\u0151v\u00e9r \u00a0\u00a0\u00a0\u00a0\u00a0\u00a0\u00a0\u00a0\u00a0\u00a0\u00a0\u00a0\u00a0\u00a0\u00a0\u00a0\u00a0\u00a0\u00a0\u00a0\u00a0\u00a0\u00a0\u00a0\u00a0 Dombai \u00c1gnes\u00a0 \u00a0\u00a0\u00a0\u00a0\u00a0\u00a0\u00a0\u00a0\u00a0\u00a0\u00a0\u00a0\u00a0\u00a0\u00a0\u00a0\u00a0\u00a0\u00a0\u00a0\u00a0\u00a0\u00a0\u00a0\u00a0\u00a0\u00a0\u00a0\u00a0\u00a0\u00a0\u00a0\u00a0\u00a0\u00a0\u00a0\u00a0\u00a0\u00a0\u00a0\u00a0\u00a0\u00a0\u00a0\u00a0\u00a0\u00a0\u00a0\u00a0 Kurucz Alexandra \u00a0\u00a0\u00a0\u00a0\u00a0\u00a0\u00a0\u00a0\u00a0\u00a0\u00a0\u00a0\u00a0\u00a0\u00a0\u00a0\u00a0\u00a0\u00a0\u00a0\u00a0\u00a0\u00a0\u00a0\u00a0\u00a0\u00a0\u00a0\u00a0\u00a0\u00a0\u00a0\u00a0\u00a0\u00a0\u00a0\u00a0\u00a0\u00a0\u00a0\u00a0\u00a0\u00a0\u00a0\u00a0\u00a0 \u00a0 \u00a0 \u00a0 \u00a0 \u00a0 \u00a0 \u00a0 \u00a0 \u00a0 \u00a0 \u00a0 \u00a0 \u00a0 \u00a0 \u00a0 \u00a0 \u00a0 \u00a0 \u00a0\u00a0 Pernesz Andrea Sipos K\u00e1roly\u00a0\u00a0\u00a0\u00a0\u00a0\u00a0\u00a0\u00a0\u00a0\u00a0\u00a0\u00a0\u00a0\u00a0\u00a0\u00a0\u00a0\u00a0\u00a0\u00a0\u00a0\u00a0\u00a0\u00a0\u00a0\u00a0\u00a0\u00a0\u00a0\u00a0\u00a0 Pliske Ang\u00e9la Madar\u00e1sz Katalin L\u00e1szl\u00f3n\u00e9 S\u00f6r\u00f6s Andrea Mikl\u00f3s G\u00e1born\u00e9 Fazekas Be\u00e1ta Czibere Enik\u0151 &hellip;<\/p>\n","protected":false},"author":102083,"featured_media":0,"parent":0,"menu_order":0,"comment_status":"closed","ping_status":"closed","template":"","meta":{"_acf_changed":false,"footnotes":""},"categories":[],"tags":[],"class_list":["post-3155","page","type-page","status-publish","hentry"],"acf":[],"_links":{"self":[{"href":"https:\/\/semmelweis.hu\/pulmonologia\/wp-json\/wp\/v2\/pages\/3155","targetHints":{"allow":["GET"]}}],"collection":[{"href":"https:\/\/semmelweis.hu\/pulmonologia\/wp-json\/wp\/v2\/pages"}],"about":[{"href":"https:\/\/semmelweis.hu\/pulmonologia\/wp-json\/wp\/v2\/types\/page"}],"author":[{"embeddable":true,"href":"https:\/\/semmelweis.hu\/pulmonologia\/wp-json\/wp\/v2\/users\/102083"}],"replies":[{"embeddable":true,"href":"https:\/\/semmelweis.hu\/pulmonologia\/wp-json\/wp\/v2\/comments?post=3155"}],"version-history":[{"count":10,"href":"https:\/\/semmelweis.hu\/pulmonologia\/wp-json\/wp\/v2\/pages\/3155\/revisions"}],"predecessor-version":[{"id":5058,"href":"https:\/\/semmelweis.hu\/pulmonologia\/wp-json\/wp\/v2\/pages\/3155\/revisions\/5058"}],"wp:attachment":[{"href":"https:\/\/semmelweis.hu\/pulmonologia\/wp-json\/wp\/v2\/media?parent=3155"}],"wp:term":[{"taxonomy":"category","embeddable":true,"href":"https:\/\/semmelweis.hu\/pulmonologia\/wp-json\/wp\/v2\/categories?post=3155"},{"taxonomy":"post_tag","embeddable":true,"href":"https:\/\/semmelweis.hu\/pulmonologia\/wp-json\/wp\/v2\/tags?post=3155"}],"curies":[{"name":"wp","href":"https:\/\/api.w.org\/{rel}","templated":true}]}}