{"id":3063,"date":"2023-03-04T16:04:38","date_gmt":"2023-03-04T15:04:38","guid":{"rendered":"https:\/\/semmelweis.hu\/pulmonologia\/?page_id=3063"},"modified":"2026-02-05T13:12:52","modified_gmt":"2026-02-05T12:12:52","slug":"vervetel-allergia-teszt-es-egyeb-vizsgalatok","status":"publish","type":"page","link":"https:\/\/semmelweis.hu\/pulmonologia\/vervetel-allergia-teszt-es-egyeb-vizsgalatok\/","title":{"rendered":"V\u00e9rv\u00e9tel, allergiateszt \u00e9s egy\u00e9b vizsg\u00e1latok"},"content":{"rendered":"<p style=\"text-align: justify\">Kedves Betegeink!<\/p>\n<p class=\"Standard\" style=\"text-align: justify\"><strong>A v\u00e9rv\u00e9tel c\u00e9lja: <\/strong>A v\u00e9r k\u00fcl\u00f6nb\u00f6z\u0151 r\u00e9szeinek diagnosztikus vizsg\u00e1lata laborat\u00f3riumban.<br \/>\n<strong>V\u00e9rv\u00e9telre hogyan k\u00e9sz\u00fclj\u00f6n:<\/strong> A v\u00e9rv\u00e9telt megel\u0151z\u0151 6-8 \u00f3r\u00e1ban szil\u00e1rd t\u00e1pl\u00e1l\u00e9kot ne fogyasszon! Aj\u00e1nlott 1-2 \u00f3r\u00e1val el\u0151tte, 2 poh\u00e1r tiszta v\u00edz fogyaszt\u00e1sa a kisz\u00e1rad\u00e1s \u00e9s az \u00f6sszeesett v\u00e9n\u00e1k megel\u0151z\u00e9s\u00e9re.<br \/>\n<strong>Mi t\u00f6rt\u00e9nik:<\/strong> A v\u00e9rv\u00e9telhez k\u00e9rj\u00fck f\u00e1radjon a h\u00edv\u00f3n megjelen\u0151 helyis\u00e9gbe. Kab\u00e1tj\u00e1t, t\u00e1sk\u00e1j\u00e1t helyezze el az \u00d6nnek felaj\u00e1nlott helyen. K\u00f6sz\u00f6nt\u00e9st k\u00f6vet\u0151en k\u00e9nyelmesen helyezkedjen el a k\u00edn\u00e1lt sz\u00e9kben. Tegye szabadd\u00e1 mindk\u00e9t karj\u00e1t. Az ambulancia eg\u00e9szs\u00e9g\u00fcgyi szakembere a karj\u00e1t gumival leszor\u00edtva kiv\u00e1lasztja a legjobban tapinthat\u00f3 \u00e9s legalkalmasabb v\u00e9n\u00e1t a beavatkoz\u00e1shoz. Megk\u00e9rhetik, hogy szor\u00edtsa \u00f6k\u00f6lbe a kez\u00e9t. Ennek hat\u00e1s\u00e1ra a v\u00e9n\u00e1i megtelnek v\u00e9rrel. A sz\u00far\u00e1s hely\u00e9t b\u0151rfert\u0151tlen\u00edt\u0151vel fert\u0151tlen\u00edtik le, majd a v\u00e9kony steril t\u0171t sz\u00far\u00e1s seg\u00edts\u00e9g\u00e9vel a v\u00e9n\u00e1ba vezetik. Az \u00d6nnek elrendelt mennyis\u00e9g\u0171 v\u00e9r lebocs\u00e1t\u00e1sa k\u00f6vetkezik. A beavatkoz\u00e1s v\u00e9g\u00e9n az elszor\u00edt\u00f3 gumit leveszik, a t\u0171t kih\u00fazz\u00e1k. Vattalappal \u00e9s ragtapasszal r\u00f6gz\u00edtik a sz\u00far\u00e1s hely\u00e9t, melyet javasolt 5 percig nyomva tartani a v\u00e9rz\u00e9s meg\u00e1ll\u00edt\u00e1s\u00e1nak c\u00e9lj\u00e1b\u00f3l. A levett v\u00e9rrel teli cs\u00f6veket azonos\u00edt\u00f3val l\u00e1tj\u00e1k el, sz\u00e1m\u00edt\u00f3g\u00e9pben regisztr\u00e1lj\u00e1k \u00e9s a laborat\u00f3riumba juttatj\u00e1k. El\u0151fordulhat, hogy a v\u00e9na a sz\u00far\u00e1st\u00f3l \u201esz\u00e9tdurran\u201d ez\u00e9rt lehet, hogy t\u00f6bbsz\u00f6r kell megk\u00eds\u00e9relni a v\u00e9rv\u00e9telt. A sz\u00far\u00e1s hely\u00e9n ritk\u00e1n b\u0151rbev\u00e9rz\u00e9s alakulhat ki. A v\u00e9rv\u00e9tel sor\u00e1n levett v\u00e9r mennyis\u00e9ge nem jelent\u0151s mennyis\u00e9g a teljes v\u00e9r mennyis\u00e9g\u00e9hez k\u00e9pest.<\/p>\n<p class=\"Standard\" style=\"text-align: justify\"><strong>V\u00e9rv\u00e9telek mellett az ambulanci\u00e1n az al\u00e1bbi feladatokat v\u00e9gezz\u00fck, orvosi elrendel\u00e9s alapj\u00e1n:<\/strong><\/p>\n<p class=\"Standard\" style=\"text-align: justify\">Allergi\u00e1s b\u0151rpr\u00f3ba (Prick teszt)<br \/>\nOlt\u00e1sok bead\u00e1sa (pl. Influenza, Pneumococcus)<br \/>\nMantoux pr\u00f3ba<br \/>\nVizelet-, sz\u00e9klet-, k\u00f6petminta vizsg\u00e1lat\u00e1nak el\u0151k\u00e9sz\u00edt\u00e9se<br \/>\nBran\u00fcl behelyez\u00e9se, kiv\u00e9tele<br \/>\nInf\u00fazi\u00f3k, orvos \u00e1ltal elrendelt injekci\u00f3k, tablett\u00e1k bead\u00e1sa<br \/>\nV\u00e9rnyom\u00e1s, pulzus, szatur\u00e1ci\u00f3, testh\u0151m\u00e9rs\u00e9klet, v\u00e9rcukorszint m\u00e9r\u00e9se<br \/>\nOxig\u00e9nter\u00e1pia biztos\u00edt\u00e1sa<br \/>\nCOVID PCR, Panbio mintav\u00e9tel<br \/>\nOrr-torok, sebv\u00e1lad\u00e9k leolt\u00e1sa<\/p>\n","protected":false},"excerpt":{"rendered":"<p>Kedves Betegeink! A v\u00e9rv\u00e9tel c\u00e9lja: A v\u00e9r k\u00fcl\u00f6nb\u00f6z\u0151 r\u00e9szeinek diagnosztikus vizsg\u00e1lata laborat\u00f3riumban. V\u00e9rv\u00e9telre hogyan k\u00e9sz\u00fclj\u00f6n: A v\u00e9rv\u00e9telt megel\u0151z\u0151 6-8 \u00f3r\u00e1ban szil\u00e1rd t\u00e1pl\u00e1l\u00e9kot ne fogyasszon! Aj\u00e1nlott 1-2 \u00f3r\u00e1val el\u0151tte, 2 poh\u00e1r tiszta v\u00edz fogyaszt\u00e1sa a kisz\u00e1rad\u00e1s \u00e9s az \u00f6sszeesett v\u00e9n\u00e1k megel\u0151z\u00e9s\u00e9re. Mi t\u00f6rt\u00e9nik: A v\u00e9rv\u00e9telhez k\u00e9rj\u00fck f\u00e1radjon a h\u00edv\u00f3n megjelen\u0151 helyis\u00e9gbe. Kab\u00e1tj\u00e1t, t\u00e1sk\u00e1j\u00e1t helyezze el az &hellip;<\/p>\n","protected":false},"author":102083,"featured_media":0,"parent":0,"menu_order":0,"comment_status":"closed","ping_status":"closed","template":"","meta":{"_acf_changed":false,"footnotes":""},"categories":[],"tags":[],"class_list":["post-3063","page","type-page","status-publish","hentry"],"acf":[],"_links":{"self":[{"href":"https:\/\/semmelweis.hu\/pulmonologia\/wp-json\/wp\/v2\/pages\/3063","targetHints":{"allow":["GET"]}}],"collection":[{"href":"https:\/\/semmelweis.hu\/pulmonologia\/wp-json\/wp\/v2\/pages"}],"about":[{"href":"https:\/\/semmelweis.hu\/pulmonologia\/wp-json\/wp\/v2\/types\/page"}],"author":[{"embeddable":true,"href":"https:\/\/semmelweis.hu\/pulmonologia\/wp-json\/wp\/v2\/users\/102083"}],"replies":[{"embeddable":true,"href":"https:\/\/semmelweis.hu\/pulmonologia\/wp-json\/wp\/v2\/comments?post=3063"}],"version-history":[{"count":9,"href":"https:\/\/semmelweis.hu\/pulmonologia\/wp-json\/wp\/v2\/pages\/3063\/revisions"}],"predecessor-version":[{"id":4922,"href":"https:\/\/semmelweis.hu\/pulmonologia\/wp-json\/wp\/v2\/pages\/3063\/revisions\/4922"}],"wp:attachment":[{"href":"https:\/\/semmelweis.hu\/pulmonologia\/wp-json\/wp\/v2\/media?parent=3063"}],"wp:term":[{"taxonomy":"category","embeddable":true,"href":"https:\/\/semmelweis.hu\/pulmonologia\/wp-json\/wp\/v2\/categories?post=3063"},{"taxonomy":"post_tag","embeddable":true,"href":"https:\/\/semmelweis.hu\/pulmonologia\/wp-json\/wp\/v2\/tags?post=3063"}],"curies":[{"name":"wp","href":"https:\/\/api.w.org\/{rel}","templated":true}]}}