{"id":3032,"date":"2023-03-02T17:25:00","date_gmt":"2023-03-02T16:25:00","guid":{"rendered":"https:\/\/semmelweis.hu\/pulmonologia\/?page_id=3032"},"modified":"2026-02-05T13:13:29","modified_gmt":"2026-02-05T12:13:29","slug":"mellkas-rontgen","status":"publish","type":"page","link":"https:\/\/semmelweis.hu\/pulmonologia\/mellkas-rontgen\/","title":{"rendered":"Mellkas r\u00f6ntgen"},"content":{"rendered":"<p style=\"text-align: justify\"><strong>A vizsg\u00e1lat c\u00e9lja:<\/strong> A mellkasi szervek r\u00f6ntgen vizsg\u00e1lata a csontos mellkas, a t\u00fcd\u0151k, a mellkasi szervek l\u00e1that\u00f3 \u00e1llapot\u00e1r\u00f3l, m\u00e9ret\u00e9r\u0151l \u00e9s az esetleges elv\u00e1ltoz\u00e1sokr\u00f3l ad k\u00e9pi inform\u00e1ci\u00f3t.<\/p>\n<p style=\"text-align: justify\"><strong>Az \u00d6n teend\u0151je a vizsg\u00e1lat alkalm\u00e1val:<\/strong><\/p>\n<figure id=\"attachment_3555\" aria-describedby=\"caption-attachment-3555\" style=\"width: 404px\" class=\"wp-caption alignright\"><img loading=\"lazy\" decoding=\"async\" class=\"wp-image-3555\" src=\"https:\/\/semmelweis.hu\/pulmonologia\/files\/2023\/12\/rtg.jpg\" alt=\"\" width=\"404\" height=\"269\" srcset=\"https:\/\/semmelweis.hu\/pulmonologia\/files\/2023\/12\/rtg.jpg 1200w, https:\/\/semmelweis.hu\/pulmonologia\/files\/2023\/12\/rtg-400x267.jpg 400w, https:\/\/semmelweis.hu\/pulmonologia\/files\/2023\/12\/rtg-1024x683.jpg 1024w, https:\/\/semmelweis.hu\/pulmonologia\/files\/2023\/12\/rtg-768x512.jpg 768w, https:\/\/semmelweis.hu\/pulmonologia\/files\/2023\/12\/rtg-753x502.jpg 753w, https:\/\/semmelweis.hu\/pulmonologia\/files\/2023\/12\/rtg-203x135.jpg 203w\" sizes=\"auto, (max-width: 404px) 100vw, 404px\" \/><figcaption id=\"caption-attachment-3555\" class=\"wp-caption-text\">Fot\u00f3 forr\u00e1sa a Semmelweis M\u00e9diat\u00e1r<\/figcaption><\/figure>\n<p style=\"text-align: justify\">H\u00edv\u00f3 jelz\u00e9sre f\u00e1radjon be a jelzett f\u00fclk\u00e9be. K\u00e9rj\u00fck, \u00e9rt\u00e9keinek biztons\u00e1ga \u00e9rdek\u00e9ben a f\u00fclkeajt\u00f3t minden esetben z\u00e1rja be maga ut\u00e1n!<br \/>\nFels\u0151test\u00e9r\u0151l a ruh\u00e1t vegye le! V\u00e9kony, gomb n\u00e9lk\u00fcli trik\u00f3, f\u00e9m n\u00e9lk\u00fcli melltart\u00f3 maradhat. Nyakl\u00e1nc\u00e1t tegye el biztons\u00e1gos helyre.<br \/>\nA r\u00f6ntgen vizsg\u00e1l\u00f3ba az asszisztens fogja beengedni. Az \u00f6n beazonos\u00edt\u00e1sa ut\u00e1n, az orvos k\u00e9r\u00e9se alapj\u00e1n, az \u00d6n \u00e1llapota szerint \u00e1llva vagy \u00fclve, szemb\u0151l vagy h\u00e1ttal k\u00e9sz\u00edt \u00d6nr\u0151l r\u00f6ntgen felv\u00e9telt, sz\u00fcks\u00e9g eset\u00e9n kieg\u00e9sz\u00edtve valamelyik, vagy mindk\u00e9t oldalr\u00f3l is.<br \/>\nSz\u00fcks\u00e9g\u00fcnk van az \u00d6n egy\u00fcttm\u0171k\u00f6d\u00e9s\u00e9re a vizsg\u00e1lat pontos elv\u00e9gz\u00e9s\u00e9hez: a vizsg\u00e1lat el\u0151tt az asszisztens mikrofonon kereszt\u00fcl megk\u00e9ri, hogy vegyen egy nagy leveg\u0151t, tartsa bent, ezt k\u00f6vet\u0151en azonnal elk\u00e9sz\u00edti a felv\u00e9telt. Ha t\u00f6bb felv\u00e9tel k\u00e9sz\u00fcl, a man\u0151vert ism\u00e9telni kell.<br \/>\nEzzel a vizsg\u00e1lat befejez\u0151d\u00f6tt. Fel\u00f6lt\u00f6z\u00e9s ut\u00e1n tov\u00e1bbmehet m\u00e1s vizsg\u00e1latokra, vagy kezel\u0151orvos\u00e1hoz.<\/p>\n<p style=\"text-align: justify\">Orvosa a felv\u00e9telt elektronikus \u00faton kapja meg, az \u00e9rt\u00e9kel\u00e9s k\u00e9s\u0151bb t\u00f6rt\u00e9nik.<\/p>\n<p><span style=\"font-size: 12pt\">Friss\u00edtve: 2025.05.19. K\u00e9sz\u00edtette \u00e9s j\u00f3v\u00e1hagyta: Prof. Dr. M\u00fcller Veronika<\/span><\/p>\n<p>&nbsp;<\/p>\n<p>&nbsp;<\/p>\n","protected":false},"excerpt":{"rendered":"<p>A vizsg\u00e1lat c\u00e9lja: A mellkasi szervek r\u00f6ntgen vizsg\u00e1lata a csontos mellkas, a t\u00fcd\u0151k, a mellkasi szervek l\u00e1that\u00f3 \u00e1llapot\u00e1r\u00f3l, m\u00e9ret\u00e9r\u0151l \u00e9s az esetleges elv\u00e1ltoz\u00e1sokr\u00f3l ad k\u00e9pi inform\u00e1ci\u00f3t. Az \u00d6n teend\u0151je a vizsg\u00e1lat alkalm\u00e1val: H\u00edv\u00f3 jelz\u00e9sre f\u00e1radjon be a jelzett f\u00fclk\u00e9be. K\u00e9rj\u00fck, \u00e9rt\u00e9keinek biztons\u00e1ga \u00e9rdek\u00e9ben a f\u00fclkeajt\u00f3t minden esetben z\u00e1rja be maga ut\u00e1n! Fels\u0151test\u00e9r\u0151l a ruh\u00e1t vegye &hellip;<\/p>\n","protected":false},"author":102083,"featured_media":0,"parent":0,"menu_order":0,"comment_status":"closed","ping_status":"closed","template":"","meta":{"_acf_changed":false,"footnotes":""},"categories":[],"tags":[],"class_list":["post-3032","page","type-page","status-publish","hentry"],"acf":[],"_links":{"self":[{"href":"https:\/\/semmelweis.hu\/pulmonologia\/wp-json\/wp\/v2\/pages\/3032","targetHints":{"allow":["GET"]}}],"collection":[{"href":"https:\/\/semmelweis.hu\/pulmonologia\/wp-json\/wp\/v2\/pages"}],"about":[{"href":"https:\/\/semmelweis.hu\/pulmonologia\/wp-json\/wp\/v2\/types\/page"}],"author":[{"embeddable":true,"href":"https:\/\/semmelweis.hu\/pulmonologia\/wp-json\/wp\/v2\/users\/102083"}],"replies":[{"embeddable":true,"href":"https:\/\/semmelweis.hu\/pulmonologia\/wp-json\/wp\/v2\/comments?post=3032"}],"version-history":[{"count":7,"href":"https:\/\/semmelweis.hu\/pulmonologia\/wp-json\/wp\/v2\/pages\/3032\/revisions"}],"predecessor-version":[{"id":4923,"href":"https:\/\/semmelweis.hu\/pulmonologia\/wp-json\/wp\/v2\/pages\/3032\/revisions\/4923"}],"wp:attachment":[{"href":"https:\/\/semmelweis.hu\/pulmonologia\/wp-json\/wp\/v2\/media?parent=3032"}],"wp:term":[{"taxonomy":"category","embeddable":true,"href":"https:\/\/semmelweis.hu\/pulmonologia\/wp-json\/wp\/v2\/categories?post=3032"},{"taxonomy":"post_tag","embeddable":true,"href":"https:\/\/semmelweis.hu\/pulmonologia\/wp-json\/wp\/v2\/tags?post=3032"}],"curies":[{"name":"wp","href":"https:\/\/api.w.org\/{rel}","templated":true}]}}