{"id":3031,"date":"2023-03-02T17:25:00","date_gmt":"2023-03-02T16:25:00","guid":{"rendered":"https:\/\/semmelweis.hu\/pulmonologia\/?page_id=3031"},"modified":"2025-05-19T14:06:49","modified_gmt":"2025-05-19T12:06:49","slug":"betegfelveteli-regisztracio","status":"publish","type":"page","link":"https:\/\/semmelweis.hu\/pulmonologia\/betegfelveteli-regisztracio\/","title":{"rendered":"Betegfelv\u00e9teli regisztr\u00e1ci\u00f3"},"content":{"rendered":"<p>Kedves H\u00f6lgyem\/Uram!<\/p>\n<p>\u00dcdv\u00f6z\u00f6lj\u00fck Klinik\u00e1nkon!<\/p>\n<p>Amennyiben \u00d6n a Pulmonol\u00f3giai Klinik\u00e1n m\u00e1r volt vizsg\u00e1lva, van m\u00e1r klinikai kezel\u0151orvosa, vagy ide sz\u00f3l a beutal\u00f3ja, regisztr\u00e1lnia kell a f\u00f6ldszinten tal\u00e1lhat\u00f3 betegfelv\u00e9teli irod\u00e1n.<\/p>\n<ul>\n<li>K\u00e9rj\u00fck, h\u00fazzon sorsz\u00e1mot az oszlop mellett kihelyezett automat\u00e1b\u00f3l \u00e9s v\u00e1rja meg, m\u00edg a 10-es, vagy a 11-es kijelz\u00e9s\u0171 ablakn\u00e1l sz\u00f3l\u00edtj\u00e1k a sorsz\u00e1m\u00e1t. Ezt k\u00f6vet\u0151en f\u00e1radjon a megfelel\u0151 ablakhoz.<\/li>\n<li>Javasoljuk, hogy a v\u00e1rakoz\u00e1s ideje alatt k\u00e9sz\u00edtse el\u0151 TAJ k\u00e1rty\u00e1j\u00e1t, szem\u00e9lyi igazolv\u00e1ny\u00e1t \u00e9s lakc\u00edmk\u00e1rty\u00e1j\u00e1t, valamint beutal\u00f3j\u00e1t a regisztr\u00e1ci\u00f3hoz.<\/li>\n<li>Koll\u00e9g\u00e1nk felveszi a rendszerbe \u00e9s sz\u00f3beli t\u00e1j\u00e9koztat\u00e1ssal seg\u00edti a tov\u00e1bbi ell\u00e1t\u00e1s menet\u00e9r\u0151l.<\/li>\n<li>Sorsz\u00e1m\u00e1t \u0151rizze meg!<\/li>\n<li>A vizsg\u00e1latokhoz, illetve a kezel\u0151orvoshoz a sorsz\u00e1mmal fogj\u00e1k sz\u00f3l\u00edtani.<\/li>\n<li>K\u00e9rj\u00fck, ehhez figyelje a kihelyezett TV k\u00e9perny\u0151ket \u00e9s az ajt\u00f3k feletti kijelz\u0151ket. Javasoljuk, hogy t\u00e1j\u00e9koz\u00f3djon az adott sorsz\u00e1m\u00fa helyis\u00e9gek elhelyezked\u00e9s\u00e9r\u0151l a kihelyezett t\u00e1bl\u00e1n.<\/li>\n<\/ul>\n<p>Minden egyes vizsg\u00e1latr\u00f3l a kihelyezett QR k\u00f3dok seg\u00edts\u00e9g\u00e9vel kap tov\u00e1bbi inform\u00e1ci\u00f3t. Javasoljuk, hogy az inform\u00e1ci\u00f3kat elolvasva felk\u00e9sz\u00fclten \u00e9rkezzen az egyes vizsg\u00e1l\u00f3helyekre, mert ez jelent\u0151sen cs\u00f6kkenti az ismeretlennel szembeni izgalmat, valamint gyors\u00edtja a vizsg\u00e1latokat, ha pontosan tudja mire sz\u00e1m\u00edtson az egyes vizsg\u00e1l\u00f3helyeken.\u00a0<\/p>\n<p>Miel\u0151bbi gy\u00f3gyul\u00e1st \u00e9s j\u00f3 eg\u00e9szs\u00e9get k\u00edv\u00e1nunk \u00d6nnek!<\/p>\n<p>&nbsp;<\/p>\n<p><span style=\"font-size: 12pt\">Friss\u00edtve: 2025.05.19. K\u00e9sz\u00edtette: Schifter Judit, j\u00f3v\u00e1hagyta: Prof. Dr. M\u00fcller Veronika. \u00c9rv\u00e9nyes: visszavon\u00e1sig.\u00a0<\/span><\/p>\n<p>&nbsp;<\/p>\n<p>&nbsp;<\/p>\n<p>&nbsp;<\/p>\n","protected":false},"excerpt":{"rendered":"<p>Kedves H\u00f6lgyem\/Uram! \u00dcdv\u00f6z\u00f6lj\u00fck Klinik\u00e1nkon! Amennyiben \u00d6n a Pulmonol\u00f3giai Klinik\u00e1n m\u00e1r volt vizsg\u00e1lva, van m\u00e1r klinikai kezel\u0151orvosa, vagy ide sz\u00f3l a beutal\u00f3ja, regisztr\u00e1lnia kell a f\u00f6ldszinten tal\u00e1lhat\u00f3 betegfelv\u00e9teli irod\u00e1n. K\u00e9rj\u00fck, h\u00fazzon sorsz\u00e1mot az oszlop mellett kihelyezett automat\u00e1b\u00f3l \u00e9s v\u00e1rja meg, m\u00edg a 10-es, vagy a 11-es kijelz\u00e9s\u0171 ablakn\u00e1l sz\u00f3l\u00edtj\u00e1k a sorsz\u00e1m\u00e1t. Ezt k\u00f6vet\u0151en f\u00e1radjon a megfelel\u0151 &hellip;<\/p>\n","protected":false},"author":102083,"featured_media":0,"parent":0,"menu_order":0,"comment_status":"closed","ping_status":"closed","template":"","meta":{"_acf_changed":false,"footnotes":""},"categories":[],"tags":[],"class_list":["post-3031","page","type-page","status-publish","hentry"],"acf":[],"_links":{"self":[{"href":"https:\/\/semmelweis.hu\/pulmonologia\/wp-json\/wp\/v2\/pages\/3031","targetHints":{"allow":["GET"]}}],"collection":[{"href":"https:\/\/semmelweis.hu\/pulmonologia\/wp-json\/wp\/v2\/pages"}],"about":[{"href":"https:\/\/semmelweis.hu\/pulmonologia\/wp-json\/wp\/v2\/types\/page"}],"author":[{"embeddable":true,"href":"https:\/\/semmelweis.hu\/pulmonologia\/wp-json\/wp\/v2\/users\/102083"}],"replies":[{"embeddable":true,"href":"https:\/\/semmelweis.hu\/pulmonologia\/wp-json\/wp\/v2\/comments?post=3031"}],"version-history":[{"count":8,"href":"https:\/\/semmelweis.hu\/pulmonologia\/wp-json\/wp\/v2\/pages\/3031\/revisions"}],"predecessor-version":[{"id":4308,"href":"https:\/\/semmelweis.hu\/pulmonologia\/wp-json\/wp\/v2\/pages\/3031\/revisions\/4308"}],"wp:attachment":[{"href":"https:\/\/semmelweis.hu\/pulmonologia\/wp-json\/wp\/v2\/media?parent=3031"}],"wp:term":[{"taxonomy":"category","embeddable":true,"href":"https:\/\/semmelweis.hu\/pulmonologia\/wp-json\/wp\/v2\/categories?post=3031"},{"taxonomy":"post_tag","embeddable":true,"href":"https:\/\/semmelweis.hu\/pulmonologia\/wp-json\/wp\/v2\/tags?post=3031"}],"curies":[{"name":"wp","href":"https:\/\/api.w.org\/{rel}","templated":true}]}}