{"id":3030,"date":"2023-03-02T17:25:00","date_gmt":"2023-03-02T16:25:00","guid":{"rendered":"https:\/\/semmelweis.hu\/pulmonologia\/?page_id=3030"},"modified":"2026-02-05T13:11:42","modified_gmt":"2026-02-05T12:11:42","slug":"vergaz-es-feno-vizsgalatok","status":"publish","type":"page","link":"https:\/\/semmelweis.hu\/pulmonologia\/vergaz-es-feno-vizsgalatok\/","title":{"rendered":"V\u00e9rg\u00e1z \u00e9s FENO vizsg\u00e1latok"},"content":{"rendered":"<p style=\"text-align: justify\"><strong>V\u00e9rg\u00e1z <\/strong><\/p>\n<p style=\"text-align: justify\"><strong>A vizsg\u00e1lat c\u00e9lja:<\/strong><\/p>\n<p style=\"text-align: justify\">Az \u00d6n art\u00e9ri\u00e1s v\u00e9r\u00e9ben az oxig\u00e9n (O<sub>2<\/sub>) \u00e9s sz\u00e9n-dioxid (CO<sub>2<\/sub>) tel\u00edtetts\u00e9g\u00e9nek, valamint a pH \u00e9rt\u00e9k\u00e9nek meghat\u00e1roz\u00e1sa.<\/p>\n<p style=\"text-align: justify\"><strong>Hogyan zajlik a vizsg\u00e1lat?<\/strong><\/p>\n<p style=\"text-align: justify\">A laborat\u00f3rium eg\u00e9szs\u00e9g\u00fcgyi szakembere bekeni a f\u00fclcimp\u00e1j\u00e1t egy kapszaicint tartalmaz\u00f3 kr\u00e9mmel, mely v\u00e9rb\u0151s\u00e9get okoz. Ez ut\u00e1n 10-15 perc v\u00e1rakoz\u00e1s t\u00f6rt\u00e9nik annak \u00e9rdek\u00e9ben, hogy a kr\u00e9m a k\u00edv\u00e1nt hat\u00e1st el\u00e9rje. (Enyhe \u00e9get\u0151, cs\u00edp\u0151 \u00e9rz\u00e9st okoz, ez\u00e9rt k\u00e9rj\u00fck, vigy\u00e1zzon, hogy szem\u00e9be, sz\u00e1j\u00e1ba illetve egy\u00e9b testr\u00e9sz\u00e9re ne ker\u00fclj\u00f6n.)<\/p>\n<p style=\"text-align: justify\">A vizsg\u00e1lat elv\u00e9gz\u00e9s\u00e9hez a laborat\u00f3rium eg\u00e9szs\u00e9g\u00fcgyi szakember \u00fcdv\u00f6zli \u00e9s beh\u00edvja a vizsg\u00e1lati helyis\u00e9gbe, ahol \u00d6nt le\u00fcltetve a kr\u00e9met let\u00f6rli a f\u00fcl\u00e9r\u0151l, majd egy apr\u00f3 t\u0171sz\u00far\u00e1st ejtve a f\u00fclcimp\u00e1j\u00e1n finom nyomkod\u00e1sokkal megfelel\u0151 mennyis\u00e9g\u0171 v\u00e9rt nyer a vizsg\u00e1lat elv\u00e9gz\u00e9s\u00e9hez (kb. 100 \u00b5L). Ezt k\u00f6vet\u0151en c\u00e9lszer\u0171 a vattalapk\u00e1t a sz\u00far\u00e1s hely\u00e9n tartani 2-3 percig a v\u00e9rz\u00e9s el\u00e1ll\u00edt\u00e1sa c\u00e9lj\u00e1b\u00f3l.<\/p>\n<p style=\"text-align: justify\">A vizsg\u00e1lat ideje kb. 3 perc. Az eredm\u00e9nyt k\u00f6zvetlen\u00fcl, vagy a k\u00f3rh\u00e1zi informatikai rendszeren kereszt\u00fcl kapja meg a vizsg\u00e1latot elrendel\u0151 orvos. \u00a0\u00a0\u00a0\u00a0\u00a0<\/p>\n<p style=\"text-align: justify\">\u00a0<\/p>\n<p style=\"text-align: justify\"><strong>FENO <\/strong><\/p>\n<p style=\"text-align: justify\"><strong>A vizsg\u00e1lat c\u00e9lja: <\/strong><\/p>\n<p style=\"text-align: justify\">Az \u00d6n \u00e1ltal kil\u00e9legzett leveg\u0151 nitrog\u00e9n-monoxid (NO) koncentr\u00e1ci\u00f3j\u00e1nak m\u00e9r\u00e9se.<\/p>\n<p style=\"text-align: justify\"><strong>Hogyan zajlik a vizsg\u00e1lat?<\/strong><\/p>\n<p style=\"text-align: justify\"><strong>A vizsg\u00e1lat elv\u00e9gz\u00e9se el\u0151tt 1 \u00f3r\u00e1val ne egyen, ne igyon, \u00e9s ne doh\u00e1nyozzon!<\/strong><\/p>\n<p style=\"text-align: justify\"><strong>Hozza mag\u00e1val a l\u00e9gz\u00e9sfunkci\u00f3s vizsg\u00e1lat sor\u00e1n kapott steril, v\u00edrus- \u00e9s bakt\u00e9riumsz\u0171r\u0151vel ell\u00e1tott sz\u00e1jr\u00e9szt.<\/strong><\/p>\n<p style=\"text-align: justify\">A vizsg\u00e1lat elv\u00e9gz\u00e9s\u00e9hez a laborat\u00f3rium eg\u00e9szs\u00e9g\u00fcgyi szakembere beh\u00edvja a vizsg\u00e1lati helyis\u00e9gbe, ahol a vizsg\u00e1lati sz\u00e9kbe le\u00fclteti. Ezt k\u00f6vet\u0151en a szob\u00e1ba kif\u00fajja a leveg\u0151t, majd m\u00e9ly leveg\u0151t vesz sz\u00e1jon \u00e1t, ezt bent tartja \u00e9s egy v\u00edrus \u00e9s bakt\u00e9rium sz\u0171r\u0151t tartalmaz\u00f3 sz\u00e1jr\u00e9szen kereszt\u00fcl a nitrog\u00e9n-monoxid m\u00e9r\u0151 k\u00e9sz\u00fcl\u00e9kbe f\u00faj a szakember instrukci\u00f3ja szerint.<\/p>\n<p style=\"text-align: justify\">A vizsg\u00e1lat ideje kb. 10 perc. A vizsg\u00e1lat v\u00e9gezt\u00e9vel a lelet\u00e9t nyomtatott form\u00e1ban megkapja, mely felker\u00fcl a medikai rendszere is.<\/p>\n<p>&nbsp;<\/p>\n<p>&nbsp;<\/p>\n","protected":false},"excerpt":{"rendered":"<p>V\u00e9rg\u00e1z A vizsg\u00e1lat c\u00e9lja: Az \u00d6n art\u00e9ri\u00e1s v\u00e9r\u00e9ben az oxig\u00e9n (O2) \u00e9s sz\u00e9n-dioxid (CO2) tel\u00edtetts\u00e9g\u00e9nek, valamint a pH \u00e9rt\u00e9k\u00e9nek meghat\u00e1roz\u00e1sa. Hogyan zajlik a vizsg\u00e1lat? A laborat\u00f3rium eg\u00e9szs\u00e9g\u00fcgyi szakembere bekeni a f\u00fclcimp\u00e1j\u00e1t egy kapszaicint tartalmaz\u00f3 kr\u00e9mmel, mely v\u00e9rb\u0151s\u00e9get okoz. Ez ut\u00e1n 10-15 perc v\u00e1rakoz\u00e1s t\u00f6rt\u00e9nik annak \u00e9rdek\u00e9ben, hogy a kr\u00e9m a k\u00edv\u00e1nt hat\u00e1st el\u00e9rje. (Enyhe \u00e9get\u0151, &hellip;<\/p>\n","protected":false},"author":102083,"featured_media":0,"parent":0,"menu_order":0,"comment_status":"closed","ping_status":"closed","template":"","meta":{"_acf_changed":false,"footnotes":""},"categories":[],"tags":[],"class_list":["post-3030","page","type-page","status-publish","hentry"],"acf":[],"_links":{"self":[{"href":"https:\/\/semmelweis.hu\/pulmonologia\/wp-json\/wp\/v2\/pages\/3030","targetHints":{"allow":["GET"]}}],"collection":[{"href":"https:\/\/semmelweis.hu\/pulmonologia\/wp-json\/wp\/v2\/pages"}],"about":[{"href":"https:\/\/semmelweis.hu\/pulmonologia\/wp-json\/wp\/v2\/types\/page"}],"author":[{"embeddable":true,"href":"https:\/\/semmelweis.hu\/pulmonologia\/wp-json\/wp\/v2\/users\/102083"}],"replies":[{"embeddable":true,"href":"https:\/\/semmelweis.hu\/pulmonologia\/wp-json\/wp\/v2\/comments?post=3030"}],"version-history":[{"count":5,"href":"https:\/\/semmelweis.hu\/pulmonologia\/wp-json\/wp\/v2\/pages\/3030\/revisions"}],"predecessor-version":[{"id":4919,"href":"https:\/\/semmelweis.hu\/pulmonologia\/wp-json\/wp\/v2\/pages\/3030\/revisions\/4919"}],"wp:attachment":[{"href":"https:\/\/semmelweis.hu\/pulmonologia\/wp-json\/wp\/v2\/media?parent=3030"}],"wp:term":[{"taxonomy":"category","embeddable":true,"href":"https:\/\/semmelweis.hu\/pulmonologia\/wp-json\/wp\/v2\/categories?post=3030"},{"taxonomy":"post_tag","embeddable":true,"href":"https:\/\/semmelweis.hu\/pulmonologia\/wp-json\/wp\/v2\/tags?post=3030"}],"curies":[{"name":"wp","href":"https:\/\/api.w.org\/{rel}","templated":true}]}}