{"id":3029,"date":"2023-03-02T17:25:00","date_gmt":"2023-03-02T16:25:00","guid":{"rendered":"https:\/\/semmelweis.hu\/pulmonologia\/?page_id=3029"},"modified":"2026-03-09T14:23:10","modified_gmt":"2026-03-09T13:23:10","slug":"legzesfunkcio","status":"publish","type":"page","link":"https:\/\/semmelweis.hu\/pulmonologia\/legzesfunkcio\/","title":{"rendered":"L\u00e9gz\u00e9sfunkci\u00f3"},"content":{"rendered":"<p><strong>Tisztelt P\u00e1ciens!<\/strong><\/p>\n<p style=\"text-align: justify\"><strong>A l\u00e9gz\u00e9sfunkci\u00f3s vizsg\u00e1lat c\u00e9lja<\/strong>: a maxim\u00e1lis t\u00fcd\u0151t\u00e9rfogatok, a l\u00e9gz\u00e9si man\u0151verek sor\u00e1n a leveg\u0151 \u00e1raml\u00e1si sebess\u00e9g, az oxig\u00e9nfelv\u00e9tel (diff\u00fazi\u00f3) \u00e9s a l\u00e9gz\u0151izom er\u0151 vizsg\u00e1lata.<\/p>\n<p style=\"text-align: justify\">K\u00e9rj\u00fck, hogy vizsg\u00e1lat el\u0151tt k\u00f6zvetlen\u00fcl ne egyen \u00e9s legal\u00e1bb 1 \u00f3r\u00e1n \u00e1t ne doh\u00e1nyozzon! Ha hall\u00f3k\u00e9sz\u00fcl\u00e9ket haszn\u00e1l, felt\u00e9tlen\u00fcl helyezze f\u00fcl\u00e9be! A kijelz\u0151n megjelen\u0151 sorsz\u00e1m\u00e1val l\u00e9pjen be a helyis\u00e9gbe! A teljes vizsg\u00e1lat 10-15 percig tart.<\/p>\n<p style=\"text-align: justify\"><strong>A vizsg\u00e1lat menete:<\/strong><\/p>\n<p style=\"text-align: justify\">Adatainak r\u00f6gz\u00edt\u00e9se ut\u00e1n megm\u00e9rj\u00fck tests\u00faly\u00e1t \u00e9s testmagass\u00e1g\u00e1t. <br \/>\n<span style=\"font-size: 1rem\">Ezt k\u00f6vet\u0151en k\u00e9rj\u00fck, \u00fclj\u00f6n be az \u00e1tl\u00e1tsz\u00f3 fal\u00fa kabinba \u00e9s helyezze a csipeszt az orr\u00e1ra! A m\u00e9r\u0151fejet egyenes tart\u00e1s mellett helyezz\u00fck \u00d6n el\u00e9, majd k\u00e9rj\u00fck, hogy a v\u00edrus-\u00e9s bakt\u00e9rium sz\u0171r\u0151t vegye a sz\u00e1j\u00e1ba. A vizsg\u00e1lat sor\u00e1n a ki- \u00e9s bel\u00e9gz\u00e9si man\u0151vereket a sz\u00e1j\u00e1n kereszt\u00fcl kell v\u00e9gezni, \u00fagy, hogy a sz\u0171r\u0151 mellett ne sz\u00f6kj\u00f6n a leveg\u0151 (szorosan \u00f6sszez\u00e1rt ajkak).\u00a0 \u00a0 \u00a0 \u00a0<\/span><\/p>\n<p style=\"text-align: justify\">A vizsg\u00e1latot v\u00e9gz\u0151 szakasszisztens mikrofonon kereszt\u00fcl, hat\u00e1rozottan \u00e9s hangosan k\u00fcl\u00f6nb\u00f6z\u0151 l\u00e9gz\u00e9si man\u0151verekre sz\u00f3l\u00edtja fel. A vizsg\u00e1lat t\u00f6k\u00e9letes elv\u00e9gz\u00e9s\u00e9hez rendk\u00edv\u00fcl fontos az \u00d6n teljes figyelme \u00e9s egy\u00fcttm\u0171k\u00f6d\u00e9se: k\u00e9rj\u00fck, hogy az utas\u00edt\u00e1sokat maxim\u00e1lisan er\u0151lk\u00f6dve \u00e9s pontosan hajtsa v\u00e9gre!<\/p>\n<p style=\"text-align: justify\"><strong style=\"font-size: 1rem\">M\u00e9r\u00e9s:<\/strong><span style=\"font-size: 1rem\"> n\u00e9h\u00e1ny nyugodt l\u00e9gz\u00e9s ut\u00e1n felsz\u00f3l\u00edtjuk, hogy f\u00fajja ki teljesen, hosszan, legal\u00e1bb 6-8 m\u00e1sodpercig a leveg\u0151t, majd sz\u00edvja tele teljesen, szint\u00e9n legal\u00e1bb 6-8 m\u00e1sodpercig a t\u00fcdej\u00e9t.<\/span><\/p>\n<ol style=\"text-align: justify\">\n<li><strong> m\u00e9r\u00e9s:<\/strong> n\u00e9h\u00e1ny nyugodt l\u00e9gz\u00e9st k\u00f6vet\u0151en, teljesen, maxim\u00e1lisan telesz\u00edvja a t\u00fcdej\u00e9t, majd hirtelen, nagyon gyorsan, er\u0151teljesen, 1-2 m\u00e1sodperc alatt f\u00fajja ki az \u00f6sszes leveg\u0151t, de ezt k\u00f6vet\u0151en is folytassa a kif\u00faj\u00e1st 6-8 m\u00e1sodpercig, am\u00edg a vizsg\u00e1latot v\u00e9gz\u0151 asszisztens gyors \u00e9s maxim\u00e1lis bel\u00e9gz\u00e9sre k\u00e9ri. Ez a vizsg\u00e1lat akkor megfelel\u0151, ha 3x azonosan \u00e9s az \u00d6nre kalkul\u00e1lt \u00e9rt\u00e9keknek megfelel\u0151 \u00e9rt\u00e9keket teljes\u00edt.<\/li>\n<li><strong> m\u00e9r\u00e9s:<\/strong> a l\u00e9g\u00fati ellen\u00e1ll\u00e1s m\u00e9r\u00e9s\u00e9n\u00e9l a kabinban hallhat\u00f3 hangjelz\u00e9s \u00fctem\u00e9re liheg\u0151sen, gyorsan, kicsiket, egyform\u00e1kat kell l\u00e9legezni. Ezt k\u00f6vet\u0151en a nyom\u00e1sm\u00e9r\u0151 elz\u00e1rja a sz\u00e1jr\u00e9szt, de folytatni kell a megadott \u00fctemre a ritmikus l\u00e9gz\u00e9st a sz\u00e1j megnyit\u00e1sa n\u00e9lk\u00fcl. 3 ki-be l\u00e9gz\u00e9s ut\u00e1n kiny\u00edlik a leveg\u0151 \u00fatja, ekkor a t\u00fcdej\u00e9ben l\u00e9v\u0151 leveg\u0151t k\u00e9rj\u00fck f\u00fajja ki teljesen maxim\u00e1lis er\u0151kifejt\u00e9ssel.<\/li>\n<li><strong> m\u00e9r\u00e9s:<\/strong> a diff\u00fazi\u00f3 m\u00e9r\u00e9se. Ennek sor\u00e1n 3 nyugodt l\u00e9gz\u00e9s ut\u00e1n teljesen, hosszan, legal\u00e1bb 6-8 m\u00e1sodpercig kif\u00fajja a leveg\u0151t, majd er\u0151teljesen telesz\u00edvja a t\u00fcdej\u00e9t \u00e9s 6-8 m\u00e1sodpercig, mozdulatlanul benntartja a leveg\u0151t. Ezt k\u00f6vet\u0151en az asszisztens utas\u00edt\u00e1s\u00e1ra k\u00f6zepes gyorsas\u00e1ggal f\u00fajja ki v\u00e9gig hosszan, legal\u00e1bb 6-8 m\u00e1sodpercig a t\u00fcdej\u00e9ben l\u00e9v\u0151 \u00f6sszes leveg\u0151t!<\/li>\n<li><strong> m\u00e9r\u00e9s:<\/strong> a rekeszizom er\u0151 m\u00e9r\u00e9se. A kil\u00e9gz\u00e9si er\u0151 m\u00e9r\u00e9se sor\u00e1n maxim\u00e1lis bel\u00e9gz\u00e9st k\u00f6vet\u0151en az elz\u00e1rt sz\u00e1jr\u00e9szt kell pr\u00f3b\u00e1lni er\u0151s kif\u00faj\u00e1ssal \u201ekinyitni\u201d, a bel\u00e9gz\u00e9si er\u0151 m\u00e9r\u00e9sekor maxim\u00e1lisan ki\u00fcr\u00edtett t\u00fcd\u0151 mellett kell \u201esz\u00edvni\u201d az elz\u00e1rt sz\u00e1jr\u00e9szt.<\/li>\n<\/ol>\n<p style=\"text-align: justify\">Bizonyos esetekben sz\u00fcks\u00e9g lehet h\u00f6rg\u0151t\u00e1g\u00edt\u00f3 gy\u00f3gyszer ad\u00e1s\u00e1ra. Ez esetben a h\u00f6rg\u0151t\u00e1g\u00edt\u00f3 spray 2-4 d\u00f3zis\u00e1nak bel\u00e9gz\u00e9se ut\u00e1n 15-20 perccel \u00fajabb l\u00e9gz\u00e9sfunkci\u00f3s vizsg\u00e1latot v\u00e9gz\u00fcnk.<\/p>\n<p style=\"text-align: justify\">Az eredm\u00e9nyek \u00e9rt\u00e9kel\u00e9s\u00e9t a kezel\u0151orvosa v\u00e9gzi.<\/p>\n<p style=\"text-align: justify\">K\u00f6sz\u00f6nj\u00fck egy\u00fcttm\u0171k\u00f6d\u00e9s\u00e9t, felmer\u00fcl\u0151 tov\u00e1bbi k\u00e9rd\u00e9seire k\u00e9szs\u00e9ggel v\u00e1laszolunk. \u00a0<\/p>\n<p style=\"text-align: justify\">\u00a0<\/p>\n<p style=\"text-align: justify\">\u00a0<\/p>\n","protected":false},"excerpt":{"rendered":"<p>Tisztelt P\u00e1ciens! A l\u00e9gz\u00e9sfunkci\u00f3s vizsg\u00e1lat c\u00e9lja: a maxim\u00e1lis t\u00fcd\u0151t\u00e9rfogatok, a l\u00e9gz\u00e9si man\u0151verek sor\u00e1n a leveg\u0151 \u00e1raml\u00e1si sebess\u00e9g, az oxig\u00e9nfelv\u00e9tel (diff\u00fazi\u00f3) \u00e9s a l\u00e9gz\u0151izom er\u0151 vizsg\u00e1lata. K\u00e9rj\u00fck, hogy vizsg\u00e1lat el\u0151tt k\u00f6zvetlen\u00fcl ne egyen \u00e9s legal\u00e1bb 1 \u00f3r\u00e1n \u00e1t ne doh\u00e1nyozzon! Ha hall\u00f3k\u00e9sz\u00fcl\u00e9ket haszn\u00e1l, felt\u00e9tlen\u00fcl helyezze f\u00fcl\u00e9be! A kijelz\u0151n megjelen\u0151 sorsz\u00e1m\u00e1val l\u00e9pjen be a helyis\u00e9gbe! A teljes &hellip;<\/p>\n","protected":false},"author":102083,"featured_media":0,"parent":0,"menu_order":0,"comment_status":"closed","ping_status":"closed","template":"","meta":{"_acf_changed":false,"footnotes":""},"categories":[],"tags":[],"class_list":["post-3029","page","type-page","status-publish","hentry"],"acf":[],"_links":{"self":[{"href":"https:\/\/semmelweis.hu\/pulmonologia\/wp-json\/wp\/v2\/pages\/3029","targetHints":{"allow":["GET"]}}],"collection":[{"href":"https:\/\/semmelweis.hu\/pulmonologia\/wp-json\/wp\/v2\/pages"}],"about":[{"href":"https:\/\/semmelweis.hu\/pulmonologia\/wp-json\/wp\/v2\/types\/page"}],"author":[{"embeddable":true,"href":"https:\/\/semmelweis.hu\/pulmonologia\/wp-json\/wp\/v2\/users\/102083"}],"replies":[{"embeddable":true,"href":"https:\/\/semmelweis.hu\/pulmonologia\/wp-json\/wp\/v2\/comments?post=3029"}],"version-history":[{"count":9,"href":"https:\/\/semmelweis.hu\/pulmonologia\/wp-json\/wp\/v2\/pages\/3029\/revisions"}],"predecessor-version":[{"id":5040,"href":"https:\/\/semmelweis.hu\/pulmonologia\/wp-json\/wp\/v2\/pages\/3029\/revisions\/5040"}],"wp:attachment":[{"href":"https:\/\/semmelweis.hu\/pulmonologia\/wp-json\/wp\/v2\/media?parent=3029"}],"wp:term":[{"taxonomy":"category","embeddable":true,"href":"https:\/\/semmelweis.hu\/pulmonologia\/wp-json\/wp\/v2\/categories?post=3029"},{"taxonomy":"post_tag","embeddable":true,"href":"https:\/\/semmelweis.hu\/pulmonologia\/wp-json\/wp\/v2\/tags?post=3029"}],"curies":[{"name":"wp","href":"https:\/\/api.w.org\/{rel}","templated":true}]}}