{"id":3026,"date":"2023-03-02T17:25:00","date_gmt":"2023-03-02T16:25:00","guid":{"rendered":"https:\/\/semmelweis.hu\/pulmonologia\/?page_id=3026"},"modified":"2023-03-04T16:14:55","modified_gmt":"2023-03-04T15:14:55","slug":"tudnivalok-a-vizsgalatokrol-2","status":"publish","type":"page","link":"https:\/\/semmelweis.hu\/pulmonologia\/tudnivalok-a-vizsgalatokrol-2\/","title":{"rendered":"Tudnival\u00f3k a vizsg\u00e1latokr\u00f3l"},"content":{"rendered":"<p><a href=\"https:\/\/semmelweis.hu\/pulmonologia\/betegfelveteli-regisztracio\/\">Betegfelv\u00e9teli regisztr\u00e1ci\u00f3<\/a><\/p>\n<p><a href=\"https:\/\/semmelweis.hu\/pulmonologia\/vergaz-es-feno-vizsgalatok\/\">V\u00e9rg\u00e1z \u00e9s FENO vizsg\u00e1latok<\/a><\/p>\n<p><a href=\"https:\/\/semmelweis.hu\/pulmonologia\/legzesfunkcio\/\">L\u00e9gz\u00e9sfunkci\u00f3<\/a><\/p>\n<p><a href=\"https:\/\/semmelweis.hu\/pulmonologia\/ekg\/\">EKG<\/a><\/p>\n<p><a href=\"https:\/\/semmelweis.hu\/pulmonologia\/vervetel-allergia-teszt-es-egyeb-vizsgalatok\/\">v\u00e9rv\u00e9tel, allergia teszt \u00e9s egy\u00e9b vizsg\u00e1latok<\/a><\/p>\n<p><a href=\"https:\/\/semmelweis.hu\/pulmonologia\/mellkas-rontgen\/\">Mellkas r\u00f6ntgen<\/a><\/p>\n<p><a href=\"https:\/\/semmelweis.hu\/pulmonologia\/cpet\/\">CPET<\/a><\/p>\n","protected":false},"excerpt":{"rendered":"<p><a href=\"https:\/\/semmelweis.hu\/pulmonologia\/betegfelveteli-regisztracio\/\">Betegfelv\u00e9teli regisztr\u00e1ci\u00f3<\/a><br \/>\n<a href=\"https:\/\/semmelweis.hu\/pulmonologia\/vergaz-es-feno-vizsgalatok\/\">V\u00e9rg\u00e1z \u00e9s FENO vizsg\u00e1latok<\/a><br \/>\n<a href=\"https:\/\/semmelweis.hu\/pulmonologia\/legzesfunkcio\/\">L\u00e9gz\u00e9sfunkci\u00f3<\/a><br \/>\n<a href=\"https:\/\/semmelweis.hu\/pulmonologia\/ekg\/\">EKG<\/a><br \/>\n<a href=\"https:\/\/semmelweis.hu\/pulmonologia\/vervetel-allergia-teszt-es-egyeb-vizsgalatok\/\">v\u00e9rv\u00e9tel, allergia teszt \u00e9s egy\u00e9b vizsg\u00e1latok<\/a><br \/>\n<a href=\"https:\/\/semmelweis.hu\/pulmonologia\/mellkas-rontgen\/\">Mellkas r\u00f6ntgen<\/a><br \/>\n<a href=\"https:\/\/semmelweis.hu\/pulmonologia\/cpet\/\">CPET<\/a><\/p>\n","protected":false},"author":102083,"featured_media":0,"parent":0,"menu_order":0,"comment_status":"closed","ping_status":"closed","template":"","meta":{"_acf_changed":false,"footnotes":""},"categories":[],"tags":[],"class_list":["post-3026","page","type-page","status-publish","hentry"],"acf":[],"_links":{"self":[{"href":"https:\/\/semmelweis.hu\/pulmonologia\/wp-json\/wp\/v2\/pages\/3026","targetHints":{"allow":["GET"]}}],"collection":[{"href":"https:\/\/semmelweis.hu\/pulmonologia\/wp-json\/wp\/v2\/pages"}],"about":[{"href":"https:\/\/semmelweis.hu\/pulmonologia\/wp-json\/wp\/v2\/types\/page"}],"author":[{"embeddable":true,"href":"https:\/\/semmelweis.hu\/pulmonologia\/wp-json\/wp\/v2\/users\/102083"}],"replies":[{"embeddable":true,"href":"https:\/\/semmelweis.hu\/pulmonologia\/wp-json\/wp\/v2\/comments?post=3026"}],"version-history":[{"count":5,"href":"https:\/\/semmelweis.hu\/pulmonologia\/wp-json\/wp\/v2\/pages\/3026\/revisions"}],"predecessor-version":[{"id":3070,"href":"https:\/\/semmelweis.hu\/pulmonologia\/wp-json\/wp\/v2\/pages\/3026\/revisions\/3070"}],"wp:attachment":[{"href":"https:\/\/semmelweis.hu\/pulmonologia\/wp-json\/wp\/v2\/media?parent=3026"}],"wp:term":[{"taxonomy":"category","embeddable":true,"href":"https:\/\/semmelweis.hu\/pulmonologia\/wp-json\/wp\/v2\/categories?post=3026"},{"taxonomy":"post_tag","embeddable":true,"href":"https:\/\/semmelweis.hu\/pulmonologia\/wp-json\/wp\/v2\/tags?post=3026"}],"curies":[{"name":"wp","href":"https:\/\/api.w.org\/{rel}","templated":true}]}}