{"id":2688,"date":"2021-11-11T10:10:30","date_gmt":"2021-11-11T09:10:30","guid":{"rendered":"https:\/\/semmelweis.hu\/pulmonologia\/?page_id=2688"},"modified":"2025-05-20T11:37:52","modified_gmt":"2025-05-20T09:37:52","slug":"ild-elojegyzes","status":"publish","type":"page","link":"https:\/\/semmelweis.hu\/pulmonologia\/altalanos-informaciok\/ild-elojegyzes\/","title":{"rendered":"ILD el\u0151jegyz\u00e9s"},"content":{"rendered":"<p style=\"text-align: justify\">Tisztelt Koll\u00e9ga!<\/p>\n<p style=\"text-align: justify\">Semmelweis Egyetem Pulmonol\u00f3giai Klinika ILD ell\u00e1t\u00e1s\u00e1ra a k\u00f6vetkez\u0151k alapj\u00e1n k\u00e9rhet interstitialis t\u00fcd\u0151betegs\u00e9gre gyan\u00fas betege sz\u00e1m\u00e1ra kezel\u0151orvosa el\u0151jegyz\u00e9st:\u00a0<\/p>\n<ol style=\"text-align: justify\">\n<li>6 h\u00f3napn\u00e1l nem r\u00e9gebbi mellkasi HRCT lelet, k\u00e9panyag el\u00e9r\u00e9si \u00fatvonala\/CD.<\/li>\n<li>Eg\u00e9szs\u00e9g\u00fcgyi dokument\u00e1ci\u00f3 \u00f6ssze\u00e1ll\u00edt\u00e1sa (id\u0151rendi sorrendben).<\/li>\n<li>Gy\u00f3gyszerel\u00e9si lista (neve, d\u00f3zisa, adagol\u00e1sa\/nap).<\/li>\n<\/ol>\n<p style=\"text-align: justify\">El\u0151jegyz\u00e9s k\u00e9rhet\u0151 a felv\u00e9teli irod\u00e1n 12-15 \u00f3ra k\u00f6z\u00f6tt a 061\/355-97-33\/57015-\u00f6s mell\u00e9ken.<br \/>\nAmennyiben Prof. Dr. M\u00fcller Veronika igazgat\u00f3 asszonyhoz sz\u00f3l a beutal\u00f3, \u00fagy az 57041-es mell\u00e9ken.<\/p>\n<p style=\"text-align: justify\">K\u00f6sz\u00f6nj\u00fck bizalmukat Prof. Dr. M\u00fcller Veronika \u00e9s az ILD-team orvosi-szakdolgoz\u00f3i csapata nev\u00e9ben.<\/p>\n<p>&nbsp;<\/p>\n<p><span style=\"font-size: 12pt\">Friss\u00edtve: 2025.05.20. K\u00e9sz\u00edtette Kelemen Csilla, j\u00f3v\u00e1hagyta Prof. Dr. M\u00fcller Veronika. \u00c9rv\u00e9nyes visszavon\u00e1sig.\u00a0<\/span><\/p>\n","protected":false},"excerpt":{"rendered":"<p>Tisztelt Koll\u00e9ga! Semmelweis Egyetem Pulmonol\u00f3giai Klinika ILD ell\u00e1t\u00e1s\u00e1ra a k\u00f6vetkez\u0151k alapj\u00e1n k\u00e9rhet interstitialis t\u00fcd\u0151betegs\u00e9gre gyan\u00fas betege sz\u00e1m\u00e1ra kezel\u0151orvosa el\u0151jegyz\u00e9st:\u00a0 6 h\u00f3napn\u00e1l nem r\u00e9gebbi mellkasi HRCT lelet, k\u00e9panyag el\u00e9r\u00e9si \u00fatvonala\/CD. Eg\u00e9szs\u00e9g\u00fcgyi dokument\u00e1ci\u00f3 \u00f6ssze\u00e1ll\u00edt\u00e1sa (id\u0151rendi sorrendben). Gy\u00f3gyszerel\u00e9si lista (neve, d\u00f3zisa, adagol\u00e1sa\/nap). El\u0151jegyz\u00e9s k\u00e9rhet\u0151 a felv\u00e9teli irod\u00e1n 12-15 \u00f3ra k\u00f6z\u00f6tt a 061\/355-97-33\/57015-\u00f6s mell\u00e9ken. Amennyiben Prof. Dr. M\u00fcller Veronika &hellip;<\/p>\n","protected":false},"author":101685,"featured_media":0,"parent":8,"menu_order":6,"comment_status":"closed","ping_status":"closed","template":"","meta":{"_acf_changed":false,"footnotes":""},"categories":[],"tags":[],"class_list":["post-2688","page","type-page","status-publish","hentry"],"acf":[],"_links":{"self":[{"href":"https:\/\/semmelweis.hu\/pulmonologia\/wp-json\/wp\/v2\/pages\/2688","targetHints":{"allow":["GET"]}}],"collection":[{"href":"https:\/\/semmelweis.hu\/pulmonologia\/wp-json\/wp\/v2\/pages"}],"about":[{"href":"https:\/\/semmelweis.hu\/pulmonologia\/wp-json\/wp\/v2\/types\/page"}],"author":[{"embeddable":true,"href":"https:\/\/semmelweis.hu\/pulmonologia\/wp-json\/wp\/v2\/users\/101685"}],"replies":[{"embeddable":true,"href":"https:\/\/semmelweis.hu\/pulmonologia\/wp-json\/wp\/v2\/comments?post=2688"}],"version-history":[{"count":10,"href":"https:\/\/semmelweis.hu\/pulmonologia\/wp-json\/wp\/v2\/pages\/2688\/revisions"}],"predecessor-version":[{"id":4329,"href":"https:\/\/semmelweis.hu\/pulmonologia\/wp-json\/wp\/v2\/pages\/2688\/revisions\/4329"}],"up":[{"embeddable":true,"href":"https:\/\/semmelweis.hu\/pulmonologia\/wp-json\/wp\/v2\/pages\/8"}],"wp:attachment":[{"href":"https:\/\/semmelweis.hu\/pulmonologia\/wp-json\/wp\/v2\/media?parent=2688"}],"wp:term":[{"taxonomy":"category","embeddable":true,"href":"https:\/\/semmelweis.hu\/pulmonologia\/wp-json\/wp\/v2\/categories?post=2688"},{"taxonomy":"post_tag","embeddable":true,"href":"https:\/\/semmelweis.hu\/pulmonologia\/wp-json\/wp\/v2\/tags?post=2688"}],"curies":[{"name":"wp","href":"https:\/\/api.w.org\/{rel}","templated":true}]}}