{"id":264,"date":"2021-05-20T14:48:03","date_gmt":"2021-05-20T12:48:03","guid":{"rendered":"http:\/\/semmelweis.hu\/pulmonologia\/?page_id=264"},"modified":"2025-10-01T10:36:30","modified_gmt":"2025-10-01T08:36:30","slug":"jarobeteg-szakrendelesek","status":"publish","type":"page","link":"https:\/\/semmelweis.hu\/pulmonologia\/altalanos-informaciok\/jarobeteg-szakrendelesek\/","title":{"rendered":"J\u00e1r\u00f3beteg szakrendel\u00e9sek"},"content":{"rendered":"<p style=\"text-align: center\"><span style=\"font-size: 18pt\"><strong>Tisztelt L\u00e1togat\u00f3!<\/strong><\/span><\/p>\n<p style=\"text-align: justify\">A Semmelweis Egyetem Pulmonol\u00f3giai Klinik\u00e1ra <strong>beteg el\u0151jegyz\u00e9s jelenleg az al\u00e1bbiak szerint lehets\u00e9ges:<\/strong><\/p>\n<ul style=\"text-align: justify\">\n<li><strong>J\u00e1r\u00f3beteg konz\u00edliumot a Semmelweis Egyetem Klinik\u00e1i \u00e9s a ter\u00fcleti T\u00fcd\u0151beteg Gondoz\u00f3 int\u00e9zetek szakorvosai k\u00e9rhetnek (kiz\u00e1r\u00f3lag el\u0151jegyzett id\u0151pont szerint van m\u00f3d j\u00e1r\u00f3beteg ell\u00e1t\u00e1sra).<\/strong><\/li>\n<li><strong>Fekv\u0151beteg ell\u00e1t\u00e1s h\u00e1ziorvosi, t\u00fcd\u0151gondoz\u00f3i \u00e9s m\u00e1s szakorvosi beutal\u00f3val, ter\u00fcleti illet\u00e9kess\u00e9g szerint t\u00f6rt\u00e9nik, el\u0151zetes id\u0151pont-egyeztet\u00e9s ut\u00e1n.<\/strong><\/li>\n<\/ul>\n<p style=\"text-align: justify\"><strong>El\u0151jegyz\u00e9si id\u0151pontot <\/strong>mindk\u00e9t esetben a <strong>beutal\u00f3 orvos koll\u00e9ga<\/strong> k\u00e9rhet a <strong>06 1 355-97-33\/<span style=\"color: #ff0000\">57015<\/span> m.<\/strong> telefonsz\u00e1m h\u00edv\u00e1s\u00e1val. <span style=\"color: #ff0000\">Ez a mell\u00e9k h\u00e9tk\u00f6znaponk\u00e9nt 12 \u00e9s 15 \u00f3ra k\u00f6z\u00f6tt \u00e9rhet\u0151 el.<\/span><\/p>\n<p style=\"text-align: justify\">Beteg \u00e1thelyez\u00e9se egyetemi vagy m\u00e1s int\u00e9zm\u00e9nyb\u0151l a napi szakorvos konz\u00edli\u00e1rus (15 \u00f3r\u00e1ig), illetve \u00fcgyeletes szakorvossal t\u00f6rt\u00e9n\u0151 egyeztet\u00e9s ut\u00e1n t\u00f6rt\u00e9nhet <strong>(telefon 06 1 355-97-33)<\/strong>.<\/p>\n<p style=\"text-align: justify\"><strong>S\u00fcrg\u0151ss\u00e9gi betegell\u00e1t\u00e1s egyetem\u00fcnk s\u00fcrg\u0151ss\u00e9gi oszt\u00e1ly\u00e1n kereszt\u00fcl t\u00f6rt\u00e9nik. Amennyiben a vezet\u0151 t\u00fcnet t\u00fcd\u0151gy\u00f3gy\u00e1szati eredet\u0171 \u00e9s a beteg nem ig\u00e9nyel intenz\u00edv ell\u00e1t\u00e1st, klinik\u00e1nk l\u00e1tja el a beteget.<br \/>\n<\/strong><\/p>\n<p style=\"text-align: justify\">Klinik\u00e1nk orvosainak t\u00f6bbs\u00e9ge r\u00e9szt vesz a fekv\u0151beteg ell\u00e1t\u00e1sban \u00e9s az oktat\u00e1sban is, ez\u00e9rt rendel\u00e9si idej\u00fck az ambulanci\u00e1kon meghat\u00e1rozott napokon \u00e9s meghat\u00e1rozott id\u0151korl\u00e1tok k\u00f6z\u00f6tt t\u00f6rt\u00e9nik. A munkafolyamatok tervezhet\u0151s\u00e9ge \u00e9rdek\u00e9ben a beutal\u00e1s mellett el\u0151zetes regisztr\u00e1ci\u00f3 is sz\u00fcks\u00e9ges, \u00edgy v\u00e1r\u00f3list\u00e1k kialakul\u00e1sa t\u00f6rv\u00e9nyszer\u0171, hiszen orvosaink csak korl\u00e1tozott sz\u00e1m\u00fa beteget tudnak ell\u00e1tni a t\u00f6rv\u00e9nyes rendel\u00e9si id\u0151ben. Ez a rendelet a betegek \u00e9rdek\u00e9t is szolg\u00e1lja, mert a l\u00e9pcs\u0151zetes regisztr\u00e1ci\u00f3s rendszer gyorsabb betegell\u00e1t\u00e1st biztos\u00edt, a t\u00falzs\u00fafolt ambulanci\u00e1kkal szemben. R\u00e9gebb \u00f3ta fenn\u00e1ll\u00f3 orvos-beteg kapcsolat eset\u00e9n a v\u00e1lasztott orvos fogadhatja beteg\u00e9t, a vele megbesz\u00e9lt id\u0151pontban, de a beteg el\u0151jegyz\u00e9se, regisztr\u00e1ci\u00f3ja, minden esetben k\u00f6telez\u0151.<\/p>\n<div class=\"responsive-tabs\">\n<h2 class=\"tabtitle\">Ambulanci\u00e1k<\/h2>\n<div class=\"tabcontent\">\n\n<p style=\"text-align: justify\"><span style=\"font-size: 18pt\"><strong>L\u00e9g<\/strong><strong>\u00fati allergol\u00f3giai \u00e9s asztm<\/strong><strong>a szakambulancia<\/strong><\/span><\/p>\n<p><strong>El\u0151jegyz\u00e9s \u00e9s t\u00fcd\u0151gondoz\u00f3i beutal\u00f3 sz\u00fcks\u00e9ges<\/strong><br \/>\nBejelentkez\u00e9s: +36 1 355 9733\/<span style=\"color: #ff0000\">57015<\/span>, <span style=\"color: #ff0000\">ez a mell\u00e9k h\u00e9tk\u00f6znaponk\u00e9nt 12 \u00e9s 15 \u00f3ra k\u00f6z\u00f6tt \u00e9rhet\u0151 el<\/span><\/p>\n<p style=\"text-align: justify\"><strong>Rendel\u0151 orvosok: <\/strong><\/p>\n<p style=\"text-align: justify;padding-left: 40px\">Prof. Dr. M\u00fcller Veronika<br \/>\nProf. Dr. Tam\u00e1si Lilla<br \/>\nDr. Boh\u00e1cs Anik\u00f3<br \/>\nDr. Hidv\u00e9gi Edit<br \/>\nDr. Kom\u00e1romi Tam\u00e1s<br \/>\nDr. Zs\u00e1mboki Gabriella<\/p>\n<hr \/>\n<p><span style=\"font-size: 18pt\"><strong>Pulmonol\u00f3gia-onkol\u00f3giai szakambulancia<\/strong><\/span><\/p>\n<p><strong>El\u0151jegyz\u00e9s sz\u00fcks\u00e9ges<\/strong><br \/>\nBejelentkez\u00e9s: +36 1 355 9733<\/p>\n<p><strong>Rendel\u0151 orvosok:<\/strong><\/p>\n<p style=\"padding-left: 40px\">Prof. Dr. Losonczy Gy\u00f6rgy<br \/>\nProf. Dr. M\u00fcller Veronika<br \/>\nProf. Dr. Tam\u00e1si Lilla<br \/>\nDr. Zs\u00e1mboki Gabriella<\/p>\n<hr \/>\n<p><span style=\"font-size: 18pt\"><strong>Pulmonol\u00f3giai immunol\u00f3giai speci\u00e1lis szakambulancia<\/strong><\/span><\/p>\n<p><strong>El\u0151jegyz\u00e9s \u00e9s beutal\u00f3 sz\u00fcks\u00e9ges<br \/>\n<\/strong>Bejelentkez\u00e9s: +36 1 355 9733<strong><br \/>\n<\/strong><\/p>\n<p><strong>Rendel\u0151 orvosok:<\/strong><\/p>\n<p style=\"padding-left: 40px\">Prof. Dr. M\u00fcller Veronika<br \/>\nProf. Dr. Tam\u00e1si Lilla<br \/>\nDr. Boh\u00e1cs Anik\u00f3<br \/>\nDr. Eszes No\u00e9mi<br \/>\nDr. Vincze Krisztina<\/p>\n<hr \/>\n<p><span style=\"font-size: 18pt\"><strong>Kardiol\u00f3giai szakambulancia<\/strong><\/span><\/p>\n<p><strong>El\u0151jegyz\u00e9s \u00e9s beutal\u00f3 sz\u00fcks\u00e9ges<br \/>\n<\/strong>Bejelentkez\u00e9s: +36 1 459 1500\/ <span style=\"color: #ff0000\">57018, ez a mell\u00e9k h\u00e9tk\u00f6znaponk\u00e9nt 13 \u00e9s 15 \u00f3ra k\u00f6z\u00f6tt \u00e9rhet\u0151 el.<\/span><\/p>\n<p><strong>Rendel\u0151 orvosok:<\/strong><\/p>\n<p style=\"padding-left: 40px\">Dr. Karl\u00f3cai Krist\u00f3f<br \/>\nDr. Cs\u00f3sza Gy\u00f6rgyi<\/p>\n<hr \/>\n<p><span style=\"font-size: 18pt\"><strong>\u00c1ltal\u00e1nos t\u00fcd\u0151gy\u00f3gy\u00e1szati konz\u00edlium<\/strong><\/span><\/p>\n<p><strong>El\u0151jegyz\u00e9s \u00e9s beutal\u00f3 sz\u00fcks\u00e9ges<br \/>\n<\/strong>Bejelentkez\u00e9s: +36 1 355 9733<\/p>\n<p><strong>Rendel\u0151 orvosok:<\/strong><\/p>\n<p style=\"padding-left: 40px\">Prof. Dr. Losonczy Gy\u00f6rgy<br \/>\nProf. Dr. Tam\u00e1si Lilla<br \/>\nDr. Zs\u00e1mboki Gabriella<br \/>\nDr. Hidv\u00e9gi Edit<br \/>\nDr. Kom\u00e1romi Tam\u00e1s<\/p>\n<hr \/>\n<p><span style=\"font-size: 18pt\"><strong>Alv\u00e1smedicina szakambulancia<\/strong><\/span><span style=\"text-decoration: underline\"><span style=\"font-size: 18pt\"><strong><br \/>\n<\/strong><\/span><\/span><\/p>\n<p><strong>El\u0151jegyz\u00e9s \u00e9s beutal\u00f3 sz\u00fcks\u00e9ges<br \/>\n<\/strong>Bejelentkez\u00e9s: +36 1 355 9733<\/p>\n<p><strong>Rendel\u0151 orvosok:<\/strong><\/p>\n<p>A Klinika szakorvosai. Szomnol\u00f3gus, laborvezet\u0151: Dr. Horv\u00e1th G\u00e1bor<\/p>\n<hr \/>\n<p><span style=\"font-size: 18pt\"><strong>T\u00fcd\u0151transzplant\u00e1ci\u00f3s szakambulancia<\/strong><\/span><\/p>\n<p><strong>El\u0151jegyz\u00e9s sz\u00fcks\u00e9ges a t\u00fcd\u0151transzplant\u00e1ci\u00f3s munkacsoport adminisztr\u00e1tor\u00e1n\u00e1l<br \/>\n<\/strong>Bejelentkez\u00e9s: +36 1 355 9733<strong><br \/>\n<\/strong><\/p>\n<p><strong>Rendel\u0151 orvosok:<\/strong><\/p>\n<p style=\"padding-left: 40px\">Prof. Dr. M\u00fcller Veronika<br \/>\nDr. Horv\u00e1th G\u00e1bor<br \/>\nDr. Boh\u00e1cs Anik\u00f3<br \/>\nDr. Kov\u00e1ts Zsuzsanna<br \/>\nDr. Eszes No\u00e9mi<br \/>\nDr. Vincze Krisztina<br \/>\nDr. Horv\u00e1th P\u00e9ter<br \/>\nDr. Fekete Dorottya<\/p>\n<p>&nbsp;<\/p>\n<hr \/>\n<p><span style=\"font-size: 18pt\"><strong>L\u00e9gz\u00e9srehabilit\u00e1ci\u00f3s szakambulancia<\/strong><\/span><\/p>\n<p>Nappali k\u00f3rh\u00e1zas- \u00e9s fekv\u0151beteg l\u00e9gz\u00e9srehabilit\u00e1ci\u00f3s ell\u00e1t\u00e1s beutal\u00e1si rendje:\u00a0<br \/>\nH\u00e1ziorvos, belgy\u00f3gy\u00e1sz, t\u00fcd\u0151gy\u00f3gy\u00e1sz k\u00fcldheti a beteget l\u00e9gz\u00e9srehabilit\u00e1ci\u00f3s konz\u00edliumba, majd innen ker\u00fcl el\u0151jegyz\u00e9sre a l\u00e9gz\u00e9srehabilit\u00e1ci\u00f3s ell\u00e1t\u00e1sra.<\/p>\n<p>El\u0151jegyz\u00e9s sz\u00fcks\u00e9ges:<br \/>\nBejelentkez\u00e9s: +36 1 355 9733<\/p>\n<p><strong>Rendel\u0151 orvosok:<\/strong><\/p>\n<p style=\"text-align: left\">Dr. Varga J\u00e1nos Tam\u00e1s<br \/>\nDr. Kov\u00e1ts Zsuzsanna<\/p>\n<hr \/>\n<p><strong><span style=\"font-size: 18pt\">Pszichol\u00f3giai tan\u00e1csad\u00e1s ambulancia<\/span><\/strong><span style=\"text-decoration: underline\"><strong><span style=\"font-size: 18pt\"><br \/>\n<\/span><\/strong><\/span><\/p>\n<p><strong>El\u0151jegyz\u00e9s sz\u00fcks\u00e9ges<br \/>\n<\/strong>Bejelentkez\u00e9s: +36 1 355 9733<strong><br \/>\n<\/strong><\/p>\n<p><strong>Rendel\u0151 orvos:<\/strong><\/p>\n<p>Dr. G\u0151bel Orsolya<\/p>\n<hr \/>\n<p><strong><span style=\"font-size: 18pt\">Dietetikai szakambulancia<\/span><\/strong><\/p>\n<p><strong>El\u0151jegyz\u00e9s sz\u00fcks\u00e9ges<br \/>\n<\/strong>Bejelentkez\u00e9s: + 36 1 355 9733<\/p>\n<p><strong>Rendel\u0151 dietetikus:<\/strong><\/p>\n<p>Bakos Regina<br \/>\nSzalai Borb\u00e1la<\/p>\n<hr \/>\n<p style=\"padding-left: 40px\">\u00a0<\/p>\n<hr \/>\n\n<\/div><h2 class=\"tabtitle\">Ter\u00fcleti ell\u00e1t\u00e1s<\/h2>\n<div class=\"tabcontent\">\n\n<p>&nbsp;<\/p>\n<p style=\"text-align: justify\"><span style=\"color: #000000\"><strong>Klinik\u00e1nkon csak a ter\u00fcletileg int\u00e9zm\u00e9ny\u00fcnkh\u00f6z tartoz\u00f3<\/strong>, T\u00fcd\u0151gondoz\u00f3 \u00e1ltal beutalt betegeket l\u00e1thatjuk el. A ter\u00fcleten k\u00edv\u00fcli betegeket k\u00e9rj\u00fck, hogy forduljanak a lakc\u00edm\u00fck szerint illet\u00e9kes T\u00fcd\u0151gondoz\u00f3hoz. Meg\u00e9rt\u00e9s\u00fcket k\u00f6sz\u00f6nj\u00fck.<\/span><\/p>\n<p style=\"text-align: justify\"><span style=\"color: #000000\"><strong>A Pulmonol\u00f3giai Klinikai ter\u00fcletei:<\/strong> Budapest VIII.,IX., XVI., XIX. ker\u00fclet, Als\u00f3n\u00e9medi, Apaj, \u00c1porka, Bugyi, D\u00e9legyh\u00e1za, D\u00f6ms\u00f6d, Dunaharaszti, Dunavars\u00e1ny, Fels\u0151pakony, Gy\u00e1l, Hal\u00e1sztelek, Kiskunlach\u00e1za, L\u00f3r\u00e9v, Majosh\u00e1za, Mak\u00e1d, \u00d3csa, R\u00e1ckeve, Szigetbecse, Szigetcs\u00e9p, Szigethalom, Szigetszentm\u00e1rton, Szigetszentmikl\u00f3s, Sziget\u00fajfalu, Taksony, T\u00f6k\u00f6l.<\/span><\/p>\n<p>&nbsp;<\/p>\n<\/div><\/div>\n<p>&nbsp;<\/p>\n<p><span style=\"font-size: 12pt\">Aktualiz\u00e1lva 2025.06.24.\u00a0<\/span><\/p>\n","protected":false},"excerpt":{"rendered":"<p>Tisztelt L\u00e1togat\u00f3! A Semmelweis Egyetem Pulmonol\u00f3giai Klinik\u00e1ra beteg el\u0151jegyz\u00e9s jelenleg az al\u00e1bbiak szerint lehets\u00e9ges: J\u00e1r\u00f3beteg konz\u00edliumot a Semmelweis Egyetem Klinik\u00e1i \u00e9s a ter\u00fcleti T\u00fcd\u0151beteg Gondoz\u00f3 int\u00e9zetek szakorvosai k\u00e9rhetnek (kiz\u00e1r\u00f3lag el\u0151jegyzett id\u0151pont szerint van m\u00f3d j\u00e1r\u00f3beteg ell\u00e1t\u00e1sra). Fekv\u0151beteg ell\u00e1t\u00e1s h\u00e1ziorvosi, t\u00fcd\u0151gondoz\u00f3i \u00e9s m\u00e1s szakorvosi beutal\u00f3val, ter\u00fcleti illet\u00e9kess\u00e9g szerint t\u00f6rt\u00e9nik, el\u0151zetes id\u0151pont-egyeztet\u00e9s ut\u00e1n. El\u0151jegyz\u00e9si id\u0151pontot mindk\u00e9t esetben &hellip;<\/p>\n","protected":false},"author":112,"featured_media":0,"parent":8,"menu_order":1,"comment_status":"closed","ping_status":"closed","template":"","meta":{"_acf_changed":false,"footnotes":""},"categories":[],"tags":[],"class_list":["post-264","page","type-page","status-publish","hentry"],"acf":[],"_links":{"self":[{"href":"https:\/\/semmelweis.hu\/pulmonologia\/wp-json\/wp\/v2\/pages\/264","targetHints":{"allow":["GET"]}}],"collection":[{"href":"https:\/\/semmelweis.hu\/pulmonologia\/wp-json\/wp\/v2\/pages"}],"about":[{"href":"https:\/\/semmelweis.hu\/pulmonologia\/wp-json\/wp\/v2\/types\/page"}],"author":[{"embeddable":true,"href":"https:\/\/semmelweis.hu\/pulmonologia\/wp-json\/wp\/v2\/users\/112"}],"replies":[{"embeddable":true,"href":"https:\/\/semmelweis.hu\/pulmonologia\/wp-json\/wp\/v2\/comments?post=264"}],"version-history":[{"count":15,"href":"https:\/\/semmelweis.hu\/pulmonologia\/wp-json\/wp\/v2\/pages\/264\/revisions"}],"predecessor-version":[{"id":4693,"href":"https:\/\/semmelweis.hu\/pulmonologia\/wp-json\/wp\/v2\/pages\/264\/revisions\/4693"}],"up":[{"embeddable":true,"href":"https:\/\/semmelweis.hu\/pulmonologia\/wp-json\/wp\/v2\/pages\/8"}],"wp:attachment":[{"href":"https:\/\/semmelweis.hu\/pulmonologia\/wp-json\/wp\/v2\/media?parent=264"}],"wp:term":[{"taxonomy":"category","embeddable":true,"href":"https:\/\/semmelweis.hu\/pulmonologia\/wp-json\/wp\/v2\/categories?post=264"},{"taxonomy":"post_tag","embeddable":true,"href":"https:\/\/semmelweis.hu\/pulmonologia\/wp-json\/wp\/v2\/tags?post=264"}],"curies":[{"name":"wp","href":"https:\/\/api.w.org\/{rel}","templated":true}]}}