{"id":2582,"date":"2021-09-23T14:21:11","date_gmt":"2021-09-23T12:21:11","guid":{"rendered":"https:\/\/semmelweis.hu\/pulmonologia\/?page_id=2582"},"modified":"2025-05-20T09:53:58","modified_gmt":"2025-05-20T07:53:58","slug":"post-covid-ambulancia-beutalasi-rend","status":"publish","type":"page","link":"https:\/\/semmelweis.hu\/pulmonologia\/post-covid-ambulancia-beutalasi-rend\/","title":{"rendered":"Post-COVID ell\u00e1t\u00e1s beutal\u00e1si rend"},"content":{"rendered":"<p><span style=\"color: #ff0000\">Aktu\u00e1lisan ez az ell\u00e1t\u00e1s nincs hat\u00e1lyban.<\/span><\/p>\n<p>&nbsp;<\/p>\n<p><span style=\"font-size: 12pt\">Friss\u00edtve: 2025.05.19. K\u00e9sz\u00edtette \u00e9s valid\u00e1lta Prof. Dr. M\u00fcller Veronika<\/span><\/p>\n<p>&nbsp;<\/p>\n<p style=\"text-align: justify\">\u00a0<\/p>\n","protected":false},"excerpt":{"rendered":"<p>Aktu\u00e1lisan ez az ell\u00e1t\u00e1s nincs hat\u00e1lyban.<br \/>\n&nbsp;<br \/>\nFriss\u00edtve: 2025.05.19. K\u00e9sz\u00edtette \u00e9s valid\u00e1lta Prof. Dr. M\u00fcller Veronika<br \/>\n&nbsp;<br \/>\n\u00a0<\/p>\n","protected":false},"author":101685,"featured_media":0,"parent":0,"menu_order":0,"comment_status":"closed","ping_status":"closed","template":"","meta":{"_acf_changed":false,"footnotes":""},"categories":[],"tags":[],"class_list":["post-2582","page","type-page","status-publish","hentry"],"acf":[],"_links":{"self":[{"href":"https:\/\/semmelweis.hu\/pulmonologia\/wp-json\/wp\/v2\/pages\/2582","targetHints":{"allow":["GET"]}}],"collection":[{"href":"https:\/\/semmelweis.hu\/pulmonologia\/wp-json\/wp\/v2\/pages"}],"about":[{"href":"https:\/\/semmelweis.hu\/pulmonologia\/wp-json\/wp\/v2\/types\/page"}],"author":[{"embeddable":true,"href":"https:\/\/semmelweis.hu\/pulmonologia\/wp-json\/wp\/v2\/users\/101685"}],"replies":[{"embeddable":true,"href":"https:\/\/semmelweis.hu\/pulmonologia\/wp-json\/wp\/v2\/comments?post=2582"}],"version-history":[{"count":10,"href":"https:\/\/semmelweis.hu\/pulmonologia\/wp-json\/wp\/v2\/pages\/2582\/revisions"}],"predecessor-version":[{"id":4323,"href":"https:\/\/semmelweis.hu\/pulmonologia\/wp-json\/wp\/v2\/pages\/2582\/revisions\/4323"}],"wp:attachment":[{"href":"https:\/\/semmelweis.hu\/pulmonologia\/wp-json\/wp\/v2\/media?parent=2582"}],"wp:term":[{"taxonomy":"category","embeddable":true,"href":"https:\/\/semmelweis.hu\/pulmonologia\/wp-json\/wp\/v2\/categories?post=2582"},{"taxonomy":"post_tag","embeddable":true,"href":"https:\/\/semmelweis.hu\/pulmonologia\/wp-json\/wp\/v2\/tags?post=2582"}],"curies":[{"name":"wp","href":"https:\/\/api.w.org\/{rel}","templated":true}]}}