{"id":2396,"date":"2021-10-20T13:52:04","date_gmt":"2021-10-20T11:52:04","guid":{"rendered":"https:\/\/semmelweis.hu\/pulmonologia\/?page_id=2396"},"modified":"2025-06-16T10:26:19","modified_gmt":"2025-06-16T08:26:19","slug":"uj-kutatasi-projekt-a-covid-19-vonatkozasaban","status":"publish","type":"page","link":"https:\/\/semmelweis.hu\/pulmonologia\/kutatas\/uj-kutatasi-projekt-a-covid-19-vonatkozasaban\/","title":{"rendered":"\u00daj kutat\u00e1si projekt a Covid-19 vonatkoz\u00e1s\u00e1ban"},"content":{"rendered":"<p>&nbsp;<\/p>\n<p>Lez\u00e1rult projekt.<\/p>\n<p><img loading=\"lazy\" decoding=\"async\" class=\"aligncenter size-full wp-image-2664\" src=\"https:\/\/semmelweis.hu\/pulmonologia\/files\/2021\/10\/NKFIA_infoblokk_projekt_fekvo_2019_HU_1.png\" alt=\"\" width=\"1110\" height=\"260\" srcset=\"https:\/\/semmelweis.hu\/pulmonologia\/files\/2021\/10\/NKFIA_infoblokk_projekt_fekvo_2019_HU_1.png 1110w, https:\/\/semmelweis.hu\/pulmonologia\/files\/2021\/10\/NKFIA_infoblokk_projekt_fekvo_2019_HU_1-400x94.png 400w, https:\/\/semmelweis.hu\/pulmonologia\/files\/2021\/10\/NKFIA_infoblokk_projekt_fekvo_2019_HU_1-1024x240.png 1024w, https:\/\/semmelweis.hu\/pulmonologia\/files\/2021\/10\/NKFIA_infoblokk_projekt_fekvo_2019_HU_1-768x180.png 768w, https:\/\/semmelweis.hu\/pulmonologia\/files\/2021\/10\/NKFIA_infoblokk_projekt_fekvo_2019_HU_1-753x176.png 753w\" sizes=\"auto, (max-width: 1110px) 100vw, 1110px\" \/><\/p>\n<hr \/>\n<p><strong>Projekt adatai<\/strong><\/p>\n<p><strong>Konzorciumvezet\u0151:\u00a0<\/strong>Orsz\u00e1gos V\u00e9rell\u00e1t\u00f3 Szolg\u00e1lat<br \/>\n<strong>Konzorciumi partner:\u00a0<\/strong>E\u00f6tv\u00f6s L\u00f3r\u00e1nd Tudom\u00e1nyegyetem, Semmelweis Egyetem, Testnevel\u00e9si Egyetem<br \/>\n<strong>Projekt azonos\u00edt\u00f3sz\u00e1ma:\u00a0<\/strong>2020-1.1.6-J\u00d6V\u0150-2021-00010<br \/>\n<strong>Projekt c\u00edme:\u00a0<\/strong>Koronav\u00edrus fert\u0151z\u00e9ssel szemben term\u00e9szetes v\u00e9detts\u00e9get ad\u00f3 faktorok vizsg\u00e1lata \u00e9s alkalmaz\u00e1sa plazmater\u00e1pi\u00e1ban<br \/>\n<strong>Meg\u00edt\u00e9lt t\u00e1mogat\u00e1s:<\/strong>\u00a0400\u00a0000 000 Ft<br \/>\n<strong>A konzorciumvezet\u0151<\/strong>\u00a0<strong>t\u00e1mogat\u00e1si \u00f6sszege:\u00a0<\/strong>245\u00a0254\u00a0287 Ft<br \/>\n<strong>E\u00f6tv\u00f6s L\u00f3r\u00e1nd Tudom\u00e1nyegyetem t\u00e1mogat\u00e1si \u00f6sszege:\u00a0<\/strong>26\u00a0657\u00a0009 Ft<br \/>\n<strong>Semmelweis Egyetem t\u00e1mogat\u00e1si \u00f6sszege:\u00a0<\/strong>64\u00a0044\u00a0352 Ft<br \/>\n<strong>Testnevel\u00e9si Egyetem t\u00e1mogat\u00e1si \u00f6sszege:\u00a0<\/strong>64\u00a0044\u00a0352 Ft<br \/>\n<strong>T\u00e1mogat\u00e1s m\u00e9rt\u00e9ke:\u00a0<\/strong>100%<br \/>\n<strong>Megval\u00f3s\u00edt\u00e1s id\u0151tartama:\u00a0<\/strong>2021.01.01-2023.12.31<\/p>\n<hr \/>\n<p><strong>Projekt r\u00f6vid \u00f6sszefoglal\u00f3ja<\/strong><\/p>\n<p>A plazmater\u00e1pia t\u00f6bb \u00e9vtizedes m\u00faltra tekint vissza, a koronav\u00edrus okozta embereket \u00e9s gazdas\u00e1got nem k\u00edm\u00e9l\u0151 puszt\u00edt\u00e1s ellen is k\u00e9zenfekv\u0151 volt bevetni. Haszn\u00e1lata a passz\u00edv immunit\u00e1s elv\u00e9t vette alapul, felt\u00e9telezve, hogy a fert\u0151z\u00e9st enyhe t\u00fcnetekkel \u00e1tv\u00e9szel\u0151k plazm\u00e1jukban l\u00e9v\u0151 ellenanyagoknak k\u00f6sz\u00f6nhetik v\u00e9detts\u00e9g\u00fcket, \u00e9s ez a v\u00e9detts\u00e9g s\u00falyosabb betegeknek is \u00e1tadhat\u00f3. Az amerikai Food and Drug Administration (FDA) aj\u00e1nl\u00e1sa is erre a felt\u00e9telez\u00e9sre \u00e9p\u00fclt, \u00e9s a plazmater\u00e1pia, ahol alkalmazt\u00e1k, m\u0171k\u00f6d\u0151k\u00e9pesnek is bizonyult. Azonban messze nem mentett meg minden beteget, hogy val\u00f3ban immunv\u00e1lasz ad-e v\u00e9detts\u00e9get, milyen egy\u00e9b plazmaalkot\u00f3k v\u00e9dhetnek, l\u00e9teznek-e hat\u00e9konyabb plazm\u00e1k v\u00e9dettebb fert\u0151z\u00f6ttekb\u0151l \u2013 tiszt\u00e1zatlan maradt. T\u00f6bb publik\u00e1ci\u00f3 \u00e9s a saj\u00e1t eredm\u00e9nyeink szerint is az immunv\u00e1lasz v\u00edrus specifikus ellenanyagai \u2013 amik p\u00e1r napig, vagy valakin\u00e9l egy\u00e1ltal\u00e1n nem termel\u0151dnek \u2013 nem magyar\u00e1zz\u00e1k a v\u00e9detts\u00e9g m\u00e9rt\u00e9k\u00e9t, f\u0151leg a szerokonverzi\u00f3t megel\u0151z\u0151en. Vizsg\u00e1lni kellene az immunsejtek szerep\u00e9t, \u00e9s az immunv\u00e1lasz kialakul\u00e1sa el\u0151tt \u00e9s el\u00e9gtelen volta mellett is v\u00e9detts\u00e9gben szerepet j\u00e1tsz\u00f3 faktorokat, azt hogy ezek megjelennek-e a plazm\u00e1ban, \u00e9s \u00edgy \u00e1tadhat\u00f3ak-e s\u00falyosabb betegeknek. Teh\u00e1t az ide\u00e1lis donor kiv\u00e1laszt\u00e1sa plazmater\u00e1pi\u00e1ra kritikus fontoss\u00e1g\u00fa, lehets\u00e9ges, hogy drasztikusan cs\u00f6kkenten\u00e9 a betegs\u00e9g sz\u00f6v\u0151dm\u00e9nyeit \u00e9s a hal\u00e1loz\u00e1st. A plazmav\u00e1laszt\u00e1s fejlettebb rendszere nem v\u00e1ltoztatna a labilis v\u00e9rk\u00e9sz\u00edtm\u00e9ny besorol\u00e1son (az el\u0151\u00e1ll\u00edt\u00e1s nem, csak a kiv\u00e1laszt\u00e1s v\u00e1ltozna), megfelelne a szakma jelenlegi szab\u00e1lyainak \u00e9s az eredm\u00e9nyek alkalmaz\u00e1s\u00e1val azonnal bevethet\u0151! Magyarorsz\u00e1gon a jelen konzorcium fejlesztette ki az els\u0151 koronav\u00edrus-ellenes k\u00e9sz\u00edtm\u00e9nyt, a konvaleszcens v\u00e9rplazma ter\u00e1pi\u00e1t, amelyet egy klinikai vizsg\u00e1lat keret\u00e9ben tett\u00fcnk el\u00e9rhet\u0151v\u00e9 a betegek sz\u00e1m\u00e1ra. El\u0151zetes eredm\u00e9nyeink alapj\u00e1n h\u00e1rom mark\u00e1nsan elk\u00fcl\u00f6n\u00fcl\u0151 citokin mint\u00e1zatot azonos\u00edtottunk a klinikai mint\u00e1ban. A negat\u00edv \u00e9s szakirodalomban is le\u00edrt citokin vihar egyar\u00e1nt j\u00f3l m\u00e9rhet\u0151 volt a gy\u00f3gyultakon \u00e9s betegeken, ezeken t\u00fal viszont azonos\u00edtottunk egy eddig nem ismert, \u00e9s els\u0151sorban a perziszt\u00e1l\u00f3 t\u00fcneteket mutat\u00f3, de m\u00e1r PCR negat\u00edv donorokban azonos\u00edtott magas citokin szintet \u00e9s ezzel p\u00e1rhuzamosan m\u00e1s, szint\u00e9n a sejtes immunit\u00e1shoz k\u00f6thet\u0151 citokineket. Ezek tov\u00e1bbi vizsg\u00e1lata igazolhatja azt a szubpopul\u00e1ci\u00f3t akik sejtes immunv\u00e1lasszal gy\u00f3gyulnak. Az eddigi eredm\u00e9nyek alapj\u00e1n \u00e9s a szakirodalom \u00e1ltal is meger\u0151s\u00edtve a plazmater\u00e1pia folytat\u00e1sa indokolt, azonban tov\u00e1bbi kutat\u00e1sok sz\u00fcks\u00e9gesek a 3 \u00e9ves projekt folyam\u00e1n.<\/p>\n<p>Az els\u0151 meg\u00e1llap\u00edtsuk a fert\u0151z\u00e9ssel szemben term\u00e9szetes v\u00e9detts\u00e9get ad\u00f3 faktorokat \u00e9s 2,e faktorok alapj\u00e1n a plazma ter\u00e1pia folyamat\u00e1t optimaliz\u00e1ljuk mind a donorok kiv\u00e1laszt\u00e1s\u00e1ban, mind pedig a betegek kezel\u00e9s\u00e9ben, \u00e9s a kutat\u00e1ssal megalapozzuk v\u00e9rplazma alap\u00fa koronav\u00edrus ellenes gy\u00f3gyszerk\u00e9sz\u00edtm\u00e9ny l\u00e9trehoz\u00e1s\u00e1t.<\/p>\n<p>A Konzorciumot az Orsz\u00e1gos V\u00e9rell\u00e1t\u00f3 Szolg\u00e1lat vezeti, tagjai a Semmelweis Egyetem, az E\u00f6tv\u00f6s L\u00f3r\u00e1nd Tudom\u00e1nyegyetem \u00e9s a Testnevel\u00e9si Egyetem.<\/p>\n<p>Nemzetk\u00f6zi konzorciumok is alakultak a plazmater\u00e1pia jav\u00edt\u00e1s\u00e1ra: v\u00e9rk\u00e9sz\u00edtm\u00e9ny el\u0151\u00e1ll\u00edt\u00f3 c\u00e9gekkel alak\u00edtott p\u00e9ld\u00e1ul konzorciumot a Takeda, nagysz\u00e1m\u00fa donorb\u00f3l pool-ozott anti-COVID intrav\u00e9n\u00e1s IgG k\u00e9sz\u00edtm\u00e9ny el\u0151\u00e1ll\u00edt\u00e1s\u00e1ra, amely kutat\u00e1s folyamatban van. Ez a soha nem l\u00e1tott \u00f6sszefog\u00e1s a v\u00e1llalkoz\u00e1sok k\u00f6z\u00f6tt is arra enged k\u00f6vetkeztetni, hogy a felmer\u00fclt kih\u00edv\u00e1sokkal csak ilyen m\u00f3don lehet gyorsan, hat\u00e9konyan megbirk\u00f3zni. Az \u00e1ltaluk k\u00e9pviselt fejleszt\u00e9si \u00fat mer\u0151ben m\u00e1s, mint amit a jelen konzorcium k\u00f6vet, mivel nekik igen nagysz\u00e1m\u00fa, t\u00edzezres nagys\u00e1grend\u0171 donorra van sz\u00fcks\u00e9g\u00fck, hogy a frakcion\u00e1l\u00e1s kivitelezhet\u0151 legyen, m\u00edg a jelen konzorcium egy kisebb l\u00e9pt\u00e9k\u0171, a hazai j\u00e1rv\u00e1nyhelyzetre optimaliz\u00e1lt technol\u00f3giai megold\u00e1st dolgoz ki. Ennek el\u0151nye, hogy j\u00f3val kisebb a f\u00fcgg\u00e9se k\u00fcls\u0151, f\u0151leg k\u00fclf\u00f6ldi t\u00e9nyez\u0151kt\u0151l \u00e9s a rendelkez\u00e9sre \u00e1ll\u00f3 er\u0151forr\u00e1sokkal l\u00e9trehozhat\u00f3. M\u00e1sik el\u0151nye, hogy mivel kisebb donorsz\u00e1m elegend\u0151, a j\u00e1rv\u00e1ny koraibb szakasz\u00e1ban is bevethet\u0151, azaz hamarabb jut el a gy\u00f3gy\u00edt\u00e1s szintj\u00e9re.<\/p>\n","protected":false},"excerpt":{"rendered":"<p>&nbsp; Lez\u00e1rult projekt. Projekt adatai Konzorciumvezet\u0151:\u00a0Orsz\u00e1gos V\u00e9rell\u00e1t\u00f3 Szolg\u00e1lat Konzorciumi partner:\u00a0E\u00f6tv\u00f6s L\u00f3r\u00e1nd Tudom\u00e1nyegyetem, Semmelweis Egyetem, Testnevel\u00e9si Egyetem Projekt azonos\u00edt\u00f3sz\u00e1ma:\u00a02020-1.1.6-J\u00d6V\u0150-2021-00010 Projekt c\u00edme:\u00a0Koronav\u00edrus fert\u0151z\u00e9ssel szemben term\u00e9szetes v\u00e9detts\u00e9get ad\u00f3 faktorok vizsg\u00e1lata \u00e9s alkalmaz\u00e1sa plazmater\u00e1pi\u00e1ban Meg\u00edt\u00e9lt t\u00e1mogat\u00e1s:\u00a0400\u00a0000 000 Ft A konzorciumvezet\u0151\u00a0t\u00e1mogat\u00e1si \u00f6sszege:\u00a0245\u00a0254\u00a0287 Ft E\u00f6tv\u00f6s L\u00f3r\u00e1nd Tudom\u00e1nyegyetem t\u00e1mogat\u00e1si \u00f6sszege:\u00a026\u00a0657\u00a0009 Ft Semmelweis Egyetem t\u00e1mogat\u00e1si \u00f6sszege:\u00a064\u00a0044\u00a0352 Ft Testnevel\u00e9si Egyetem t\u00e1mogat\u00e1si \u00f6sszege:\u00a064\u00a0044\u00a0352 Ft T\u00e1mogat\u00e1s &hellip;<\/p>\n","protected":false},"author":101685,"featured_media":0,"parent":1347,"menu_order":2,"comment_status":"closed","ping_status":"closed","template":"","meta":{"_acf_changed":false,"footnotes":""},"categories":[],"tags":[],"class_list":["post-2396","page","type-page","status-publish","hentry"],"acf":[],"_links":{"self":[{"href":"https:\/\/semmelweis.hu\/pulmonologia\/wp-json\/wp\/v2\/pages\/2396","targetHints":{"allow":["GET"]}}],"collection":[{"href":"https:\/\/semmelweis.hu\/pulmonologia\/wp-json\/wp\/v2\/pages"}],"about":[{"href":"https:\/\/semmelweis.hu\/pulmonologia\/wp-json\/wp\/v2\/types\/page"}],"author":[{"embeddable":true,"href":"https:\/\/semmelweis.hu\/pulmonologia\/wp-json\/wp\/v2\/users\/101685"}],"replies":[{"embeddable":true,"href":"https:\/\/semmelweis.hu\/pulmonologia\/wp-json\/wp\/v2\/comments?post=2396"}],"version-history":[{"count":4,"href":"https:\/\/semmelweis.hu\/pulmonologia\/wp-json\/wp\/v2\/pages\/2396\/revisions"}],"predecessor-version":[{"id":4389,"href":"https:\/\/semmelweis.hu\/pulmonologia\/wp-json\/wp\/v2\/pages\/2396\/revisions\/4389"}],"up":[{"embeddable":true,"href":"https:\/\/semmelweis.hu\/pulmonologia\/wp-json\/wp\/v2\/pages\/1347"}],"wp:attachment":[{"href":"https:\/\/semmelweis.hu\/pulmonologia\/wp-json\/wp\/v2\/media?parent=2396"}],"wp:term":[{"taxonomy":"category","embeddable":true,"href":"https:\/\/semmelweis.hu\/pulmonologia\/wp-json\/wp\/v2\/categories?post=2396"},{"taxonomy":"post_tag","embeddable":true,"href":"https:\/\/semmelweis.hu\/pulmonologia\/wp-json\/wp\/v2\/tags?post=2396"}],"curies":[{"name":"wp","href":"https:\/\/api.w.org\/{rel}","templated":true}]}}