{"id":2370,"date":"2021-03-24T10:06:44","date_gmt":"2021-03-24T09:06:44","guid":{"rendered":"https:\/\/semmelweis.hu\/pulmonologia\/?page_id=2370"},"modified":"2025-06-17T11:03:25","modified_gmt":"2025-06-17T09:03:25","slug":"doctor-of-philosophy-phd","status":"publish","type":"page","link":"https:\/\/semmelweis.hu\/pulmonologia\/english\/doctor-of-philosophy-phd\/","title":{"rendered":"PhD research topics"},"content":{"rendered":"<p><strong>K\u00e1roly R\u00e1cz Conservative Medicine Division<\/strong><\/p>\n<p><a href=\"https:\/\/semmelweis.hu\/phd\/en\/doctoral-divisions\/karoly-racz-conservative-medicine-division\/\">https:\/\/semmelweis.hu\/phd\/en\/doctoral-divisions\/karoly-racz-conservative-medicine-division\/<\/a><\/p>\n<p>The Division\u2019s primary mission is to support the training of early-career physicians and researchers, focusing on clinical practice and closely related theoretical research. The Division actively embraces innovative research avenues, including the development of novel diagnostic and therapeutic methods and the integration of modern technologies into clinical practice.<\/p>\n<p>Our doctoral programs cover various clinical medicine areas, from basic research to clinical investigations. The instructors and professors provide a comprehensive selection of theoretical and clinical courses designed to equip students with essential knowledge in research methodology, data analysis, and ethics. Led by recognized experts from the national and international scientific communities, our programs ensure that participants receive the highest quality training and professional development.<\/p>\n<p>The Division benefits from the theoretical and practical expertise of Semmelweis University Clinics, which provide access to cutting-edge scientific knowledge. In recent years, our students have achieved remarkable success in securing national and international research grants, further underscoring the effectiveness of our programs and the exceptional quality of training.<\/p>\n<p><strong>06. Pulmonology Program. Leader: Prof. Veronika M\u00fcller\u00a0<\/strong><\/p>\n<table style=\"border-collapse: collapse;height: 561px;width: 100.332%\" width=\"1478\">\n<tbody>\n<tr style=\"height: 63px\">\n<td style=\"width: 54.6341%;height: 63px\"><strong>PhD Thesis Topic<\/strong><\/td>\n<td style=\"width: 18.1478%;height: 63px\"><strong>Supervisor at Department of Pulmonology<\/strong><\/td>\n<td style=\"width: 30.019%;height: 63px\"><strong>Link of the Supervisor at the Hungarian Doctoral Council Website<\/strong><\/td>\n<\/tr>\n<tr style=\"height: 83px\">\n<td style=\"width: 54.6341%;height: 83px\">\n<p>Biomarkers and risk factors in interstitial lung diseases and chronic allograft dysfunction after lung transplantation<\/p>\n<\/td>\n<td style=\"width: 18.1478%;height: 83px\">Dr. Anik\u00f3 Boh\u00e1cs<\/td>\n<td style=\"width: 30.019%;height: 83px\"><a href=\"https:\/\/www.doktori.hu\/doktori-kepzes\/szemelyek\/47121\/\">https:\/\/www.doktori.hu\/doktori-kepzes\/szemelyek\/47121\/<\/a><\/td>\n<\/tr>\n<tr style=\"height: 63px\">\n<td style=\"width: 54.6341%;height: 63px\">\n<p>Clinical and pathophysiological features of obstructive lung diseases<\/p>\n<\/td>\n<td style=\"width: 18.1478%;height: 63px\">Dr. No\u00e9mi Eszes<\/td>\n<td style=\"width: 30.019%;height: 63px\"><a href=\"https:\/\/www.doktori.hu\/doktori-kepzes\/szemelyek\/53956\/\">https:\/\/www.doktori.hu\/doktori-kepzes\/szemelyek\/53956\/<\/a><\/td>\n<\/tr>\n<tr style=\"height: 53px\">\n<td style=\"width: 54.6341%;height: 53px\">\n<p>Pharmacology of inhaled medications and their role in the treatment of inflammatory airway diseases<\/p>\n<\/td>\n<td style=\"width: 18.1478%;height: 53px\">Dr. G\u00e1bor Horv\u00e1th<\/td>\n<td style=\"width: 30.019%;height: 53px\"><a href=\"https:\/\/www.doktori.hu\/doktori-kepzes\/szemelyek\/5795\/\">https:\/\/www.doktori.hu\/doktori-kepzes\/szemelyek\/5795\/<\/a><\/td>\n<\/tr>\n<tr style=\"height: 33px\">\n<td style=\"width: 54.6341%;height: 33px\"><span data-olk-copy-source=\"MessageBody\">Circulating biomarkers in respiratory diseases<\/span><\/td>\n<td style=\"width: 18.1478%;height: 33px\">Dr. P\u00e9ter Horv\u00e1th<\/td>\n<td style=\"width: 30.019%;height: 33px\"><a href=\"https:\/\/www.doktori.hu\/doktori-kepzes\/szemelyek\/20305\/\">https:\/\/www.doktori.hu\/doktori-kepzes\/szemelyek\/20305\/<\/a><\/td>\n<\/tr>\n<tr style=\"height: 33px\">\n<td style=\"width: 54.6341%;height: 33px\"><span data-olk-copy-source=\"MessageBody\">Clinical phenotyping of chronic inflammatory airway diseases<\/span><\/td>\n<td style=\"width: 18.1478%;height: 33px\">Dr. Zs\u00f3fia L\u00e1z\u00e1r<\/td>\n<td style=\"width: 30.019%;height: 33px\"><a href=\"https:\/\/www.doktori.hu\/doktori-kepzes\/szemelyek\/24416\/\">https:\/\/www.doktori.hu\/doktori-kepzes\/szemelyek\/24416\/<\/a><\/td>\n<\/tr>\n<tr style=\"height: 33px\">\n<td style=\"width: 54.6341%;height: 33px\"><span data-olk-copy-source=\"MessageBody\">Mechanism of peripheral T-cell anergy in lung cancer<\/span><\/td>\n<td style=\"width: 18.1478%;height: 33px\">Prof. Dr. Gy\u00f6rgy Losonczy\u00a0<\/td>\n<td style=\"width: 30.019%;height: 33px\"><a href=\"https:\/\/www.doktori.hu\/doktori-kepzes\/szemelyek\/5792\/\">https:\/\/www.doktori.hu\/doktori-kepzes\/szemelyek\/5792\/<\/a><\/td>\n<\/tr>\n<tr style=\"height: 33px\">\n<td style=\"width: 54.6341%;height: 33px\"><span data-olk-copy-source=\"MessageBody\">Prognostic features of interstitial lung diseases<\/span><\/td>\n<td style=\"width: 18.1478%;height: 33px\">Prof. Dr. Veronika M\u00fcller\u00a0<\/td>\n<td style=\"width: 30.019%;height: 33px\"><a href=\"https:\/\/www.doktori.hu\/doktori-kepzes\/szemelyek\/7740\/\">https:\/\/www.doktori.hu\/doktori-kepzes\/szemelyek\/7740\/<\/a><\/td>\n<\/tr>\n<tr style=\"height: 35px\">\n<td style=\"width: 54.6341%;height: 35px\"><span data-olk-copy-source=\"MessageBody\">Effect of cellular stress in pulmonary diseases<\/span><\/td>\n<td style=\"width: 18.1478%;height: 35px\">Prof. Dr. Veronika M\u00fcller\u00a0<\/td>\n<td style=\"width: 30.019%;height: 35px\">\u00a0<\/td>\n<\/tr>\n<tr style=\"height: 33px\">\n<td style=\"width: 54.6341%;height: 33px\"><span data-olk-copy-source=\"MessageBody\">Respiratory infections<\/span><\/td>\n<td style=\"width: 18.1478%;height: 33px\">Prof. Dr. Veronika M\u00fcller\u00a0<\/td>\n<td style=\"width: 30.019%;height: 33px\">\u00a0<\/td>\n<\/tr>\n<tr style=\"height: 33px\">\n<td style=\"width: 54.6341%;height: 33px\"><span data-olk-copy-source=\"MessageBody\">Asthma in pregnancy<\/span><\/td>\n<td style=\"width: 18.1478%;height: 33px\">Prof. Dr. Lilla Tam\u00e1si\u00a0<\/td>\n<td style=\"width: 30.019%;height: 33px\"><a href=\"https:\/\/www.doktori.hu\/doktori-kepzes\/szemelyek\/9344\/\">https:\/\/www.doktori.hu\/doktori-kepzes\/szemelyek\/9344\/<\/a><\/td>\n<\/tr>\n<tr style=\"height: 33px\">\n<td style=\"width: 54.6341%;height: 33px\"><span data-olk-copy-source=\"MessageBody\">Obstructive lung diseases &#8211; biomarkers and clinical monitoring<\/span><\/td>\n<td style=\"width: 18.1478%;height: 33px\">Prof. Dr. Lilla Tam\u00e1si<\/td>\n<td style=\"width: 30.019%;height: 33px\">\u00a0<\/td>\n<\/tr>\n<tr style=\"height: 33px\">\n<td style=\"width: 54.6341%;height: 33px\"><span data-olk-copy-source=\"MessageBody\">Pulmonary rehabilitation in chronic lung diseases<\/span><\/td>\n<td style=\"width: 18.1478%;height: 33px\">Prof. Dr. J\u00e1nos Tam\u00e1s Varga<\/td>\n<td style=\"width: 30.019%;height: 33px\"><a href=\"https:\/\/www.doktori.hu\/doktori-kepzes\/szemelyek\/11328\/\">https:\/\/www.doktori.hu\/doktori-kepzes\/szemelyek\/11328\/<\/a><\/td>\n<\/tr>\n<\/tbody>\n<\/table>\n","protected":false},"excerpt":{"rendered":"<p>K\u00e1roly R\u00e1cz Conservative Medicine Division <a href=\"https:\/\/semmelweis.hu\/phd\/en\/doctoral-divisions\/karoly-racz-conservative-medicine-division\/\">https:\/\/semmelweis.hu\/phd\/en\/doctoral-divisions\/karoly-racz-conservative-medicine-division\/<\/a> The Division\u2019s primary mission is to support the training of early-career physicians and researchers, focusing on clinical practice and closely related theoretical research. The Division actively embraces innovative research avenues, including the development of novel diagnostic and therapeutic methods and the integration of modern technologies into clinical practice. Our doctoral &hellip;<\/p>\n","protected":false},"author":101685,"featured_media":0,"parent":62,"menu_order":5,"comment_status":"closed","ping_status":"closed","template":"","meta":{"_acf_changed":false,"footnotes":""},"categories":[],"tags":[],"class_list":["post-2370","page","type-page","status-publish","hentry"],"acf":[],"_links":{"self":[{"href":"https:\/\/semmelweis.hu\/pulmonologia\/wp-json\/wp\/v2\/pages\/2370","targetHints":{"allow":["GET"]}}],"collection":[{"href":"https:\/\/semmelweis.hu\/pulmonologia\/wp-json\/wp\/v2\/pages"}],"about":[{"href":"https:\/\/semmelweis.hu\/pulmonologia\/wp-json\/wp\/v2\/types\/page"}],"author":[{"embeddable":true,"href":"https:\/\/semmelweis.hu\/pulmonologia\/wp-json\/wp\/v2\/users\/101685"}],"replies":[{"embeddable":true,"href":"https:\/\/semmelweis.hu\/pulmonologia\/wp-json\/wp\/v2\/comments?post=2370"}],"version-history":[{"count":10,"href":"https:\/\/semmelweis.hu\/pulmonologia\/wp-json\/wp\/v2\/pages\/2370\/revisions"}],"predecessor-version":[{"id":4404,"href":"https:\/\/semmelweis.hu\/pulmonologia\/wp-json\/wp\/v2\/pages\/2370\/revisions\/4404"}],"up":[{"embeddable":true,"href":"https:\/\/semmelweis.hu\/pulmonologia\/wp-json\/wp\/v2\/pages\/62"}],"wp:attachment":[{"href":"https:\/\/semmelweis.hu\/pulmonologia\/wp-json\/wp\/v2\/media?parent=2370"}],"wp:term":[{"taxonomy":"category","embeddable":true,"href":"https:\/\/semmelweis.hu\/pulmonologia\/wp-json\/wp\/v2\/categories?post=2370"},{"taxonomy":"post_tag","embeddable":true,"href":"https:\/\/semmelweis.hu\/pulmonologia\/wp-json\/wp\/v2\/tags?post=2370"}],"curies":[{"name":"wp","href":"https:\/\/api.w.org\/{rel}","templated":true}]}}