{"id":2365,"date":"2021-06-17T14:05:26","date_gmt":"2021-06-17T12:05:26","guid":{"rendered":"https:\/\/semmelweis.hu\/pulmonologia\/?page_id=2365"},"modified":"2025-09-25T08:32:50","modified_gmt":"2025-09-25T06:32:50","slug":"scientific-student-themes","status":"publish","type":"page","link":"https:\/\/semmelweis.hu\/pulmonologia\/english\/scientific-student-themes\/","title":{"rendered":"Scientific Student Themes"},"content":{"rendered":"<h3><strong>Scientific topics for TDK work and dissertation<\/strong><\/h3>\n<h6><strong><br \/>\n\u00a0Prof. Dr. Veronika M\u00fcller<\/strong><\/h6>\n<h6>&#8211; ILD and comorbidities<br \/>\n&#8211; Respiratory infections<\/p>\n<\/h6>\n<h6><strong>Prof. Dr. Tam\u00e1s J\u00e1nos Varga<\/strong><\/h6>\n<h6>&#8211; Effectiveness of preoperative respiratory rehabilitation in lung cancer patients<br \/>\n&#8211; The effect of dynamic hyperinflation on pulmonary and systemic circulation during exercise in COPD<br \/>\n&#8211; Examination of tissue oxygenation at rest and during exercise<br \/>\n&#8211; Comparative effectiveness of different training modalities in COPD<\/h6>\n<h6><strong><br \/>\nDr. Zs\u00f3fia L\u00e1z\u00e1r<br \/>\n<\/strong><\/h6>\n<h6><span style=\"font-size: 1rem\">&#8211; Airway and systemic inflammation in COPD<br \/>\n<\/span>&#8211; Non-invasive biomarkers in pulmonary hypertension<\/p>\n<\/h6>\n<h6><strong>Dr. Edit Hidv\u00e9gi<\/strong><\/h6>\n<h6>&#8211; The impact of the COVID pandemic on allergic diseases<br \/>\n&#8211; Food allergies among severe asthma patients<\/h6>\n<h6 dir=\"ltr\">\u00a0<\/h6>\n<h6><strong>Dr. G\u00e1bor Horv\u00e1th<\/p>\n<p><\/strong>&#8211; Sleep-related breathing disorders<\/p>\n<\/h6>\n<h6><strong>Dr. Bal\u00e1zs Csoma<\/strong><\/h6>\n<h6>&#8211; New biomarkers in COPD monitoring and care<\/h6>\n<hr \/>\n<p>&nbsp;<\/p>\n","protected":false},"excerpt":{"rendered":"<p>Scientific topics for TDK work and dissertation \u00a0Prof. Dr. Veronika M\u00fcller &#8211; ILD and comorbidities &#8211; Respiratory infections Prof. Dr. Tam\u00e1s J\u00e1nos Varga &#8211; Effectiveness of preoperative respiratory rehabilitation in lung cancer patients &#8211; The effect of dynamic hyperinflation on pulmonary and systemic circulation during exercise in COPD &#8211; Examination of tissue oxygenation at rest &hellip;<\/p>\n","protected":false},"author":101685,"featured_media":0,"parent":62,"menu_order":4,"comment_status":"closed","ping_status":"closed","template":"","meta":{"_acf_changed":false,"footnotes":""},"categories":[],"tags":[],"class_list":["post-2365","page","type-page","status-publish","hentry"],"acf":[],"_links":{"self":[{"href":"https:\/\/semmelweis.hu\/pulmonologia\/wp-json\/wp\/v2\/pages\/2365","targetHints":{"allow":["GET"]}}],"collection":[{"href":"https:\/\/semmelweis.hu\/pulmonologia\/wp-json\/wp\/v2\/pages"}],"about":[{"href":"https:\/\/semmelweis.hu\/pulmonologia\/wp-json\/wp\/v2\/types\/page"}],"author":[{"embeddable":true,"href":"https:\/\/semmelweis.hu\/pulmonologia\/wp-json\/wp\/v2\/users\/101685"}],"replies":[{"embeddable":true,"href":"https:\/\/semmelweis.hu\/pulmonologia\/wp-json\/wp\/v2\/comments?post=2365"}],"version-history":[{"count":11,"href":"https:\/\/semmelweis.hu\/pulmonologia\/wp-json\/wp\/v2\/pages\/2365\/revisions"}],"predecessor-version":[{"id":4668,"href":"https:\/\/semmelweis.hu\/pulmonologia\/wp-json\/wp\/v2\/pages\/2365\/revisions\/4668"}],"up":[{"embeddable":true,"href":"https:\/\/semmelweis.hu\/pulmonologia\/wp-json\/wp\/v2\/pages\/62"}],"wp:attachment":[{"href":"https:\/\/semmelweis.hu\/pulmonologia\/wp-json\/wp\/v2\/media?parent=2365"}],"wp:term":[{"taxonomy":"category","embeddable":true,"href":"https:\/\/semmelweis.hu\/pulmonologia\/wp-json\/wp\/v2\/categories?post=2365"},{"taxonomy":"post_tag","embeddable":true,"href":"https:\/\/semmelweis.hu\/pulmonologia\/wp-json\/wp\/v2\/tags?post=2365"}],"curies":[{"name":"wp","href":"https:\/\/api.w.org\/{rel}","templated":true}]}}