{"id":1992,"date":"2021-06-04T08:34:15","date_gmt":"2021-06-04T06:34:15","guid":{"rendered":"https:\/\/semmelweis.hu\/pulmonologia\/?page_id=1992"},"modified":"2025-05-19T13:53:09","modified_gmt":"2025-05-19T11:53:09","slug":"https-kovats-ferenc-alapitvany-webnode-hu","status":"publish","type":"page","link":"https:\/\/semmelweis.hu\/pulmonologia\/a-klinikarol\/https-kovats-ferenc-alapitvany-webnode-hu\/","title":{"rendered":"Kov\u00e1ts Ferenc Alap\u00edtv\u00e1ny"},"content":{"rendered":"<p><main class=\"l-m cf\"><\/p>\n<div class=\"sw cf\">\n<div class=\"sw-c cf\">\n<section class=\"s s-basic cf sc-ml wnd-background-solid wnd-w-narrow wnd-s-normal wnd-h-auto\">\n<div class=\"s-w cf\">\n<div class=\"s-o s-fs cf\">\n<div class=\"s-c s-fs cf\">\n<div class=\"ez cf wnd-no-cols\">\n<div class=\"ez-c\">\n<div class=\"b b-text cf\">\n<div class=\"b-c b-text-c b-s b-s-t60 b-s-b60 b-cs cf\">\n<p><strong>Hivatalos adatok<\/strong><\/p>\n<p>Az Alap\u00edtv\u00e1ny neve: Kov\u00e1ts Ferenc Alap\u00edtv\u00e1ny<br \/>\n<img loading=\"lazy\" decoding=\"async\" class=\"wp-image-3529  alignright\" src=\"https:\/\/semmelweis.hu\/pulmonologia\/files\/2023\/12\/KF.jpg\" alt=\"\" width=\"196\" height=\"269\" srcset=\"https:\/\/semmelweis.hu\/pulmonologia\/files\/2023\/12\/KF.jpg 372w, https:\/\/semmelweis.hu\/pulmonologia\/files\/2023\/12\/KF-291x400.jpg 291w\" sizes=\"auto, (max-width: 196px) 100vw, 196px\" \/><span style=\"font-size: 1rem\">R\u00f6vid\u00edtett megnevez\u00e9se: KFA<br \/>\n<\/span>Idegen nyelv\u0171 elnevez\u00e9se: Kov\u00e1ts Foundation (KF)\u00a0 \u00a0 \u00a0 \u00a0 \u00a0 \u00a0 \u00a0 \u00a0 \u00a0 \u00a0 \u00a0 \u00a0 \u00a0<br \/>\nSz\u00e9khelye: 1083 Budapest, T\u00f6m\u0151 utca 25-29.<br \/>\nAlap\u00edtv\u00e1ny jellege: ny\u00edlt alap\u00edtv\u00e1ny<br \/>\nK\u00f6zhaszn\u00fas\u00e1gi fokozata: k\u00f6zhaszn\u00fa<br \/>\nElj\u00e1r\u00f3 b\u00edr\u00f3s\u00e1g neve: F\u0151v\u00e1rosi T\u00f6rv\u00e9nysz\u00e9k<br \/>\nNyilv\u00e1ntart\u00e1si sz\u00e1ma: 01-01-0001854<br \/>\nAd\u00f3sz\u00e1ma: 19672160-1-42<br \/>\nBanksz\u00e1mlasz\u00e1ma: 11712004-20118659<br \/>\nSz\u00e1mlavezet\u0151 bank: OTP Bank NyRt. Budapest, XII. B\u00f6sz\u00f6rm\u00e9nyi \u00fat 9-11.<br \/>\nA szervezet k\u00e9pvisel\u0151je:\u00a0Dr. Szab\u00f3n\u00e9 Dr. M\u00fcller Veronika Judit, a Kurat\u00f3rium eln\u00f6ke<br \/>\nAz Alap\u00edtv\u00e1ny \u00fcgyvezet\u0151i:\u00a0Prof. Dr. Losonczy Gy\u00f6rgy, Prof. Dr. Tam\u00e1si Lilla, Dr. Boh\u00e1cs Anik\u00f3<\/p>\n<\/div>\n<\/div>\n<div class=\"blog blog-basic thumb-float no-grid b b-s\">\n<div class=\"blog-wrapper b-cs\">\n<div class=\"blog-container\"><a href=\"https:\/\/kovats-ferenc-alapitvany.webnode.hu\/\">B\u0151vebb tartalom:\u00a0 https:\/\/kovats-ferenc-alapitvany.webnode.hu\/<\/a><\/div>\n<\/div>\n<\/div>\n<\/div>\n<\/div>\n<\/div>\n<\/div>\n<\/div>\n<\/section>\n<\/div>\n<\/div>\n<p><\/main><\/p>\n<p>&nbsp;<\/p>\n<p><span style=\"font-size: 12pt\">Friss\u00edtve: 2025.05.19. K\u00e9sz\u00edtette \u00e9s j\u00f3v\u00e1hagyta: Prof. Dr. M\u00fcller Veronika<\/span><\/p>\n","protected":false},"excerpt":{"rendered":"<p>Hivatalos adatok Az Alap\u00edtv\u00e1ny neve: Kov\u00e1ts Ferenc Alap\u00edtv\u00e1ny R\u00f6vid\u00edtett megnevez\u00e9se: KFA Idegen nyelv\u0171 elnevez\u00e9se: Kov\u00e1ts Foundation (KF)\u00a0 \u00a0 \u00a0 \u00a0 \u00a0 \u00a0 \u00a0 \u00a0 \u00a0 \u00a0 \u00a0 \u00a0 \u00a0 Sz\u00e9khelye: 1083 Budapest, T\u00f6m\u0151 utca 25-29. Alap\u00edtv\u00e1ny jellege: ny\u00edlt alap\u00edtv\u00e1ny K\u00f6zhaszn\u00fas\u00e1gi fokozata: k\u00f6zhaszn\u00fa Elj\u00e1r\u00f3 b\u00edr\u00f3s\u00e1g neve: F\u0151v\u00e1rosi T\u00f6rv\u00e9nysz\u00e9k Nyilv\u00e1ntart\u00e1si sz\u00e1ma: 01-01-0001854 Ad\u00f3sz\u00e1ma: 19672160-1-42 Banksz\u00e1mlasz\u00e1ma: 11712004-20118659 Sz\u00e1mlavezet\u0151 &hellip;<\/p>\n","protected":false},"author":101685,"featured_media":0,"parent":377,"menu_order":3,"comment_status":"closed","ping_status":"closed","template":"","meta":{"_acf_changed":false,"footnotes":""},"categories":[],"tags":[],"class_list":["post-1992","page","type-page","status-publish","hentry"],"acf":[],"_links":{"self":[{"href":"https:\/\/semmelweis.hu\/pulmonologia\/wp-json\/wp\/v2\/pages\/1992","targetHints":{"allow":["GET"]}}],"collection":[{"href":"https:\/\/semmelweis.hu\/pulmonologia\/wp-json\/wp\/v2\/pages"}],"about":[{"href":"https:\/\/semmelweis.hu\/pulmonologia\/wp-json\/wp\/v2\/types\/page"}],"author":[{"embeddable":true,"href":"https:\/\/semmelweis.hu\/pulmonologia\/wp-json\/wp\/v2\/users\/101685"}],"replies":[{"embeddable":true,"href":"https:\/\/semmelweis.hu\/pulmonologia\/wp-json\/wp\/v2\/comments?post=1992"}],"version-history":[{"count":10,"href":"https:\/\/semmelweis.hu\/pulmonologia\/wp-json\/wp\/v2\/pages\/1992\/revisions"}],"predecessor-version":[{"id":4305,"href":"https:\/\/semmelweis.hu\/pulmonologia\/wp-json\/wp\/v2\/pages\/1992\/revisions\/4305"}],"up":[{"embeddable":true,"href":"https:\/\/semmelweis.hu\/pulmonologia\/wp-json\/wp\/v2\/pages\/377"}],"wp:attachment":[{"href":"https:\/\/semmelweis.hu\/pulmonologia\/wp-json\/wp\/v2\/media?parent=1992"}],"wp:term":[{"taxonomy":"category","embeddable":true,"href":"https:\/\/semmelweis.hu\/pulmonologia\/wp-json\/wp\/v2\/categories?post=1992"},{"taxonomy":"post_tag","embeddable":true,"href":"https:\/\/semmelweis.hu\/pulmonologia\/wp-json\/wp\/v2\/tags?post=1992"}],"curies":[{"name":"wp","href":"https:\/\/api.w.org\/{rel}","templated":true}]}}