{"id":1969,"date":"2021-10-12T09:50:53","date_gmt":"2021-10-12T07:50:53","guid":{"rendered":"https:\/\/semmelweis.hu\/pulmonologia\/?page_id=1969"},"modified":"2023-04-02T18:57:45","modified_gmt":"2023-04-02T16:57:45","slug":"a-tudogyogyaszat-iranyelvei","status":"publish","type":"page","link":"https:\/\/semmelweis.hu\/pulmonologia\/altalanos-informaciok\/a-tudogyogyaszat-iranyelvei\/","title":{"rendered":"A T\u00fcd\u0151gy\u00f3gy\u00e1szati ir\u00e1nyelvek"},"content":{"rendered":"<p><span style=\"font-size: 18pt\"><a href=\"https:\/\/semmelweis.hu\/pulmonologia\/files\/2021\/10\/ILD-IPF.pdf\"><strong>Az interstici\u00e1lis t\u00fcd\u0151betegs\u00e9gek <\/strong>ILD<strong>) diganosztiz\u00e1l\u00e1s\u00e1r\u00f3l \u00e9s az idiop\u00e1ti\u00e1s t\u00fcd\u0151fibr\u00f3zis <\/strong> IPF<strong>kezel\u00e9s\u00e9r\u0151l feln\u0151ttekben (pdf)<\/strong><\/a><\/span><\/p>\n<p><span style=\"font-size: 14pt\">T\u00edpusa: Klinikai eg\u00e9szs\u00e9g\u00fcgyi szakmai ir\u00e1nyelvILD, IPF<\/span><br \/>\n<span style=\"font-size: 14pt\">Azonos\u00edt\u00f3: 002097<\/span><br \/>\n<span style=\"font-size: 14pt\">Megjelen\u00e9s d\u00e1tu<\/span><span style=\"font-size: 14pt\">ma:<\/span> <strong><span style=\"font-size: 14pt\">2020. m\u00e1jus 8.<\/span><\/strong><br \/>\n<span style=\"font-size: 14pt\">\u00c9rv\u00e9nyess\u00e9g id\u0151tartama: <strong>2020. m\u00e1jus 8. \u2013 2023. december 15.<\/strong><\/span><br \/>\n<span style=\"font-size: 14pt\">Kiadja: Emberi Er\u0151forr\u00e1sok Miniszt\u00e9riuma &#8211; <\/span><span style=\"font-size: 14pt\">Eg\u00e9szs\u00e9g\u00fcgy\u00e9rt Felel\u0151s \u00c1llamtitk\u00e1rs\u00e1g<\/span><\/p>\n<hr \/>\n<p><strong><span style=\"font-size: 18pt\"><a href=\"https:\/\/semmelweis.hu\/pulmonologia\/files\/2021\/10\/tuberkol\u00f3zis.pdf\">A tuberkol\u00f3zis prevenci\u00f3j\u00e1r\u00f3l, diagnosztik\u00e1j\u00e1r\u00f3l, ter\u00e1pi\u00e1j\u00e1r\u00f3l \u00e9s gondoz\u00e1s\u00e1r\u00f3l (pdf)<\/a><\/span><\/strong><\/p>\n<p><span style=\"font-size: 14pt\">T\u00edpusa: Klinikai Eg\u00e9szs\u00e9g\u00fcgyi Szakmai Ir\u00e1nyelv<\/span><br \/>\n<span style=\"font-size: 14pt\">Azonos\u00edt\u00f3: 000989<\/span><br \/>\n<span style=\"font-size: 14pt\">Megjelen\u00e9s d\u00e1tuma: <strong>2019. janu\u00e1r 24.<\/strong><\/span><br \/>\n<span style=\"font-size: 14pt\">\u00c9rv\u00e9nyess\u00e9g id\u0151tartama:<\/span><strong><span style=\"font-size: 14pt\"> 2019. janu\u00e1r 24. &#8211; 2021. december 1.<\/span><\/strong><br \/>\n<span style=\"font-size: 14pt\">Kiadja: Emberi Er\u0151forr\u00e1sok Miniszt\u00e9riuma &#8211; <\/span><span style=\"font-size: 14pt\">Eg\u00e9szs\u00e9g\u00fcgy\u00e9rt Felel\u0151s \u00c1llamtitk\u00e1rs\u00e1g<\/span><\/p>\n<hr \/>\n<p><strong><span style=\"font-size: 18pt\"><a href=\"https:\/\/semmelweis.hu\/pulmonologia\/files\/2021\/10\/Doh\u00e1nyz\u00e1s-leszok\u00e1s-2.pdf\">A doh\u00e1nyz\u00e1sr\u00f3l val\u00f3 leszok\u00e1s t\u00e1mogat\u00e1s\u00e1r\u00f3l (pdf)<\/a><\/span><\/strong><\/p>\n<p><span style=\"font-size: 14pt\">T\u00edpusa: Klinikai Eg\u00e9szs\u00e9g\u00fcgyi Szakmai Ir\u00e1nyelv<\/span><br \/>\n<span style=\"font-size: 14pt\">Azonos\u00edt\u00f3: 000637<\/span><br \/>\n<span style=\"font-size: 14pt\">Megjelen\u00e9s d\u00e1tuma: <strong>2019. janu\u00e1r 24.<\/strong><\/span><br \/>\n<span style=\"font-size: 14pt\">\u00c9rv\u00e9nyess\u00e9g id\u0151tartama: <strong>2019. janu\u00e1r 24. &#8211; 2021. december 1.<\/strong><\/span><br \/>\n<span style=\"font-size: 14pt\">Kiadja: Emberi Er\u0151forr\u00e1sok Miniszt\u00e9riuma &#8211; <\/span><span style=\"font-size: 14pt\">Eg\u00e9szs\u00e9g\u00fcgy\u00e9rt Felel\u0151s \u00c1llamtitk\u00e1rs\u00e1g<\/span><\/p>\n<hr \/>\n<p><strong><span id=\"page3R_mcid39\" class=\"markedContent\" style=\"font-size: 18pt\"><a href=\"https:\/\/semmelweis.hu\/pulmonologia\/files\/2023\/04\/Egeszsegugyi-szakmai-iranyelv.pdf\">Az asztma diagnosztik\u00e1j\u00e1nak, kezel\u00e9s\u00e9nek \u00e9s orvosi gondoz\u00e1s\u00e1nak alapelveir\u0151l feln\u0151ttkorban (pdf)<\/a><\/span><\/strong><\/p>\n<p>T\u00edpusa: Klinikai Eg\u00e9szs\u00e9g\u00fcgyi Szakmai Ir\u00e1nyelv<br \/>\nAzonos\u00edt\u00f3: 002188<br \/>\nMegjelen\u00e9s d\u00e1tuma: \u00e9v. h\u00f3nap. nap. (K\u00f6zl\u00f6nykiad\u00f3 adja meg) <br \/>\n\u00c9rv\u00e9nyess\u00e9g id\u0151tartama: <br \/>\nKiadja: Emberi Er\u0151forr\u00e1sok Miniszt\u00e9riuma &#8211; Eg\u00e9szs\u00e9g\u00fcgy\u00e9rt Felel\u0151s \u00c1llamtitk\u00e1rs\u00e1g<\/p>\n<hr \/>\n<p><strong><span style=\"font-size: 18pt\"><a href=\"https:\/\/semmelweis.hu\/pulmonologia\/files\/2023\/04\/kronikus-rhinosinusitisrol.pdf\">A kr\u00f3nikus rhinosinusitisr\u0151l (pdf)<\/a><\/span><\/strong><\/p>\n<p>T\u00edpusa: Klinikai Eg\u00e9szs\u00e9g\u00fcgyi Szakmai Ir\u00e1nyelv<br \/>\nAzonos\u00edt\u00f3: 000910<br \/>\n\u00c9rv\u00e9nyess\u00e9g id\u0151tartama: <strong>2014. december 01. &#8211; 2018. augusztus 31.<\/strong><br \/>\nKiadja: Emberi Er\u0151forr\u00e1sok Miniszt\u00e9riuma &#8211; Eg\u00e9szs\u00e9g\u00fcgy\u00e9rt Felel\u0151s \u00c1llamtitk\u00e1rs\u00e1g<\/p>\n<div class=\"w-100\">\u00a0<\/div>\n<div>\u00a0<\/div>\n<p><strong>Tov\u00e1bb\u00e1 el\u00e9rhet\u0151 az Eg\u00e9szs\u00e9g\u00fcgyi Szakmai Koll\u00e9gium Tagozatai \u00e9s Tan\u00e1csai oldalon<\/strong> \u2192<a href=\"https:\/\/kollegium.aeek.hu\/Iranyelvek\/Index\">https:\/\/kollegium.aeek.hu\/Iranyelvek\/Index <\/a>\u00a0a m\u00e1r \u00e9rv\u00e9nytelen ir\u00e1nymutat\u00e1sok is.<\/p>\n","protected":false},"excerpt":{"rendered":"<p><a href=\"https:\/\/semmelweis.hu\/pulmonologia\/files\/2021\/10\/ILD-IPF.pdf\">Az interstici\u00e1lis t\u00fcd\u0151betegs\u00e9gek ILD) diganosztiz\u00e1l\u00e1s\u00e1r\u00f3l \u00e9s az idiop\u00e1ti\u00e1s t\u00fcd\u0151fibr\u00f3zis  IPFkezel\u00e9s\u00e9r\u0151l feln\u0151ttekben (pdf)<\/a> T\u00edpusa: Klinikai eg\u00e9szs\u00e9g\u00fcgyi szakmai ir\u00e1nyelvILD, IPF Azonos\u00edt\u00f3: 002097 Megjelen\u00e9s d\u00e1tuma: 2020. m\u00e1jus 8. \u00c9rv\u00e9nyess\u00e9g id\u0151tartama: 2020. m\u00e1jus 8. \u2013 2023. december 15. Kiadja: Emberi Er\u0151forr\u00e1sok Miniszt\u00e9riuma &#8211; Eg\u00e9szs\u00e9g\u00fcgy\u00e9rt Felel\u0151s \u00c1llamtitk\u00e1rs\u00e1g <a href=\"https:\/\/semmelweis.hu\/pulmonologia\/files\/2021\/10\/tuberkol\u00f3zis.pdf\">A tuberkol\u00f3zis prevenci\u00f3j\u00e1r\u00f3l, diagnosztik\u00e1j\u00e1r\u00f3l, ter\u00e1pi\u00e1j\u00e1r\u00f3l \u00e9s gondoz\u00e1s\u00e1r\u00f3l (pdf)<\/a> T\u00edpusa: Klinikai Eg\u00e9szs\u00e9g\u00fcgyi Szakmai Ir\u00e1nyelv Azonos\u00edt\u00f3: 000989 Megjelen\u00e9s d\u00e1tuma: 2019. janu\u00e1r 24. \u00c9rv\u00e9nyess\u00e9g id\u0151tartama: 2019. janu\u00e1r 24. &#8211; 2021. december 1. Kiadja: Emberi Er\u0151forr\u00e1sok Miniszt\u00e9riuma &hellip;<\/p>\n","protected":false},"author":101685,"featured_media":0,"parent":8,"menu_order":4,"comment_status":"closed","ping_status":"closed","template":"","meta":{"_acf_changed":false,"footnotes":""},"categories":[],"tags":[],"class_list":["post-1969","page","type-page","status-publish","hentry"],"acf":[],"_links":{"self":[{"href":"https:\/\/semmelweis.hu\/pulmonologia\/wp-json\/wp\/v2\/pages\/1969","targetHints":{"allow":["GET"]}}],"collection":[{"href":"https:\/\/semmelweis.hu\/pulmonologia\/wp-json\/wp\/v2\/pages"}],"about":[{"href":"https:\/\/semmelweis.hu\/pulmonologia\/wp-json\/wp\/v2\/types\/page"}],"author":[{"embeddable":true,"href":"https:\/\/semmelweis.hu\/pulmonologia\/wp-json\/wp\/v2\/users\/101685"}],"replies":[{"embeddable":true,"href":"https:\/\/semmelweis.hu\/pulmonologia\/wp-json\/wp\/v2\/comments?post=1969"}],"version-history":[{"count":10,"href":"https:\/\/semmelweis.hu\/pulmonologia\/wp-json\/wp\/v2\/pages\/1969\/revisions"}],"predecessor-version":[{"id":3120,"href":"https:\/\/semmelweis.hu\/pulmonologia\/wp-json\/wp\/v2\/pages\/1969\/revisions\/3120"}],"up":[{"embeddable":true,"href":"https:\/\/semmelweis.hu\/pulmonologia\/wp-json\/wp\/v2\/pages\/8"}],"wp:attachment":[{"href":"https:\/\/semmelweis.hu\/pulmonologia\/wp-json\/wp\/v2\/media?parent=1969"}],"wp:term":[{"taxonomy":"category","embeddable":true,"href":"https:\/\/semmelweis.hu\/pulmonologia\/wp-json\/wp\/v2\/categories?post=1969"},{"taxonomy":"post_tag","embeddable":true,"href":"https:\/\/semmelweis.hu\/pulmonologia\/wp-json\/wp\/v2\/tags?post=1969"}],"curies":[{"name":"wp","href":"https:\/\/api.w.org\/{rel}","templated":true}]}}