{"id":1944,"date":"2021-10-13T12:37:56","date_gmt":"2021-10-13T10:37:56","guid":{"rendered":"https:\/\/semmelweis.hu\/pulmonologia\/?page_id=1944"},"modified":"2026-02-05T13:16:45","modified_gmt":"2026-02-05T12:16:45","slug":"tudomanyos-diakkori-temak","status":"publish","type":"page","link":"https:\/\/semmelweis.hu\/pulmonologia\/kutatas\/tudomanyos-diakkori-temak\/","title":{"rendered":"Tudom\u00e1nyos Di\u00e1kk\u00f6ri T\u00e9m\u00e1k"},"content":{"rendered":"<h3><span style=\"font-size: 14pt;font-family: 'pt serif'\"><strong>KUTAT\u00c1SI T\u00c9M\u00c1K: TDK munka, szakdolgozat, rektori p\u00e1lyamunka c\u00edmek\u00a0 \u00a0 \u00a0 \u00a0 \u00a0 \u00a0 \u00a0 \u00a0 \u00a0 \u00a0 \u00a0 \u00a0 \u00a0 \u00a0 \u00a0 \u00a0 \u00a0 \u00a0 \u00a0 \u00a0 \u00a0 \u00a0 \u00a0 \u00a0 \u00a0 \u00a0<\/strong><\/span><br \/>\n<span style=\"font-size: 14pt;font-family: 'pt serif'\"><strong>Semmelweis Egyetem \u00c1OK, Pulmonol\u00f3giai Klinika<\/strong><\/span><\/h3>\n<p>&nbsp;<\/p>\n<h6><span style=\"font-size: 14pt;font-family: 'pt serif'\"><strong>Asthma , COPD, t\u00fcd\u0151r\u00e1k<\/strong><\/span><\/h6>\n<h6><span style=\"font-size: 14pt;font-family: 'pt serif'\">Prof. Dr. Tam\u00e1si Lilla<\/span><br \/>\n<span style=\"font-size: 14pt;font-family: 'pt serif'\">&#8211; Asthma terhess\u00e9gben<\/span><br \/>\n<span style=\"font-size: 14pt;font-family: 'pt serif'\">&#8211; Biomarker vizsg\u00e1latok asztm\u00e1ban<\/span><br \/>\n<span style=\"font-size: 14pt;font-family: 'pt serif'\">&#8211; S\u00falyos asthma<\/span><br \/>\n<span style=\"font-size: 14pt;font-family: 'pt serif'\">&#8211; T\u00fcd\u0151r\u00e1kos betegek klinikai adatainak elemz\u00e9se val\u00f3 \u00e9let alapj\u00e1n<\/span><\/h6>\n<h6>\n<span style=\"font-size: 14pt;font-family: 'pt serif'\">Dr. Eszes No\u00e9mi<\/span><br \/>\n<span style=\"font-family: 'pt serif'\"><span style=\"font-size: 14pt\">&#8211; Az asztm\u00e1s betegek klinikai \u00e9s patofiziol\u00f3giai jellemz\u0151i<br \/>\n<\/span><span style=\"font-size: 14pt\">&#8211; Biomarker vizsg\u00e1latok asztm\u00e1ban<\/span><\/span><\/h6>\n<h6>\n<span style=\"font-size: 14pt;font-family: 'pt serif'\">Dr. Hidv\u00e9gi Edit\u00a0<br \/>\n&#8211; Anafilaxi\u00e1s reakci\u00f3k asztm\u00e1s betegek k\u00f6r\u00e9ben<\/span><br \/>\n<span style=\"font-size: 14pt;font-family: 'pt serif'\">&#8211; T\u00e1pl\u00e1l\u00e9kallergi\u00e1k s\u00falyos asztm\u00e1s betegek k\u00f6r\u00e9ben<\/span><\/h6>\n<h6><span style=\"font-size: 14pt;font-family: 'pt serif'\"><br \/>\nDr. L\u00e1z\u00e1r Zs\u00f3fia<br \/>\n&#8211; L\u00e9g\u00fati \u00e9s sziszt\u00e9m\u00e1s gyullad\u00e1s COPD-ben<\/span><\/h6>\n<h6>\n<span style=\"font-size: 14pt;font-family: 'pt serif'\">Prof. Dr. M\u00fcller Veronika<br \/>\n&#8211; Elit sportol\u00f3k asztm\u00e1ja<\/span><\/h6>\n<h6>\n<span style=\"font-size: 14pt;font-family: 'pt serif'\">Dr. Csoma Bal\u00e1zs<\/span><br \/>\n<span style=\"font-size: 14pt;font-family: 'pt serif'\">&#8211; \u00daj biomarkerek a COPD k\u00f6vet\u00e9s\u00e9ben \u00e9s ell\u00e1t\u00e1s\u00e1ban<\/span><\/h6>\n<h6>\u00a0<\/h6>\n<h6><span style=\"font-size: 14pt;font-family: 'pt serif'\"><strong>ILD, pulmonalis infekci\u00f3k<\/strong><\/p>\n<p><\/span><\/h6>\n<h6><span style=\"font-size: 14pt;font-family: 'pt serif'\">Dr. B\u00e1rczi Enik\u0151<br \/>\n&#8211; Interstitialis t\u00fcd\u0151betets\u00e9gek<\/span><\/h6>\n<h6><span style=\"font-family: 'pt serif'\"><span style=\"font-size: 14pt\">Dr. Boh\u00e1cs Anik\u00f3<br \/>\n<\/span><span style=\"font-size: 14pt\">&#8211; Interstitialis t\u00fcd\u0151betegs\u00e9gek: diagosztika \u00e9s ter\u00e1pia<\/span><\/span><\/h6>\n<h6><span style=\"font-size: 14pt;font-family: 'pt serif'\">Prof. Dr. M\u00fcller Veronika\u00a0<\/span><br \/>\n<span style=\"font-size: 14pt;font-family: 'pt serif'\">&#8211; ILD \u00e9s t\u00e1rsbetegs\u00e9gek<\/span><\/h6>\n<h6><span style=\"font-size: 14pt;font-family: 'pt serif'\">Dr. Vincze Krisztina<\/span><br \/>\n<span style=\"font-size: 14pt;font-family: 'pt serif'\">&#8211; Sziszt\u00e9m\u00e1s autoimmun betetgs\u00e9gekben kialakul\u00f3 ILD<\/span><\/h6>\n<h6><span style=\"font-size: 14pt;font-family: 'pt serif'\">Prof. Dr. M\u00fcller Veronika<\/span><br \/>\n<span style=\"font-size: 14pt;font-family: 'pt serif'\">&#8211; Pulmonalis infekci\u00f3k<\/span><\/h6>\n<h6><span style=\"font-size: 14pt;font-family: 'pt serif'\">Dr. Hidv\u00e9gi Edit<\/span><br \/>\n<span style=\"font-size: 14pt;font-family: 'pt serif'\">&#8211; A COVID j\u00e1rv\u00e1ny hat\u00e1sa az allergi\u00e1s betegs\u00e9gekre<\/span><\/h6>\n<h6>\u00a0<\/h6>\n<h6><span style=\"font-family: 'pt serif'\"><strong><span style=\"font-size: 14pt\">Sportmedicina, l\u00e9gz\u0151szervi rehabilit\u00e1ci\u00f3<\/span><\/strong><\/span><\/h6>\n<h6><span style=\"font-size: 14pt;font-family: 'pt serif'\">Prof. Dr. M\u00fcller Veronika<\/span><br \/>\n<span style=\"font-size: 14pt;font-family: 'pt serif'\">&#8211; Elit sportol\u00f3k t\u00fcd\u0151betegs\u00e9gei<\/span><\/h6>\n<h6><span style=\"font-size: 14pt;font-family: 'pt serif'\">Dr. Kov\u00e1ts Zsuzsanna<\/span><br \/>\n<span style=\"font-size: 14pt;font-family: 'pt serif'\">&#8211; L\u00e9gz\u00e9si rehabilit\u00e1ci\u00f3 t\u00fcd\u0151transzplant\u00e1lt \u00e9s ILD-s betegekben<\/span><\/h6>\n<h6><span style=\"font-size: 14pt;font-family: 'pt serif'\">Prof. Dr. Varga J\u00e1nos Tam\u00e1s<\/span><br \/>\n<span style=\"font-size: 14pt;font-family: 'pt serif'\">&#8211; COVID rehabilit\u00e1ci\u00f3<\/span><br \/>\n<span style=\"font-size: 14pt;font-family: 'pt serif'\">&#8211; Kr\u00f3nikus t\u00fcd\u0151betegek terhel\u00e9s\u00e9lettani vizsg\u00e1lata: \u00daj m\u00e9r\u0151m\u00f3dszerek, kering\u00e9si param\u00e9terek \u00e9s sz\u00f6veti oxigeniz\u00e1ci\u00f3<\/span><br \/>\n<span style=\"font-size: 14pt;font-family: 'pt serif'\">&#8211; Preoperat\u00edv l\u00e9gz\u00e9srehabilit\u00e1ci\u00f3 effektivit\u00e1sa a t\u00fcd\u0151daganatos betetgekn\u00e9l<\/span><br \/>\n<span style=\"font-size: 14pt;font-family: 'pt serif'\">&#8211; A dinamikus hyperinfl\u00e1ci\u00f3 pulmon\u00e1lis \u00e9s sziszt\u00e9m\u00e1s kering\u00e9sre kifejtett hat\u00e1sa terhel\u00e9s hat\u00e1s\u00e1ra COPD-ben<\/span><br \/>\n<span style=\"font-size: 14pt;font-family: 'pt serif'\">&#8211; A sz\u00f6veti oxigeniz\u00e1ci\u00f3 vizsg\u00e1lata nyugalomban \u00e9s terhel\u00e9s alatt<\/span><br \/>\n<span style=\"font-size: 14pt;font-family: 'pt serif'\">&#8211; K\u00fcl\u00f6nb\u00f6z\u0151 tr\u00e9ningmodalit\u00e1sok egym\u00e1shoz viszony\u00edtott hat\u00e1soss\u00e1ga COPD-ben<\/span><\/h6>\n<h6>\u00a0<\/h6>\n<h6><span style=\"font-size: 14pt;font-family: 'pt serif'\"><strong>T\u00fcd\u0151transzplant\u00e1ci\u00f3<\/strong><\/span><\/h6>\n<h6><span style=\"font-size: 14pt;font-family: 'pt serif'\">Dr. Boh\u00e1cs Anik\u00f3<\/span><br \/>\n<span style=\"font-size: 14pt;font-family: 'pt serif'\">&#8211; T\u00fcd\u0151\u00e1t\u00fcltetettek post-transplantatios gondoz\u00e1sa<\/span><br \/>\n<span style=\"font-size: 14pt;font-family: 'pt serif'\">&#8211; T\u00fcd\u0151r\u00e1k szol\u00eddszerv transzplant\u00e1lt betegekben<\/span><\/h6>\n<h6><span style=\"font-size: 14pt;font-family: 'pt serif'\">Dr. Kov\u00e1ts Zsuzsanna<\/span><br \/>\n<span style=\"font-size: 14pt;font-family: 'pt serif'\">&#8211; T\u00fcd\u0151transzplant\u00e1lt p\u00e1ciensek funkcion\u00e1lis \u00e1llapotfelm\u00e9r\u00e9se<\/span><\/h6>\n<h6>\u00a0<\/h6>\n<h6><span style=\"font-family: 'pt serif'\"><strong><span style=\"font-size: 14pt\">L\u00e9gz\u00e9si fiziol\u00f3gia, alv\u00e1s alatti l\u00e9gz\u00e9szavarok<\/span><\/strong><\/span><\/h6>\n<h6><span style=\"font-size: 14pt;font-family: 'pt serif'\">Prof. Dr. M\u00fcller Veronika<\/span><br \/>\n<span style=\"font-size: 14pt;font-family: 'pt serif'\">&#8211; Aerosolok \u00e9s a t\u00fcd\u0151<\/span><\/h6>\n<h6><span style=\"font-size: 14pt;font-family: 'pt serif'\">Dr. Horv\u00e1th G\u00e1bor<\/span><br \/>\n<span style=\"font-size: 14pt;font-family: 'pt serif'\">&#8211; A bronchialis \u00e9rrendszer vizsg\u00e1lata<\/span><br \/>\n<span style=\"font-size: 14pt;font-family: 'pt serif'\">&#8211; Alv\u00e1sf\u00fcgg\u0151 l\u00e9gz\u00e9szavarok<\/span><\/h6>\n<h6>\u00a0<\/h6>\n<h6><span style=\"font-family: 'pt serif'\"><strong><span style=\"font-size: 14pt\">Pulmonalis vaszkul\u00e1ris betegs\u00e9gek<\/span><\/strong><\/span><\/h6>\n<h6><span style=\"font-size: 14pt;font-family: 'pt serif'\">Dr. Cs\u00f3sza Gy\u00f6rgyi \u00e9s Dr. Nagy Alexandra<\/span><br \/>\n<span style=\"font-size: 14pt;font-family: 'pt serif'\">&#8211; Kisv\u00e9rk\u00f6ri haemodinamika, ergospirometria \u00e9s jobb sz\u00edvf\u00e9l adapt\u00e1ci\u00f3 pulmonalis hypertoni\u00e1ban<\/span><br \/>\n<span style=\"font-size: 14pt;font-family: 'pt serif'\">&#8211; T\u00fcd\u0151betegs\u00e9ghez t\u00e1rsult pulmonalis hypertonia<\/span><\/h6>\n<h6><span style=\"font-size: 14pt;font-family: 'pt serif'\">Dr. L\u00e1z\u00e1r Zs\u00f3fia<\/span><br \/>\n<span style=\"font-size: 14pt;font-family: 'pt serif'\">&#8211; Noninvaz\u00edv biomarkerek pulmonalis hypertoni\u00e1ban<\/p>\n<p><\/span><\/h6>\n<h6>\u00a0<\/h6>\n<h6><span style=\"font-family: 'pt serif'\"><strong><span style=\"font-size: 14pt\">Invaz\u00edv diagnosztika a t\u00fcd\u0151gy\u00f3gy\u00e1szatban \u00e9s egy\u00e9b<\/span><\/strong><\/span><\/h6>\n<h6><span style=\"font-size: 14pt;font-family: 'pt serif'\">Prof. Dr. Losonczy Gy\u00f6rgy<\/span><br \/>\n<span style=\"font-size: 14pt;font-family: 'pt serif'\">&#8211; T\u00fcd\u0151betegs\u00e9gek sejtimmunol\u00f3giai vonatkoz\u00e1sai <\/span><\/h6>\n<h6><span style=\"font-size: 14pt;font-family: 'pt serif'\">Dr. Horv\u00e1th G\u00e1bor<\/span><br \/>\n<span style=\"font-size: 14pt;font-family: 'pt serif'\">&#8211; Inhal\u00e1ci\u00f3s gy\u00f3gyszeres ter\u00e1pia a l\u00e9g\u00fati betegs\u00e9gekben<\/span><\/h6>\n<h6><span style=\"font-size: 14pt;font-family: 'pt serif'\">Dr. S\u00fctt\u0151 Zolt\u00e1n<\/span><br \/>\n<span style=\"font-size: 14pt;font-family: 'pt serif'\">&#8211; Szervdon\u00e1ci\u00f3 etikai k\u00e9rd\u00e9sei: Ki sz\u00e1m\u00edt halottnak?<\/span><\/h6>\n<h6><span style=\"font-size: 14pt;font-family: 'pt serif'\">Dr. Cs\u00f3sza Gy\u00f6rgyi<\/span><br \/>\n<span style=\"font-size: 14pt;font-family: 'pt serif'\">&#8211; Kardialis elt\u00e9r\u00e9sek akut l\u00e9gz\u00e9si el\u00e9gtelens\u00e9gben<\/span><\/h6>\n<h6><span style=\"font-size: 14pt;font-family: 'pt serif'\">Dr. Horv\u00e1th P\u00e9ter<\/span><br \/>\n<span style=\"font-size: 14pt;font-family: 'pt serif'\">&#8211; Termoabl\u00e1ci\u00f3 a malignus t\u00fcd\u0151folyamatok ell\u00e1t\u00e1s\u00e1ban <\/span><br \/>\n<span style=\"font-size: 14pt;font-family: 'pt serif'\">&#8211; Biomarkerek l\u00e9gz\u0151szervi betegs\u00e9gekben<\/span><\/h6>\n<p>&nbsp;<\/p>\n<h3><span style=\"font-size: 14pt\"><strong> \u00a0 <\/strong><span style=\"font-size: 12pt\"> \u00a0Aktualiz\u00e1lva 2025.09.11.<\/span><\/span><\/h3>\n","protected":false},"excerpt":{"rendered":"<p>KUTAT\u00c1SI T\u00c9M\u00c1K: TDK munka, szakdolgozat, rektori p\u00e1lyamunka c\u00edmek\u00a0 \u00a0 \u00a0 \u00a0 \u00a0 \u00a0 \u00a0 \u00a0 \u00a0 \u00a0 \u00a0 \u00a0 \u00a0 \u00a0 \u00a0 \u00a0 \u00a0 \u00a0 \u00a0 \u00a0 \u00a0 \u00a0 \u00a0 \u00a0 \u00a0 \u00a0 Semmelweis Egyetem \u00c1OK, Pulmonol\u00f3giai Klinika &nbsp; Asthma , COPD, t\u00fcd\u0151r\u00e1k Prof. Dr. Tam\u00e1si Lilla &#8211; Asthma terhess\u00e9gben &#8211; Biomarker vizsg\u00e1latok asztm\u00e1ban &#8211; &hellip;<\/p>\n","protected":false},"author":101685,"featured_media":0,"parent":1347,"menu_order":1,"comment_status":"closed","ping_status":"closed","template":"","meta":{"_acf_changed":false,"footnotes":""},"categories":[],"tags":[],"class_list":["post-1944","page","type-page","status-publish","hentry"],"acf":[],"_links":{"self":[{"href":"https:\/\/semmelweis.hu\/pulmonologia\/wp-json\/wp\/v2\/pages\/1944","targetHints":{"allow":["GET"]}}],"collection":[{"href":"https:\/\/semmelweis.hu\/pulmonologia\/wp-json\/wp\/v2\/pages"}],"about":[{"href":"https:\/\/semmelweis.hu\/pulmonologia\/wp-json\/wp\/v2\/types\/page"}],"author":[{"embeddable":true,"href":"https:\/\/semmelweis.hu\/pulmonologia\/wp-json\/wp\/v2\/users\/101685"}],"replies":[{"embeddable":true,"href":"https:\/\/semmelweis.hu\/pulmonologia\/wp-json\/wp\/v2\/comments?post=1944"}],"version-history":[{"count":11,"href":"https:\/\/semmelweis.hu\/pulmonologia\/wp-json\/wp\/v2\/pages\/1944\/revisions"}],"predecessor-version":[{"id":4928,"href":"https:\/\/semmelweis.hu\/pulmonologia\/wp-json\/wp\/v2\/pages\/1944\/revisions\/4928"}],"up":[{"embeddable":true,"href":"https:\/\/semmelweis.hu\/pulmonologia\/wp-json\/wp\/v2\/pages\/1347"}],"wp:attachment":[{"href":"https:\/\/semmelweis.hu\/pulmonologia\/wp-json\/wp\/v2\/media?parent=1944"}],"wp:term":[{"taxonomy":"category","embeddable":true,"href":"https:\/\/semmelweis.hu\/pulmonologia\/wp-json\/wp\/v2\/categories?post=1944"},{"taxonomy":"post_tag","embeddable":true,"href":"https:\/\/semmelweis.hu\/pulmonologia\/wp-json\/wp\/v2\/tags?post=1944"}],"curies":[{"name":"wp","href":"https:\/\/api.w.org\/{rel}","templated":true}]}}