{"id":1543,"date":"2021-05-20T14:49:36","date_gmt":"2021-05-20T12:49:36","guid":{"rendered":"http:\/\/semmelweis.hu\/pulmonologia\/?page_id=1543"},"modified":"2025-10-01T10:39:04","modified_gmt":"2025-10-01T08:39:04","slug":"az-elojegyzes-felvetel-menete","status":"publish","type":"page","link":"https:\/\/semmelweis.hu\/pulmonologia\/altalanos-informaciok\/az-elojegyzes-felvetel-menete\/","title":{"rendered":"Az el\u0151jegyz\u00e9s, felv\u00e9tel menete"},"content":{"rendered":"<p style=\"text-align: justify\"><strong>Int\u00e9zm\u00e9ny\u00fcnkbe val\u00f3 bejelentkez\u00e9se t\u00f6rt\u00e9nhet\u00a0 \u00a0 \u00a0 \u00a0 <\/strong><\/p>\n<ul style=\"text-align: justify\">\n<li>telefonon, emailen, szem\u00e9lyesen, <span style=\"color: #ff0000\"><span style=\"color: #ff0000\"><strong>el\u0151jegyz\u00e9ssel\u00a0 \u00a0 \u00a0 \u00a0 \u00a0 \u00a0 \u00a0<\/strong><\/span><\/span>\n<p>&nbsp;<\/p>\n<\/li>\n<\/ul>\n<p style=\"text-align: justify\"><strong>Az el\u0151jegyz\u00e9shez sz\u00fcks\u00e9gesek a k\u00f6vetkez\u0151 adatok<\/strong><\/p>\n<ul style=\"text-align: justify\">\n<li>a beteg neve, TAJ-sz\u00e1ma, telefonsz\u00e1ma<\/li>\n<\/ul>\n<p style=\"text-align: justify\"><strong style=\"font-size: 1rem\">El\u0151jegyz\u00e9si id\u0151szak:<\/strong><\/p>\n<p style=\"text-align: justify\">A szakrendel\u00e9sekre \u00e9s az alv\u00e1slaborra, el\u0151zetes telefonos el\u0151jegyz\u00e9s sz\u00fcks\u00e9ges, melynek id\u0151szaka h\u00e9tk\u00f6znaponk\u00e9nt 12:00-15:00 k\u00f6z\u00f6tt a felv\u00e9teli irod\u00e1n (+36-1-355-9733\/57015-\u00f6s mell\u00e9ken) \u00a0kereszt\u00fcl t\u00f6rt\u00e9nik<\/p>\n<p style=\"text-align: justify\"><strong>Felv\u00e9tel a klinik\u00e1ra<\/strong><\/p>\n<p style=\"text-align: justify\">A felv\u00e9telkor a betegfelv\u00e9teli irod\u00e1n (f\u00f6ldszinten a f\u0151bej\u00e1ratt\u00f3l balra) kell jelentkezni, ahol az okiratok ellen\u0151rz\u00e9se \u00e9s a sz\u00e1m\u00edt\u00f3g\u00e9pes nyilv\u00e1ntart\u00e1sba v\u00e9tele t\u00f6rt\u00e9nik.<br \/>\nA sz\u00e1m\u00edt\u00f3g\u00e9pes rendszerben val\u00f3 r\u00f6gz\u00edt\u00e9se \u00e9s szem\u00e9lyes dokumentumok visszaad\u00e1sa ut\u00e1n a felv\u00e9telt int\u00e9z\u0151 koll\u00e9ga t\u00e1j\u00e9koztatja a beteget, hogy az ambulancia, szakrendel\u00e9s hol tal\u00e1lhat\u00f3 az \u00e9p\u00fcletben.<\/p>\n<p style=\"text-align: justify\">T\u00e1j\u00e9koztatni szeretn\u00e9nk, hogy bizonyos szempontok m\u00f3dos\u00edthatj\u00e1k a felv\u00e9teli, beh\u00edv\u00e1si sorrendet, illetve azt, hogy n\u00e9h\u00e1ny esetben a v\u00e1rakoz\u00e1si id\u0151 hossz\u00fa lehet. Pl. s\u00fcrg\u0151ss\u00e9gi esetek, stb. Ilyenkor az el\u0151jegyz\u00e9sben megadott id\u0151pontok m\u00f3dosulhatnak. K\u00e9rj\u00fck sz\u00edves t\u00fcrelm\u00fcket!<\/p>\n<p style=\"text-align: justify\"><strong>Behozand\u00f3 eg\u00e9szs\u00e9g\u00fcgyi \u00e9s szem\u00e9lyes dokumentumok:<\/strong><\/p>\n<p style=\"text-align: justify\"><strong>Az \u00d6n k\u00f6telez\u0151 azonos\u00edt\u00e1s\u00e1hoz sz\u00fcks\u00e9ges szem\u00e9lyes iratok:<\/strong><\/p>\n<ul style=\"text-align: justify\">\n<li>szem\u00e9lyi azonos\u00edt\u00f3 igazolv\u00e1ny, ennek hi\u00e1ny\u00e1ban jogos\u00edtv\u00e1ny, \u00fatlev\u00e9l<\/li>\n<li>lakc\u00edmk\u00e1rtya<\/li>\n<li>TAJ k\u00e1rtya vagy Eur\u00f3pai Eg\u00e9szs\u00e9gbiztos\u00edt\u00e1si K\u00e1rtya<\/li>\n<\/ul>\n<p style=\"text-align: justify\"><strong>Ell\u00e1t\u00e1s\u00e1nak biztons\u00e1gos megtervez\u00e9s\u00e9hez sz\u00fcks\u00e9ges eg\u00e9szs\u00e9g\u00fcgyi dokument\u00e1ci\u00f3k: <\/strong><\/p>\n<ul style=\"text-align: justify\">\n<li>beutal\u00f3,<\/li>\n<li>kor\u00e1bbi z\u00e1r\u00f3jelent\u00e9sek, ambul\u00e1ns lapok,<\/li>\n<li>leletek, vizsg\u00e1lati eredm\u00e9nyek (laborat\u00f3riumi leletek, r\u00f6ntgen lelet, CT, MR vizsg\u00e1lat lelete \u00e9s k\u00e9panyaga)<em style=\"font-size: 1rem\">\u00a0<\/em><\/li>\n<\/ul>\n<p style=\"text-align: justify\"><strong>Szedett gy\u00f3gyszereinek list\u00e1ja, adagol\u00e1sa <\/strong>(bel\u00e9gz\u0151szerek, szemcsepp, orrcsepp, tapasz stb. is) \u00e9s egy\u00e9b, gy\u00f3gyszernek nem min\u0151s\u00fcl\u0151 t\u00e1pl\u00e1l\u00e9k kieg\u00e9sz\u00edt\u0151k, vitaminok stb. list\u00e1ja.<em>\u00a0<\/em><\/p>\n<p style=\"text-align: justify\">Amennyiben relev\u00e1ns, az egyes betegs\u00e9ghez vagy gy\u00f3gyszerszed\u00e9shez kapcsol\u00f3d\u00f3an vezetett napl\u00f3t is be kell mutatni a vizsg\u00e1latot\/beavatkoz\u00e1st v\u00e9gz\u0151 orvosnak.<\/p>\n<p style=\"text-align: justify\"><strong>El\u0151k\u00e9sz\u00edt\u00e9s vizsg\u00e1latokhoz, bizonyos beavatkoz\u00e1sokhoz <\/strong><\/p>\n<p style=\"text-align: justify\">Int\u00e9zm\u00e9ny\u00fcnkben a k\u00f6vetkez\u0151 vizsg\u00e1latok elv\u00e9gz\u00e9s\u00e9hez el\u0151k\u00e9sz\u00edt\u00e9s sz\u00fcks\u00e9ges: Prick-teszt, Aspecifikus (KCl-os) provok\u00e1ci\u00f3s l\u00e9gz\u00e9sfunkci\u00f3s teszt, ergospirometria, h\u00f6rg\u0151t\u00fckr\u00f6z\u00e9s.<\/p>\n<p style=\"text-align: justify\">Ahhoz, hogy eredm\u00e9nyesen el lehessen v\u00e9gezni a vizsg\u00e1latot\/beavatkoz\u00e1st, k\u00e9rem, mindenkor a t\u00e1j\u00e9koztat\u00f3ban le\u00edrtaknak megfelel\u0151en k\u00e9sz\u00fclj\u00f6n fel.<\/p>\n<p style=\"text-align: justify\">A nem megfelel\u0151en kivitelezett el\u0151k\u00e9sz\u00edt\u00e9s meghi\u00fas\u00edthatja, ronthatja az eredm\u00e9nyt.<\/p>\n","protected":false},"excerpt":{"rendered":"<p>Int\u00e9zm\u00e9ny\u00fcnkbe val\u00f3 bejelentkez\u00e9se t\u00f6rt\u00e9nhet\u00a0 \u00a0 \u00a0 \u00a0 telefonon, emailen, szem\u00e9lyesen, el\u0151jegyz\u00e9ssel\u00a0 \u00a0 \u00a0 \u00a0 \u00a0 \u00a0 \u00a0 &nbsp; Az el\u0151jegyz\u00e9shez sz\u00fcks\u00e9gesek a k\u00f6vetkez\u0151 adatok a beteg neve, TAJ-sz\u00e1ma, telefonsz\u00e1ma El\u0151jegyz\u00e9si id\u0151szak: A szakrendel\u00e9sekre \u00e9s az alv\u00e1slaborra, el\u0151zetes telefonos el\u0151jegyz\u00e9s sz\u00fcks\u00e9ges, melynek id\u0151szaka h\u00e9tk\u00f6znaponk\u00e9nt 12:00-15:00 k\u00f6z\u00f6tt a felv\u00e9teli irod\u00e1n (+36-1-355-9733\/57015-\u00f6s mell\u00e9ken) \u00a0kereszt\u00fcl t\u00f6rt\u00e9nik Felv\u00e9tel a klinik\u00e1ra &hellip;<\/p>\n","protected":false},"author":12,"featured_media":0,"parent":8,"menu_order":3,"comment_status":"closed","ping_status":"closed","template":"","meta":{"_acf_changed":false,"footnotes":""},"categories":[],"tags":[],"class_list":["post-1543","page","type-page","status-publish","hentry"],"acf":[],"_links":{"self":[{"href":"https:\/\/semmelweis.hu\/pulmonologia\/wp-json\/wp\/v2\/pages\/1543","targetHints":{"allow":["GET"]}}],"collection":[{"href":"https:\/\/semmelweis.hu\/pulmonologia\/wp-json\/wp\/v2\/pages"}],"about":[{"href":"https:\/\/semmelweis.hu\/pulmonologia\/wp-json\/wp\/v2\/types\/page"}],"author":[{"embeddable":true,"href":"https:\/\/semmelweis.hu\/pulmonologia\/wp-json\/wp\/v2\/users\/12"}],"replies":[{"embeddable":true,"href":"https:\/\/semmelweis.hu\/pulmonologia\/wp-json\/wp\/v2\/comments?post=1543"}],"version-history":[{"count":11,"href":"https:\/\/semmelweis.hu\/pulmonologia\/wp-json\/wp\/v2\/pages\/1543\/revisions"}],"predecessor-version":[{"id":4695,"href":"https:\/\/semmelweis.hu\/pulmonologia\/wp-json\/wp\/v2\/pages\/1543\/revisions\/4695"}],"up":[{"embeddable":true,"href":"https:\/\/semmelweis.hu\/pulmonologia\/wp-json\/wp\/v2\/pages\/8"}],"wp:attachment":[{"href":"https:\/\/semmelweis.hu\/pulmonologia\/wp-json\/wp\/v2\/media?parent=1543"}],"wp:term":[{"taxonomy":"category","embeddable":true,"href":"https:\/\/semmelweis.hu\/pulmonologia\/wp-json\/wp\/v2\/categories?post=1543"},{"taxonomy":"post_tag","embeddable":true,"href":"https:\/\/semmelweis.hu\/pulmonologia\/wp-json\/wp\/v2\/tags?post=1543"}],"curies":[{"name":"wp","href":"https:\/\/api.w.org\/{rel}","templated":true}]}}