{"id":150,"date":"2021-03-24T10:08:51","date_gmt":"2021-03-24T09:08:51","guid":{"rendered":"http:\/\/semmelweis-egyetem.hu\/pulmonologia\/?page_id=150"},"modified":"2026-02-17T14:27:56","modified_gmt":"2026-02-17T13:27:56","slug":"education","status":"publish","type":"page","link":"https:\/\/semmelweis.hu\/pulmonologia\/english\/education\/","title":{"rendered":"Education"},"content":{"rendered":"<p style=\"text-align: justify\">Go to Semmelweis University&#8217;s e-learning system: <a href=\"https:\/\/itc.semmelweis.hu\/moodle\/login\/index.php\" target=\"_blank\" rel=\"noopener\">Semmelweis Moodle login<\/a><\/p>\n<p style=\"margin-top: 0cm;background: white;text-align: justify\"><span style=\"font-size: 15.0pt;color: #1e2326\">We would like to inform you that study administration at our Clinic takes place in our education room on the ground floor.<\/span><\/p>\n<p style=\"margin-top: 0cm;background: white;text-align: justify\"><span style=\"font-size: 15.0pt;color: #1e2326\">Clinical education organizer: Zsuzsanna M\u00e1rta Ruzs\u00e1s, Nat\u00e1lia Szab\u00f3 Dr.<\/span><\/p>\n<p style=\"margin-top: 0cm;background: white;text-align: justify\"><span style=\"font-size: 15.0pt;color: #1e2326\">Email: ruzsas.marta-zsuzsanna@semmelweis.hu<\/span><\/p>\n<p style=\"margin-top: 0cm;background: white;text-align: justify\"><span style=\"font-size: 15.0pt;color: #1e2326\">All candidates are required to bring a photo identification card to the exam and present it before the exam.<\/span><\/p>\n<p style=\"margin-top: 0cm;background: white;text-align: justify\"><strong>Requirements:<\/strong><\/p>\n<ul>\n<li><a href=\"https:\/\/semmelweis.hu\/pulmonologia\/files\/2026\/02\/2025-26.-Pulmonology-and-thoracic-surgery-1.pdf\">2025-26. Pulmonology and thoracic surgery<\/a><\/li>\n<li><a href=\"https:\/\/semmelweis.hu\/pulmonologia\/files\/2026\/02\/2025-26.-Pulmonology-6-week-advanced-training.pdf\">2025-26. Pulmonology 6-week advanced training<\/a><\/li>\n<li><a href=\"https:\/\/semmelweis.hu\/pulmonologia\/files\/2026\/02\/2025-26.-Cardiopulmonary-clinical-physiology-and-rehabilitation-1.pdf\">2025-26. Cardiopulmonary clinical physiology and rehabilitation <\/a><\/li>\n<\/ul>\n<p style=\"margin-top: 0cm;background: white;text-align: justify\"><span style=\"font-size: 15.0pt;color: #1e2326\"><br \/>\nThe thoracic surgery module is according to the guidelines of the Department of Thoracic Surgery.<\/span><\/p>\n<p style=\"margin-top: 0cm;background: white;text-align: justify\"><span style=\"font-size: 15.0pt;color: #1e2326\">The exams take place in person during the third week of education at the clinic<\/span><\/p>\n<p style=\"margin-top: 0cm;background: white;text-align: justify\"><span style=\"font-size: 15.0pt;color: #1e2326\">Examination according to TVSZ.<\/span><\/p>\n","protected":false},"excerpt":{"rendered":"<p>Go to Semmelweis University&#8217;s e-learning system: <a href=\"https:\/\/itc.semmelweis.hu\/moodle\/login\/index.php\" target=\"_blank\" rel=\"noopener\">Semmelweis Moodle login<\/a> We would like to inform you that study administration at our Clinic takes place in our education room on the ground floor. Clinical education organizer: Zsuzsanna M\u00e1rta Ruzs\u00e1s, Nat\u00e1lia Szab\u00f3 Dr. Email: ruzsas.marta-zsuzsanna@semmelweis.hu All candidates are required to bring a photo identification card to the exam and present it &hellip;<\/p>\n","protected":false},"author":112,"featured_media":0,"parent":62,"menu_order":1,"comment_status":"closed","ping_status":"closed","template":"","meta":{"_acf_changed":false,"footnotes":""},"categories":[],"tags":[],"class_list":["post-150","page","type-page","status-publish","hentry"],"acf":[],"_links":{"self":[{"href":"https:\/\/semmelweis.hu\/pulmonologia\/wp-json\/wp\/v2\/pages\/150","targetHints":{"allow":["GET"]}}],"collection":[{"href":"https:\/\/semmelweis.hu\/pulmonologia\/wp-json\/wp\/v2\/pages"}],"about":[{"href":"https:\/\/semmelweis.hu\/pulmonologia\/wp-json\/wp\/v2\/types\/page"}],"author":[{"embeddable":true,"href":"https:\/\/semmelweis.hu\/pulmonologia\/wp-json\/wp\/v2\/users\/112"}],"replies":[{"embeddable":true,"href":"https:\/\/semmelweis.hu\/pulmonologia\/wp-json\/wp\/v2\/comments?post=150"}],"version-history":[{"count":13,"href":"https:\/\/semmelweis.hu\/pulmonologia\/wp-json\/wp\/v2\/pages\/150\/revisions"}],"predecessor-version":[{"id":3641,"href":"https:\/\/semmelweis.hu\/pulmonologia\/wp-json\/wp\/v2\/pages\/150\/revisions\/3641"}],"up":[{"embeddable":true,"href":"https:\/\/semmelweis.hu\/pulmonologia\/wp-json\/wp\/v2\/pages\/62"}],"wp:attachment":[{"href":"https:\/\/semmelweis.hu\/pulmonologia\/wp-json\/wp\/v2\/media?parent=150"}],"wp:term":[{"taxonomy":"category","embeddable":true,"href":"https:\/\/semmelweis.hu\/pulmonologia\/wp-json\/wp\/v2\/categories?post=150"},{"taxonomy":"post_tag","embeddable":true,"href":"https:\/\/semmelweis.hu\/pulmonologia\/wp-json\/wp\/v2\/tags?post=150"}],"curies":[{"name":"wp","href":"https:\/\/api.w.org\/{rel}","templated":true}]}}