{"id":1365,"date":"2020-09-03T14:52:23","date_gmt":"2020-09-03T12:52:23","guid":{"rendered":"http:\/\/semmelweis.hu\/pulmonologia\/?page_id=1365"},"modified":"2020-09-03T15:07:45","modified_gmt":"2020-09-03T13:07:45","slug":"projektek","status":"publish","type":"page","link":"https:\/\/semmelweis.hu\/pulmonologia\/kutatas\/projektek\/","title":{"rendered":"Projektek"},"content":{"rendered":"<p><span style=\"font-size: 18pt\"><strong>A Semmelweis Egyetem Pulmonol\u00f3giai Klinika akt\u00edv kutat\u00e1si projektjei<\/strong><\/span><\/p>\n<p><strong>A COPD exacerb\u00e1ci\u00f3 patomechanizmusa \u00e9s predikt\u00edv biomarkerei<\/strong><\/p>\n<ul>\n<li>kutat\u00e1s t\u00e9mavezet\u0151je: Dr. L\u00e1z\u00e1r Zs\u00f3fia<\/li>\n<li>munkacsoport tagjai: Dr. Bikov Andr\u00e1s, Dr. Horv\u00e1th P\u00e9ter, Dr. Csoma Bal\u00e1zs<br \/>\nSz\u0171cs Gerg\u0151, N\u00e9meth Zs\u00f3fia, Susanne Barth<\/li>\n<\/ul>\n<hr \/>\n<p><strong>A CPAP ter\u00e1pia hat\u00e1s\u00e1nak vizsg\u00e1lata az inzulinrezisztenci\u00e1ra obstrukt\u00edv alv\u00e1si apnoeban <\/strong><\/p>\n<ul>\n<li>kutat\u00e1s t\u00e9mavezet\u0151je: Dr. Bikov Andr\u00e1s<\/li>\n<li>munkacsoport tagjai: Dr. Kunos L\u00e1szl\u00f3, Dr. Kis Adri\u00e1n, Dr. M\u00e9sz\u00e1ros Martina<\/li>\n<\/ul>\n<hr \/>\n<p><strong>A kr\u00f3nikus obstrukt\u00edv t\u00fcd\u0151betegs\u00e9g (COPD) exacerb\u00e1ci\u00f3 fenotipiz\u00e1l\u00e1sa<\/strong><\/p>\n<ul>\n<li>kutat\u00e1s t\u00e9mavezet\u0151je: Dr. L\u00e1z\u00e1r Zs\u00f3fia<\/li>\n<\/ul>\n<hr \/>\n<p><strong>A kr\u00f3nikus obstrukt\u00edv t\u00fcd\u0151betegs\u00e9g (COPD) prognosztikai markerei <\/strong><\/p>\n<ul>\n<li>kutat\u00e1s t\u00e9mavezet\u0151je: Dr. L\u00e1z\u00e1r Zs\u00f3fia<\/li>\n<\/ul>\n<hr \/>\n<p><strong>A l\u00e9g\u00fati \u00e9s sziszt\u00e9m\u00e1s gyullad\u00e1s szerepe az obstrukt\u00edv alv\u00e1si apnoe k\u00f3r\u00e9lettan\u00e1ban <\/strong><\/p>\n<ul>\n<li>kutat\u00e1s t\u00e9mavezet\u0151je: Dr. Bikov Andr\u00e1s<\/li>\n<li>munkacsoport tagjai: Dr. Kunos L\u00e1szl\u00f3, Dr. Kis Adri\u00e1n, Dr. M\u00e9sz\u00e1ros Martina<\/li>\n<\/ul>\n<hr \/>\n<p><strong>A l\u00e9g\u00fati \u00e9s a sziszt\u00e9m\u00e1s nitrozat\u00edv stressz \u00e9s az nitrog\u00e9n-oxid \u00fatvonal vizsg\u00e1lata COPD-ben <\/strong><\/p>\n<ul>\n<li>kutat\u00e1s t\u00e9mavezet\u0151je: Dr. L\u00e1z\u00e1r Zs\u00f3fia<\/li>\n<li>munkacsoport tagjai: Dr. Bikov Andr\u00e1s, Dr. Horv\u00e1th P\u00e9ter, Dr. Csoma Bal\u00e1zs<br \/>\nSz\u0171cs Gerg\u0151, N\u00e9meth Zs\u00f3fia, Susanne Barth<\/li>\n<\/ul>\n<hr \/>\n<p><strong>A s\u00falyos asztma fenotipiz\u00e1l\u00e1sa<\/strong><\/p>\n<ul>\n<li>kutat\u00e1s t\u00e9mavezet\u0151je: Prof. Dr. Tam\u00e1si Lilla<\/li>\n<\/ul>\n<hr \/>\n<p><strong>Asztma \u00e9s terhess\u00e9g \u2013 Immunol\u00f3giai \u00e9s klinikai k\u00f6lcs\u00f6nhat\u00e1sok<\/strong><\/p>\n<ul>\n<li>kutat\u00e1s t\u00e9mavezet\u0151je: Prof. Dr. Tam\u00e1si Lilla<\/li>\n<\/ul>\n<hr \/>\n<p><strong>Az eosinophil t\u00edpus\u00fa COPD exacerb\u00e1ci\u00f3k klinikai je<\/strong><strong>llemz\u0151inek \u00e9s a v\u00e9r eosinophil sz\u00e1m exacerb\u00e1ci\u00f3t predikt\u00e1l\u00f3 szerep\u00e9nek vizsg\u00e1lata<\/strong><\/p>\n<ul>\n<li>kutat\u00e1s t\u00e9mavezet\u0151je: Dr. L\u00e1z\u00e1r Zs\u00f3fia<\/li>\n<li>munkacsoport tagjai: Dr. Bikov Andr\u00e1s, Dr. Horv\u00e1th P\u00e9ter, Dr. Csoma Bal\u00e1zs<br \/>\nSz\u0171cs Gerg\u0151, N\u00e9meth Zs\u00f3fia, Susanne Barth<\/li>\n<\/ul>\n<hr \/>\n<p><strong>Biomarkerek az alv\u00e1s alatti l\u00e9gz\u00e9szavarok k\u00f3r\u00e9lettan\u00e1nak megismer\u00e9s\u00e9re <\/strong><\/p>\n<ul>\n<li>kutat\u00e1s t\u00e9mavezet\u0151je: Dr. Bikov Andr\u00e1s<\/li>\n<li>munkacsoport tagjai: Dr. Kunos L\u00e1szl\u00f3, Dr. Kis Adri\u00e1n, Dr. M\u00e9sz\u00e1ros Martina<\/li>\n<\/ul>\n<hr \/>\n<p><strong>Biomarkerek pulmonalis hypertoni\u00e1ban<\/strong><\/p>\n<ul>\n<li>kutat\u00e1s t\u00e9mavezet\u0151je: Dr. L\u00e1z\u00e1r Zs\u00f3fia<\/li>\n<li>munkacsoport tagjai: Dr. Karl\u00f3cai Krist\u00f3f, Dr. Cs\u00f3sza Gy\u00f6rgyi, Dr. Horv\u00e1th P\u00e9ter<\/li>\n<\/ul>\n<hr \/>\n<p><strong>Cellul\u00e1ris stressz hat\u00e1sa pulmonol\u00f3giai k\u00f3rk\u00e9pekben<\/strong><\/p>\n<ul>\n<li>kutat\u00e1s t\u00e9mavezet\u0151je: Prof. Dr. M\u00fcller Veronika<\/li>\n<\/ul>\n<hr \/>\n<p><strong>Inhal\u00e1ci\u00f3s gy\u00f3gyszerek farmakol\u00f3gi\u00e1ja \u00e9s szerep\u00fck a l\u00e9g\u00fati gyullad\u00e1sos betegs\u00e9gek kezel\u00e9s\u00e9ben<\/strong><\/p>\n<ul>\n<li>kutat\u00e1s t\u00e9mavezet\u0151je: Dr. habil. Horv\u00e1th G\u00e1bor<\/li>\n<\/ul>\n<hr \/>\n<p><strong>Interstitialis t\u00fcd\u0151gy\u00f3gy\u00e1szati k\u00f3rk\u00e9pek<\/strong><\/p>\n<ul>\n<li>kutat\u00e1s t\u00e9mavezet\u0151je: Prof. Dr. M\u00fcller Veronika<\/li>\n<\/ul>\n<hr \/>\n<p><strong>Kering\u0151 kardioprotekt\u00edv markerek idiopathi\u00e1s pulmonalis arteri\u00e1s hypertoni\u00e1ban<\/strong><\/p>\n<ul>\n<li>kutat\u00e1s t\u00e9mavezet\u0151je: Dr. L\u00e1z\u00e1r Zs\u00f3fia<\/li>\n<\/ul>\n<hr \/>\n<p><strong>Klinikai prognosztikai markerek t\u00fcd\u0151r\u00e1kban<\/strong><\/p>\n<ul>\n<li>kutat\u00e1s t\u00e9mavezet\u0151je: Prof. Dr. Tam\u00e1si Lilla<\/li>\n<\/ul>\n<hr \/>\n<p>&nbsp;<\/p>\n","protected":false},"excerpt":{"rendered":"<p>A Semmelweis Egyetem Pulmonol\u00f3giai Klinika akt\u00edv kutat\u00e1si projektjei A COPD exacerb\u00e1ci\u00f3 patomechanizmusa \u00e9s predikt\u00edv biomarkerei kutat\u00e1s t\u00e9mavezet\u0151je: Dr. L\u00e1z\u00e1r Zs\u00f3fia munkacsoport tagjai: Dr. Bikov Andr\u00e1s, Dr. Horv\u00e1th P\u00e9ter, Dr. Csoma Bal\u00e1zs Sz\u0171cs Gerg\u0151, N\u00e9meth Zs\u00f3fia, Susanne Barth A CPAP ter\u00e1pia hat\u00e1s\u00e1nak vizsg\u00e1lata az inzulinrezisztenci\u00e1ra obstrukt\u00edv alv\u00e1si apnoeban kutat\u00e1s t\u00e9mavezet\u0151je: Dr. Bikov Andr\u00e1s munkacsoport tagjai: Dr. &hellip;<\/p>\n","protected":false},"author":101685,"featured_media":0,"parent":1347,"menu_order":0,"comment_status":"closed","ping_status":"closed","template":"","meta":{"_acf_changed":false,"footnotes":""},"categories":[],"tags":[],"class_list":["post-1365","page","type-page","status-publish","hentry"],"acf":[],"_links":{"self":[{"href":"https:\/\/semmelweis.hu\/pulmonologia\/wp-json\/wp\/v2\/pages\/1365","targetHints":{"allow":["GET"]}}],"collection":[{"href":"https:\/\/semmelweis.hu\/pulmonologia\/wp-json\/wp\/v2\/pages"}],"about":[{"href":"https:\/\/semmelweis.hu\/pulmonologia\/wp-json\/wp\/v2\/types\/page"}],"author":[{"embeddable":true,"href":"https:\/\/semmelweis.hu\/pulmonologia\/wp-json\/wp\/v2\/users\/101685"}],"replies":[{"embeddable":true,"href":"https:\/\/semmelweis.hu\/pulmonologia\/wp-json\/wp\/v2\/comments?post=1365"}],"version-history":[{"count":10,"href":"https:\/\/semmelweis.hu\/pulmonologia\/wp-json\/wp\/v2\/pages\/1365\/revisions"}],"predecessor-version":[{"id":2054,"href":"https:\/\/semmelweis.hu\/pulmonologia\/wp-json\/wp\/v2\/pages\/1365\/revisions\/2054"}],"up":[{"embeddable":true,"href":"https:\/\/semmelweis.hu\/pulmonologia\/wp-json\/wp\/v2\/pages\/1347"}],"wp:attachment":[{"href":"https:\/\/semmelweis.hu\/pulmonologia\/wp-json\/wp\/v2\/media?parent=1365"}],"wp:term":[{"taxonomy":"category","embeddable":true,"href":"https:\/\/semmelweis.hu\/pulmonologia\/wp-json\/wp\/v2\/categories?post=1365"},{"taxonomy":"post_tag","embeddable":true,"href":"https:\/\/semmelweis.hu\/pulmonologia\/wp-json\/wp\/v2\/tags?post=1365"}],"curies":[{"name":"wp","href":"https:\/\/api.w.org\/{rel}","templated":true}]}}