{"id":1347,"date":"2021-10-13T10:11:37","date_gmt":"2021-10-13T08:11:37","guid":{"rendered":"http:\/\/semmelweis.hu\/pulmonologia\/?page_id=1347"},"modified":"2025-06-16T10:27:54","modified_gmt":"2025-06-16T08:27:54","slug":"kutatas","status":"publish","type":"page","link":"https:\/\/semmelweis.hu\/pulmonologia\/kutatas\/","title":{"rendered":"Kutat\u00e1s"},"content":{"rendered":"<p style=\"text-align: justify\"><strong>Kutat\u00f3hely akt\u00edv tudom\u00e1nyos \u00e9lettel <\/strong><\/p>\n<p style=\"text-align: justify\">A hazai \u00e9s nemzetk\u00f6zi p\u00e1ly\u00e1zatoknak k\u00f6sz\u00f6nhet\u0151en a Klinika falai k\u00f6zt akt\u00edv tudom\u00e1nyos \u00e9let zajlik. Munkacsoportjai kutatj\u00e1k egyebek mellett az<strong> Aszthma<\/strong> genetikai h\u00e1tter\u00e9t, a t\u00fcd\u0151r\u00e1k immunol\u00f3giai t\u00e9nyez\u0151it, de vizsg\u00e1lj\u00e1k a l\u00e9g\u00fati ny\u00e1lkah\u00e1rtya v\u00e9rkering\u00e9s\u00e9vel kapcsolatos gy\u00f3gyszerek hat\u00e1s\u00e1t, illetve tesztelnek megel\u0151z\u00e9sre alkalmas k\u00e9sz\u00edtm\u00e9nyeket is. Kutat\u00f3i az \u00e1ltaluk elnyert \u00f6szt\u00f6nd\u00edjak \u00e9s p\u00e1ly\u00e1zatok seg\u00edts\u00e9g\u00e9vel biztos\u00edtj\u00e1k, hogy a k\u00fclf\u00f6ldi int\u00e9zm\u00e9nyekben megszerezhet\u0151 tapasztalatok az itthoni gyakorlatban is megjelenjenek. A Klinik\u00e1n \u00e9vente 8-12 nemzetk\u00f6zi szaklapban k\u00f6z\u00f6lt, eredeti tudom\u00e1nyos k\u00f6zlem\u00e9ny sz\u00fcletik, sz\u00e1mos magyar nyelv\u0171 dolgozat k\u00e9sz\u00fcl, de a hazai hivatalos t\u00fcd\u0151gy\u00f3gy\u00e1szati tank\u00f6nyvek is ebben a m\u0171helyben sz\u00fcletnek.<\/p>\n<p style=\"text-align: justify\"><strong>\u00daj orvostechnol\u00f3giai eszk\u00f6z\u00f6k fejleszt\u00e9s\u00e9nek r\u00e9szese<\/strong><\/p>\n<p style=\"text-align: justify\">A Klinika t\u00f6bb orvosi m\u0171szergy\u00e1rt\u00f3 c\u00e9ggel tart fenn kutat\u00f3-fejleszt\u0151i kapcsolatot, \u00edgy rendszeresen r\u00e9szt vesz \u00faj orvostechnol\u00f3giai eszk\u00f6z\u00f6k fejleszt\u00e9s\u00e9ben, tesztel\u00e9s\u00e9ben \u00e9s alkalmaz\u00e1s\u00e1ban. Mindez betegei sz\u00e1m\u00e1ra is \u00e9rz\u00e9kelhet\u0151 el\u0151ny\u00f6kkel j\u00e1r, hiszen ennek k\u00f6sz\u00f6nhet\u0151en az itteni szakemberek a hagyom\u00e1nyos, filmes helyett digit\u00e1lis r\u00f6ntgenk\u00e9sz\u00fcl\u00e9ket m\u0171k\u00f6dtetnek. A mintegy 60 milli\u00f3 forintos fejleszt\u00e9s nem ig\u00e9nyelt saj\u00e1t vagy egyetemi anyagi r\u00e1ford\u00edt\u00e1st.<\/p>\n<p style=\"text-align: justify\">Magyarorsz\u00e1gon szint\u00e9n \u00fajdons\u00e1g az a projekt, melynek keret\u00e9ben magyar fejleszt\u0151k a t\u00fcd\u0151r\u00e1k eddigin\u00e9l pontosabb diagn\u00f3zis\u00e1t lehet\u0151v\u00e9 t\u00e9v\u0151 vizsg\u00e1l\u00f3berendez\u00e9st dolgoztak ki. A fejleszt\u00e9sben a Pulmonol\u00f3giai Klinika is r\u00e9szt vett. A digit\u00e1lis tomoszint\u00e9zis a hagyom\u00e1nyos r\u00f6ntgentechnik\u00e1ra \u00e9p\u00fcl, \u00e1m ann\u00e1l j\u00f3val kisebb sug\u00e1rterhel\u00e9ssel j\u00e1r, pontosabb k\u00e9pi megjelen\u00edt\u00e9st \u00e9s r\u00f6videbb vizsg\u00e1lati id\u0151t tesz lehet\u0151v\u00e9.\u00a0<\/p>\n","protected":false},"excerpt":{"rendered":"<p>Kutat\u00f3hely akt\u00edv tudom\u00e1nyos \u00e9lettel A hazai \u00e9s nemzetk\u00f6zi p\u00e1ly\u00e1zatoknak k\u00f6sz\u00f6nhet\u0151en a Klinika falai k\u00f6zt akt\u00edv tudom\u00e1nyos \u00e9let zajlik. Munkacsoportjai kutatj\u00e1k egyebek mellett az Aszthma genetikai h\u00e1tter\u00e9t, a t\u00fcd\u0151r\u00e1k immunol\u00f3giai t\u00e9nyez\u0151it, de vizsg\u00e1lj\u00e1k a l\u00e9g\u00fati ny\u00e1lkah\u00e1rtya v\u00e9rkering\u00e9s\u00e9vel kapcsolatos gy\u00f3gyszerek hat\u00e1s\u00e1t, illetve tesztelnek megel\u0151z\u00e9sre alkalmas k\u00e9sz\u00edtm\u00e9nyeket is. Kutat\u00f3i az \u00e1ltaluk elnyert \u00f6szt\u00f6nd\u00edjak \u00e9s p\u00e1ly\u00e1zatok seg\u00edts\u00e9g\u00e9vel biztos\u00edtj\u00e1k, hogy &hellip;<\/p>\n","protected":false},"author":101685,"featured_media":0,"parent":0,"menu_order":5,"comment_status":"closed","ping_status":"closed","template":"","meta":{"_acf_changed":false,"footnotes":""},"categories":[],"tags":[],"class_list":["post-1347","page","type-page","status-publish","hentry"],"acf":[],"_links":{"self":[{"href":"https:\/\/semmelweis.hu\/pulmonologia\/wp-json\/wp\/v2\/pages\/1347","targetHints":{"allow":["GET"]}}],"collection":[{"href":"https:\/\/semmelweis.hu\/pulmonologia\/wp-json\/wp\/v2\/pages"}],"about":[{"href":"https:\/\/semmelweis.hu\/pulmonologia\/wp-json\/wp\/v2\/types\/page"}],"author":[{"embeddable":true,"href":"https:\/\/semmelweis.hu\/pulmonologia\/wp-json\/wp\/v2\/users\/101685"}],"replies":[{"embeddable":true,"href":"https:\/\/semmelweis.hu\/pulmonologia\/wp-json\/wp\/v2\/comments?post=1347"}],"version-history":[{"count":10,"href":"https:\/\/semmelweis.hu\/pulmonologia\/wp-json\/wp\/v2\/pages\/1347\/revisions"}],"predecessor-version":[{"id":4390,"href":"https:\/\/semmelweis.hu\/pulmonologia\/wp-json\/wp\/v2\/pages\/1347\/revisions\/4390"}],"wp:attachment":[{"href":"https:\/\/semmelweis.hu\/pulmonologia\/wp-json\/wp\/v2\/media?parent=1347"}],"wp:term":[{"taxonomy":"category","embeddable":true,"href":"https:\/\/semmelweis.hu\/pulmonologia\/wp-json\/wp\/v2\/categories?post=1347"},{"taxonomy":"post_tag","embeddable":true,"href":"https:\/\/semmelweis.hu\/pulmonologia\/wp-json\/wp\/v2\/tags?post=1347"}],"curies":[{"name":"wp","href":"https:\/\/api.w.org\/{rel}","templated":true}]}}