{"id":1337,"date":"2021-10-12T10:24:04","date_gmt":"2021-10-12T08:24:04","guid":{"rendered":"http:\/\/semmelweis.hu\/pulmonologia\/?page_id=1337"},"modified":"2025-05-26T10:25:26","modified_gmt":"2025-05-26T08:25:26","slug":"betegtajekoztato-hazirend","status":"publish","type":"page","link":"https:\/\/semmelweis.hu\/pulmonologia\/altalanos-informaciok\/betegtajekoztato-hazirend\/","title":{"rendered":"J\u00e1r\u00f3beteg t\u00e1j\u00e9koztat\u00f3- H\u00e1zirend"},"content":{"rendered":"<p style=\"text-align: justify\">A Semmelweis Egyetem kiemelten fontos feladat\u00e1nak tartja a p\u00e1ciensek, betegek \u00e9s hozz\u00e1tartoz\u00f3ik ( a tov\u00e1bbiakban: Beteg) t\u00e1j\u00e9koztat\u00e1shoz f\u0171z\u0151d\u0151 jog\u00e1nak teljes k\u00f6r\u0171 gyakorl\u00e1s\u00e1t, az orvos-beteg kapcsolatban az eredm\u00e9nyes betegell\u00e1t\u00e1shoz sz\u00fcks\u00e9ges inform\u00e1ci\u00f3 \u00e1raml\u00e1s\u00e1nak biztos\u00edt\u00e1s\u00e1t. Sz\u00e9lesk\u00f6r\u0171 ismereteket szeretn\u00e9nk ny\u00fajtani a betegt\u00e1j\u00e9koztat\u00e1si gyakorlatr\u00f3l a betegek jogair\u00f3l \u00e9s k\u00f6teless\u00e9geir\u0151l illetve a H\u00e1zirendr\u0151l.<\/p>\n<p style=\"text-align: justify\">A t\u00e1j\u00e9koztat\u00f3 c\u00e9lja, hogy hasznos inform\u00e1ci\u00f3kkal seg\u00edts\u00fck az \u00d6n int\u00e9zm\u00e9nybeli ell\u00e1t\u00e1s\u00e1t, cs\u00f6kkents\u00fck az \u00d6nben rejl\u0151 esetleges bizonytalans\u00e1got \u00e9s kiszolg\u00e1ltatotts\u00e1g \u00e9rz\u00e9s\u00e9t. Az ell\u00e1t\u00e1shoz sz\u00fcks\u00e9ges tudnival\u00f3k rendelkez\u00e9sre \u00e1ll\u00e1sa egyar\u00e1nt fontos a beteg (hozz\u00e1tartoz\u00f3) \u00e9s az int\u00e9zm\u00e9ny munkat\u00e1rsai sz\u00e1m\u00e1ra is, az ell\u00e1t\u00e1s \u00edgy val\u00f3s\u00edthat\u00f3 meg eredm\u00e9nyesen, hat\u00e9konyan \u00e9s biztons\u00e1gosan.<\/p>\n<p>A teljes dokumentum itt \u00e9rhet\u0151 el: <a href=\"https:\/\/semmelweis.hu\/pulmonologia\/files\/2025\/05\/2025.05.26.-Jarobeteg-hazirend.pdf\">2025.05.26. J\u00e1r\u00f3beteg h\u00e1zirend<\/a><\/p>\n<p><span style=\"font-size: 12pt\">A J\u00e1r\u00f3beteg t\u00e1j\u00e9koztat\u00f3 \u00e9s h\u00e1zirend 2025.05.23-t\u00f3l visszavon\u00e1sig \u00e9rv\u00e9nyes. K\u00e9sz\u00edtette Dr. Szab\u00f3n\u00e9 Galk\u00f3 Nat\u00e1lia, j\u00f3v\u00e1hagyta Prof. Dr. M\u00fcller Veronika<\/span><\/p>\n<p>&nbsp;<\/p>\n","protected":false},"excerpt":{"rendered":"<p>A Semmelweis Egyetem kiemelten fontos feladat\u00e1nak tartja a p\u00e1ciensek, betegek \u00e9s hozz\u00e1tartoz\u00f3ik ( a tov\u00e1bbiakban: Beteg) t\u00e1j\u00e9koztat\u00e1shoz f\u0171z\u0151d\u0151 jog\u00e1nak teljes k\u00f6r\u0171 gyakorl\u00e1s\u00e1t, az orvos-beteg kapcsolatban az eredm\u00e9nyes betegell\u00e1t\u00e1shoz sz\u00fcks\u00e9ges inform\u00e1ci\u00f3 \u00e1raml\u00e1s\u00e1nak biztos\u00edt\u00e1s\u00e1t. Sz\u00e9lesk\u00f6r\u0171 ismereteket szeretn\u00e9nk ny\u00fajtani a betegt\u00e1j\u00e9koztat\u00e1si gyakorlatr\u00f3l a betegek jogair\u00f3l \u00e9s k\u00f6teless\u00e9geir\u0151l illetve a H\u00e1zirendr\u0151l. A t\u00e1j\u00e9koztat\u00f3 c\u00e9lja, hogy hasznos inform\u00e1ci\u00f3kkal seg\u00edts\u00fck az &hellip;<\/p>\n","protected":false},"author":101685,"featured_media":0,"parent":8,"menu_order":4,"comment_status":"closed","ping_status":"closed","template":"","meta":{"_acf_changed":false,"footnotes":""},"categories":[],"tags":[],"class_list":["post-1337","page","type-page","status-publish","hentry"],"acf":[],"_links":{"self":[{"href":"https:\/\/semmelweis.hu\/pulmonologia\/wp-json\/wp\/v2\/pages\/1337","targetHints":{"allow":["GET"]}}],"collection":[{"href":"https:\/\/semmelweis.hu\/pulmonologia\/wp-json\/wp\/v2\/pages"}],"about":[{"href":"https:\/\/semmelweis.hu\/pulmonologia\/wp-json\/wp\/v2\/types\/page"}],"author":[{"embeddable":true,"href":"https:\/\/semmelweis.hu\/pulmonologia\/wp-json\/wp\/v2\/users\/101685"}],"replies":[{"embeddable":true,"href":"https:\/\/semmelweis.hu\/pulmonologia\/wp-json\/wp\/v2\/comments?post=1337"}],"version-history":[{"count":10,"href":"https:\/\/semmelweis.hu\/pulmonologia\/wp-json\/wp\/v2\/pages\/1337\/revisions"}],"predecessor-version":[{"id":4358,"href":"https:\/\/semmelweis.hu\/pulmonologia\/wp-json\/wp\/v2\/pages\/1337\/revisions\/4358"}],"up":[{"embeddable":true,"href":"https:\/\/semmelweis.hu\/pulmonologia\/wp-json\/wp\/v2\/pages\/8"}],"wp:attachment":[{"href":"https:\/\/semmelweis.hu\/pulmonologia\/wp-json\/wp\/v2\/media?parent=1337"}],"wp:term":[{"taxonomy":"category","embeddable":true,"href":"https:\/\/semmelweis.hu\/pulmonologia\/wp-json\/wp\/v2\/categories?post=1337"},{"taxonomy":"post_tag","embeddable":true,"href":"https:\/\/semmelweis.hu\/pulmonologia\/wp-json\/wp\/v2\/tags?post=1337"}],"curies":[{"name":"wp","href":"https:\/\/api.w.org\/{rel}","templated":true}]}}