{"id":1316,"date":"2020-04-20T00:00:44","date_gmt":"2020-04-19T22:00:44","guid":{"rendered":"http:\/\/semmelweis.hu\/pulmonologia\/?page_id=1316"},"modified":"2025-10-01T10:42:13","modified_gmt":"2025-10-01T08:42:13","slug":"phd-temak","status":"publish","type":"page","link":"https:\/\/semmelweis.hu\/pulmonologia\/oktatas\/phd-temak\/","title":{"rendered":"PhD t\u00e9m\u00e1k"},"content":{"rendered":"<h1 class=\"entry-title text-uppercase\" style=\"text-align: justify\">R\u00e1cz K\u00e1roly Konzervat\u00edv Orvostudom\u00e1nyi Tagozat<\/h1>\n<p style=\"text-align: justify\"><span style=\"font-size: 14pt\"><a href=\"https:\/\/semmelweis.hu\/phd\/doktori-tagozatok\/racz-karoly-konzervativ-orvostudomanyi-tagozat\/\">https:\/\/semmelweis.hu\/phd\/doktori-tagozatok\/racz-karoly-konzervativ-orvostudomanyi-tagozat\/<\/a><\/span><\/p>\n<div class=\"col-12 px-0\" style=\"text-align: justify\">\n<h5 class=\"text-uppercase\"><span style=\"font-size: 14pt\">A tagozatr\u00f3l<\/span><\/h5>\n<\/div>\n<div class=\"col-12 px-0\" style=\"text-align: justify\">\n<p><span style=\"font-size: 14pt\">A R\u00e1cz K\u00e1roly Konzervat\u00edv Orvostudom\u00e1nyi Tagozat kilenc doktori programot \u00f6lel fel. C\u00e9lunk, hogy t\u00e1mogassuk a p\u00e1lyakezd\u0151 orvosok \u00e9s kutat\u00f3k k\u00e9pz\u00e9s\u00e9t, els\u0151sorban klinikai \u00e9s ezzel szorosan \u00f6sszefon\u00f3d\u00f3 elm\u00e9leti kutat\u00e1sok ter\u00e9n. A tagozat elk\u00f6telezett az olyan innovat\u00edv kutat\u00e1si ir\u00e1nyok felkarol\u00e1sa mellett, mint az \u00faj diagnosztikai \u00e9s ter\u00e1pi\u00e1s m\u00f3dszerek fejleszt\u00e9se \u00e9s a modern technol\u00f3gi\u00e1k alkalmaz\u00e1sa a klinikai gyakorlatban.<\/span><\/p>\n<p><span style=\"font-size: 14pt\">Doktori programjaink a klinikai orvostudom\u00e1ny sz\u00e1mos ter\u00fclet\u00e9t lefedik, az alapkutat\u00e1st\u00f3l kezdve a beteg\u00e1gyhoz szorosan kapcsol\u00f3d\u00f3 klinikai vizsg\u00e1latokig. Oktat\u00f3ink sz\u00e9les k\u00f6r\u0171 elm\u00e9leti \u00e9s klinikai kurzusokat k\u00edn\u00e1lnak, amelyek c\u00e9lja a kutat\u00f3i szeml\u00e9let, m\u00f3dszertan, adat- \u00e9s etikai ismeretek elsaj\u00e1t\u00edt\u00e1sa. Programvezet\u0151ink nemcsak a hazai, hanem a nemzetk\u00f6zi tudom\u00e1nyos \u00e9let elismert szakemberei, \u00edgy biztos\u00edtva a r\u00e9sztvev\u0151k sz\u00e1m\u00e1ra a legmagasabb szint\u0171 k\u00e9pz\u00e9st \u00e9s szakmai fejl\u0151d\u00e9st.<\/span><\/p>\n<p><span style=\"font-size: 14pt\">A Tagozat elm\u00e9leti \u00e9s gyakorlati h\u00e1tter\u00e9t a Semmelweis Egyetem klinik\u00e1i biztos\u00edtj\u00e1k, amelyek hozz\u00e1f\u00e9r\u00e9st ny\u00fajtanak a legfrissebb \u00e9s legmagasabb szint\u0171 tudom\u00e1nyos ismeretekhez. Hallgat\u00f3ink az elm\u00falt \u00e9vekben sikeresen p\u00e1ly\u00e1ztak hazai \u00e9s nemzetk\u00f6zi kutat\u00e1si p\u00e1ly\u00e1zatokon, ezzel is bizony\u00edtva a programok eredm\u00e9nyess\u00e9g\u00e9t \u00e9s a k\u00e9pz\u00e9s kiemelked\u0151 sz\u00ednvonal\u00e1t.<\/span><\/p>\n<\/div>\n<p style=\"text-align: justify\"><span style=\"font-size: 14pt\"><a class=\"expand-cnt-link\" href=\"https:\/\/semmelweis.hu\/phd\/doktori-tagozatok\/racz-karoly-konzervativ-orvostudomanyi-tagozat\/#\"><strong>L\u00e9gz\u0151szervi megbeteged\u00e9sek alprogram<\/strong><\/a><\/span><\/p>\n<div id=\"heading-5\" class=\"hidden-content\">\n<div id=\"fac-pragrams-collapse-5\" class=\"hiddenContentp\">\n<p style=\"text-align: justify\"><span style=\"font-size: 14pt\">Programvezet\u0151: Prof. Dr. M\u00fcller Veronika<\/span><\/p>\n<p style=\"text-align: justify\"><span style=\"font-size: 14pt\">A program kutat\u00e1si lehet\u0151s\u00e9get ny\u00fajt a pulmonol\u00f3gia tudom\u00e1nya ir\u00e1nt \u00e9rdekl\u0151d\u0151 fiatal kutat\u00f3knak, orvosoknak. A nyolc alprogram fel\u00f6leli a legfontosabb pulmonol\u00f3giai k\u00f3rk\u00e9peket \u00e9s a hozz\u00e1juk kapcsol\u00f3d\u00f3 laborat\u00f3riumi, mikrobiol\u00f3giai kutat\u00e1si ter\u00fcleteket.<\/span><\/p>\n<\/div>\n<\/div>\n<table style=\"width: 100.55%;height: 566px\" width=\"910\">\n<tbody>\n<tr style=\"height: 56px\">\n<td style=\"width: 56.3554%;height: 56px\"><strong><span style=\"font-size: 24pt\">L\u00e9gz\u0151szervi megbeteged\u00e9sek<\/span><\/strong><\/td>\n<td style=\"width: 64.4268%;height: 99px\" colspan=\"2\" rowspan=\"2\">\u00a0<\/td>\n<\/tr>\n<tr style=\"height: 43px\">\n<td style=\"width: 56.3554%;height: 43px\"><span style=\"font-size: 18pt\"><strong>Programvezet\u0151<\/strong>: <strong>Prof. Dr.\u00a0 M\u00fcller Veronika<\/strong><\/span><\/td>\n<\/tr>\n<tr style=\"height: 36px\">\n<td style=\"width: 56.3554%;height: 24px\"><span style=\"font-size: 14pt\"><strong>T\u00e9ma<\/strong><\/span><\/td>\n<td style=\"width: 20.2792%;height: 24px\"><span style=\"font-size: 14pt\"><strong>T\u00e9mavezet\u0151 a Pulmonol\u00f3giai Klinik\u00e1r\u00f3l<\/strong><\/span><\/td>\n<td style=\"width: 44.1476%;height: 24px\"><strong>Orsz\u00e1gos Doktori Tan\u00e1cs adatb\u00e1zis linkje<\/strong><\/td>\n<\/tr>\n<tr style=\"height: 34px\">\n<td style=\"width: 56.3554%;height: 34px\" width=\"584\">\u00a0<\/td>\n<td style=\"width: 20.2792%;height: 34px\" width=\"157\">\u00a0<\/td>\n<td style=\"width: 44.1476%;height: 34px\">\u00a0<\/td>\n<\/tr>\n<tr style=\"height: 34px\">\n<td style=\"width: 56.3554%;height: 34px\"><span style=\"font-size: 14pt\">Biomarkerek \u00e9s rizik\u00f3faktorok interstitialis t\u00fcd\u0151betegs\u00e9gekben \u00e9s t\u00fcd\u0151transzplant\u00e1ci\u00f3 ut\u00e1ni kr\u00f3nikus allograft diszfunkci\u00f3ban<\/span><\/td>\n<td style=\"width: 20.2792%;height: 34px\"><span style=\"font-size: 14pt\">Dr. Boh\u00e1cs Anik\u00f3\u00a0<\/span><\/td>\n<td style=\"width: 44.1476%;height: 34px\"><span style=\"font-size: 14pt\"><a href=\"https:\/\/www.doktori.hu\/doktori-kepzes\/szemelyek\/47121\/\">https:\/\/www.doktori.hu\/doktori-kepzes\/szemelyek\/47121\/<\/a><\/span><\/td>\n<\/tr>\n<tr style=\"height: 34px\">\n<td style=\"width: 56.3554%;height: 34px\">Obstrukt\u00edv t\u00fcd\u0151betegs\u00e9gek klinikai \u00e9s patofiziol\u00f3giai jellemz\u0151i\u00a0<\/td>\n<td style=\"width: 20.2792%;height: 34px\">Dr. Eszes No\u00e9mi<\/td>\n<td style=\"width: 44.1476%;height: 34px\"><a href=\"https:\/\/www.doktori.hu\/doktori-kepzes\/szemelyek\/53956\/\">https:\/\/www.doktori.hu\/doktori-kepzes\/szemelyek\/53956\/<\/a><\/td>\n<\/tr>\n<tr style=\"height: 34px\">\n<td style=\"width: 56.3554%;height: 34px\">Inhal\u00e1ci\u00f3s gy\u00f3gyszerek farmakol\u00f3gi\u00e1ja \u00e9s szerep\u00fck a l\u00e9g\u00fati gyullad\u00e1sos betegs\u00e9gek kezel\u00e9s\u00e9ben<\/td>\n<td style=\"width: 20.2792%;height: 34px\">Dr. Horv\u00e1th G\u00e1bor<\/td>\n<td style=\"width: 44.1476%;height: 34px\"><a href=\"https:\/\/www.doktori.hu\/doktori-kepzes\/szemelyek\/5795\/\">https:\/\/www.doktori.hu\/doktori-kepzes\/szemelyek\/5795\/<\/a><\/td>\n<\/tr>\n<tr style=\"height: 34px\">\n<td style=\"width: 56.3554%;height: 34px\">Kering\u0151 biomarkerek l\u00e9gz\u0151szervi megbeteged\u00e9sekben<\/td>\n<td style=\"width: 20.2792%;height: 34px\">Dr. Horv\u00e1th P\u00e9ter<\/td>\n<td style=\"width: 44.1476%;height: 34px\"><a href=\"https:\/\/www.doktori.hu\/doktori-kepzes\/szemelyek\/20305\/\">https:\/\/www.doktori.hu\/doktori-kepzes\/szemelyek\/20305\/<\/a><\/td>\n<\/tr>\n<tr style=\"height: 34px\">\n<td style=\"width: 56.3554%;height: 34px\">A kr\u00f3nikus l\u00e9g\u00fati gyullad\u00e1sos betegs\u00e9gek klinikai fenotipiz\u00e1l\u00e1sa<\/td>\n<td style=\"width: 20.2792%;height: 34px\">Dr. L\u00e1z\u00e1r Zs\u00f3fia<\/td>\n<td style=\"width: 44.1476%;height: 34px\"><a href=\"https:\/\/www.doktori.hu\/doktori-kepzes\/szemelyek\/24416\/\">https:\/\/www.doktori.hu\/doktori-kepzes\/szemelyek\/24416\/<\/a><\/td>\n<\/tr>\n<tr style=\"height: 64px\">\n<td style=\"width: 56.3554%;height: 43px\">A perif\u00e9ri\u00e1s T-sejt anergia mechanizmusa t\u00fcd\u0151r\u00e1kban<\/td>\n<td style=\"width: 20.2792%;height: 43px\">Prof. Dr. Losonczy Gy\u00f6rgy<\/td>\n<td style=\"width: 44.1476%;height: 43px\"><a href=\"https:\/\/www.doktori.hu\/doktori-kepzes\/szemelyek\/5792\/\">https:\/\/www.doktori.hu\/doktori-kepzes\/szemelyek\/5792\/<\/a><\/td>\n<\/tr>\n<tr style=\"height: 34px\">\n<td style=\"width: 56.3554%;height: 34px\">Interstitialis t\u00fcd\u0151betegs\u00e9gek prognosztikai jellemz\u0151i<\/td>\n<td style=\"width: 20.2792%;height: 34px\">Prof. Dr. M\u00fcller Veronika<\/td>\n<td style=\"width: 44.1476%;height: 34px\"><a href=\"https:\/\/www.doktori.hu\/doktori-kepzes\/szemelyek\/7740\/\">https:\/\/www.doktori.hu\/doktori-kepzes\/szemelyek\/7740\/<\/a><\/td>\n<\/tr>\n<tr style=\"height: 33px\">\n<td style=\"width: 56.3554%;height: 33px\">Cellularis stressz hat\u00e1sa pulmonol\u00f3giai k\u00f3rk\u00e9pekben\u00a0<\/td>\n<td style=\"width: 20.2792%;height: 33px\">Prof. Dr. M\u00fcller Veronika<\/td>\n<td style=\"width: 44.1476%;height: 33px\">\u00a0<\/td>\n<\/tr>\n<tr style=\"height: 64px\">\n<td style=\"width: 56.3554%;height: 29px\">L\u00e9gz\u0151szervi infekci\u00f3k<\/td>\n<td style=\"width: 20.2792%;height: 29px\">Prof. Dr. M\u00fcller Veronika<\/td>\n<td style=\"width: 44.1476%;height: 29px\">\u00a0<\/td>\n<\/tr>\n<tr style=\"height: 34px\">\n<td style=\"width: 56.3554%;height: 34px\">Asztma terhess\u00e9gben<\/td>\n<td style=\"width: 20.2792%;height: 34px\">Prof. Dr. Tam\u00e1si Lilla<\/td>\n<td style=\"width: 44.1476%;height: 34px\"><a href=\"https:\/\/www.doktori.hu\/doktori-kepzes\/szemelyek\/9344\/\">https:\/\/www.doktori.hu\/doktori-kepzes\/szemelyek\/9344\/<\/a><\/td>\n<\/tr>\n<tr style=\"height: 33px\">\n<td style=\"width: 56.3554%;height: 33px\">Obstrukt\u00edv t\u00fcd\u0151betegs\u00e9gek &#8211; biomarkerek \u00e9s klinikai monitoroz\u00e1s<\/td>\n<td style=\"width: 20.2792%;height: 33px\">Prof. Dr. Tam\u00e1si Lilla<\/td>\n<td style=\"width: 44.1476%;height: 33px\">\u00a0<\/td>\n<\/tr>\n<tr style=\"height: 33px\">\n<td style=\"width: 56.3554%;height: 33px\">L\u00e9gz\u00e9srehabilit\u00e1ci\u00f3 kr\u00f3nikus t\u00fcd\u0151betegs\u00e9gekben<\/td>\n<td style=\"width: 20.2792%;height: 33px\">Prof. Dr. Varga J\u00e1nos Tam\u00e1s\u00a0<\/td>\n<td style=\"width: 44.1476%;height: 33px\"><a href=\"https:\/\/www.doktori.hu\/doktori-kepzes\/szemelyek\/11328\/\">https:\/\/www.doktori.hu\/doktori-kepzes\/szemelyek\/11328\/<\/a><\/td>\n<\/tr>\n<\/tbody>\n<\/table>\n<p>&nbsp;<\/p>\n<p><span style=\"font-size: 12pt\">Friss\u00edtve: 2025.05.19. K\u00e9sz\u00edtette Schifter Judit, j\u00f3v\u00e1hagyta Dr. L\u00e1z\u00e1r Zs\u00f3fia. \u00c9rv\u00e9nyes: m\u00f3dos\u00edt\u00e1sig.\u00a0<\/span><\/p>\n","protected":false},"excerpt":{"rendered":"<p>R\u00e1cz K\u00e1roly Konzervat\u00edv Orvostudom\u00e1nyi Tagozat <a href=\"https:\/\/semmelweis.hu\/phd\/doktori-tagozatok\/racz-karoly-konzervativ-orvostudomanyi-tagozat\/\">https:\/\/semmelweis.hu\/phd\/doktori-tagozatok\/racz-karoly-konzervativ-orvostudomanyi-tagozat\/<\/a> A tagozatr\u00f3l A R\u00e1cz K\u00e1roly Konzervat\u00edv Orvostudom\u00e1nyi Tagozat kilenc doktori programot \u00f6lel fel. C\u00e9lunk, hogy t\u00e1mogassuk a p\u00e1lyakezd\u0151 orvosok \u00e9s kutat\u00f3k k\u00e9pz\u00e9s\u00e9t, els\u0151sorban klinikai \u00e9s ezzel szorosan \u00f6sszefon\u00f3d\u00f3 elm\u00e9leti kutat\u00e1sok ter\u00e9n. A tagozat elk\u00f6telezett az olyan innovat\u00edv kutat\u00e1si ir\u00e1nyok felkarol\u00e1sa mellett, mint az \u00faj diagnosztikai \u00e9s ter\u00e1pi\u00e1s m\u00f3dszerek fejleszt\u00e9se \u00e9s &hellip;<\/p>\n","protected":false},"author":101685,"featured_media":0,"parent":44,"menu_order":4,"comment_status":"closed","ping_status":"closed","template":"","meta":{"_acf_changed":false,"footnotes":""},"categories":[],"tags":[],"class_list":["post-1316","page","type-page","status-publish","hentry"],"acf":[],"_links":{"self":[{"href":"https:\/\/semmelweis.hu\/pulmonologia\/wp-json\/wp\/v2\/pages\/1316","targetHints":{"allow":["GET"]}}],"collection":[{"href":"https:\/\/semmelweis.hu\/pulmonologia\/wp-json\/wp\/v2\/pages"}],"about":[{"href":"https:\/\/semmelweis.hu\/pulmonologia\/wp-json\/wp\/v2\/types\/page"}],"author":[{"embeddable":true,"href":"https:\/\/semmelweis.hu\/pulmonologia\/wp-json\/wp\/v2\/users\/101685"}],"replies":[{"embeddable":true,"href":"https:\/\/semmelweis.hu\/pulmonologia\/wp-json\/wp\/v2\/comments?post=1316"}],"version-history":[{"count":12,"href":"https:\/\/semmelweis.hu\/pulmonologia\/wp-json\/wp\/v2\/pages\/1316\/revisions"}],"predecessor-version":[{"id":4697,"href":"https:\/\/semmelweis.hu\/pulmonologia\/wp-json\/wp\/v2\/pages\/1316\/revisions\/4697"}],"up":[{"embeddable":true,"href":"https:\/\/semmelweis.hu\/pulmonologia\/wp-json\/wp\/v2\/pages\/44"}],"wp:attachment":[{"href":"https:\/\/semmelweis.hu\/pulmonologia\/wp-json\/wp\/v2\/media?parent=1316"}],"wp:term":[{"taxonomy":"category","embeddable":true,"href":"https:\/\/semmelweis.hu\/pulmonologia\/wp-json\/wp\/v2\/categories?post=1316"},{"taxonomy":"post_tag","embeddable":true,"href":"https:\/\/semmelweis.hu\/pulmonologia\/wp-json\/wp\/v2\/tags?post=1316"}],"curies":[{"name":"wp","href":"https:\/\/api.w.org\/{rel}","templated":true}]}}